{"id":5227,"date":"2026-03-11T16:24:39","date_gmt":"2026-03-11T15:24:39","guid":{"rendered":"https:\/\/oroxilia.com\/accompagnement-logistique\/"},"modified":"2026-03-19T11:45:11","modified_gmt":"2026-03-19T10:45:11","slug":"logistiek-ondersteuning","status":"publish","type":"page","link":"https:\/\/oroxilia.com\/nl\/logistiek-ondersteuning\/","title":{"rendered":"Ondersteuning van logistieke projecten"},"content":{"rendered":"<p>[vc_row][vc_column css=&#8221;.vc_custom_1773244672743{padding-top: 20px !important;padding-bottom: 20px !important;}&#8221;]<div class='rb_textmodule_69da299c03130 rb_textmodule with_subtitle align_center'><div class='rb_textmodule_info_wrapper'><div class='rb_textmodule_content_wrapper'><p style=\"text-align: left;\">Oroxilia begeleidt Belgische bedrijven in de logistieke sector. <strong>Wij stellen u talenten ter beschikking die onmiddellijk inzetbaar<\/strong> zijn en uw teams kunnen versterken, uw processen kunnen optimaliseren en uw kritieke activiteiten kunnen beveiligen. Of het nu gaat om het ondersteunen van een transformatiefase, het opvangen van een groeiende activiteit of het implementeren van nieuwe logistieke tools, onze experts komen snel in actie en bieden concrete ondersteuning aan uw teams.<\/p>\n\n<\/div><\/div><\/div>[\/vc_column][\/vc_row][vc_row css=&#8221;.vc_custom_1773304549648{padding-top: 20px !important;padding-bottom: 20px !important;}&#8221; el_class=&#8221;vignette-border&#8221;][vc_column width=&#8221;1\/3&#8243;][\/vc_column][vc_column width=&#8221;1\/3&#8243;][\/vc_column][vc_column width=&#8221;1\/3&#8243;][\/vc_column][\/vc_row][vc_row css=&#8221;.vc_custom_1773306241800{padding-top: 20px !important;padding-bottom: 20px !important;}&#8221;][vc_column]<div class='rb_textmodule_69da299c04100 rb_textmodule with_subtitle align_center'><div class='rb_textmodule_info_wrapper'><h2 class='rb_textmodule_title '>Wij bieden twee soorten expertise voor uw logistieke projecten<\/h2><\/div><\/div>[\/vc_column][\/vc_row][vc_row][vc_column width=&#8221;2\/3&#8243;]<div class='rb_textmodule_69da299c04338 rb_textmodule with_subtitle'><div class='rb_textmodule_info_wrapper'><h3 class='rb_textmodule_title has_divider'>Interim-management op maat<span class='rb_textmodule_divider'><\/span><\/h3><div class='rb_textmodule_content_wrapper'><p style=\"text-align: left;\">Wij stellen u operationele leiders ter beschikking die aan uw uitdagingen kunnen voldoen. Zij helpen u bij het <strong>structureren of versterken van uw operationele organisaties<\/strong>, met name in snelgroeiende omgevingen. Dankzij onze praktijkervaring kunnen wij ook uw <strong>junior managers coachen en begeleiden<\/strong> in gevoelige periodes of op zeer korte termijn.<\/p>\n<p>Ons doel: <strong>de continu\u00efteit van uw activiteiten garanderen<\/strong> en tegelijkertijd uw interne competenties duurzaam versterken.<\/p>\n<\/div><\/div><\/div>[\/vc_column][vc_column width=&#8221;1\/3&#8243;]<div id='rb_image_69da299c045e2' class='rb_image_module background_no_hover' ><div class=\"main_image\"><img decoding=\"async\" class=\"image\" src=\"https:\/\/oroxilia.com\/wp-content\/uploads\/2021\/02\/entrepot-frigorifique-techniciens-scaled.jpg\" alt=\"Entrep\u00f4t frigorifique contr\u00f4l\u00e9 par deux techniciens\" \/><\/div><\/div>[\/vc_column][\/vc_row][vc_row css=&#8221;.vc_custom_1773306585015{padding-top: 20px !important;padding-bottom: 20px !important;}&#8221;][vc_column]<div class='rb_textmodule_69da299c04f2f rb_textmodule with_subtitle align_center'><div class='rb_textmodule_info_wrapper'><div class='rb_textmodule_content_wrapper'><p style=\"text-align: left;\">Deze <strong>ervaren managers<\/strong> zullen in staat zijn om:<\/p>\n\n<\/div><\/div><\/div>[\/vc_column][\/vc_row][vc_row el_class=&#8221;vignette-border&#8221;][vc_column width=&#8221;1\/3&#8243;]<div class='rb_textmodule_69da299c05399 rb_textmodule with_subtitle align_center'><div class='rb_textmodule_info_wrapper'><div class='rb_textmodule_content_wrapper'><ul>\n<li>Uw activiteiten superviseren<\/li>\n<\/ul>\n\n<\/div><\/div><\/div>[\/vc_column][vc_column width=&#8221;1\/3&#8243;]<div class='rb_textmodule_69da299c05655 rb_textmodule with_subtitle align_center'><div class='rb_textmodule_info_wrapper'><div class='rb_textmodule_content_wrapper'><ul>\n<li>Uw pieken in activiteit opvangen<\/li>\n<\/ul>\n\n<\/div><\/div><\/div>[\/vc_column][vc_column width=&#8221;1\/3&#8243;]<div class='rb_textmodule_69da299c0590b rb_textmodule with_subtitle align_center'><div class='rb_textmodule_info_wrapper'><div class='rb_textmodule_content_wrapper'><ul>\n<li>Specifieke projecten aansturens<\/li>\n<\/ul>\n\n<\/div><\/div><\/div>[\/vc_column][\/vc_row][vc_row css=&#8221;.vc_custom_1773306555849{padding-top: 20px !important;padding-bottom: 20px !important;}&#8221;][vc_column]<div class='rb_textmodule_69da299c05bed rb_textmodule with_subtitle'><div class='rb_textmodule_info_wrapper'><h3 class='rb_textmodule_title has_divider'>Plaatsing van logistiek talent<span class='rb_textmodule_divider'><\/span><\/h3><div class='rb_textmodule_content_wrapper'><p style=\"text-align: left;\">Wij voorzien onze klanten ook van gespecialiseerde logistieke experts, die vaak moeilijk te vinden en aan te trekken zijn op de Belgische markt. We selecteren hoogwaardige professionals voor een korte of lange periode, zoals:<\/p>\n<ul>\n<li style=\"text-align: left;\"><strong>Voorraadbeheerders<\/strong> die kunnen garanderen dat de voorraadniveaus correct zijn en dat de fysieke en digitale voorraad met elkaar in overeenstemming zijn, om afwijkingen te voorkomen en de beschikbaarheid van producten voor klantbestellingen te waarborgen.<\/li>\n<li style=\"text-align: left;\"><strong>Logistieke ingenieurs<\/strong> die gespecialiseerd zijn in magazijnoptimalisatie en in staat zijn om cartografische analyses uit te voeren en de optimale positionering van producten te bepalen, de footprint te rationaliseren en de prestaties van zowel de pick- als de opslagzones te verbeteren. Afhankelijk van het type en het volume van uw bestellingen kunnen zij ook de meest geschikte automatiseringsoplossingen aanbevelen om de prestaties en betrouwbaarheid van uw activiteiten te verbeteren.<\/li>\n<li style=\"text-align: left;\"><strong>Specialisten in logistieke inventarisaties<\/strong> voor uw jaarlijkse inventarisaties of cyclustellingen, die een complete, betrouwbare en duurzame inventarisatiestrategie kunnen implementeren.<\/li>\n<li style=\"text-align: left;\"><strong>Verantwoordelijken voor operationele uitmuntendheid<\/strong>, gespecialiseerd in de implementatie van Lean Logistics-benaderingen, de optimalisatie van stromen en doorlooptijden, de voortdurende kwaliteitsverbetering en de vermindering van directe en indirecte arbeidskosten (DA\/IA).<\/li>\n<\/ul>\n\n<\/div><\/div><\/div>[vc_raw_html css=&#8221;.vc_custom_1773322912060{padding-top: 30px !important;padding-bottom: 50px !important;}&#8221;]JTNDZGl2JTIwaWQlM0QlMjJjdGEtYnJvY2h1cmUlMjIlMjBjbGFzcyUzRCUyMnJiX2Jhbm5lcl9tb2R1bGUlMjBjdXN0b20tYWxpZ24tY2VudGVyJTIyJTNFJTNDYSUyMGhyZWYlM0QlMjIlMkZubCUyRmNvbnRhY3RlZXItb25zJTJGJTIyJTIwY2xhc3MlM0QlMjJyYl9idXR0b24lMjBtZWRpdW0lMjBhcnJvd19mYWRlX291dCUyMiUzRSUzQ3NwYW4lM0UlM0NGT05UJTIwY29sb3IlM0QlMjJ3aGl0ZSUyMiUzRUNvbnRhY3RlZXIlMjBPcm94aWxpYSUzQyUyRkZPTlQlM0UlM0MlMkZzcGFuJTNFJTNDJTJGYSUzRSUzQyUyRmRpdiUzRQ==[\/vc_raw_html][\/vc_column][\/vc_row]<\/p>\n","protected":false},"excerpt":{"rendered":"<p>[vc_row][vc_column css=&#8221;.vc_custom_1773244672743{padding-top: 20px !important;padding-bottom: 20px !important;}&#8221;][\/vc_column][\/vc_row][vc_row css=&#8221;.vc_custom_1773304549648{padding-top: 20px !important;padding-bottom: 20px !important;}&#8221; el_class=&#8221;vignette-border&#8221;][vc_column width=&#8221;1\/3&#8243;][\/vc_column][vc_column width=&#8221;1\/3&#8243;][\/vc_column][vc_column width=&#8221;1\/3&#8243;][\/vc_column][\/vc_row][vc_row css=&#8221;.vc_custom_1773306241800{padding-top: 20px !important;padding-bottom: 20px !important;}&#8221;][vc_column][\/vc_column][\/vc_row][vc_row][vc_column width=&#8221;2\/3&#8243;][\/vc_column][vc_column width=&#8221;1\/3&#8243;][\/vc_column][\/vc_row][vc_row css=&#8221;.vc_custom_1773306585015{padding-top: 20px !important;padding-bottom: 20px !important;}&#8221;][vc_column][\/vc_column][\/vc_row][vc_row el_class=&#8221;vignette-border&#8221;][vc_column width=&#8221;1\/3&#8243;][\/vc_column][vc_column width=&#8221;1\/3&#8243;][\/vc_column][vc_column width=&#8221;1\/3&#8243;][\/vc_column][\/vc_row][vc_row css=&#8221;.vc_custom_1773306555849{padding-top: 20px !important;padding-bottom: 20px !important;}&#8221;][vc_column][vc_raw_html css=&#8221;.vc_custom_1773322912060{padding-top: 30px !important;padding-bottom: 50px !important;}&#8221;]JTNDZGl2JTIwaWQlM0QlMjJjdGEtYnJvY2h1cmUlMjIlMjBjbGFzcyUzRCUyMnJiX2Jhbm5lcl9tb2R1bGUlMjBjdXN0b20tYWxpZ24tY2VudGVyJTIyJTNFJTNDYSUyMGhyZWYlM0QlMjIlMkZubCUyRmNvbnRhY3RlZXItb25zJTJGJTIyJTIwY2xhc3MlM0QlMjJyYl9idXR0b24lMjBtZWRpdW0lMjBhcnJvd19mYWRlX291dCUyMiUzRSUzQ3NwYW4lM0UlM0NGT05UJTIwY29sb3IlM0QlMjJ3aGl0ZSUyMiUzRUNvbnRhY3RlZXIlMjBPcm94aWxpYSUzQyUyRkZPTlQlM0UlM0MlMkZzcGFuJTNFJTNDJTJGYSUzRSUzQyUyRmRpdiUzRQ==[\/vc_raw_html][\/vc_column][\/vc_row]<\/p>\n","protected":false},"author":3,"featured_media":0,"parent":0,"menu_order":0,"comment_status":"closed","ping_status":"closed","template":"","meta":{"footnotes":""},"class_list":["post-5227","page","type-page","status-publish","hentry"],"yoast_head":"<!-- This site is optimized with the Yoast SEO plugin v25.9 - https:\/\/yoast.com\/wordpress\/plugins\/seo\/ -->\n<title>Ondersteuning van logistieke projecten - Oroxilia<\/title>\n<meta name=\"description\" content=\"Logistieke ondersteuning. Terbeschikkingstelling van logistieke managers. Werving van gespecialiseerde profielen. Versterk uw teams.\" \/>\n<meta name=\"robots\" content=\"index, follow, max-snippet:-1, max-image-preview:large, max-video-preview:-1\" \/>\n<link rel=\"canonical\" href=\"https:\/\/oroxilia.com\/nl\/logistiek-ondersteuning\/\" \/>\n<meta property=\"og:locale\" content=\"nl_NL\" \/>\n<meta property=\"og:type\" content=\"article\" \/>\n<meta property=\"og:title\" content=\"Ondersteuning van logistieke projecten - Oroxilia\" \/>\n<meta property=\"og:description\" content=\"Logistieke ondersteuning. Terbeschikkingstelling van logistieke managers. Werving van gespecialiseerde profielen. Versterk uw teams.\" \/>\n<meta property=\"og:url\" content=\"https:\/\/oroxilia.com\/nl\/logistiek-ondersteuning\/\" \/>\n<meta property=\"og:site_name\" content=\"Oroxilia\" \/>\n<meta property=\"article:modified_time\" content=\"2026-03-19T10:45:11+00:00\" \/>\n<meta name=\"twitter:card\" content=\"summary_large_image\" \/>\n<meta name=\"twitter:label1\" content=\"Geschatte leestijd\" \/>\n\t<meta name=\"twitter:data1\" content=\"3 minuten\" \/>\n<script type=\"application\/ld+json\" class=\"yoast-schema-graph\">{\"@context\":\"https:\/\/schema.org\",\"@graph\":[{\"@type\":\"WebPage\",\"@id\":\"https:\/\/oroxilia.com\/nl\/logistiek-ondersteuning\/\",\"url\":\"https:\/\/oroxilia.com\/nl\/logistiek-ondersteuning\/\",\"name\":\"Ondersteuning van logistieke projecten - Oroxilia\",\"isPartOf\":{\"@id\":\"https:\/\/oroxilia.com\/fr\/#website\"},\"datePublished\":\"2026-03-11T15:24:39+00:00\",\"dateModified\":\"2026-03-19T10:45:11+00:00\",\"description\":\"Logistieke ondersteuning. Terbeschikkingstelling van logistieke managers. Werving van gespecialiseerde profielen. Versterk uw teams.\",\"breadcrumb\":{\"@id\":\"https:\/\/oroxilia.com\/nl\/logistiek-ondersteuning\/#breadcrumb\"},\"inLanguage\":\"nl-NL\",\"potentialAction\":[{\"@type\":\"ReadAction\",\"target\":[\"https:\/\/oroxilia.com\/nl\/logistiek-ondersteuning\/\"]}]},{\"@type\":\"BreadcrumbList\",\"@id\":\"https:\/\/oroxilia.com\/nl\/logistiek-ondersteuning\/#breadcrumb\",\"itemListElement\":[{\"@type\":\"ListItem\",\"position\":1,\"name\":\"Accueil\",\"item\":\"https:\/\/oroxilia.com\/nl\/\"},{\"@type\":\"ListItem\",\"position\":2,\"name\":\"Ondersteuning van logistieke projecten\"}]},{\"@type\":\"WebSite\",\"@id\":\"https:\/\/oroxilia.com\/fr\/#website\",\"url\":\"https:\/\/oroxilia.com\/fr\/\",\"name\":\"Oroxilia\",\"description\":\"\",\"potentialAction\":[{\"@type\":\"SearchAction\",\"target\":{\"@type\":\"EntryPoint\",\"urlTemplate\":\"https:\/\/oroxilia.com\/fr\/?s={search_term_string}\"},\"query-input\":{\"@type\":\"PropertyValueSpecification\",\"valueRequired\":true,\"valueName\":\"search_term_string\"}}],\"inLanguage\":\"nl-NL\"}]}<\/script>\n<!-- \/ Yoast SEO plugin. -->","yoast_head_json":{"title":"Ondersteuning van logistieke projecten - Oroxilia","description":"Logistieke ondersteuning. Terbeschikkingstelling van logistieke managers. Werving van gespecialiseerde profielen. Versterk uw teams.","robots":{"index":"index","follow":"follow","max-snippet":"max-snippet:-1","max-image-preview":"max-image-preview:large","max-video-preview":"max-video-preview:-1"},"canonical":"https:\/\/oroxilia.com\/nl\/logistiek-ondersteuning\/","og_locale":"nl_NL","og_type":"article","og_title":"Ondersteuning van logistieke projecten - Oroxilia","og_description":"Logistieke ondersteuning. Terbeschikkingstelling van logistieke managers. Werving van gespecialiseerde profielen. Versterk uw teams.","og_url":"https:\/\/oroxilia.com\/nl\/logistiek-ondersteuning\/","og_site_name":"Oroxilia","article_modified_time":"2026-03-19T10:45:11+00:00","twitter_card":"summary_large_image","twitter_misc":{"Geschatte leestijd":"3 minuten"},"schema":{"@context":"https:\/\/schema.org","@graph":[{"@type":"WebPage","@id":"https:\/\/oroxilia.com\/nl\/logistiek-ondersteuning\/","url":"https:\/\/oroxilia.com\/nl\/logistiek-ondersteuning\/","name":"Ondersteuning van logistieke projecten - Oroxilia","isPartOf":{"@id":"https:\/\/oroxilia.com\/fr\/#website"},"datePublished":"2026-03-11T15:24:39+00:00","dateModified":"2026-03-19T10:45:11+00:00","description":"Logistieke ondersteuning. Terbeschikkingstelling van logistieke managers. Werving van gespecialiseerde profielen. Versterk uw teams.","breadcrumb":{"@id":"https:\/\/oroxilia.com\/nl\/logistiek-ondersteuning\/#breadcrumb"},"inLanguage":"nl-NL","potentialAction":[{"@type":"ReadAction","target":["https:\/\/oroxilia.com\/nl\/logistiek-ondersteuning\/"]}]},{"@type":"BreadcrumbList","@id":"https:\/\/oroxilia.com\/nl\/logistiek-ondersteuning\/#breadcrumb","itemListElement":[{"@type":"ListItem","position":1,"name":"Accueil","item":"https:\/\/oroxilia.com\/nl\/"},{"@type":"ListItem","position":2,"name":"Ondersteuning van logistieke projecten"}]},{"@type":"WebSite","@id":"https:\/\/oroxilia.com\/fr\/#website","url":"https:\/\/oroxilia.com\/fr\/","name":"Oroxilia","description":"","potentialAction":[{"@type":"SearchAction","target":{"@type":"EntryPoint","urlTemplate":"https:\/\/oroxilia.com\/fr\/?s={search_term_string}"},"query-input":{"@type":"PropertyValueSpecification","valueRequired":true,"valueName":"search_term_string"}}],"inLanguage":"nl-NL"}]}},"_links":{"self":[{"href":"https:\/\/oroxilia.com\/nl\/wp-json\/wp\/v2\/pages\/5227","targetHints":{"allow":["GET"]}}],"collection":[{"href":"https:\/\/oroxilia.com\/nl\/wp-json\/wp\/v2\/pages"}],"about":[{"href":"https:\/\/oroxilia.com\/nl\/wp-json\/wp\/v2\/types\/page"}],"author":[{"embeddable":true,"href":"https:\/\/oroxilia.com\/nl\/wp-json\/wp\/v2\/users\/3"}],"replies":[{"embeddable":true,"href":"https:\/\/oroxilia.com\/nl\/wp-json\/wp\/v2\/comments?post=5227"}],"version-history":[{"count":6,"href":"https:\/\/oroxilia.com\/nl\/wp-json\/wp\/v2\/pages\/5227\/revisions"}],"predecessor-version":[{"id":5258,"href":"https:\/\/oroxilia.com\/nl\/wp-json\/wp\/v2\/pages\/5227\/revisions\/5258"}],"wp:attachment":[{"href":"https:\/\/oroxilia.com\/nl\/wp-json\/wp\/v2\/media?parent=5227"}],"curies":[{"name":"wp","href":"https:\/\/api.w.org\/{rel}","templated":true}]}}