{"id":4871,"date":"2025-02-11T15:55:12","date_gmt":"2025-02-11T14:55:12","guid":{"rendered":"https:\/\/oroxilia.com\/solution-dintegration-edi-copy\/"},"modified":"2025-02-11T16:15:42","modified_gmt":"2025-02-11T15:15:42","slug":"order-and-shipping-management-solution-edi","status":"publish","type":"page","link":"https:\/\/oroxilia.com\/nl\/order-and-shipping-management-solution-edi\/","title":{"rendered":"Order and Shipping Management Solution (EDI)"},"content":{"rendered":"<p>[vc_row css=&#8221;.vc_custom_1589904532189{margin-top: 20px !important;padding-bottom: 20px !important;}&#8221;][vc_column]<div class='rb_textmodule_69d2a825cc8a0 rb_textmodule with_subtitle align_center'><div class='rb_textmodule_info_wrapper'><div class='rb_textmodule_content_wrapper'><p>Voor het beheer van uw bestellingen en verzendingen heeft Oroxilia in haar netwerk van partners een logistieke oplossing, die voldoet aan uw behoeften op het gebied van <strong>elektronische gegevensuitwisseling<\/strong>. \u00a0Deze oplossing is Babelway.<\/p>\n<\/div><\/div><\/div><div id='rb_image_69d2a825cd6a7' class='rb_image_module background_no_hover' ><div class=\"main_image\"><img decoding=\"async\" class=\"image\" src=\"https:\/\/oroxilia.com\/wp-content\/uploads\/2020\/04\/logo-babelway-color.jpg\" alt=\"Babelway, solution EDI\" \/><\/div><\/div>[\/vc_column][\/vc_row][vc_row css=&#8221;.vc_custom_1589904396213{margin-bottom: 90px !important;}&#8221;][vc_column]<div class='rb_textmodule_69d2a825ce04c rb_textmodule with_subtitle align_center'><div class='rb_textmodule_info_wrapper'><h2 class='rb_textmodule_title has_divider'>Babelway, de EDI-oplossing (Enterprise Data Interchange) voor uw bedrijf<span class='rb_textmodule_divider'><\/span><\/h2><div class='rb_textmodule_content_wrapper'><p>Babelway is een uniek <strong>automatiseringsplatform voor de transfer van documenten<\/strong>. \u00a0Deze software laat alle documentformaten toe, deze van uw partners, van uw bestaande en toekomstige systemen.<\/p>\n<\/div><\/div><\/div>[\/vc_column][\/vc_row][vc_row][vc_column]<div class='rb_textmodule_69d2a825ce30d rb_textmodule with_subtitle align_center'><div class='rb_textmodule_info_wrapper'><h2 class='rb_textmodule_title has_divider'>De sterke punten van Babelway-software<span class='rb_textmodule_divider'><\/span><\/h2><\/div><\/div>[\/vc_column][\/vc_row][vc_row css=&#8221;.vc_custom_1589904411245{margin-bottom: 90px !important;}&#8221;][vc_column][vc_row_inner equal_height=&#8221;yes&#8221;][vc_column_inner el_class=&#8221;vignette-border&#8221; width=&#8221;1\/4&#8243;]<div class='rb_textmodule_69d2a825ce4bb rb_textmodule with_icon align_center'><div class='rb_textmodule_icon shape_square'><i class='fas fa-tools'><\/i><\/div><div class='rb_textmodule_info_wrapper'><h3 class='rb_textmodule_title '>Complete tool<\/h3><div class='rb_textmodule_content_wrapper'><p>Babelway is in staat om gegevens van en naar alle formaten om te zetten.<\/p>\n<\/div><\/div><\/div>[\/vc_column_inner][vc_column_inner el_class=&#8221;vignette-border&#8221; width=&#8221;1\/4&#8243;]<div class='rb_textmodule_69d2a825ce6e1 rb_textmodule with_icon align_center'><div class='rb_textmodule_icon shape_square'><i class='fas fa-server'><\/i><\/div><div class='rb_textmodule_info_wrapper'><h3 class='rb_textmodule_title '>Gegevensbeheer<\/h3><div class='rb_textmodule_content_wrapper'><p>Elke bewerking of logica toepassen op uw gegevens om alle integratie-uitdagingen op te lossen, of uit honderden vooraf gedefinieerde formules kiezen om gegevens te verwerken indien nodig.<\/p>\n<\/div><\/div><\/div>[\/vc_column_inner][vc_column_inner el_class=&#8221;vignette-border&#8221; width=&#8221;1\/4&#8243;]<div class='rb_textmodule_69d2a825ce8f9 rb_textmodule with_icon align_center'><div class='rb_textmodule_icon shape_square'><i class='far fa-thumbs-up'><\/i><\/div><div class='rb_textmodule_info_wrapper'><h3 class='rb_textmodule_title '>Gemak<\/h3><div class='rb_textmodule_content_wrapper'><p>Gegevens dynamisch vervangen door gebruik van opzoektabellen.<\/p>\n<\/div><\/div><\/div>[\/vc_column_inner][vc_column_inner el_class=&#8221;vignette-border&#8221; width=&#8221;1\/4&#8243;]<div class='rb_textmodule_69d2a825ceaff rb_textmodule with_icon align_center'><div class='rb_textmodule_icon shape_square'><i class='fas fa-eye'><\/i><\/div><div class='rb_textmodule_info_wrapper'><h3 class='rb_textmodule_title '>Toegankelijkheid<\/h3><div class='rb_textmodule_content_wrapper'><p>Aan interne gebruikers of externe partners inzage geven.<\/p>\n<\/div><\/div><\/div>[\/vc_column_inner][\/vc_row_inner][vc_row_inner equal_height=&#8221;yes&#8221;][vc_column_inner el_class=&#8221;vignette-border&#8221; width=&#8221;1\/4&#8243;]<div class='rb_textmodule_69d2a825ced17 rb_textmodule with_icon align_center'><div class='rb_textmodule_icon shape_square'><i class='fas fa-user-check'><\/i><\/div><div class='rb_textmodule_info_wrapper'><h3 class='rb_textmodule_title '>Eenvoudig<\/h3><div class='rb_textmodule_content_wrapper'><p>Onmiddellijk een documentstructuur genereren door simpelweg een voorbeeld van documenten op te laden.<\/p>\n<\/div><\/div><\/div>[\/vc_column_inner][vc_column_inner el_class=&#8221;vignette-border&#8221; width=&#8221;1\/4&#8243;]<div class='rb_textmodule_69d2a825cef38 rb_textmodule with_icon align_center'><div class='rb_textmodule_icon shape_square'><i class='fas fa-spell-check'><\/i><\/div><div class='rb_textmodule_info_wrapper'><h3 class='rb_textmodule_title '>Validatie van gegevens<\/h3><div class='rb_textmodule_content_wrapper'><p>Defini\u00ebren van regels voor de validatie van gegevens.<\/p>\n<\/div><\/div><\/div>[\/vc_column_inner][vc_column_inner el_class=&#8221;vignette-border&#8221; width=&#8221;1\/4&#8243;]<div class='rb_textmodule_69d2a825cf150 rb_textmodule with_icon align_center'><div class='rb_textmodule_icon shape_square'><i class='fas fa-clipboard-list'><\/i><\/div><div class='rb_textmodule_info_wrapper'><h3 class='rb_textmodule_title '>Controle<\/h3><div class='rb_textmodule_content_wrapper'><p>Verkrijgen van zichtbaarheid en controle over uw B2B-uitwisselingen en opstellen van rapporten.<\/p>\n<\/div><\/div><\/div>[\/vc_column_inner][vc_column_inner el_class=&#8221;vignette-border&#8221; width=&#8221;1\/4&#8243;]<div class='rb_textmodule_69d2a825cf380 rb_textmodule with_icon align_center'><div class='rb_textmodule_icon shape_square'><i class='fas fa-folder'><\/i><\/div><div class='rb_textmodule_info_wrapper'><h3 class='rb_textmodule_title '>Archief<\/h3><div class='rb_textmodule_content_wrapper'><p>Veilig archiveren : alle documenten worden met maximale veiligheid opgeslagen.<\/p>\n<\/div><\/div><\/div>[\/vc_column_inner][\/vc_row_inner][\/vc_column][\/vc_row][vc_row css=&#8221;.vc_custom_1589904462776{margin-bottom: 90px !important;}&#8221;][vc_column]<div class='rb_textmodule_69d2a825cf5a2 rb_textmodule with_subtitle align_center'><div class='rb_textmodule_info_wrapper'><h2 class='rb_textmodule_title has_divider'>Babelway en Oroxilia, samen voor een eenvoudig en betrouwbaar beheer van uw EDI-uitwisselingen<span class='rb_textmodule_divider'><\/span><\/h2><\/div><\/div><div class='rb_textmodule_69d2a825cf72d rb_textmodule with_subtitle align_center'><div class='rb_textmodule_info_wrapper'><h3 class='rb_textmodule_title '>Vereenvoudigde verbinding tussen u, uw leveranciers en uw klanten<\/h3><div class='rb_textmodule_content_wrapper'><p>Oroxilia installeert de logistieke oplossing die is aangepast aan uw onderneming, haar grootte en haar behoeften. \u00a0Met Babelway stellen we u in staat <strong>de informatieverwerking te automatiseren<\/strong> en <strong>de oplossingen van uw systeem met elkaar en met uw klanten en leveranciers te verbinden<\/strong>.<\/p>\n<\/div><\/div><\/div><div class='rb_textmodule_69d2a825cf950 rb_textmodule with_subtitle align_center'><div class='rb_textmodule_info_wrapper'><h3 class='rb_textmodule_title '>Betrouwbare en ervaren partners<\/h3><div class='rb_textmodule_content_wrapper'><p>Met haar ervaring in EDI helpt <strong>Babelway<\/strong> bedrijven dagelijks bij hun B2B-samenwerkingen. \u00a0De software verwerkt tegenwoordig <strong>tientallen miljoenen documenten voor duizenden bedrijven<\/strong>.<\/p>\n<p>Oroxilia heeft ervaring in het integreren van IT-oplossingen voor logistiek (WMS, Delivery Management, TMS en EDI). \u00a0\u00a0Als &#8220;pure player&#8221; (IT-integratie voor logistiek is onze enige business), maakt zijn diepgaande kennis van partneroplossingen een snelle en betrouwbare operationalisering van uw logistieke automatiseringsprojecten mogelijk.<\/p>\n<\/div><\/div><\/div>[vc_raw_html]JTNDZGl2JTIwaWQlM0QlMjJjdGEtYnJvY2h1cmUlMjIlMjBjbGFzcyUzRCUyMnJiX2Jhbm5lcl9tb2R1bGUlMjBidXR0b25fZmxvYXRlZCUyMGFsaWduX2xlZnQlMjIlM0UlM0NkaXYlMjBjbGFzcyUzRCUyMmNvbHVtbjJvbjMlMjIlM0UlM0NhJTIwaHJlZiUzRCUyMiUyRm5sJTJGY29udGFjdGVlci1vbnMlM0ZkZW1vJTNEZWRpLW5sJTIyJTIwY2xhc3MlM0QlMjJyYl9idXR0b24lMjBtZWRpdW0lMjBhcnJvd19mYWRlX291dCUyMiUzRSUzQ3NwYW4lM0UlM0NGT05UJTIwY29sb3IlM0QlMjJ3aGl0ZSUyMiUzRURlbW8tYWFudnJhYWclM0MlMkZGT05UJTNFJTNDJTJGc3BhbiUzRSUzQyUyRmElM0UlM0MlMkZkaXYlM0UlM0NkaXYlMjBjbGFzcyUzRCUyMmNvbHVtbjFvbjMlMjIlM0UlM0NhJTIwaHJlZiUzRCUyMmh0dHBzJTNBJTJGJTJGd3d3LmJhYmVsd2F5LmNvbSUyRiUyMiUyMGNsYXNzJTNEJTIycmJfYnV0dG9uJTIwbWVkaXVtJTIwYXJyb3dfZmFkZV9vdXQlMjIlMjB0YXJnZXQlM0QlMjJfYmxhbmslMjIlMjByZWwlM0QlMjJub29wZW5lciUyMG5vcmVmZXJyZXIlMjBub2ZvbGxvdyUyMiUzRSUzQ3NwYW4lM0UlM0NGT05UJTIwY29sb3IlM0QlMjJ3aGl0ZSUyMiUzRUJhYmVsd2F5JTIwd2Vic2l0ZSUzQyUyRkZPTlQlM0UlM0MlMkZzcGFuJTNFJTNDJTJGYSUzRSUzQyUyRmRpdiUzRSUzQyUyRmRpdiUzRQ==[\/vc_raw_html][\/vc_column][\/vc_row]<\/p>\n","protected":false},"excerpt":{"rendered":"<p>[vc_row css=&#8221;.vc_custom_1589904532189{margin-top: 20px !important;padding-bottom: 20px !important;}&#8221;][vc_column][\/vc_column][\/vc_row][vc_row css=&#8221;.vc_custom_1589904396213{margin-bottom: 90px !important;}&#8221;][vc_column][\/vc_column][\/vc_row][vc_row][vc_column][\/vc_column][\/vc_row][vc_row css=&#8221;.vc_custom_1589904411245{margin-bottom: 90px !important;}&#8221;][vc_column][vc_row_inner equal_height=&#8221;yes&#8221;][vc_column_inner el_class=&#8221;vignette-border&#8221; width=&#8221;1\/4&#8243;][\/vc_column_inner][vc_column_inner el_class=&#8221;vignette-border&#8221; width=&#8221;1\/4&#8243;][\/vc_column_inner][vc_column_inner el_class=&#8221;vignette-border&#8221; width=&#8221;1\/4&#8243;][\/vc_column_inner][vc_column_inner el_class=&#8221;vignette-border&#8221; width=&#8221;1\/4&#8243;][\/vc_column_inner][\/vc_row_inner][vc_row_inner equal_height=&#8221;yes&#8221;][vc_column_inner el_class=&#8221;vignette-border&#8221; width=&#8221;1\/4&#8243;][\/vc_column_inner][vc_column_inner el_class=&#8221;vignette-border&#8221; width=&#8221;1\/4&#8243;][\/vc_column_inner][vc_column_inner el_class=&#8221;vignette-border&#8221; width=&#8221;1\/4&#8243;][\/vc_column_inner][vc_column_inner el_class=&#8221;vignette-border&#8221; width=&#8221;1\/4&#8243;][\/vc_column_inner][\/vc_row_inner][\/vc_column][\/vc_row][vc_row css=&#8221;.vc_custom_1589904462776{margin-bottom: 90px !important;}&#8221;][vc_column][vc_raw_html]JTNDZGl2JTIwaWQlM0QlMjJjdGEtYnJvY2h1cmUlMjIlMjBjbGFzcyUzRCUyMnJiX2Jhbm5lcl9tb2R1bGUlMjBidXR0b25fZmxvYXRlZCUyMGFsaWduX2xlZnQlMjIlM0UlM0NkaXYlMjBjbGFzcyUzRCUyMmNvbHVtbjJvbjMlMjIlM0UlM0NhJTIwaHJlZiUzRCUyMiUyRm5sJTJGY29udGFjdGVlci1vbnMlM0ZkZW1vJTNEZWRpLW5sJTIyJTIwY2xhc3MlM0QlMjJyYl9idXR0b24lMjBtZWRpdW0lMjBhcnJvd19mYWRlX291dCUyMiUzRSUzQ3NwYW4lM0UlM0NGT05UJTIwY29sb3IlM0QlMjJ3aGl0ZSUyMiUzRURlbW8tYWFudnJhYWclM0MlMkZGT05UJTNFJTNDJTJGc3BhbiUzRSUzQyUyRmElM0UlM0MlMkZkaXYlM0UlM0NkaXYlMjBjbGFzcyUzRCUyMmNvbHVtbjFvbjMlMjIlM0UlM0NhJTIwaHJlZiUzRCUyMmh0dHBzJTNBJTJGJTJGd3d3LmJhYmVsd2F5LmNvbSUyRiUyMiUyMGNsYXNzJTNEJTIycmJfYnV0dG9uJTIwbWVkaXVtJTIwYXJyb3dfZmFkZV9vdXQlMjIlMjB0YXJnZXQlM0QlMjJfYmxhbmslMjIlMjByZWwlM0QlMjJub29wZW5lciUyMG5vcmVmZXJyZXIlMjBub2ZvbGxvdyUyMiUzRSUzQ3NwYW4lM0UlM0NGT05UJTIwY29sb3IlM0QlMjJ3aGl0ZSUyMiUzRUJhYmVsd2F5JTIwd2Vic2l0ZSUzQyUyRkZPTlQlM0UlM0MlMkZzcGFuJTNFJTNDJTJGYSUzRSUzQyUyRmRpdiUzRSUzQyUyRmRpdiUzRQ==[\/vc_raw_html][\/vc_column][\/vc_row]<\/p>\n","protected":false},"author":1,"featured_media":0,"parent":0,"menu_order":0,"comment_status":"closed","ping_status":"closed","template":"","meta":{"footnotes":""},"class_list":["post-4871","page","type-page","status-publish","hentry"],"yoast_head":"<!-- This site is optimized with the Yoast SEO plugin v25.9 - https:\/\/yoast.com\/wordpress\/plugins\/seo\/ -->\n<title>Int\u00e9grateur de BABELWAY, pour la gestion des \u00e9changes EDI - Oroxilia<\/title>\n<meta name=\"description\" content=\"G\u00e9rez vos commandes et exp\u00e9ditions d&#039;une main de ma\u00eetre gr\u00e2ce \u00e0 Babelway, une solution de gestion install\u00e9e par Oroxilia au sein de votre entreprise.\" \/>\n<meta name=\"robots\" content=\"index, follow, max-snippet:-1, max-image-preview:large, max-video-preview:-1\" \/>\n<link rel=\"canonical\" href=\"https:\/\/oroxilia.com\/nl\/order-and-shipping-management-solution-edi\/\" \/>\n<meta property=\"og:locale\" content=\"nl_NL\" \/>\n<meta property=\"og:type\" content=\"article\" \/>\n<meta property=\"og:title\" content=\"Int\u00e9grateur de BABELWAY, pour la gestion des \u00e9changes EDI - Oroxilia\" \/>\n<meta property=\"og:description\" content=\"G\u00e9rez vos commandes et exp\u00e9ditions d&#039;une main de ma\u00eetre gr\u00e2ce \u00e0 Babelway, une solution de gestion install\u00e9e par Oroxilia au sein de votre entreprise.\" \/>\n<meta property=\"og:url\" content=\"https:\/\/oroxilia.com\/nl\/order-and-shipping-management-solution-edi\/\" \/>\n<meta property=\"og:site_name\" content=\"Oroxilia\" \/>\n<meta property=\"article:modified_time\" content=\"2025-02-11T15:15:42+00:00\" \/>\n<meta name=\"twitter:card\" content=\"summary_large_image\" \/>\n<meta name=\"twitter:label1\" content=\"Geschatte leestijd\" \/>\n\t<meta name=\"twitter:data1\" content=\"4 minuten\" \/>\n<script type=\"application\/ld+json\" class=\"yoast-schema-graph\">{\"@context\":\"https:\/\/schema.org\",\"@graph\":[{\"@type\":\"WebPage\",\"@id\":\"https:\/\/oroxilia.com\/nl\/order-and-shipping-management-solution-edi\/\",\"url\":\"https:\/\/oroxilia.com\/nl\/order-and-shipping-management-solution-edi\/\",\"name\":\"Int\u00e9grateur de BABELWAY, pour la gestion des \u00e9changes EDI - Oroxilia\",\"isPartOf\":{\"@id\":\"https:\/\/oroxilia.com\/fr\/#website\"},\"datePublished\":\"2025-02-11T14:55:12+00:00\",\"dateModified\":\"2025-02-11T15:15:42+00:00\",\"description\":\"G\u00e9rez vos commandes et exp\u00e9ditions d'une main de ma\u00eetre gr\u00e2ce \u00e0 Babelway, une solution de gestion install\u00e9e par Oroxilia au sein de votre entreprise.\",\"breadcrumb\":{\"@id\":\"https:\/\/oroxilia.com\/nl\/order-and-shipping-management-solution-edi\/#breadcrumb\"},\"inLanguage\":\"nl-NL\",\"potentialAction\":[{\"@type\":\"ReadAction\",\"target\":[\"https:\/\/oroxilia.com\/nl\/order-and-shipping-management-solution-edi\/\"]}]},{\"@type\":\"BreadcrumbList\",\"@id\":\"https:\/\/oroxilia.com\/nl\/order-and-shipping-management-solution-edi\/#breadcrumb\",\"itemListElement\":[{\"@type\":\"ListItem\",\"position\":1,\"name\":\"Accueil\",\"item\":\"https:\/\/oroxilia.com\/nl\/\"},{\"@type\":\"ListItem\",\"position\":2,\"name\":\"Order and Shipping Management Solution (EDI)\"}]},{\"@type\":\"WebSite\",\"@id\":\"https:\/\/oroxilia.com\/fr\/#website\",\"url\":\"https:\/\/oroxilia.com\/fr\/\",\"name\":\"Oroxilia\",\"description\":\"\",\"potentialAction\":[{\"@type\":\"SearchAction\",\"target\":{\"@type\":\"EntryPoint\",\"urlTemplate\":\"https:\/\/oroxilia.com\/fr\/?s={search_term_string}\"},\"query-input\":{\"@type\":\"PropertyValueSpecification\",\"valueRequired\":true,\"valueName\":\"search_term_string\"}}],\"inLanguage\":\"nl-NL\"}]}<\/script>\n<!-- \/ Yoast SEO plugin. -->","yoast_head_json":{"title":"Int\u00e9grateur de BABELWAY, pour la gestion des \u00e9changes EDI - Oroxilia","description":"G\u00e9rez vos commandes et exp\u00e9ditions d'une main de ma\u00eetre gr\u00e2ce \u00e0 Babelway, une solution de gestion install\u00e9e par Oroxilia au sein de votre entreprise.","robots":{"index":"index","follow":"follow","max-snippet":"max-snippet:-1","max-image-preview":"max-image-preview:large","max-video-preview":"max-video-preview:-1"},"canonical":"https:\/\/oroxilia.com\/nl\/order-and-shipping-management-solution-edi\/","og_locale":"nl_NL","og_type":"article","og_title":"Int\u00e9grateur de BABELWAY, pour la gestion des \u00e9changes EDI - Oroxilia","og_description":"G\u00e9rez vos commandes et exp\u00e9ditions d'une main de ma\u00eetre gr\u00e2ce \u00e0 Babelway, une solution de gestion install\u00e9e par Oroxilia au sein de votre entreprise.","og_url":"https:\/\/oroxilia.com\/nl\/order-and-shipping-management-solution-edi\/","og_site_name":"Oroxilia","article_modified_time":"2025-02-11T15:15:42+00:00","twitter_card":"summary_large_image","twitter_misc":{"Geschatte leestijd":"4 minuten"},"schema":{"@context":"https:\/\/schema.org","@graph":[{"@type":"WebPage","@id":"https:\/\/oroxilia.com\/nl\/order-and-shipping-management-solution-edi\/","url":"https:\/\/oroxilia.com\/nl\/order-and-shipping-management-solution-edi\/","name":"Int\u00e9grateur de BABELWAY, pour la gestion des \u00e9changes EDI - Oroxilia","isPartOf":{"@id":"https:\/\/oroxilia.com\/fr\/#website"},"datePublished":"2025-02-11T14:55:12+00:00","dateModified":"2025-02-11T15:15:42+00:00","description":"G\u00e9rez vos commandes et exp\u00e9ditions d'une main de ma\u00eetre gr\u00e2ce \u00e0 Babelway, une solution de gestion install\u00e9e par Oroxilia au sein de votre entreprise.","breadcrumb":{"@id":"https:\/\/oroxilia.com\/nl\/order-and-shipping-management-solution-edi\/#breadcrumb"},"inLanguage":"nl-NL","potentialAction":[{"@type":"ReadAction","target":["https:\/\/oroxilia.com\/nl\/order-and-shipping-management-solution-edi\/"]}]},{"@type":"BreadcrumbList","@id":"https:\/\/oroxilia.com\/nl\/order-and-shipping-management-solution-edi\/#breadcrumb","itemListElement":[{"@type":"ListItem","position":1,"name":"Accueil","item":"https:\/\/oroxilia.com\/nl\/"},{"@type":"ListItem","position":2,"name":"Order and Shipping Management Solution (EDI)"}]},{"@type":"WebSite","@id":"https:\/\/oroxilia.com\/fr\/#website","url":"https:\/\/oroxilia.com\/fr\/","name":"Oroxilia","description":"","potentialAction":[{"@type":"SearchAction","target":{"@type":"EntryPoint","urlTemplate":"https:\/\/oroxilia.com\/fr\/?s={search_term_string}"},"query-input":{"@type":"PropertyValueSpecification","valueRequired":true,"valueName":"search_term_string"}}],"inLanguage":"nl-NL"}]}},"_links":{"self":[{"href":"https:\/\/oroxilia.com\/nl\/wp-json\/wp\/v2\/pages\/4871","targetHints":{"allow":["GET"]}}],"collection":[{"href":"https:\/\/oroxilia.com\/nl\/wp-json\/wp\/v2\/pages"}],"about":[{"href":"https:\/\/oroxilia.com\/nl\/wp-json\/wp\/v2\/types\/page"}],"author":[{"embeddable":true,"href":"https:\/\/oroxilia.com\/nl\/wp-json\/wp\/v2\/users\/1"}],"replies":[{"embeddable":true,"href":"https:\/\/oroxilia.com\/nl\/wp-json\/wp\/v2\/comments?post=4871"}],"version-history":[{"count":2,"href":"https:\/\/oroxilia.com\/nl\/wp-json\/wp\/v2\/pages\/4871\/revisions"}],"predecessor-version":[{"id":4874,"href":"https:\/\/oroxilia.com\/nl\/wp-json\/wp\/v2\/pages\/4871\/revisions\/4874"}],"wp:attachment":[{"href":"https:\/\/oroxilia.com\/nl\/wp-json\/wp\/v2\/media?parent=4871"}],"curies":[{"name":"wp","href":"https:\/\/api.w.org\/{rel}","templated":true}]}}