{"id":4854,"date":"2025-02-11T15:04:22","date_gmt":"2025-02-11T14:04:22","guid":{"rendered":"https:\/\/oroxilia.com\/solution-de-gestion-dentrepot-wms-copy\/"},"modified":"2025-02-11T15:47:47","modified_gmt":"2025-02-11T14:47:47","slug":"warehouse-management-oplossing-wms","status":"publish","type":"page","link":"https:\/\/oroxilia.com\/nl\/warehouse-management-oplossing-wms\/","title":{"rendered":"Warehouse Management (WMS)"},"content":{"rendered":"<p>[vc_row css=&#8221;.vc_custom_1589789032585{margin-top: 20px !important;padding-bottom: 20px !important;}&#8221;][vc_column css=&#8221;.vc_custom_1614854341375{margin-top: 10px !important;}&#8221;]<div class='rb_textmodule_69e754b288c2c rb_textmodule with_subtitle align_center'><div class='rb_textmodule_info_wrapper'><div class='rb_textmodule_content_wrapper'><p>Voor het beheer van uw magazijnen biedt en host Oroxilia in SaaS-modus <strong>een 100% weboplossing (WMS), zeer toegankelijk en ergonomisch<\/strong>.<\/p>\n\n<\/div><\/div><\/div><div class='rb_textmodule_69e754b2898c5 rb_textmodule with_subtitle align_center'><div class='rb_textmodule_info_wrapper'><h2 class='rb_textmodule_title has_divider'>Een deskundige software voor de logistieke professionals<span class='rb_textmodule_divider'><\/span><\/h2><div class='rb_textmodule_content_wrapper'><p>Met ons WMS, stuurt en digitaliseert u al uw logistieke stromen. Dankzij deze oplossing kunt u inspelen op de uitdagingen van logistiek en van uw beroep : deadlines halen, optimalisatie van de goederenstromen en voorraden, op elkaar afstemmen van de goederen- en datastromen, track &amp; trace, beheersen van de koude keten, ontwikkelen van e-commerce,\u2026<\/p>\n<\/div><\/div><\/div><div id='rb_image_69e754b289b71' class='rb_image_module background_no_hover' ><div class=\"main_image\"><img decoding=\"async\" class=\"image\" src=\"https:\/\/oroxilia.com\/wp-content\/uploads\/2021\/09\/robots-entrepot-automatise.jpg\" alt=\"Gestion d&#039;un entrep\u00f4t par des robots\" \/><\/div><\/div><div class='rb_textmodule_69e754b28a44f rb_textmodule with_subtitle align_center'><div class='rb_textmodule_info_wrapper'><h2 class='rb_textmodule_title has_divider'>WMS in SaaS-modus en zijn voordelen<span class='rb_textmodule_divider'><\/span><\/h2><div class='rb_textmodule_content_wrapper'><p>Oroxilia doet het voor u. We hosten\u00a0<strong>een WMS<\/strong> <strong>laatste generatie<\/strong> en bieden native ook een integratie aan conform de standaarden van toepassing in de Benelux (transportbedrijven en douane). We passen ons platform aan naar uw behoeftes in termen van logistiek en koppelen dit aan uw informatiesystemen. Daarenboven bieden we u <strong>een kwaliteitsvolle support service<\/strong> aan.<\/p>\n\n<\/div><\/div><\/div>[\/vc_column][\/vc_row][vc_row css=&#8221;.vc_custom_1614854711223{margin-bottom: 40px !important;}&#8221;][vc_column]<div class='rb_textmodule_69e754b28a71f rb_textmodule with_subtitle'><div class='rb_textmodule_info_wrapper'><div class='rb_textmodule_content_wrapper'><p>Kiezen voor <strong>ons WMS in SaaS-modus<\/strong> is kiezen voor een magazijn beheersysteem dat zijn effici\u00ebntie sinds lang bewezen heeft. Oroxilia begeleidt u bij uw overstap. Ons WMS zal het hele logistieke proces van inkomend tot uitgaande goederen sturen en zo vergemakkelijken. De software is intu\u00eftief en wordt snel door de gebruikers opgepikt.<\/p>\n<p>Er zijn heel wat voordelen aan dit type WMS. Met de SaaS-modus neem u afscheid van de hoge investeringen in infrastructuur en verlaagt u de implementatie- en onderhoudskosten aanzienlijk. De kostprijs is enkel de prijs van <strong>een \u201call-in\u201d abonnement<\/strong> per maand of per jaar.<\/p>\n\n<\/div><\/div><\/div><div class='rb_textmodule_69e754b28a96e rb_textmodule with_subtitle align_center'><div class='rb_textmodule_info_wrapper'><div class='rb_textmodule_content_wrapper'><p>Ons WMS SaaS staat dus niet op een lokale server maar wordt gehost. Wij verzorgen <strong>remote support<\/strong> op uw systeem. Dit betekent dat er geen gevaarlijke en dure updates bij u op locatie moeten worden uitgevoerd. Uw WMS in SaaS-modus is steeds up-to-date.<br \/>\nDankzij ons WMS heeft u standaard toegang tot vele logistieke functies die uw magazijn en bedrijf zeker zullen vooruithelpen: controle op de <strong>conformiteit<\/strong> van inkomende goederen, <strong>geoptimaliseerde picking routes<\/strong>, bewaking van de veiligheidsnormen en beheer van de <strong>machtigingen<\/strong>, flexibiliteit in de aanmaak en gebruik van <strong>locaties<\/strong>,\u2026 Onze oplossing werd vooraf geconfigureerd voor vele markten en kan, als gewenst, nog verder aangepast worden naar uw specifieke wensen.<br \/>\nVertrouw voor de uitvoering op <strong>Oroxilia en zijn logistieke expertise in de sectoren farmaceutica, voeding, diepvries en cosmetica.<\/strong><\/p>\n\n<\/div><\/div><\/div>[vc_row_inner equal_height=&#8221;yes&#8221;][vc_column_inner css=&#8221;.vc_custom_1614850119960{margin-top: 20px !important;margin-bottom: 20px !important;}&#8221;]<div class='rb_textmodule_69e754b28abd3 rb_textmodule with_subtitle'><div class='rb_textmodule_info_wrapper'><h2 class='rb_textmodule_title has_divider'>Sectoren waarvoor ons WMS in SaaS-modus perfect geschikt is<span class='rb_textmodule_divider'><\/span><\/h2><\/div><\/div>[\/vc_column_inner][vc_column_inner el_class=&#8221;vignette-border&#8221; width=&#8221;1\/2&#8243;]<div class='rb_textmodule_69e754b28ad7a rb_textmodule with_icon align_center'><div class='rb_textmodule_icon shape_square'><i class='fas fa-utensils'><\/i><\/div><div class='rb_textmodule_info_wrapper'><h3 class='rb_textmodule_title '>Sector voeding<\/h3><div class='rb_textmodule_content_wrapper'><ul>\n<li>Beheer van THT, LIFO, FIFO en FEFO<\/li>\n<li>Logistieke track and trace<\/li>\n<li>Ondersteuning van het SSCC labelformaat<\/li>\n<li>Uitgebreide kwaliteitscontrole<\/li>\n<li>Naleving van de FAVV regelgeving<\/li>\n<\/ul>\n\n<\/div><\/div><\/div>[\/vc_column_inner][vc_column_inner el_class=&#8221;vignette-border&#8221; width=&#8221;1\/2&#8243;]<div class='rb_textmodule_69e754b28afeb rb_textmodule with_icon align_center'><div class='rb_textmodule_icon shape_square'><i class='fas fa-clinic-medical'><\/i><\/div><div class='rb_textmodule_info_wrapper'><h3 class='rb_textmodule_title '>Sector farmaceutica<\/h3><div class='rb_textmodule_content_wrapper'><ul>\n<li>Assistentie bij het behalen van GDP en GMP certificatie<\/li>\n<li>Verzorgen van de veiligheid en machtigingen<\/li>\n<li>Beheren van de levertermijnen<\/li>\n<li>Track and trace (opvolging van de goederen bij elke beweging of audit trail)<\/li>\n<li>Beheer van serial nummers (FMD)<\/li>\n<\/ul>\n\n<\/div><\/div><\/div>[\/vc_column_inner][vc_column_inner el_class=&#8221;vignette-border&#8221; width=&#8221;1\/2&#8243;]<div class='rb_textmodule_69e754b28b245 rb_textmodule with_icon align_center'><div class='rb_textmodule_icon shape_square'><i class='fas fa-temperature-low'><\/i><\/div><div class='rb_textmodule_info_wrapper'><h3 class='rb_textmodule_title '>Sector diepvries<\/h3><div class='rb_textmodule_content_wrapper'><p>Zelfde logistieke karakteristieken als de sector voeding<\/p>\n<ul>\n<li>Opvolging en controle van de temperaturen bij elke stap<\/li>\n<li>Bewaken van de koude keten zowel bij inkomend als uitgaand<\/li>\n<li>Een maximale hoeveelheid goederen in een zo klein mogelijke ruimte (om de lage temperaturen beter te behouden)<\/li>\n<\/ul>\n\n<\/div><\/div><\/div>[\/vc_column_inner][vc_column_inner el_class=&#8221;vignette-border&#8221; width=&#8221;1\/2&#8243;]<div class='rb_textmodule_69e754b28b499 rb_textmodule with_icon align_center'><div class='rb_textmodule_icon shape_square'><i class='fas fa-eye'><\/i><\/div><div class='rb_textmodule_info_wrapper'><h3 class='rb_textmodule_title '>Sector cosmetica<\/h3><div class='rb_textmodule_content_wrapper'><ul>\n<li>Status en locatie van elk product<\/li>\n<li>Sortering en picking volgens gewicht \/ conditionering<\/li>\n<li>Opvolging gevaarlijke producten<\/li>\n<li>Verbeterde organisatie en hogere effici\u00ebntie<\/li>\n<\/ul>\n\n<\/div><\/div><\/div>[\/vc_column_inner][\/vc_row_inner][\/vc_column][\/vc_row][vc_row][vc_column]<div id='rb_image_69e754b28b6c7' class='rb_image_module background_no_hover' ><div class=\"main_image\"><img decoding=\"async\" class=\"image\" src=\"https:\/\/oroxilia.com\/wp-content\/uploads\/2021\/09\/tracking-inventory.jpg\" alt=\"\" \/><\/div><\/div><div class='rb_textmodule_69e754b28be43 rb_textmodule with_subtitle align_center'><div class='rb_textmodule_info_wrapper'><h2 class='rb_textmodule_title has_divider'>De sterke punten van ons WMS in SaaS-modus<span class='rb_textmodule_divider'><\/span><\/h2><\/div><\/div><div class='rb_textmodule_69e754b28c053 rb_textmodule with_subtitle'><div class='rb_textmodule_info_wrapper'><div class='rb_textmodule_content_wrapper'><p>Ons WMS is een eenvoudige oplossing open naar andere externe applicaties en daarmee de ideale oplossing voor logistieke bedrijven als vervoerders, retail, 3PL, productie en e-commerce.<\/p>\n<\/div><\/div><\/div>[\/vc_column][\/vc_row][vc_row css=&#8221;.vc_custom_1589975171349{margin-bottom: 90px !important;}&#8221;][vc_column][vc_row_inner equal_height=&#8221;yes&#8221;][vc_column_inner el_class=&#8221;vignette-border&#8221; width=&#8221;1\/3&#8243;]<div class='rb_textmodule_69e754b28c290 rb_textmodule with_icon align_center'><div class='rb_textmodule_icon shape_square'><i class='fas fa-laptop-code'><\/i><\/div><div class='rb_textmodule_info_wrapper'><h3 class='rb_textmodule_title has_divider'>Makkelijke installatie<span class='rb_textmodule_divider'><\/span><\/h3><div class='rb_textmodule_content_wrapper'><p>Geen installatie van nieuwe of uitbreiding van bestaande infrastructuur voor uw logistiek. Schaalbare oplossing in de cloud.<\/p>\n<\/div><\/div><\/div>[\/vc_column_inner][vc_column_inner el_class=&#8221;vignette-border&#8221; width=&#8221;1\/3&#8243;]<div class='rb_textmodule_69e754b28c4fa rb_textmodule with_icon align_center'><div class='rb_textmodule_icon shape_square'><i class='fas fa-user-check'><\/i><\/div><div class='rb_textmodule_info_wrapper'><h3 class='rb_textmodule_title has_divider'>Gebruiksgemak en toegankelijkheid<span class='rb_textmodule_divider'><\/span><\/h3><div class='rb_textmodule_content_wrapper'><p>WMS in SaaS-modus kan eenvoudig en op elk apparaat gebruikt worden (PC, tablet, smartphone, RF terminal).<\/p>\n<ul>\n<li>Ontworpen door logistieke experts<\/li>\n<li>Afgesteld door specialisten in ergonomie<\/li>\n<\/ul>\n\n<\/div><\/div><\/div>[\/vc_column_inner][vc_column_inner el_class=&#8221;vignette-border&#8221; width=&#8221;1\/3&#8243;]<div class='rb_textmodule_69e754b28c763 rb_textmodule with_icon align_center'><div class='rb_textmodule_icon shape_square'><i class='fas fa-sync-alt'><\/i><\/div><div class='rb_textmodule_info_wrapper'><h3 class='rb_textmodule_title has_divider'>Aangepast naar bedrijf<span class='rb_textmodule_divider'><\/span><\/h3><div class='rb_textmodule_content_wrapper'><p>Aangepast naar uw bedrijf en uw specifieke situatie in termen van logistiek.<\/p>\n<ul>\n<li>Stuurt een breed scala aan activiteiten en goederen aan volgens overeengekomen regels.<\/li>\n<\/ul>\n\n<\/div><\/div><\/div>[\/vc_column_inner][\/vc_row_inner][vc_row_inner equal_height=&#8221;yes&#8221;][vc_column_inner el_class=&#8221;vignette-border&#8221; width=&#8221;1\/3&#8243; css=&#8221;.vc_custom_1589976343808{border-radius: 1px !important;}&#8221;]<div class='rb_textmodule_69e754b28c9b9 rb_textmodule with_icon align_center'><div class='rb_textmodule_icon shape_square'><i class='fas fa-random'><\/i><\/div><div class='rb_textmodule_info_wrapper'><h3 class='rb_textmodule_title has_divider'>Maximale flexibiliteit<span class='rb_textmodule_divider'><\/span><\/h3><div class='rb_textmodule_content_wrapper'><p>Ons WMS in SaaS-modus blijft u ondersteunen tijdens uw ontwikkeling :<\/p>\n<ul>\n<li>Multi-bedrijven<\/li>\n<li>Multi-magazijnen<\/li>\n<li>Uitbreiding van de stockage ruimtes<\/li>\n<li>Diversificatie en uitbreiding van SKU\u2019s<\/li>\n<\/ul>\n\n<\/div><\/div><\/div>[\/vc_column_inner][vc_column_inner el_class=&#8221;vignette-border&#8221; width=&#8221;1\/3&#8243;]<div class='rb_textmodule_69e754b28cc31 rb_textmodule with_icon align_center'><div class='rb_textmodule_icon shape_square'><i class='fas fa-satellite-dish'><\/i><\/div><div class='rb_textmodule_info_wrapper'><h3 class='rb_textmodule_title has_divider'>Interoperabiliteit<span class='rb_textmodule_divider'><\/span><\/h3><div class='rb_textmodule_content_wrapper'><p>De communicatie wordt optimaal opgezet met uw volledige back office systeem . De software is gekoppeld aan :<\/p>\n<ul>\n<li>Uw eigen informaticasysteem<\/li>\n<li>Externe informatiesystemen<\/li>\n<li>Geconnecteerde objecten<\/li>\n<li>Andere systemen in uw ecosysteem (zoals WCS)<\/li>\n<\/ul>\n\n<\/div><\/div><\/div>[\/vc_column_inner][vc_column_inner el_class=&#8221;vignette-border&#8221; width=&#8221;1\/3&#8243;]<div class='rb_textmodule_69e754b28cea2 rb_textmodule with_icon align_center'><div class='rb_textmodule_icon shape_square'><i class='fas fa-users'><\/i><\/div><div class='rb_textmodule_info_wrapper'><h3 class='rb_textmodule_title has_divider'>Relatie klant<span class='rb_textmodule_divider'><\/span><\/h3><div class='rb_textmodule_content_wrapper'><p>De relatie met uw eindklanten optimaliseren.<\/p>\n<ul>\n<li>Traceerbaarheid<\/li>\n<li>Pakket tracing<\/li>\n<li>EDI<\/li>\n<li>Oplossing voor e-warehousing<\/li>\n<\/ul>\n\n<\/div><\/div><\/div>[\/vc_column_inner][\/vc_row_inner][vc_row_inner equal_height=&#8221;yes&#8221;][vc_column_inner el_class=&#8221;vignette-border&#8221; width=&#8221;1\/3&#8243;]<div class='rb_textmodule_69e754b28d125 rb_textmodule with_icon align_center'><div class='rb_textmodule_icon shape_square'><i class='fas fa-desktop'><\/i><\/div><div class='rb_textmodule_info_wrapper'><h3 class='rb_textmodule_title has_divider'>Monitoring<span class='rb_textmodule_divider'><\/span><\/h3><div class='rb_textmodule_content_wrapper'><p>De logistieke weboplossing laat u toe uw goederen en de werklast in realtime te volgen<\/p>\n<ul>\n<li>Overzicht van voorraden<\/li>\n<li>Sturing van de ploegen<\/li>\n<\/ul>\n\n<\/div><\/div><\/div>[\/vc_column_inner][vc_column_inner el_class=&#8221;vignette-border&#8221; width=&#8221;1\/3&#8243;]<div class='rb_textmodule_69e754b28d3aa rb_textmodule with_icon align_center'><div class='rb_textmodule_icon shape_square'><i class='fas fa-chart-area'><\/i><\/div><div class='rb_textmodule_info_wrapper'><h3 class='rb_textmodule_title has_divider'>Reporting<span class='rb_textmodule_divider'><\/span><\/h3><div class='rb_textmodule_content_wrapper'><p>Met het WMS, krijg een duidelijk en gedetailleerd overzicht van uw activiteiten.<\/p>\n<ul>\n<li>Gepersonaliseerde rapporten<\/li>\n<li>Statistische analyses<\/li>\n<\/ul>\n\n<\/div><\/div><\/div>[\/vc_column_inner][vc_column_inner el_class=&#8221;vignette-border&#8221; width=&#8221;1\/3&#8243;]<div class='rb_textmodule_69e754b28d62f rb_textmodule with_icon align_center'><div class='rb_textmodule_icon shape_square'><i class='fas fa-headset'><\/i><\/div><div class='rb_textmodule_info_wrapper'><h3 class='rb_textmodule_title has_divider'>Services Oroxilia<span class='rb_textmodule_divider'><\/span><\/h3><div class='rb_textmodule_content_wrapper'><ul>\n<li>Expertise in warehouse management<\/li>\n<li>Uitgebreide ervaring en IT kennis<\/li>\n<li>Team van ingenieurs informatica<\/li>\n<li>Kennis van Belgische en Europese wetgeving<\/li>\n<li>Kwaliteitsvolle service<\/li>\n<\/ul>\n\n<\/div><\/div><\/div>[\/vc_column_inner][\/vc_row_inner][vc_raw_html]JTNDZGl2JTIwaWQlM0QlMjJjdGEtYnJvY2h1cmUlMjIlMjBjbGFzcyUzRCUyMnJiX2Jhbm5lcl9tb2R1bGUlMjBjdXN0b20tYWxpZ24tY2VudGVyJTIyJTNFJTNDYSUyMGhyZWYlM0QlMjIlMkZubCUyRmNvbnRhY3RlZXItb25zJTNGZGVtbyUzRGVkaS1ubCUyMiUyMGNsYXNzJTNEJTIycmJfYnV0dG9uJTIwbWVkaXVtJTIwYXJyb3dfZmFkZV9vdXQlMjIlM0UlM0NzcGFuJTNFJTNDRk9OVCUyMGNvbG9yJTNEJTIyd2hpdGUlMjIlM0VEZW1vLWFhbnZyYWFnJTNDJTJGRk9OVCUzRSUzQyUyRnNwYW4lM0UlM0MlMkZhJTNFJTNDJTJGZGl2JTNF[\/vc_raw_html][\/vc_column][\/vc_row]<\/p>\n","protected":false},"excerpt":{"rendered":"<p>[vc_row css=&#8221;.vc_custom_1589789032585{margin-top: 20px !important;padding-bottom: 20px !important;}&#8221;][vc_column css=&#8221;.vc_custom_1614854341375{margin-top: 10px !important;}&#8221;][\/vc_column][\/vc_row][vc_row css=&#8221;.vc_custom_1614854711223{margin-bottom: 40px !important;}&#8221;][vc_column][vc_row_inner equal_height=&#8221;yes&#8221;][vc_column_inner css=&#8221;.vc_custom_1614850119960{margin-top: 20px !important;margin-bottom: 20px !important;}&#8221;][\/vc_column_inner][vc_column_inner el_class=&#8221;vignette-border&#8221; width=&#8221;1\/2&#8243;][\/vc_column_inner][vc_column_inner el_class=&#8221;vignette-border&#8221; width=&#8221;1\/2&#8243;][\/vc_column_inner][vc_column_inner el_class=&#8221;vignette-border&#8221; width=&#8221;1\/2&#8243;][\/vc_column_inner][vc_column_inner el_class=&#8221;vignette-border&#8221; width=&#8221;1\/2&#8243;][\/vc_column_inner][\/vc_row_inner][\/vc_column][\/vc_row][vc_row][vc_column][\/vc_column][\/vc_row][vc_row css=&#8221;.vc_custom_1589975171349{margin-bottom: 90px !important;}&#8221;][vc_column][vc_row_inner equal_height=&#8221;yes&#8221;][vc_column_inner el_class=&#8221;vignette-border&#8221; width=&#8221;1\/3&#8243;][\/vc_column_inner][vc_column_inner el_class=&#8221;vignette-border&#8221; width=&#8221;1\/3&#8243;][\/vc_column_inner][vc_column_inner el_class=&#8221;vignette-border&#8221; width=&#8221;1\/3&#8243;][\/vc_column_inner][\/vc_row_inner][vc_row_inner equal_height=&#8221;yes&#8221;][vc_column_inner el_class=&#8221;vignette-border&#8221; width=&#8221;1\/3&#8243; css=&#8221;.vc_custom_1589976343808{border-radius: 1px !important;}&#8221;][\/vc_column_inner][vc_column_inner el_class=&#8221;vignette-border&#8221; width=&#8221;1\/3&#8243;][\/vc_column_inner][vc_column_inner el_class=&#8221;vignette-border&#8221; width=&#8221;1\/3&#8243;][\/vc_column_inner][\/vc_row_inner][vc_row_inner equal_height=&#8221;yes&#8221;][vc_column_inner el_class=&#8221;vignette-border&#8221; width=&#8221;1\/3&#8243;][\/vc_column_inner][vc_column_inner el_class=&#8221;vignette-border&#8221; width=&#8221;1\/3&#8243;][\/vc_column_inner][vc_column_inner el_class=&#8221;vignette-border&#8221; width=&#8221;1\/3&#8243;][\/vc_column_inner][\/vc_row_inner][vc_raw_html]JTNDZGl2JTIwaWQlM0QlMjJjdGEtYnJvY2h1cmUlMjIlMjBjbGFzcyUzRCUyMnJiX2Jhbm5lcl9tb2R1bGUlMjBjdXN0b20tYWxpZ24tY2VudGVyJTIyJTNFJTNDYSUyMGhyZWYlM0QlMjIlMkZubCUyRmNvbnRhY3RlZXItb25zJTNGZGVtbyUzRGVkaS1ubCUyMiUyMGNsYXNzJTNEJTIycmJfYnV0dG9uJTIwbWVkaXVtJTIwYXJyb3dfZmFkZV9vdXQlMjIlM0UlM0NzcGFuJTNFJTNDRk9OVCUyMGNvbG9yJTNEJTIyd2hpdGUlMjIlM0VEZW1vLWFhbnZyYWFnJTNDJTJGRk9OVCUzRSUzQyUyRnNwYW4lM0UlM0MlMkZhJTNFJTNDJTJGZGl2JTNF[\/vc_raw_html][\/vc_column][\/vc_row]<\/p>\n","protected":false},"author":1,"featured_media":0,"parent":0,"menu_order":0,"comment_status":"closed","ping_status":"closed","template":"","meta":{"footnotes":""},"class_list":["post-4854","page","type-page","status-publish","hentry"],"yoast_head":"<!-- This site is optimized with the Yoast SEO plugin v25.9 - https:\/\/yoast.com\/wordpress\/plugins\/seo\/ -->\n<title>Notre WMS en mode SaaS pour la gestion de vos entrep\u00f4ts - Oroxilia<\/title>\n<meta name=\"description\" content=\"Oroxilia h\u00e9berge et int\u00e8gre une solution logistique pour aider les entreprises \u00e0 g\u00e9rer leurs entrep\u00f4ts. Avantages de notre WMS en mode SaaS.\" \/>\n<meta name=\"robots\" content=\"index, follow, max-snippet:-1, max-image-preview:large, max-video-preview:-1\" \/>\n<link rel=\"canonical\" href=\"https:\/\/oroxilia.com\/nl\/warehouse-management-oplossing-wms\/\" \/>\n<meta property=\"og:locale\" content=\"nl_NL\" \/>\n<meta property=\"og:type\" content=\"article\" \/>\n<meta property=\"og:title\" content=\"Notre WMS en mode SaaS pour la gestion de vos entrep\u00f4ts - Oroxilia\" \/>\n<meta property=\"og:description\" content=\"Oroxilia h\u00e9berge et int\u00e8gre une solution logistique pour aider les entreprises \u00e0 g\u00e9rer leurs entrep\u00f4ts. Avantages de notre WMS en mode SaaS.\" \/>\n<meta property=\"og:url\" content=\"https:\/\/oroxilia.com\/nl\/warehouse-management-oplossing-wms\/\" \/>\n<meta property=\"og:site_name\" content=\"Oroxilia\" \/>\n<meta property=\"article:modified_time\" content=\"2025-02-11T14:47:47+00:00\" \/>\n<meta name=\"twitter:card\" content=\"summary_large_image\" \/>\n<meta name=\"twitter:label1\" content=\"Geschatte leestijd\" \/>\n\t<meta name=\"twitter:data1\" content=\"8 minuten\" \/>\n<script type=\"application\/ld+json\" class=\"yoast-schema-graph\">{\"@context\":\"https:\/\/schema.org\",\"@graph\":[{\"@type\":\"WebPage\",\"@id\":\"https:\/\/oroxilia.com\/nl\/warehouse-management-oplossing-wms\/\",\"url\":\"https:\/\/oroxilia.com\/nl\/warehouse-management-oplossing-wms\/\",\"name\":\"Notre WMS en mode SaaS pour la gestion de vos entrep\u00f4ts - Oroxilia\",\"isPartOf\":{\"@id\":\"https:\/\/oroxilia.com\/fr\/#website\"},\"datePublished\":\"2025-02-11T14:04:22+00:00\",\"dateModified\":\"2025-02-11T14:47:47+00:00\",\"description\":\"Oroxilia h\u00e9berge et int\u00e8gre une solution logistique pour aider les entreprises \u00e0 g\u00e9rer leurs entrep\u00f4ts. Avantages de notre WMS en mode SaaS.\",\"breadcrumb\":{\"@id\":\"https:\/\/oroxilia.com\/nl\/warehouse-management-oplossing-wms\/#breadcrumb\"},\"inLanguage\":\"nl-NL\",\"potentialAction\":[{\"@type\":\"ReadAction\",\"target\":[\"https:\/\/oroxilia.com\/nl\/warehouse-management-oplossing-wms\/\"]}]},{\"@type\":\"BreadcrumbList\",\"@id\":\"https:\/\/oroxilia.com\/nl\/warehouse-management-oplossing-wms\/#breadcrumb\",\"itemListElement\":[{\"@type\":\"ListItem\",\"position\":1,\"name\":\"Accueil\",\"item\":\"https:\/\/oroxilia.com\/nl\/\"},{\"@type\":\"ListItem\",\"position\":2,\"name\":\"Warehouse Management (WMS)\"}]},{\"@type\":\"WebSite\",\"@id\":\"https:\/\/oroxilia.com\/fr\/#website\",\"url\":\"https:\/\/oroxilia.com\/fr\/\",\"name\":\"Oroxilia\",\"description\":\"\",\"potentialAction\":[{\"@type\":\"SearchAction\",\"target\":{\"@type\":\"EntryPoint\",\"urlTemplate\":\"https:\/\/oroxilia.com\/fr\/?s={search_term_string}\"},\"query-input\":{\"@type\":\"PropertyValueSpecification\",\"valueRequired\":true,\"valueName\":\"search_term_string\"}}],\"inLanguage\":\"nl-NL\"}]}<\/script>\n<!-- \/ Yoast SEO plugin. -->","yoast_head_json":{"title":"Notre WMS en mode SaaS pour la gestion de vos entrep\u00f4ts - Oroxilia","description":"Oroxilia h\u00e9berge et int\u00e8gre une solution logistique pour aider les entreprises \u00e0 g\u00e9rer leurs entrep\u00f4ts. Avantages de notre WMS en mode SaaS.","robots":{"index":"index","follow":"follow","max-snippet":"max-snippet:-1","max-image-preview":"max-image-preview:large","max-video-preview":"max-video-preview:-1"},"canonical":"https:\/\/oroxilia.com\/nl\/warehouse-management-oplossing-wms\/","og_locale":"nl_NL","og_type":"article","og_title":"Notre WMS en mode SaaS pour la gestion de vos entrep\u00f4ts - Oroxilia","og_description":"Oroxilia h\u00e9berge et int\u00e8gre une solution logistique pour aider les entreprises \u00e0 g\u00e9rer leurs entrep\u00f4ts. Avantages de notre WMS en mode SaaS.","og_url":"https:\/\/oroxilia.com\/nl\/warehouse-management-oplossing-wms\/","og_site_name":"Oroxilia","article_modified_time":"2025-02-11T14:47:47+00:00","twitter_card":"summary_large_image","twitter_misc":{"Geschatte leestijd":"8 minuten"},"schema":{"@context":"https:\/\/schema.org","@graph":[{"@type":"WebPage","@id":"https:\/\/oroxilia.com\/nl\/warehouse-management-oplossing-wms\/","url":"https:\/\/oroxilia.com\/nl\/warehouse-management-oplossing-wms\/","name":"Notre WMS en mode SaaS pour la gestion de vos entrep\u00f4ts - Oroxilia","isPartOf":{"@id":"https:\/\/oroxilia.com\/fr\/#website"},"datePublished":"2025-02-11T14:04:22+00:00","dateModified":"2025-02-11T14:47:47+00:00","description":"Oroxilia h\u00e9berge et int\u00e8gre une solution logistique pour aider les entreprises \u00e0 g\u00e9rer leurs entrep\u00f4ts. Avantages de notre WMS en mode SaaS.","breadcrumb":{"@id":"https:\/\/oroxilia.com\/nl\/warehouse-management-oplossing-wms\/#breadcrumb"},"inLanguage":"nl-NL","potentialAction":[{"@type":"ReadAction","target":["https:\/\/oroxilia.com\/nl\/warehouse-management-oplossing-wms\/"]}]},{"@type":"BreadcrumbList","@id":"https:\/\/oroxilia.com\/nl\/warehouse-management-oplossing-wms\/#breadcrumb","itemListElement":[{"@type":"ListItem","position":1,"name":"Accueil","item":"https:\/\/oroxilia.com\/nl\/"},{"@type":"ListItem","position":2,"name":"Warehouse Management (WMS)"}]},{"@type":"WebSite","@id":"https:\/\/oroxilia.com\/fr\/#website","url":"https:\/\/oroxilia.com\/fr\/","name":"Oroxilia","description":"","potentialAction":[{"@type":"SearchAction","target":{"@type":"EntryPoint","urlTemplate":"https:\/\/oroxilia.com\/fr\/?s={search_term_string}"},"query-input":{"@type":"PropertyValueSpecification","valueRequired":true,"valueName":"search_term_string"}}],"inLanguage":"nl-NL"}]}},"_links":{"self":[{"href":"https:\/\/oroxilia.com\/nl\/wp-json\/wp\/v2\/pages\/4854","targetHints":{"allow":["GET"]}}],"collection":[{"href":"https:\/\/oroxilia.com\/nl\/wp-json\/wp\/v2\/pages"}],"about":[{"href":"https:\/\/oroxilia.com\/nl\/wp-json\/wp\/v2\/types\/page"}],"author":[{"embeddable":true,"href":"https:\/\/oroxilia.com\/nl\/wp-json\/wp\/v2\/users\/1"}],"replies":[{"embeddable":true,"href":"https:\/\/oroxilia.com\/nl\/wp-json\/wp\/v2\/comments?post=4854"}],"version-history":[{"count":2,"href":"https:\/\/oroxilia.com\/nl\/wp-json\/wp\/v2\/pages\/4854\/revisions"}],"predecessor-version":[{"id":4865,"href":"https:\/\/oroxilia.com\/nl\/wp-json\/wp\/v2\/pages\/4854\/revisions\/4865"}],"wp:attachment":[{"href":"https:\/\/oroxilia.com\/nl\/wp-json\/wp\/v2\/media?parent=4854"}],"curies":[{"name":"wp","href":"https:\/\/api.w.org\/{rel}","templated":true}]}}