{"id":931,"date":"2019-09-06T08:12:14","date_gmt":"2019-09-06T08:12:14","guid":{"rendered":"http:\/\/oroxilia.adevo.be\/index.php\/contacts\/"},"modified":"2024-10-24T16:19:40","modified_gmt":"2024-10-24T14:19:40","slug":"contact","status":"publish","type":"page","link":"https:\/\/oroxilia.com\/fr\/contact\/","title":{"rendered":"Contactez-nous"},"content":{"rendered":"<p>[vc_row][vc_column width=\u00a0\u00bb2\/3&Prime; el_class=\u00a0\u00bbremerciement-action-contact\u00a0\u00bb][vc_column_text]\n<div class=\"wpcf7 no-js\" id=\"wpcf7-f1834-o1\" lang=\"fr-FR\" dir=\"ltr\" data-wpcf7-id=\"1834\">\n<div class=\"screen-reader-response\"><p role=\"status\" aria-live=\"polite\" aria-atomic=\"true\"><\/p> <ul><\/ul><\/div>\n<form action=\"\/fr\/wp-json\/wp\/v2\/pages\/931#wpcf7-f1834-o1\" method=\"post\" class=\"wpcf7-form init contact-form\" aria-label=\"Formulaire de contact\" novalidate=\"novalidate\" data-status=\"init\">\n<fieldset class=\"hidden-fields-container\"><input type=\"hidden\" name=\"_wpcf7\" value=\"1834\" \/><input type=\"hidden\" name=\"_wpcf7_version\" value=\"6.1.5\" \/><input type=\"hidden\" name=\"_wpcf7_locale\" value=\"fr_FR\" \/><input type=\"hidden\" name=\"_wpcf7_unit_tag\" value=\"wpcf7-f1834-o1\" \/><input type=\"hidden\" name=\"_wpcf7_container_post\" value=\"0\" \/><input type=\"hidden\" name=\"_wpcf7_posted_data_hash\" value=\"\" \/><input type=\"hidden\" name=\"_wpcf7dtx_version\" value=\"5.0.4\" \/><input type=\"hidden\" name=\"_wpcf7_recaptcha_response\" value=\"\" \/>\n<\/fieldset>\n<div class=\"column-inputs\">\n\t<p><label><br \/>\n<span class=\"wpcf7-form-control-wrap\" data-name=\"your-name\"><input size=\"40\" maxlength=\"400\" class=\"wpcf7-form-control wpcf7-text wpcf7-validates-as-required\" aria-required=\"true\" aria-invalid=\"false\" placeholder=\"Nom, pr\u00e9nom*\" value=\"\" type=\"text\" name=\"your-name\" \/><\/span> <\/label><label><br \/>\n<span class=\"wpcf7-form-control-wrap\" data-name=\"society\"><input size=\"40\" maxlength=\"400\" class=\"wpcf7-form-control wpcf7-text\" aria-invalid=\"false\" placeholder=\"Entreprise\" value=\"\" type=\"text\" name=\"society\" \/><\/span> <\/label><label><br \/>\n<span class=\"wpcf7-form-control-wrap\" data-name=\"your-email\"><input size=\"40\" maxlength=\"400\" class=\"wpcf7-form-control wpcf7-email wpcf7-validates-as-required wpcf7-text wpcf7-validates-as-email\" aria-required=\"true\" aria-invalid=\"false\" placeholder=\"Email*\" value=\"\" type=\"email\" name=\"your-email\" \/><\/span> <\/label><label><br \/>\n<span class=\"wpcf7-form-control-wrap\" data-name=\"activity\"><input size=\"40\" maxlength=\"400\" class=\"wpcf7-form-control wpcf7-text\" aria-invalid=\"false\" placeholder=\"Secteur d&#039;activit\u00e9\" value=\"\" type=\"text\" name=\"activity\" \/><\/span> <\/label><label><br \/>\n<span class=\"wpcf7-form-control-wrap\" data-name=\"phone\"><input size=\"40\" maxlength=\"400\" class=\"wpcf7-form-control wpcf7-tel wpcf7-validates-as-required wpcf7-text wpcf7-validates-as-tel\" aria-required=\"true\" aria-invalid=\"false\" placeholder=\"Votre num\u00e9ro de t\u00e9l\u00e9phone*\" value=\"\" type=\"tel\" name=\"phone\" \/><\/span><\/label><label><br \/>\n<span class=\"wpcf7-form-control-wrap\" data-name=\"menu-722\"><select class=\"wpcf7-form-control wpcf7-select\" aria-invalid=\"false\" name=\"menu-722\"><option value=\"\">Je suis int\u00e9ress\u00e9 par:<\/option><option value=\"WMS\">WMS<\/option><option value=\"Gestion des livraisons\">Gestion des livraisons<\/option><option value=\"TMS\">TMS<\/option><option value=\"EDI\">EDI<\/option><option value=\"D\u00e9monstration WMS\">D\u00e9monstration WMS<\/option><option value=\"D\u00e9monstration TMS\">D\u00e9monstration TMS<\/option><option value=\"D\u00e9monstration EDI\">D\u00e9monstration EDI<\/option><option value=\"Autre\">Autre<\/option><\/select><\/span><\/label>\n\t<\/p>\n<\/div>\n<div class=\"textarea\">\n\t<p><label><br \/>\n<span class=\"wpcf7-form-control-wrap\" data-name=\"your-message\"><textarea cols=\"40\" rows=\"10\" maxlength=\"2000\" class=\"wpcf7-form-control wpcf7-textarea\" aria-invalid=\"false\" placeholder=\"La probl\u00e9matique de mon entreprise\" name=\"your-message\"><\/textarea><\/span> <\/label>\n\t<\/p>\n<\/div>\n<div id=\"cf7sr-69e14cb502a6e\" class=\"cf7sr-g-recaptcha\" data-theme=\"light\" data-type=\"image\" data-size=\"normal\" data-sitekey=\"6Lep8lklAAAAAJsDTkrYzyqv1Am4xkvhyd4_1H4o\"><\/div><span class=\"wpcf7-form-control-wrap cf7sr-recaptcha\" data-name=\"cf7sr-recaptcha\"><input type=\"hidden\" name=\"cf7sr-recaptcha\" value=\"\" class=\"wpcf7-form-control\"><\/span>\n<\/p>\n<div class=\"submit-button\">\n\t<p><input class=\"wpcf7-form-control wpcf7-submit has-spinner\" type=\"submit\" value=\"Envoyer\" \/>\n\t<\/p>\n<\/div><input type='hidden' class='wpcf7-pum' value='{\"closepopup\":false,\"closedelay\":0,\"openpopup\":false,\"openpopup_id\":0}' \/><div class=\"wpcf7-response-output\" aria-hidden=\"true\"><\/div>\n<\/form>\n<\/div>\n[\/vc_column_text][\/vc_column][vc_column width=\u00a0\u00bb1\/3&Prime; css=\u00a0\u00bb.vc_custom_1588077391903{margin-top: 27px !important;margin-bottom: 30px !important;}\u00a0\u00bb][vc_raw_html]JTNDZGl2JTIwY2xhc3MlM0QlMjJjb250YWN0LWRhdGElMjIlM0UlMEElMjAlMjAlMjAlMjAlM0NkaXYlMjBjbGFzcyUzRCUyMmltZy1jb250YWluZXIlMjIlM0UlMEElMjAlMjAlMjAlMjAlMjAlMjAlMjAlMjAlM0NpbWclMjBzcmMlM0QlMjIlMkZ3cC1jb250ZW50JTJGdXBsb2FkcyUyRjIwMjAlMkYwNCUyRm9yb3hpbGlhLWxvZ28tc21hbGwucG5nJTIyJTIwYWx0JTNEJTIyT1JPWElMSUElMjBsb2dvJTIyJTNFJTBBJTIwJTIwJTIwJTIwJTNDJTJGZGl2JTNFJTBBJTIwJTIwJTIwJTIwJTNDZGl2JTIwY2xhc3MlM0QlMjJkYXRhLWNvbnRhaW5lciUyMiUzRSUwQSUyMCUyMCUyMCUyMCUyMCUyMCUyMCUyMCUzQ3AlMjBjbGFzcyUzRCUyMmFkZHJlc3MlMjIlM0VJbm5vdmF0aW9uJTIwQ2VudGVyJTIwJTNDYnIlMkYlM0VSdWUlMjBKZWFuJTIwQnVyZ2VycyUyMCUzQ2JyJTJGJTNFNzg1MCUyMEVuZ2hpZW4lMjBCZWxnaXF1ZSUzQyUyRnAlM0UlMEElMjAlMjAlMjAlMjAlMjAlMjAlMjAlMjAlM0NwJTIwY2xhc3MlM0QlMjJsaW5rcyUyMiUzRSUzQ2ElMjBocmVmJTNEJTIydGVsJTNBMDAzMjI4OTkwMjIwJTIyJTNFJTJCMzIlMjAyJTIwODk5JTIwMDIlMjAyMCUzQyUyRmElM0UlM0NiciUyRiUzRSUzQ2ElMjBocmVmJTNEJTIydGVsJTNBMDAzMzE4MTIyNDMyNiUyMiUzRSUyQjMzJTIwMSUyMDgxJTIwMjIlMjA0MyUyMDI2JTIwJTNDJTJGYSUzRSUzQyUyRnAlM0UlMEElMjAlMjAlMjAlMjAlMjAlMjAlMjAlMjAlM0NwJTIwY2xhc3MlM0QlMjJzb2NpYWwtaWNvbiUyMiUzRSUzQ2ElMjBocmVmJTNEJTIyaHR0cHMlM0ElMkYlMkZ3d3cubGlua2VkaW4uY29tJTJGY29tcGFueSUyRm9yb3hpbGlhJTJGYWJvdXQlMkYlMjIlM0VTdWl2ZXotbm91cyUyMHN1ciUyMExpbmtlZEluJTIwJTNDaSUyMGNsYXNzJTNEJTIyZmxhdGljb24tbGlua2VkLWluJTIyJTNFJTNDJTJGaSUzRSUzQyUyRmElM0UlM0MlMkZwJTNFJTBBJTIwJTIwJTIwJTIwJTIwJTIwJTIwJTIwJTNDcCUyMGNsYXNzJTNEJTIyYm90dG9tLXRleHQlMjIlM0UlMjJPcm94aWxpYSUyQyUyMHZvdHJlJTIwaW50JUMzJUE5Z3JhdGV1ciUyMGRlJTIwZ2VzdGlvbiUyMGQlMjdlbnRyZXAlQzMlQjR0JTIwJTI4V01TJTI5JTJDJTIwZGVzJTIwbGl2cmFpc29ucyUyQyUyMGR1JTIwdHJhbnNwb3J0JTIwJTI4VE1TJTI5JTIwZXQlMjBkJTI3JUMzJUE5Y2hhbmdlJTIwZGUlMjBkb25uJUMzJUE5ZXMlMjBpbnRlcmVudHJlcHJpc2VzJTIwJTI4RURJJTI5JTIyJTNDJTJGcCUzRSUwQSUyMCUyMCUyMCUyMCUzQyUyRmRpdiUzRSUwQSUzQyUyRmRpdiUzRQ==[\/vc_raw_html][\/vc_column][\/vc_row]<\/p>\n","protected":false},"excerpt":{"rendered":"<p>[vc_row][vc_column width=\u00a0\u00bb2\/3&Prime; el_class=\u00a0\u00bbremerciement-action-contact\u00a0\u00bb][vc_column_text][\/vc_column_text][\/vc_column][vc_column width=\u00a0\u00bb1\/3&Prime; css=\u00a0\u00bb.vc_custom_1588077391903{margin-top: 27px !important;margin-bottom: 30px !important;}\u00a0\u00bb][vc_raw_html]JTNDZGl2JTIwY2xhc3MlM0QlMjJjb250YWN0LWRhdGElMjIlM0UlMEElMjAlMjAlMjAlMjAlM0NkaXYlMjBjbGFzcyUzRCUyMmltZy1jb250YWluZXIlMjIlM0UlMEElMjAlMjAlMjAlMjAlMjAlMjAlMjAlMjAlM0NpbWclMjBzcmMlM0QlMjIlMkZ3cC1jb250ZW50JTJGdXBsb2FkcyUyRjIwMjAlMkYwNCUyRm9yb3hpbGlhLWxvZ28tc21hbGwucG5nJTIyJTIwYWx0JTNEJTIyT1JPWElMSUElMjBsb2dvJTIyJTNFJTBBJTIwJTIwJTIwJTIwJTNDJTJGZGl2JTNFJTBBJTIwJTIwJTIwJTIwJTNDZGl2JTIwY2xhc3MlM0QlMjJkYXRhLWNvbnRhaW5lciUyMiUzRSUwQSUyMCUyMCUyMCUyMCUyMCUyMCUyMCUyMCUzQ3AlMjBjbGFzcyUzRCUyMmFkZHJlc3MlMjIlM0VJbm5vdmF0aW9uJTIwQ2VudGVyJTIwJTNDYnIlMkYlM0VSdWUlMjBKZWFuJTIwQnVyZ2VycyUyMCUzQ2JyJTJGJTNFNzg1MCUyMEVuZ2hpZW4lMjBCZWxnaXF1ZSUzQyUyRnAlM0UlMEElMjAlMjAlMjAlMjAlMjAlMjAlMjAlMjAlM0NwJTIwY2xhc3MlM0QlMjJsaW5rcyUyMiUzRSUzQ2ElMjBocmVmJTNEJTIydGVsJTNBMDAzMjI4OTkwMjIwJTIyJTNFJTJCMzIlMjAyJTIwODk5JTIwMDIlMjAyMCUzQyUyRmElM0UlM0NiciUyRiUzRSUzQ2ElMjBocmVmJTNEJTIydGVsJTNBMDAzMzE4MTIyNDMyNiUyMiUzRSUyQjMzJTIwMSUyMDgxJTIwMjIlMjA0MyUyMDI2JTIwJTNDJTJGYSUzRSUzQyUyRnAlM0UlMEElMjAlMjAlMjAlMjAlMjAlMjAlMjAlMjAlM0NwJTIwY2xhc3MlM0QlMjJzb2NpYWwtaWNvbiUyMiUzRSUzQ2ElMjBocmVmJTNEJTIyaHR0cHMlM0ElMkYlMkZ3d3cubGlua2VkaW4uY29tJTJGY29tcGFueSUyRm9yb3hpbGlhJTJGYWJvdXQlMkYlMjIlM0VTdWl2ZXotbm91cyUyMHN1ciUyMExpbmtlZEluJTIwJTNDaSUyMGNsYXNzJTNEJTIyZmxhdGljb24tbGlua2VkLWluJTIyJTNFJTNDJTJGaSUzRSUzQyUyRmElM0UlM0MlMkZwJTNFJTBBJTIwJTIwJTIwJTIwJTIwJTIwJTIwJTIwJTNDcCUyMGNsYXNzJTNEJTIyYm90dG9tLXRleHQlMjIlM0UlMjJPcm94aWxpYSUyQyUyMHZvdHJlJTIwaW50JUMzJUE5Z3JhdGV1ciUyMGRlJTIwZ2VzdGlvbiUyMGQlMjdlbnRyZXAlQzMlQjR0JTIwJTI4V01TJTI5JTJDJTIwZGVzJTIwbGl2cmFpc29ucyUyQyUyMGR1JTIwdHJhbnNwb3J0JTIwJTI4VE1TJTI5JTIwZXQlMjBkJTI3JUMzJUE5Y2hhbmdlJTIwZGUlMjBkb25uJUMzJUE5ZXMlMjBpbnRlcmVudHJlcHJpc2VzJTIwJTI4RURJJTI5JTIyJTNDJTJGcCUzRSUwQSUyMCUyMCUyMCUyMCUzQyUyRmRpdiUzRSUwQSUzQyUyRmRpdiUzRQ==[\/vc_raw_html][\/vc_column][\/vc_row]<\/p>\n","protected":false},"author":1,"featured_media":0,"parent":0,"menu_order":0,"comment_status":"closed","ping_status":"closed","template":"","meta":{"footnotes":""},"class_list":["post-931","page","type-page","status-publish","hentry"],"yoast_head":"<!-- This site is optimized with the Yoast SEO plugin v25.9 - https:\/\/yoast.com\/wordpress\/plugins\/seo\/ -->\n<title>Contactez votre int\u00e9grateur de solutions logistiques - Oroxilia<\/title>\n<meta name=\"description\" content=\"Vous souhaitez plus d&#039;informations sur les solutions de gestion d&#039;entrep\u00f4ts (WMS), de distribution (TMS), d&#039;\u00e9changes (EDI) ou Last Mile ? Contactez-nous.\" \/>\n<meta name=\"robots\" content=\"index, follow, max-snippet:-1, max-image-preview:large, max-video-preview:-1\" \/>\n<link rel=\"canonical\" href=\"https:\/\/oroxilia.com\/fr\/contact\/\" \/>\n<meta property=\"og:locale\" content=\"fr_FR\" \/>\n<meta property=\"og:type\" content=\"article\" \/>\n<meta property=\"og:title\" content=\"Contactez votre int\u00e9grateur de solutions logistiques - Oroxilia\" \/>\n<meta property=\"og:description\" content=\"Vous souhaitez plus d&#039;informations sur les solutions de gestion d&#039;entrep\u00f4ts (WMS), de distribution (TMS), d&#039;\u00e9changes (EDI) ou Last Mile ? Contactez-nous.\" \/>\n<meta property=\"og:url\" content=\"https:\/\/oroxilia.com\/fr\/contact\/\" \/>\n<meta property=\"og:site_name\" content=\"Oroxilia\" \/>\n<meta property=\"article:modified_time\" content=\"2024-10-24T14:19:40+00:00\" \/>\n<meta name=\"twitter:card\" content=\"summary_large_image\" \/>\n<meta name=\"twitter:label1\" content=\"Dur\u00e9e de lecture estim\u00e9e\" \/>\n\t<meta name=\"twitter:data1\" content=\"1 minute\" \/>\n<script type=\"application\/ld+json\" class=\"yoast-schema-graph\">{\"@context\":\"https:\/\/schema.org\",\"@graph\":[{\"@type\":\"WebPage\",\"@id\":\"https:\/\/oroxilia.com\/fr\/contact\/\",\"url\":\"https:\/\/oroxilia.com\/fr\/contact\/\",\"name\":\"Contactez votre int\u00e9grateur de solutions logistiques - Oroxilia\",\"isPartOf\":{\"@id\":\"https:\/\/oroxilia.com\/fr\/#website\"},\"datePublished\":\"2019-09-06T08:12:14+00:00\",\"dateModified\":\"2024-10-24T14:19:40+00:00\",\"description\":\"Vous souhaitez plus d'informations sur les solutions de gestion d'entrep\u00f4ts (WMS), de distribution (TMS), d'\u00e9changes (EDI) ou Last Mile ? Contactez-nous.\",\"breadcrumb\":{\"@id\":\"https:\/\/oroxilia.com\/fr\/contact\/#breadcrumb\"},\"inLanguage\":\"fr-FR\",\"potentialAction\":[{\"@type\":\"ReadAction\",\"target\":[\"https:\/\/oroxilia.com\/fr\/contact\/\"]}]},{\"@type\":\"BreadcrumbList\",\"@id\":\"https:\/\/oroxilia.com\/fr\/contact\/#breadcrumb\",\"itemListElement\":[{\"@type\":\"ListItem\",\"position\":1,\"name\":\"Accueil\",\"item\":\"https:\/\/oroxilia.com\/fr\/\"},{\"@type\":\"ListItem\",\"position\":2,\"name\":\"Contactez-nous\"}]},{\"@type\":\"WebSite\",\"@id\":\"https:\/\/oroxilia.com\/fr\/#website\",\"url\":\"https:\/\/oroxilia.com\/fr\/\",\"name\":\"Oroxilia\",\"description\":\"\",\"potentialAction\":[{\"@type\":\"SearchAction\",\"target\":{\"@type\":\"EntryPoint\",\"urlTemplate\":\"https:\/\/oroxilia.com\/fr\/?s={search_term_string}\"},\"query-input\":{\"@type\":\"PropertyValueSpecification\",\"valueRequired\":true,\"valueName\":\"search_term_string\"}}],\"inLanguage\":\"fr-FR\"}]}<\/script>\n<!-- \/ Yoast SEO plugin. -->","yoast_head_json":{"title":"Contactez votre int\u00e9grateur de solutions logistiques - Oroxilia","description":"Vous souhaitez plus d'informations sur les solutions de gestion d'entrep\u00f4ts (WMS), de distribution (TMS), d'\u00e9changes (EDI) ou Last Mile ? Contactez-nous.","robots":{"index":"index","follow":"follow","max-snippet":"max-snippet:-1","max-image-preview":"max-image-preview:large","max-video-preview":"max-video-preview:-1"},"canonical":"https:\/\/oroxilia.com\/fr\/contact\/","og_locale":"fr_FR","og_type":"article","og_title":"Contactez votre int\u00e9grateur de solutions logistiques - Oroxilia","og_description":"Vous souhaitez plus d'informations sur les solutions de gestion d'entrep\u00f4ts (WMS), de distribution (TMS), d'\u00e9changes (EDI) ou Last Mile ? Contactez-nous.","og_url":"https:\/\/oroxilia.com\/fr\/contact\/","og_site_name":"Oroxilia","article_modified_time":"2024-10-24T14:19:40+00:00","twitter_card":"summary_large_image","twitter_misc":{"Dur\u00e9e de lecture estim\u00e9e":"1 minute"},"schema":{"@context":"https:\/\/schema.org","@graph":[{"@type":"WebPage","@id":"https:\/\/oroxilia.com\/fr\/contact\/","url":"https:\/\/oroxilia.com\/fr\/contact\/","name":"Contactez votre int\u00e9grateur de solutions logistiques - Oroxilia","isPartOf":{"@id":"https:\/\/oroxilia.com\/fr\/#website"},"datePublished":"2019-09-06T08:12:14+00:00","dateModified":"2024-10-24T14:19:40+00:00","description":"Vous souhaitez plus d'informations sur les solutions de gestion d'entrep\u00f4ts (WMS), de distribution (TMS), d'\u00e9changes (EDI) ou Last Mile ? Contactez-nous.","breadcrumb":{"@id":"https:\/\/oroxilia.com\/fr\/contact\/#breadcrumb"},"inLanguage":"fr-FR","potentialAction":[{"@type":"ReadAction","target":["https:\/\/oroxilia.com\/fr\/contact\/"]}]},{"@type":"BreadcrumbList","@id":"https:\/\/oroxilia.com\/fr\/contact\/#breadcrumb","itemListElement":[{"@type":"ListItem","position":1,"name":"Accueil","item":"https:\/\/oroxilia.com\/fr\/"},{"@type":"ListItem","position":2,"name":"Contactez-nous"}]},{"@type":"WebSite","@id":"https:\/\/oroxilia.com\/fr\/#website","url":"https:\/\/oroxilia.com\/fr\/","name":"Oroxilia","description":"","potentialAction":[{"@type":"SearchAction","target":{"@type":"EntryPoint","urlTemplate":"https:\/\/oroxilia.com\/fr\/?s={search_term_string}"},"query-input":{"@type":"PropertyValueSpecification","valueRequired":true,"valueName":"search_term_string"}}],"inLanguage":"fr-FR"}]}},"_links":{"self":[{"href":"https:\/\/oroxilia.com\/fr\/wp-json\/wp\/v2\/pages\/931","targetHints":{"allow":["GET"]}}],"collection":[{"href":"https:\/\/oroxilia.com\/fr\/wp-json\/wp\/v2\/pages"}],"about":[{"href":"https:\/\/oroxilia.com\/fr\/wp-json\/wp\/v2\/types\/page"}],"author":[{"embeddable":true,"href":"https:\/\/oroxilia.com\/fr\/wp-json\/wp\/v2\/users\/1"}],"replies":[{"embeddable":true,"href":"https:\/\/oroxilia.com\/fr\/wp-json\/wp\/v2\/comments?post=931"}],"version-history":[{"count":33,"href":"https:\/\/oroxilia.com\/fr\/wp-json\/wp\/v2\/pages\/931\/revisions"}],"predecessor-version":[{"id":4821,"href":"https:\/\/oroxilia.com\/fr\/wp-json\/wp\/v2\/pages\/931\/revisions\/4821"}],"wp:attachment":[{"href":"https:\/\/oroxilia.com\/fr\/wp-json\/wp\/v2\/media?parent=931"}],"curies":[{"name":"wp","href":"https:\/\/api.w.org\/{rel}","templated":true}]}}