{"id":5194,"date":"2026-03-11T16:24:39","date_gmt":"2026-03-11T15:24:39","guid":{"rendered":"https:\/\/oroxilia.com\/?page_id=5194"},"modified":"2026-03-19T11:50:17","modified_gmt":"2026-03-19T10:50:17","slug":"accompagnement-logistique","status":"publish","type":"page","link":"https:\/\/oroxilia.com\/fr\/accompagnement-logistique\/","title":{"rendered":"Support op\u00e9rationnel de projets logistiques"},"content":{"rendered":"<p>[vc_row][vc_column css=\u00a0\u00bb.vc_custom_1773244672743{padding-top: 20px !important;padding-bottom: 20px !important;}\u00a0\u00bb]<div class='rb_textmodule_69d7b03695184 rb_textmodule with_subtitle align_center'><div class='rb_textmodule_info_wrapper'><div class='rb_textmodule_content_wrapper'><p style=\"text-align: left;\">Oroxilia accompagne les entreprises belges du secteur logistique. <strong>Nous mettons \u00e0 votre disposition des talents imm\u00e9diatement op\u00e9rationnels<\/strong>, capables de renforcer vos \u00e9quipes, d\u2019optimiser vos processus et de s\u00e9curiser vos op\u00e9rations critiques. Que ce soit pour soutenir une phase de transformation, absorber une croissance d\u2019activit\u00e9 ou d\u00e9ployer de nouveaux outils logistiques, nos experts interviennent rapidement et apportent un renfort concret \u00e0 vos \u00e9quipes.<\/p>\n\n<\/div><\/div><\/div>[\/vc_column][\/vc_row][vc_row css=\u00a0\u00bb.vc_custom_1773304549648{padding-top: 20px !important;padding-bottom: 20px !important;}\u00a0\u00bb el_class=\u00a0\u00bbvignette-border\u00a0\u00bb][vc_column width=\u00a0\u00bb1\/3&Prime;][\/vc_column][vc_column width=\u00a0\u00bb1\/3&Prime;][\/vc_column][vc_column width=\u00a0\u00bb1\/3&Prime;][\/vc_column][\/vc_row][vc_row css=\u00a0\u00bb.vc_custom_1773306241800{padding-top: 20px !important;padding-bottom: 20px !important;}\u00a0\u00bb][vc_column]<div class='rb_textmodule_69d7b03695dbd rb_textmodule with_subtitle align_center'><div class='rb_textmodule_info_wrapper'><h2 class='rb_textmodule_title '>Nous proposons deux types d'expertise pour vos projets logistiques<\/h2><\/div><\/div>[\/vc_column][\/vc_row][vc_row][vc_column width=\u00a0\u00bb2\/3&Prime;]<div class='rb_textmodule_69d7b0369600e rb_textmodule with_subtitle'><div class='rb_textmodule_info_wrapper'><h3 class='rb_textmodule_title has_divider'>Management d'int\u00e9rim sur mesure<span class='rb_textmodule_divider'><\/span><\/h3><div class='rb_textmodule_content_wrapper'><p style=\"text-align: left;\">Nous mettons \u00e0 votre disposition des leaders op\u00e9rationnels \u00e0 la hauteur de vos enjeux. Ils interviennent pour <strong>structurer ou renforcer vos organisations op\u00e9rationnelles<\/strong>, en particulier dans des environnements en croissance rapide. Gr\u00e2ce \u00e0 notre exp\u00e9rience terrain, nous pouvons aussi <strong>coacher et accompagner vos managers juniors<\/strong> lors de p\u00e9riodes sensibles ou dans des d\u00e9lais tr\u00e8s courts.<\/p>\n<p style=\"text-align: left;\">Notre objectif : <strong>garantir la continuit\u00e9 de vos op\u00e9rations<\/strong> tout en renfor\u00e7ant durablement les comp\u00e9tences internes.<\/p>\n\n<\/div><\/div><\/div>[\/vc_column][vc_column width=\u00a0\u00bb1\/3&Prime;]<div id='rb_image_69d7b036962de' class='rb_image_module background_no_hover' ><div class=\"main_image\"><img decoding=\"async\" class=\"image\" src=\"https:\/\/oroxilia.com\/wp-content\/uploads\/2021\/02\/entrepot-frigorifique-techniciens-scaled.jpg\" alt=\"Entrep\u00f4t frigorifique contr\u00f4l\u00e9 par deux techniciens\" \/><\/div><\/div>[\/vc_column][\/vc_row][vc_row css=\u00a0\u00bb.vc_custom_1773306585015{padding-top: 20px !important;padding-bottom: 20px !important;}\u00a0\u00bb][vc_column]<div class='rb_textmodule_69d7b03696d02 rb_textmodule with_subtitle align_center'><div class='rb_textmodule_info_wrapper'><div class='rb_textmodule_content_wrapper'><p style=\"text-align: left;\"><strong>Ces profils de managers exp\u00e9riment\u00e9s<\/strong> seront capables de :<\/p>\n\n<\/div><\/div><\/div>[\/vc_column][\/vc_row][vc_row el_class=\u00a0\u00bbvignette-border\u00a0\u00bb][vc_column width=\u00a0\u00bb1\/3&Prime;]<div class='rb_textmodule_69d7b0369702d rb_textmodule with_subtitle align_center'><div class='rb_textmodule_info_wrapper'><div class='rb_textmodule_content_wrapper'><ul>\n<li>Superviser vos op\u00e9rations<\/li>\n<\/ul>\n\n<\/div><\/div><\/div>[\/vc_column][vc_column width=\u00a0\u00bb1\/3&Prime;]<div class='rb_textmodule_69d7b036972bc rb_textmodule with_subtitle align_center'><div class='rb_textmodule_info_wrapper'><div class='rb_textmodule_content_wrapper'><ul>\n<li>Absorber vos pics d\u2019activit\u00e9<\/li>\n<\/ul>\n\n<\/div><\/div><\/div>[\/vc_column][vc_column width=\u00a0\u00bb1\/3&Prime;]<div class='rb_textmodule_69d7b03697523 rb_textmodule with_subtitle align_center'><div class='rb_textmodule_info_wrapper'><div class='rb_textmodule_content_wrapper'><ul>\n<li>\u00a0Piloter des projets sp\u00e9cifiques<\/li>\n<\/ul>\n\n<\/div><\/div><\/div>[\/vc_column][\/vc_row][vc_row css=\u00a0\u00bb.vc_custom_1773306555849{padding-top: 20px !important;padding-bottom: 20px !important;}\u00a0\u00bb][vc_column]<div class='rb_textmodule_69d7b036977a9 rb_textmodule with_subtitle'><div class='rb_textmodule_info_wrapper'><h3 class='rb_textmodule_title has_divider'>Placement de talents logistiques<span class='rb_textmodule_divider'><\/span><\/h3><div class='rb_textmodule_content_wrapper'><p style=\"text-align: left;\">Nous fournissons \u00e9galement \u00e0 nos clients des profils logistiques sp\u00e9cialis\u00e9s, souvent difficiles \u00e0 identifier et \u00e0 attirer sur le march\u00e9 belge. Nous s\u00e9lectionnons pour eux des professionnels de haute qualit\u00e9 pour une courte ou une longue dur\u00e9e, tels que :<\/p>\n<ul>\n<li style=\"text-align: left;\"><strong>Des gestionnaires de stock<\/strong> capables de garantir l&rsquo;exactitude des niveaux de stock et la synchronisation physique\/informatique, afin d&rsquo;\u00e9viter tout \u00e9cart et de s\u00e9curiser la disponibilit\u00e9 des produits pour les commandes clients.<\/li>\n<li style=\"text-align: left;\"><strong>Des ing\u00e9nieurs logistiques<\/strong> experts en optimisation d\u2019entrep\u00f4t capables de r\u00e9aliser des analyses cartographiques et de d\u00e9finir le positionnement optimal des produits, de rationnaliser le footprint et d\u2019am\u00e9liorer la performance des zones de picking comme de stockage. Ils peuvent aussi recommander, selon la typologie de vos commandes et vos volumes, les solutions d\u2019automatisation les plus pertinentes afin d\u2019am\u00e9liorer la performance et la fiabilit\u00e9 de vos op\u00e9rations.<\/li>\n<li style=\"text-align: left;\"><strong>Des sp\u00e9cialistes des inventaires logistiques<\/strong>\u00a0pour vos inventaires annuels ou cycle counts, en mesure de d\u00e9ployer une strat\u00e9gie d\u2019inventaire compl\u00e8te, fiable et durable.<\/li>\n<li style=\"text-align: left;\"><strong>Des responsables en excellence op\u00e9rationnelle<\/strong> sp\u00e9cialis\u00e9s dans le d\u00e9ploiement de d\u00e9marches Lean Logistics, l&rsquo;optimisation des flux et des d\u00e9lais, l\u2019am\u00e9lioration continue de la qualit\u00e9, ainsi que la r\u00e9duction des co\u00fbts li\u00e9s \u00e0 la main\u2011d\u2019\u0153uvre directe et indirecte (MOD\/MOI).<\/li>\n<\/ul>\n\n<\/div><\/div><\/div>[vc_raw_html css=\u00a0\u00bb.vc_custom_1773306673971{padding-top: 30px !important;padding-bottom: 50px !important;}\u00a0\u00bb]JTNDZGl2JTIwaWQlM0QlMjJjdGEtYnJvY2h1cmUlMjIlMjBjbGFzcyUzRCUyMnJiX2Jhbm5lcl9tb2R1bGUlMjBjdXN0b20tYWxpZ24tY2VudGVyJTIyJTNFJTNDYSUyMGhyZWYlM0QlMjIlMkZjb250YWN0JTJGJTIyJTIwY2xhc3MlM0QlMjJyYl9idXR0b24lMjBtZWRpdW0lMjBhcnJvd19mYWRlX291dCUyMiUzRSUzQ3NwYW4lM0UlM0NGT05UJTIwY29sb3IlM0QlMjJ3aGl0ZSUyMiUzRUNvbnRhY3RlciUyME9yb3hpbGlhJTNDJTJGRk9OVCUzRSUzQyUyRnNwYW4lM0UlM0MlMkZhJTNFJTNDJTJGZGl2JTNF[\/vc_raw_html][\/vc_column][\/vc_row]<\/p>\n","protected":false},"excerpt":{"rendered":"<p>[vc_row][vc_column css=\u00a0\u00bb.vc_custom_1773244672743{padding-top: 20px !important;padding-bottom: 20px !important;}\u00a0\u00bb][\/vc_column][\/vc_row][vc_row css=\u00a0\u00bb.vc_custom_1773304549648{padding-top: 20px !important;padding-bottom: 20px !important;}\u00a0\u00bb el_class=\u00a0\u00bbvignette-border\u00a0\u00bb][vc_column width=\u00a0\u00bb1\/3&Prime;][\/vc_column][vc_column width=\u00a0\u00bb1\/3&Prime;][\/vc_column][vc_column width=\u00a0\u00bb1\/3&Prime;][\/vc_column][\/vc_row][vc_row css=\u00a0\u00bb.vc_custom_1773306241800{padding-top: 20px !important;padding-bottom: 20px !important;}\u00a0\u00bb][vc_column][\/vc_column][\/vc_row][vc_row][vc_column width=\u00a0\u00bb2\/3&Prime;][\/vc_column][vc_column width=\u00a0\u00bb1\/3&Prime;][\/vc_column][\/vc_row][vc_row css=\u00a0\u00bb.vc_custom_1773306585015{padding-top: 20px !important;padding-bottom: 20px !important;}\u00a0\u00bb][vc_column][\/vc_column][\/vc_row][vc_row el_class=\u00a0\u00bbvignette-border\u00a0\u00bb][vc_column width=\u00a0\u00bb1\/3&Prime;][\/vc_column][vc_column width=\u00a0\u00bb1\/3&Prime;][\/vc_column][vc_column width=\u00a0\u00bb1\/3&Prime;][\/vc_column][\/vc_row][vc_row css=\u00a0\u00bb.vc_custom_1773306555849{padding-top: 20px !important;padding-bottom: 20px !important;}\u00a0\u00bb][vc_column][vc_raw_html css=\u00a0\u00bb.vc_custom_1773306673971{padding-top: 30px !important;padding-bottom: 50px !important;}\u00a0\u00bb]JTNDZGl2JTIwaWQlM0QlMjJjdGEtYnJvY2h1cmUlMjIlMjBjbGFzcyUzRCUyMnJiX2Jhbm5lcl9tb2R1bGUlMjBjdXN0b20tYWxpZ24tY2VudGVyJTIyJTNFJTNDYSUyMGhyZWYlM0QlMjIlMkZjb250YWN0JTJGJTIyJTIwY2xhc3MlM0QlMjJyYl9idXR0b24lMjBtZWRpdW0lMjBhcnJvd19mYWRlX291dCUyMiUzRSUzQ3NwYW4lM0UlM0NGT05UJTIwY29sb3IlM0QlMjJ3aGl0ZSUyMiUzRUNvbnRhY3RlciUyME9yb3hpbGlhJTNDJTJGRk9OVCUzRSUzQyUyRnNwYW4lM0UlM0MlMkZhJTNFJTNDJTJGZGl2JTNF[\/vc_raw_html][\/vc_column][\/vc_row]<\/p>\n","protected":false},"author":3,"featured_media":0,"parent":0,"menu_order":0,"comment_status":"closed","ping_status":"closed","template":"","meta":{"footnotes":""},"class_list":["post-5194","page","type-page","status-publish","hentry"],"yoast_head":"<!-- This site is optimized with the Yoast SEO plugin v25.9 - https:\/\/yoast.com\/wordpress\/plugins\/seo\/ -->\n<title>Accompagnement de projets logistiques - Oroxilia<\/title>\n<meta name=\"description\" content=\"Oroxilia dispose des ressources AS400\/iSeries dont votre entreprise a besoin. \u00c9quipe de support fiable et exp\u00e9riment\u00e9e.\" \/>\n<meta name=\"robots\" content=\"index, follow, max-snippet:-1, max-image-preview:large, max-video-preview:-1\" \/>\n<link rel=\"canonical\" href=\"https:\/\/oroxilia.com\/fr\/accompagnement-logistique\/\" \/>\n<meta property=\"og:locale\" content=\"fr_FR\" \/>\n<meta property=\"og:type\" content=\"article\" \/>\n<meta property=\"og:title\" content=\"Accompagnement de projets logistiques - Oroxilia\" \/>\n<meta property=\"og:description\" content=\"Oroxilia dispose des ressources AS400\/iSeries dont votre entreprise a besoin. \u00c9quipe de support fiable et exp\u00e9riment\u00e9e.\" \/>\n<meta property=\"og:url\" content=\"https:\/\/oroxilia.com\/fr\/accompagnement-logistique\/\" \/>\n<meta property=\"og:site_name\" content=\"Oroxilia\" \/>\n<meta property=\"article:modified_time\" content=\"2026-03-19T10:50:17+00:00\" \/>\n<meta name=\"twitter:card\" content=\"summary_large_image\" \/>\n<meta name=\"twitter:label1\" content=\"Dur\u00e9e de lecture estim\u00e9e\" \/>\n\t<meta name=\"twitter:data1\" content=\"3 minutes\" \/>\n<script type=\"application\/ld+json\" class=\"yoast-schema-graph\">{\"@context\":\"https:\/\/schema.org\",\"@graph\":[{\"@type\":\"WebPage\",\"@id\":\"https:\/\/oroxilia.com\/fr\/accompagnement-logistique\/\",\"url\":\"https:\/\/oroxilia.com\/fr\/accompagnement-logistique\/\",\"name\":\"Accompagnement de projets logistiques - Oroxilia\",\"isPartOf\":{\"@id\":\"https:\/\/oroxilia.com\/fr\/#website\"},\"datePublished\":\"2026-03-11T15:24:39+00:00\",\"dateModified\":\"2026-03-19T10:50:17+00:00\",\"description\":\"Oroxilia dispose des ressources AS400\/iSeries dont votre entreprise a besoin. \u00c9quipe de support fiable et exp\u00e9riment\u00e9e.\",\"breadcrumb\":{\"@id\":\"https:\/\/oroxilia.com\/fr\/accompagnement-logistique\/#breadcrumb\"},\"inLanguage\":\"fr-FR\",\"potentialAction\":[{\"@type\":\"ReadAction\",\"target\":[\"https:\/\/oroxilia.com\/fr\/accompagnement-logistique\/\"]}]},{\"@type\":\"BreadcrumbList\",\"@id\":\"https:\/\/oroxilia.com\/fr\/accompagnement-logistique\/#breadcrumb\",\"itemListElement\":[{\"@type\":\"ListItem\",\"position\":1,\"name\":\"Accueil\",\"item\":\"https:\/\/oroxilia.com\/fr\/\"},{\"@type\":\"ListItem\",\"position\":2,\"name\":\"Support op\u00e9rationnel de projets logistiques\"}]},{\"@type\":\"WebSite\",\"@id\":\"https:\/\/oroxilia.com\/fr\/#website\",\"url\":\"https:\/\/oroxilia.com\/fr\/\",\"name\":\"Oroxilia\",\"description\":\"\",\"potentialAction\":[{\"@type\":\"SearchAction\",\"target\":{\"@type\":\"EntryPoint\",\"urlTemplate\":\"https:\/\/oroxilia.com\/fr\/?s={search_term_string}\"},\"query-input\":{\"@type\":\"PropertyValueSpecification\",\"valueRequired\":true,\"valueName\":\"search_term_string\"}}],\"inLanguage\":\"fr-FR\"}]}<\/script>\n<!-- \/ Yoast SEO plugin. -->","yoast_head_json":{"title":"Accompagnement de projets logistiques - Oroxilia","description":"Oroxilia dispose des ressources AS400\/iSeries dont votre entreprise a besoin. \u00c9quipe de support fiable et exp\u00e9riment\u00e9e.","robots":{"index":"index","follow":"follow","max-snippet":"max-snippet:-1","max-image-preview":"max-image-preview:large","max-video-preview":"max-video-preview:-1"},"canonical":"https:\/\/oroxilia.com\/fr\/accompagnement-logistique\/","og_locale":"fr_FR","og_type":"article","og_title":"Accompagnement de projets logistiques - Oroxilia","og_description":"Oroxilia dispose des ressources AS400\/iSeries dont votre entreprise a besoin. \u00c9quipe de support fiable et exp\u00e9riment\u00e9e.","og_url":"https:\/\/oroxilia.com\/fr\/accompagnement-logistique\/","og_site_name":"Oroxilia","article_modified_time":"2026-03-19T10:50:17+00:00","twitter_card":"summary_large_image","twitter_misc":{"Dur\u00e9e de lecture estim\u00e9e":"3 minutes"},"schema":{"@context":"https:\/\/schema.org","@graph":[{"@type":"WebPage","@id":"https:\/\/oroxilia.com\/fr\/accompagnement-logistique\/","url":"https:\/\/oroxilia.com\/fr\/accompagnement-logistique\/","name":"Accompagnement de projets logistiques - Oroxilia","isPartOf":{"@id":"https:\/\/oroxilia.com\/fr\/#website"},"datePublished":"2026-03-11T15:24:39+00:00","dateModified":"2026-03-19T10:50:17+00:00","description":"Oroxilia dispose des ressources AS400\/iSeries dont votre entreprise a besoin. \u00c9quipe de support fiable et exp\u00e9riment\u00e9e.","breadcrumb":{"@id":"https:\/\/oroxilia.com\/fr\/accompagnement-logistique\/#breadcrumb"},"inLanguage":"fr-FR","potentialAction":[{"@type":"ReadAction","target":["https:\/\/oroxilia.com\/fr\/accompagnement-logistique\/"]}]},{"@type":"BreadcrumbList","@id":"https:\/\/oroxilia.com\/fr\/accompagnement-logistique\/#breadcrumb","itemListElement":[{"@type":"ListItem","position":1,"name":"Accueil","item":"https:\/\/oroxilia.com\/fr\/"},{"@type":"ListItem","position":2,"name":"Support op\u00e9rationnel de projets logistiques"}]},{"@type":"WebSite","@id":"https:\/\/oroxilia.com\/fr\/#website","url":"https:\/\/oroxilia.com\/fr\/","name":"Oroxilia","description":"","potentialAction":[{"@type":"SearchAction","target":{"@type":"EntryPoint","urlTemplate":"https:\/\/oroxilia.com\/fr\/?s={search_term_string}"},"query-input":{"@type":"PropertyValueSpecification","valueRequired":true,"valueName":"search_term_string"}}],"inLanguage":"fr-FR"}]}},"_links":{"self":[{"href":"https:\/\/oroxilia.com\/fr\/wp-json\/wp\/v2\/pages\/5194","targetHints":{"allow":["GET"]}}],"collection":[{"href":"https:\/\/oroxilia.com\/fr\/wp-json\/wp\/v2\/pages"}],"about":[{"href":"https:\/\/oroxilia.com\/fr\/wp-json\/wp\/v2\/types\/page"}],"author":[{"embeddable":true,"href":"https:\/\/oroxilia.com\/fr\/wp-json\/wp\/v2\/users\/3"}],"replies":[{"embeddable":true,"href":"https:\/\/oroxilia.com\/fr\/wp-json\/wp\/v2\/comments?post=5194"}],"version-history":[{"count":31,"href":"https:\/\/oroxilia.com\/fr\/wp-json\/wp\/v2\/pages\/5194\/revisions"}],"predecessor-version":[{"id":5260,"href":"https:\/\/oroxilia.com\/fr\/wp-json\/wp\/v2\/pages\/5194\/revisions\/5260"}],"wp:attachment":[{"href":"https:\/\/oroxilia.com\/fr\/wp-json\/wp\/v2\/media?parent=5194"}],"curies":[{"name":"wp","href":"https:\/\/api.w.org\/{rel}","templated":true}]}}