{"id":4868,"date":"2025-02-11T15:55:12","date_gmt":"2025-02-11T14:55:12","guid":{"rendered":"https:\/\/oroxilia.com\/?page_id=4868"},"modified":"2025-02-11T16:12:18","modified_gmt":"2025-02-11T15:12:18","slug":"solution-dintegration-edi","status":"publish","type":"page","link":"https:\/\/oroxilia.com\/fr\/solution-dintegration-edi\/","title":{"rendered":"Int\u00e9grateur de BABELWAY, pour la gestion des \u00e9changes EDI"},"content":{"rendered":"<p>[vc_row css=\u00a0\u00bb.vc_custom_1589904532189{margin-top: 20px !important;padding-bottom: 20px !important;}\u00a0\u00bb][vc_column]<div class='rb_textmodule_69e39c4abdf84 rb_textmodule with_subtitle align_center'><div class='rb_textmodule_info_wrapper'><div class='rb_textmodule_content_wrapper'><p>Pour la gestion de vos commandes et exp\u00e9ditions, Oroxilia dispose dans son portefeuille de partenaires d&rsquo;une solution logistique qui r\u00e9pond \u00e0 vos besoins en termes d\u2019<strong>\u00e9change de donn\u00e9es \u00e9lectroniques<\/strong>. Cette solution, c\u2019est Babelway.<\/p>\n<\/div><\/div><\/div><div id='rb_image_69e39c4abeb02' class='rb_image_module background_no_hover' ><div class=\"main_image\"><img decoding=\"async\" class=\"image\" src=\"https:\/\/oroxilia.com\/wp-content\/uploads\/2020\/04\/logo-babelway-color.jpg\" alt=\"Babelway, solution EDI\" \/><\/div><\/div>[\/vc_column][\/vc_row][vc_row css=\u00a0\u00bb.vc_custom_1589904396213{margin-bottom: 90px !important;}\u00a0\u00bb][vc_column]<div class='rb_textmodule_69e39c4abee54 rb_textmodule with_subtitle align_center'><div class='rb_textmodule_info_wrapper'><h2 class='rb_textmodule_title has_divider'>Babelway, la solution EDI (Echange de Donn\u00e9es Interentreprises) pour votre entreprise<span class='rb_textmodule_divider'><\/span><\/h2><div class='rb_textmodule_content_wrapper'><p>Babelway est une plateforme unique d\u2019<strong>automatisation de flux de documents<\/strong>. Ce logiciel permet de traiter avec tous les formats de documents de vos partenaires, de vos syst\u00e8mes existants ou futurs.<\/p>\n<\/div><\/div><\/div>[\/vc_column][\/vc_row][vc_row][vc_column]<div class='rb_textmodule_69e39c4abf0fb rb_textmodule with_subtitle align_center'><div class='rb_textmodule_info_wrapper'><h2 class='rb_textmodule_title has_divider'>Les forces du logiciel Babelway<span class='rb_textmodule_divider'><\/span><\/h2><\/div><\/div>[\/vc_column][\/vc_row][vc_row css=\u00a0\u00bb.vc_custom_1589904411245{margin-bottom: 90px !important;}\u00a0\u00bb][vc_column][vc_row_inner equal_height=\u00a0\u00bbyes\u00a0\u00bb][vc_column_inner el_class=\u00a0\u00bbvignette-border\u00a0\u00bb width=\u00a0\u00bb1\/4&Prime;]<div class='rb_textmodule_69e39c4abf29e rb_textmodule with_icon align_center'><div class='rb_textmodule_icon shape_square'><i class='fas fa-tools'><\/i><\/div><div class='rb_textmodule_info_wrapper'><h3 class='rb_textmodule_title '>Outil complet<\/h3><div class='rb_textmodule_content_wrapper'><p>Babelway est capable de transformer les donn\u00e9es de et vers tous les formats.<\/p>\n<\/div><\/div><\/div>[\/vc_column_inner][vc_column_inner el_class=\u00a0\u00bbvignette-border\u00a0\u00bb width=\u00a0\u00bb1\/4&Prime;]<div class='rb_textmodule_69e39c4abf4c4 rb_textmodule with_icon align_center'><div class='rb_textmodule_icon shape_square'><i class='fas fa-server'><\/i><\/div><div class='rb_textmodule_info_wrapper'><h3 class='rb_textmodule_title '>Gestion de donn\u00e9es<\/h3><div class='rb_textmodule_content_wrapper'><p>Appliquer toute op\u00e9ration ou logique \u00e0 vos donn\u00e9es pour r\u00e9soudre tous les d\u00e9fis d&rsquo;int\u00e9gration, ou choisir parmi des centaines d&rsquo;acc\u00e8s de formules pr\u00e9d\u00e9finies pour manipuler des donn\u00e9es chaque fois que n\u00e9cessaire.<\/p>\n<\/div><\/div><\/div>[\/vc_column_inner][vc_column_inner el_class=\u00a0\u00bbvignette-border\u00a0\u00bb width=\u00a0\u00bb1\/4&Prime;]<div class='rb_textmodule_69e39c4abf6cd rb_textmodule with_icon align_center'><div class='rb_textmodule_icon shape_square'><i class='far fa-thumbs-up'><\/i><\/div><div class='rb_textmodule_info_wrapper'><h3 class='rb_textmodule_title '>Praticit\u00e9<\/h3><div class='rb_textmodule_content_wrapper'><p>Utiliser des tables de consultation pour remplacer dynamiquement des donn\u00e9es.<\/p>\n\n<\/div><\/div><\/div>[\/vc_column_inner][vc_column_inner el_class=\u00a0\u00bbvignette-border\u00a0\u00bb width=\u00a0\u00bb1\/4&Prime;]<div class='rb_textmodule_69e39c4abf91b rb_textmodule with_icon align_center'><div class='rb_textmodule_icon shape_square'><i class='fas fa-eye'><\/i><\/div><div class='rb_textmodule_info_wrapper'><h3 class='rb_textmodule_title '>Visibilit\u00e9<\/h3><div class='rb_textmodule_content_wrapper'><p>Donner de la visibilit\u00e9 aux utilisateurs internes ou partenaires externes chaque fois que n\u00e9cessaire.<\/p>\n<\/div><\/div><\/div>[\/vc_column_inner][\/vc_row_inner][vc_row_inner equal_height=\u00a0\u00bbyes\u00a0\u00bb][vc_column_inner el_class=\u00a0\u00bbvignette-border\u00a0\u00bb width=\u00a0\u00bb1\/4&Prime;]<div class='rb_textmodule_69e39c4abfb34 rb_textmodule with_icon align_center'><div class='rb_textmodule_icon shape_square'><i class='fas fa-user-check'><\/i><\/div><div class='rb_textmodule_info_wrapper'><h3 class='rb_textmodule_title '>Simplicit\u00e9<\/h3><div class='rb_textmodule_content_wrapper'><p>Construire une structure de documents imm\u00e9diatement en t\u00e9l\u00e9chargeant simplement un \u00e9chantillon de documents.<\/p>\n<\/div><\/div><\/div>[\/vc_column_inner][vc_column_inner el_class=\u00a0\u00bbvignette-border\u00a0\u00bb width=\u00a0\u00bb1\/4&Prime;]<div class='rb_textmodule_69e39c4abfd54 rb_textmodule with_icon align_center'><div class='rb_textmodule_icon shape_square'><i class='fas fa-spell-check'><\/i><\/div><div class='rb_textmodule_info_wrapper'><h3 class='rb_textmodule_title '>Validation des donn\u00e9es<\/h3><div class='rb_textmodule_content_wrapper'><p>D\u00e9finir des r\u00e8gles de validation des donn\u00e9es.<\/p>\n<\/div><\/div><\/div>[\/vc_column_inner][vc_column_inner el_class=\u00a0\u00bbvignette-border\u00a0\u00bb width=\u00a0\u00bb1\/4&Prime;]<div class='rb_textmodule_69e39c4abff6d rb_textmodule with_icon align_center'><div class='rb_textmodule_icon shape_square'><i class='fas fa-clipboard-list'><\/i><\/div><div class='rb_textmodule_info_wrapper'><h3 class='rb_textmodule_title '>Contr\u00f4le<\/h3><div class='rb_textmodule_content_wrapper'><p>Obtenir une visibilit\u00e9 et un contr\u00f4le sur vos \u00e9changes B2B, g\u00e9n\u00e9rer des rapports.<\/p>\n<\/div><\/div><\/div>[\/vc_column_inner][vc_column_inner el_class=\u00a0\u00bbvignette-border\u00a0\u00bb width=\u00a0\u00bb1\/4&Prime;]<div class='rb_textmodule_69e39c4ac019d rb_textmodule with_icon align_center'><div class='rb_textmodule_icon shape_square'><i class='fas fa-folder'><\/i><\/div><div class='rb_textmodule_info_wrapper'><h3 class='rb_textmodule_title '>Archive<\/h3><div class='rb_textmodule_content_wrapper'><p>Archiver en toute s\u00e9curit\u00e9 : tous les documents sont stock\u00e9s avec un maximum de s\u00e9curit\u00e9.<\/p>\n<\/div><\/div><\/div>[\/vc_column_inner][\/vc_row_inner][\/vc_column][\/vc_row][vc_row css=\u00a0\u00bb.vc_custom_1589904462776{margin-bottom: 90px !important;}\u00a0\u00bb][vc_column]<div class='rb_textmodule_69e39c4ac03bf rb_textmodule with_subtitle align_center'><div class='rb_textmodule_info_wrapper'><h2 class='rb_textmodule_title has_divider'>Babelway et Oroxilia, ensemble pour une gestion simple et fiable de vos \u00e9changes EDI<span class='rb_textmodule_divider'><\/span><\/h2><\/div><\/div><div class='rb_textmodule_69e39c4ac0568 rb_textmodule with_subtitle align_center'><div class='rb_textmodule_info_wrapper'><h3 class='rb_textmodule_title '>Connexion simplifi\u00e9e entre vous, vos fournisseurs et vos clients<\/h3><div class='rb_textmodule_content_wrapper'><p>Oroxilia installe la solution logistique adapt\u00e9e \u00e0 votre entreprise, \u00e0 sa taille et \u00e0 ses besoins. Avec Babelway, nous vous permettons d\u2019<strong>automatiser le traitement des informations<\/strong> et de <strong>connecter les solutions<\/strong> de votre syst\u00e8me entre elles et avec vos clients et fournisseurs.<\/p>\n<\/div><\/div><\/div><div class='rb_textmodule_69e39c4ac07b9 rb_textmodule with_subtitle align_center'><div class='rb_textmodule_info_wrapper'><h3 class='rb_textmodule_title '>Des partenaires fiables et exp\u00e9riment\u00e9s<\/h3><div class='rb_textmodule_content_wrapper'><p>Fort de son exp\u00e9rience dans l\u2019EDI, <strong>Babelway <\/strong>aide au quotidien les entreprises dans leurs collaborations B2B. Le logiciel traite actuellement <strong>des dizaines de millions de documents pour des milliers de soci\u00e9t\u00e9s<\/strong>.<\/p>\n<p>Oroxilia a l&rsquo;expertise de l\u2019int\u00e9gration de solutions informatiques destin\u00e9es \u00e0 la logistique (WMS, TMS, EDI et \u00ab\u00a0Last Mile\u00a0\u00bb). En tant que \u00ab\u00a0pure player\u00a0\u00bb (l&rsquo;int\u00e9gration IT pour la logistique est notre seul m\u00e9tier), sa connaissance approfondie des solutions partenaires permet une op\u00e9rationnalisation rapide et fiable de vos projets d&rsquo;automatisation de logistique.<\/p>\n<\/div><\/div><\/div>[vc_raw_html]JTNDZGl2JTIwaWQlM0QlMjJjdGEtYnJvY2h1cmUlMjIlMjBjbGFzcyUzRCUyMnJiX2Jhbm5lcl9tb2R1bGUlMjBidXR0b25fZmxvYXRlZCUyMGFsaWduX2xlZnQlMjIlM0UlM0NkaXYlMjBjbGFzcyUzRCUyMmNvbHVtbjJvbjMlMjIlM0UlM0NhJTIwaHJlZiUzRCUyMiUyRmNvbnRhY3QlM0ZkZW1vJTNEZWRpJTIyJTIwY2xhc3MlM0QlMjJyYl9idXR0b24lMjBtZWRpdW0lMjBhcnJvd19mYWRlX291dCUyMiUzRSUzQ3NwYW4lM0UlM0NGT05UJTIwY29sb3IlM0QlMjJ3aGl0ZSUyMiUzRURlbWFuZGUlMjBkZSUyMGQlQzMlQTltbyUzQyUyRkZPTlQlM0UlM0MlMkZzcGFuJTNFJTNDJTJGYSUzRSUzQyUyRmRpdiUzRSUzQ2RpdiUyMGNsYXNzJTNEJTIyY29sdW1uMW9uMyUyMiUzRSUzQ2ElMjBocmVmJTNEJTIyaHR0cHMlM0ElMkYlMkZ3d3cuYmFiZWx3YXkuY29tJTJGJTIyJTIwY2xhc3MlM0QlMjJyYl9idXR0b24lMjBtZWRpdW0lMjBhcnJvd19mYWRlX291dCUyMiUyMHRhcmdldCUzRCUyMl9ibGFuayUyMiUyMHJlbCUzRCUyMm5vb3BlbmVyJTIwbm9yZWZlcnJlciUyMG5vZm9sbG93JTIyJTNFJTNDc3BhbiUzRSUzQ0ZPTlQlMjBjb2xvciUzRCUyMndoaXRlJTIyJTNFTGUlMjBzaXRlJTIwZGUlMjBCYWJlbHdheSUzQyUyRkZPTlQlM0UlM0MlMkZzcGFuJTNFJTNDJTJGYSUzRSUzQyUyRmRpdiUzRSUzQyUyRmRpdiUzRQ==[\/vc_raw_html][\/vc_column][\/vc_row]<\/p>\n","protected":false},"excerpt":{"rendered":"<p>[vc_row css=\u00a0\u00bb.vc_custom_1589904532189{margin-top: 20px !important;padding-bottom: 20px !important;}\u00a0\u00bb][vc_column][\/vc_column][\/vc_row][vc_row css=\u00a0\u00bb.vc_custom_1589904396213{margin-bottom: 90px !important;}\u00a0\u00bb][vc_column][\/vc_column][\/vc_row][vc_row][vc_column][\/vc_column][\/vc_row][vc_row css=\u00a0\u00bb.vc_custom_1589904411245{margin-bottom: 90px !important;}\u00a0\u00bb][vc_column][vc_row_inner equal_height=\u00a0\u00bbyes\u00a0\u00bb][vc_column_inner el_class=\u00a0\u00bbvignette-border\u00a0\u00bb width=\u00a0\u00bb1\/4&Prime;][\/vc_column_inner][vc_column_inner el_class=\u00a0\u00bbvignette-border\u00a0\u00bb width=\u00a0\u00bb1\/4&Prime;][\/vc_column_inner][vc_column_inner el_class=\u00a0\u00bbvignette-border\u00a0\u00bb width=\u00a0\u00bb1\/4&Prime;][\/vc_column_inner][vc_column_inner el_class=\u00a0\u00bbvignette-border\u00a0\u00bb width=\u00a0\u00bb1\/4&Prime;][\/vc_column_inner][\/vc_row_inner][vc_row_inner equal_height=\u00a0\u00bbyes\u00a0\u00bb][vc_column_inner el_class=\u00a0\u00bbvignette-border\u00a0\u00bb width=\u00a0\u00bb1\/4&Prime;][\/vc_column_inner][vc_column_inner el_class=\u00a0\u00bbvignette-border\u00a0\u00bb width=\u00a0\u00bb1\/4&Prime;][\/vc_column_inner][vc_column_inner el_class=\u00a0\u00bbvignette-border\u00a0\u00bb width=\u00a0\u00bb1\/4&Prime;][\/vc_column_inner][vc_column_inner el_class=\u00a0\u00bbvignette-border\u00a0\u00bb width=\u00a0\u00bb1\/4&Prime;][\/vc_column_inner][\/vc_row_inner][\/vc_column][\/vc_row][vc_row css=\u00a0\u00bb.vc_custom_1589904462776{margin-bottom: 90px !important;}\u00a0\u00bb][vc_column][vc_raw_html]JTNDZGl2JTIwaWQlM0QlMjJjdGEtYnJvY2h1cmUlMjIlMjBjbGFzcyUzRCUyMnJiX2Jhbm5lcl9tb2R1bGUlMjBidXR0b25fZmxvYXRlZCUyMGFsaWduX2xlZnQlMjIlM0UlM0NkaXYlMjBjbGFzcyUzRCUyMmNvbHVtbjJvbjMlMjIlM0UlM0NhJTIwaHJlZiUzRCUyMiUyRmNvbnRhY3QlM0ZkZW1vJTNEZWRpJTIyJTIwY2xhc3MlM0QlMjJyYl9idXR0b24lMjBtZWRpdW0lMjBhcnJvd19mYWRlX291dCUyMiUzRSUzQ3NwYW4lM0UlM0NGT05UJTIwY29sb3IlM0QlMjJ3aGl0ZSUyMiUzRURlbWFuZGUlMjBkZSUyMGQlQzMlQTltbyUzQyUyRkZPTlQlM0UlM0MlMkZzcGFuJTNFJTNDJTJGYSUzRSUzQyUyRmRpdiUzRSUzQ2RpdiUyMGNsYXNzJTNEJTIyY29sdW1uMW9uMyUyMiUzRSUzQ2ElMjBocmVmJTNEJTIyaHR0cHMlM0ElMkYlMkZ3d3cuYmFiZWx3YXkuY29tJTJGJTIyJTIwY2xhc3MlM0QlMjJyYl9idXR0b24lMjBtZWRpdW0lMjBhcnJvd19mYWRlX291dCUyMiUyMHRhcmdldCUzRCUyMl9ibGFuayUyMiUyMHJlbCUzRCUyMm5vb3BlbmVyJTIwbm9yZWZlcnJlciUyMG5vZm9sbG93JTIyJTNFJTNDc3BhbiUzRSUzQ0ZPTlQlMjBjb2xvciUzRCUyMndoaXRlJTIyJTNFTGUlMjBzaXRlJTIwZGUlMjBCYWJlbHdheSUzQyUyRkZPTlQlM0UlM0MlMkZzcGFuJTNFJTNDJTJGYSUzRSUzQyUyRmRpdiUzRSUzQyUyRmRpdiUzRQ==[\/vc_raw_html][\/vc_column][\/vc_row]<\/p>\n","protected":false},"author":1,"featured_media":0,"parent":0,"menu_order":0,"comment_status":"closed","ping_status":"closed","template":"","meta":{"footnotes":""},"class_list":["post-4868","page","type-page","status-publish","hentry"],"yoast_head":"<!-- This site is optimized with the Yoast SEO plugin v25.9 - https:\/\/yoast.com\/wordpress\/plugins\/seo\/ -->\n<title>Int\u00e9grateur de BABELWAY, pour la gestion des \u00e9changes EDI - Oroxilia<\/title>\n<meta name=\"description\" content=\"G\u00e9rez vos commandes et exp\u00e9ditions d&#039;une main de ma\u00eetre gr\u00e2ce \u00e0 Babelway, une solution de gestion install\u00e9e par Oroxilia au sein de votre entreprise.\" \/>\n<meta name=\"robots\" content=\"index, follow, max-snippet:-1, max-image-preview:large, max-video-preview:-1\" \/>\n<link rel=\"canonical\" href=\"https:\/\/oroxilia.com\/fr\/solution-dintegration-edi\/\" \/>\n<meta property=\"og:locale\" content=\"fr_FR\" \/>\n<meta property=\"og:type\" content=\"article\" \/>\n<meta property=\"og:title\" content=\"Int\u00e9grateur de BABELWAY, pour la gestion des \u00e9changes EDI - Oroxilia\" \/>\n<meta property=\"og:description\" content=\"G\u00e9rez vos commandes et exp\u00e9ditions d&#039;une main de ma\u00eetre gr\u00e2ce \u00e0 Babelway, une solution de gestion install\u00e9e par Oroxilia au sein de votre entreprise.\" \/>\n<meta property=\"og:url\" content=\"https:\/\/oroxilia.com\/fr\/solution-dintegration-edi\/\" \/>\n<meta property=\"og:site_name\" content=\"Oroxilia\" \/>\n<meta property=\"article:modified_time\" content=\"2025-02-11T15:12:18+00:00\" \/>\n<meta name=\"twitter:card\" content=\"summary_large_image\" \/>\n<meta name=\"twitter:label1\" content=\"Dur\u00e9e de lecture estim\u00e9e\" \/>\n\t<meta name=\"twitter:data1\" content=\"4 minutes\" \/>\n<script type=\"application\/ld+json\" class=\"yoast-schema-graph\">{\"@context\":\"https:\/\/schema.org\",\"@graph\":[{\"@type\":\"WebPage\",\"@id\":\"https:\/\/oroxilia.com\/fr\/solution-dintegration-edi\/\",\"url\":\"https:\/\/oroxilia.com\/fr\/solution-dintegration-edi\/\",\"name\":\"Int\u00e9grateur de BABELWAY, pour la gestion des \u00e9changes EDI - Oroxilia\",\"isPartOf\":{\"@id\":\"https:\/\/oroxilia.com\/fr\/#website\"},\"datePublished\":\"2025-02-11T14:55:12+00:00\",\"dateModified\":\"2025-02-11T15:12:18+00:00\",\"description\":\"G\u00e9rez vos commandes et exp\u00e9ditions d'une main de ma\u00eetre gr\u00e2ce \u00e0 Babelway, une solution de gestion install\u00e9e par Oroxilia au sein de votre entreprise.\",\"breadcrumb\":{\"@id\":\"https:\/\/oroxilia.com\/fr\/solution-dintegration-edi\/#breadcrumb\"},\"inLanguage\":\"fr-FR\",\"potentialAction\":[{\"@type\":\"ReadAction\",\"target\":[\"https:\/\/oroxilia.com\/fr\/solution-dintegration-edi\/\"]}]},{\"@type\":\"BreadcrumbList\",\"@id\":\"https:\/\/oroxilia.com\/fr\/solution-dintegration-edi\/#breadcrumb\",\"itemListElement\":[{\"@type\":\"ListItem\",\"position\":1,\"name\":\"Accueil\",\"item\":\"https:\/\/oroxilia.com\/fr\/\"},{\"@type\":\"ListItem\",\"position\":2,\"name\":\"Int\u00e9grateur de BABELWAY, pour la gestion des \u00e9changes EDI\"}]},{\"@type\":\"WebSite\",\"@id\":\"https:\/\/oroxilia.com\/fr\/#website\",\"url\":\"https:\/\/oroxilia.com\/fr\/\",\"name\":\"Oroxilia\",\"description\":\"\",\"potentialAction\":[{\"@type\":\"SearchAction\",\"target\":{\"@type\":\"EntryPoint\",\"urlTemplate\":\"https:\/\/oroxilia.com\/fr\/?s={search_term_string}\"},\"query-input\":{\"@type\":\"PropertyValueSpecification\",\"valueRequired\":true,\"valueName\":\"search_term_string\"}}],\"inLanguage\":\"fr-FR\"}]}<\/script>\n<!-- \/ Yoast SEO plugin. -->","yoast_head_json":{"title":"Int\u00e9grateur de BABELWAY, pour la gestion des \u00e9changes EDI - Oroxilia","description":"G\u00e9rez vos commandes et exp\u00e9ditions d'une main de ma\u00eetre gr\u00e2ce \u00e0 Babelway, une solution de gestion install\u00e9e par Oroxilia au sein de votre entreprise.","robots":{"index":"index","follow":"follow","max-snippet":"max-snippet:-1","max-image-preview":"max-image-preview:large","max-video-preview":"max-video-preview:-1"},"canonical":"https:\/\/oroxilia.com\/fr\/solution-dintegration-edi\/","og_locale":"fr_FR","og_type":"article","og_title":"Int\u00e9grateur de BABELWAY, pour la gestion des \u00e9changes EDI - Oroxilia","og_description":"G\u00e9rez vos commandes et exp\u00e9ditions d'une main de ma\u00eetre gr\u00e2ce \u00e0 Babelway, une solution de gestion install\u00e9e par Oroxilia au sein de votre entreprise.","og_url":"https:\/\/oroxilia.com\/fr\/solution-dintegration-edi\/","og_site_name":"Oroxilia","article_modified_time":"2025-02-11T15:12:18+00:00","twitter_card":"summary_large_image","twitter_misc":{"Dur\u00e9e de lecture estim\u00e9e":"4 minutes"},"schema":{"@context":"https:\/\/schema.org","@graph":[{"@type":"WebPage","@id":"https:\/\/oroxilia.com\/fr\/solution-dintegration-edi\/","url":"https:\/\/oroxilia.com\/fr\/solution-dintegration-edi\/","name":"Int\u00e9grateur de BABELWAY, pour la gestion des \u00e9changes EDI - Oroxilia","isPartOf":{"@id":"https:\/\/oroxilia.com\/fr\/#website"},"datePublished":"2025-02-11T14:55:12+00:00","dateModified":"2025-02-11T15:12:18+00:00","description":"G\u00e9rez vos commandes et exp\u00e9ditions d'une main de ma\u00eetre gr\u00e2ce \u00e0 Babelway, une solution de gestion install\u00e9e par Oroxilia au sein de votre entreprise.","breadcrumb":{"@id":"https:\/\/oroxilia.com\/fr\/solution-dintegration-edi\/#breadcrumb"},"inLanguage":"fr-FR","potentialAction":[{"@type":"ReadAction","target":["https:\/\/oroxilia.com\/fr\/solution-dintegration-edi\/"]}]},{"@type":"BreadcrumbList","@id":"https:\/\/oroxilia.com\/fr\/solution-dintegration-edi\/#breadcrumb","itemListElement":[{"@type":"ListItem","position":1,"name":"Accueil","item":"https:\/\/oroxilia.com\/fr\/"},{"@type":"ListItem","position":2,"name":"Int\u00e9grateur de BABELWAY, pour la gestion des \u00e9changes EDI"}]},{"@type":"WebSite","@id":"https:\/\/oroxilia.com\/fr\/#website","url":"https:\/\/oroxilia.com\/fr\/","name":"Oroxilia","description":"","potentialAction":[{"@type":"SearchAction","target":{"@type":"EntryPoint","urlTemplate":"https:\/\/oroxilia.com\/fr\/?s={search_term_string}"},"query-input":{"@type":"PropertyValueSpecification","valueRequired":true,"valueName":"search_term_string"}}],"inLanguage":"fr-FR"}]}},"_links":{"self":[{"href":"https:\/\/oroxilia.com\/fr\/wp-json\/wp\/v2\/pages\/4868","targetHints":{"allow":["GET"]}}],"collection":[{"href":"https:\/\/oroxilia.com\/fr\/wp-json\/wp\/v2\/pages"}],"about":[{"href":"https:\/\/oroxilia.com\/fr\/wp-json\/wp\/v2\/types\/page"}],"author":[{"embeddable":true,"href":"https:\/\/oroxilia.com\/fr\/wp-json\/wp\/v2\/users\/1"}],"replies":[{"embeddable":true,"href":"https:\/\/oroxilia.com\/fr\/wp-json\/wp\/v2\/comments?post=4868"}],"version-history":[{"count":2,"href":"https:\/\/oroxilia.com\/fr\/wp-json\/wp\/v2\/pages\/4868\/revisions"}],"predecessor-version":[{"id":4870,"href":"https:\/\/oroxilia.com\/fr\/wp-json\/wp\/v2\/pages\/4868\/revisions\/4870"}],"wp:attachment":[{"href":"https:\/\/oroxilia.com\/fr\/wp-json\/wp\/v2\/media?parent=4868"}],"curies":[{"name":"wp","href":"https:\/\/api.w.org\/{rel}","templated":true}]}}