{"id":4510,"date":"2023-04-17T11:46:27","date_gmt":"2023-04-17T09:46:27","guid":{"rendered":"https:\/\/oroxilia.com\/demande-wp-wms-copy\/"},"modified":"2023-04-17T11:52:57","modified_gmt":"2023-04-17T09:52:57","slug":"demande-wp-edi","status":"publish","type":"page","link":"https:\/\/oroxilia.com\/fr\/demande-wp-edi\/","title":{"rendered":"Recevez notre white paper EDI"},"content":{"rendered":"<p>[vc_row][vc_column]<div class='rb_textmodule_69e75204a3dc4 rb_textmodule with_subtitle'><div class='rb_textmodule_info_wrapper'><div class='rb_textmodule_content_wrapper'><h2 style=\"text-align: center;\">\u00ab\u00a0L&rsquo;\u00e9change de donn\u00e9es au sein de la supply chain, facteur cl\u00e9 de la comp\u00e9titivit\u00e9 des entreprises\u00a0\u00bb<\/h2>\n<p style=\"text-align: center;\"><img loading=\"lazy\" decoding=\"async\" class=\"aligncenter wp-image-3895 \" src=\"https:\/\/oroxilia.com\/wp-content\/uploads\/2022\/06\/entrepot-automatise-wms.jpg\" alt=\"\" width=\"1015\" height=\"208\" srcset=\"https:\/\/oroxilia.com\/wp-content\/uploads\/2022\/06\/entrepot-automatise-wms.jpg 2560w, https:\/\/oroxilia.com\/wp-content\/uploads\/2022\/06\/entrepot-automatise-wms-300x61.jpg 300w, https:\/\/oroxilia.com\/wp-content\/uploads\/2022\/06\/entrepot-automatise-wms-1024x210.jpg 1024w, https:\/\/oroxilia.com\/wp-content\/uploads\/2022\/06\/entrepot-automatise-wms-768x157.jpg 768w, https:\/\/oroxilia.com\/wp-content\/uploads\/2022\/06\/entrepot-automatise-wms-1536x314.jpg 1536w, https:\/\/oroxilia.com\/wp-content\/uploads\/2022\/06\/entrepot-automatise-wms-2048x419.jpg 2048w\" sizes=\"auto, (max-width: 1015px) 100vw, 1015px\" \/><\/p>\n<p style=\"text-align: center;\">Remplissez vos coordonn\u00e9es et recevez instantan\u00e9ment notre white paper !<\/p>\n\n<\/div><\/div><\/div>[\/vc_column][\/vc_row][vc_row][vc_column]<div class='rb_textmodule_69e75204a4aa2 rb_textmodule with_subtitle align_center'><div class='rb_textmodule_info_wrapper'><div class='rb_textmodule_content_wrapper'><p style=\"text-align: center;\">\n<div class=\"wpcf7 no-js\" id=\"wpcf7-f4429-o1\" lang=\"fr-FR\" dir=\"ltr\" data-wpcf7-id=\"4429\">\n<div class=\"screen-reader-response\"> <ul><\/ul><\/div>\n<form action=\"\/fr\/wp-json\/wp\/v2\/pages\/4510#wpcf7-f4429-o1\" method=\"post\" class=\"wpcf7-form init\" aria-label=\"Formulaire de contact\" novalidate=\"novalidate\" data-status=\"init\">\n<fieldset class=\"hidden-fields-container\"><input type=\"hidden\" name=\"_wpcf7\" value=\"4429\" \/><input type=\"hidden\" name=\"_wpcf7_version\" value=\"6.1.5\" \/><input type=\"hidden\" name=\"_wpcf7_locale\" value=\"fr_FR\" \/><input type=\"hidden\" name=\"_wpcf7_unit_tag\" value=\"wpcf7-f4429-o1\" \/><input type=\"hidden\" name=\"_wpcf7_container_post\" value=\"0\" \/><input type=\"hidden\" name=\"_wpcf7_posted_data_hash\" value=\"\" \/><input type=\"hidden\" name=\"_wpcf7dtx_version\" value=\"5.0.4\" \/><input type=\"hidden\" name=\"_wpcf7_recaptcha_response\" value=\"\" \/>\n<\/fieldset>\n<p><span class=\"wpcf7-form-control-wrap\" data-name=\"mail\"><input size=\"40\" maxlength=\"400\" class=\"wpcf7-form-control wpcf7-email wpcf7-validates-as-required wpcf7-text wpcf7-validates-as-email\" aria-required=\"true\" aria-invalid=\"false\" placeholder=\"Votre adresse email\" value=\"\" type=\"email\" name=\"mail\" \/><\/span><br \/>\n<span class=\"wpcf7-form-control-wrap\" data-name=\"Nom\"><input size=\"40\" maxlength=\"400\" class=\"wpcf7-form-control wpcf7-text wpcf7-validates-as-required\" aria-required=\"true\" aria-invalid=\"false\" placeholder=\"Vos nom et pr\u00e9nom\" value=\"\" type=\"text\" name=\"Nom\" \/><\/span><br \/>\n<span class=\"wpcf7-form-control-wrap\" data-name=\"entreprise\"><input size=\"40\" maxlength=\"400\" class=\"wpcf7-form-control wpcf7-text wpcf7-validates-as-required\" aria-required=\"true\" aria-invalid=\"false\" placeholder=\"Votre entreprise\" value=\"\" type=\"text\" name=\"entreprise\" \/><\/span><br \/>\n<span class=\"wpcf7-form-control-wrap\" data-name=\"tel\"><input size=\"40\" maxlength=\"400\" class=\"wpcf7-form-control wpcf7-text wpcf7-validates-as-required\" aria-required=\"true\" aria-invalid=\"false\" placeholder=\"Votre num\u00e9ro de t\u00e9l\u00e9phone\" value=\"\" type=\"text\" name=\"tel\" \/><\/span>\n<\/p>\n<p><input class=\"wpcf7-form-control wpcf7-submit has-spinner\" type=\"submit\" value=\"Recevoir mon white paper\" \/>\n<\/p><input type='hidden' class='wpcf7-pum' value='{\"closepopup\":false,\"closedelay\":0,\"openpopup\":false,\"openpopup_id\":0}' \/><div class=\"wpcf7-response-output\" aria-hidden=\"true\"><\/div>\n<\/form>\n<\/div>\n\n<\/div><\/div><\/div>[\/vc_column][\/vc_row]<\/p>\n","protected":false},"excerpt":{"rendered":"<p>[vc_row][vc_column][\/vc_column][\/vc_row][vc_row][vc_column][\/vc_column][\/vc_row]<\/p>\n","protected":false},"author":3,"featured_media":0,"parent":0,"menu_order":0,"comment_status":"closed","ping_status":"closed","template":"","meta":{"footnotes":""},"class_list":["post-4510","page","type-page","status-publish","hentry"],"yoast_head":"<!-- This site is optimized with the Yoast SEO plugin v25.9 - https:\/\/yoast.com\/wordpress\/plugins\/seo\/ -->\n<title>White paper EDI - Oroxilia, int\u00e9grateur logistique<\/title>\n<meta name=\"robots\" content=\"noindex, nofollow\" \/>\n<meta property=\"og:locale\" content=\"fr_FR\" \/>\n<meta property=\"og:type\" content=\"article\" \/>\n<meta property=\"og:title\" content=\"White paper EDI - Oroxilia, int\u00e9grateur logistique\" \/>\n<meta property=\"og:description\" content=\"[vc_row][vc_column][\/vc_column][\/vc_row][vc_row][vc_column][\/vc_column][\/vc_row]\" \/>\n<meta property=\"og:url\" content=\"https:\/\/oroxilia.com\/fr\/demande-wp-edi\/\" \/>\n<meta property=\"og:site_name\" content=\"Oroxilia\" \/>\n<meta property=\"article:modified_time\" content=\"2023-04-17T09:52:57+00:00\" \/>\n<meta property=\"og:image\" content=\"https:\/\/oroxilia.com\/wp-content\/uploads\/2022\/06\/entrepot-automatise-wms.jpg\" \/>\n<meta name=\"twitter:card\" content=\"summary_large_image\" \/>\n<meta name=\"twitter:label1\" content=\"Dur\u00e9e de lecture estim\u00e9e\" \/>\n\t<meta name=\"twitter:data1\" content=\"1 minute\" \/>\n<script type=\"application\/ld+json\" class=\"yoast-schema-graph\">{\"@context\":\"https:\/\/schema.org\",\"@graph\":[{\"@type\":\"WebPage\",\"@id\":\"https:\/\/oroxilia.com\/fr\/demande-wp-edi\/\",\"url\":\"https:\/\/oroxilia.com\/fr\/demande-wp-edi\/\",\"name\":\"White paper EDI - Oroxilia, int\u00e9grateur logistique\",\"isPartOf\":{\"@id\":\"https:\/\/oroxilia.com\/fr\/#website\"},\"primaryImageOfPage\":{\"@id\":\"https:\/\/oroxilia.com\/fr\/demande-wp-edi\/#primaryimage\"},\"image\":{\"@id\":\"https:\/\/oroxilia.com\/fr\/demande-wp-edi\/#primaryimage\"},\"thumbnailUrl\":\"https:\/\/oroxilia.com\/wp-content\/uploads\/2022\/06\/entrepot-automatise-wms.jpg\",\"datePublished\":\"2023-04-17T09:46:27+00:00\",\"dateModified\":\"2023-04-17T09:52:57+00:00\",\"breadcrumb\":{\"@id\":\"https:\/\/oroxilia.com\/fr\/demande-wp-edi\/#breadcrumb\"},\"inLanguage\":\"fr-FR\",\"potentialAction\":[{\"@type\":\"ReadAction\",\"target\":[\"https:\/\/oroxilia.com\/fr\/demande-wp-edi\/\"]}]},{\"@type\":\"ImageObject\",\"inLanguage\":\"fr-FR\",\"@id\":\"https:\/\/oroxilia.com\/fr\/demande-wp-edi\/#primaryimage\",\"url\":\"https:\/\/oroxilia.com\/wp-content\/uploads\/2022\/06\/entrepot-automatise-wms.jpg\",\"contentUrl\":\"https:\/\/oroxilia.com\/wp-content\/uploads\/2022\/06\/entrepot-automatise-wms.jpg\"},{\"@type\":\"BreadcrumbList\",\"@id\":\"https:\/\/oroxilia.com\/fr\/demande-wp-edi\/#breadcrumb\",\"itemListElement\":[{\"@type\":\"ListItem\",\"position\":1,\"name\":\"Accueil\",\"item\":\"https:\/\/oroxilia.com\/fr\/\"},{\"@type\":\"ListItem\",\"position\":2,\"name\":\"Recevez notre white paper EDI\"}]},{\"@type\":\"WebSite\",\"@id\":\"https:\/\/oroxilia.com\/fr\/#website\",\"url\":\"https:\/\/oroxilia.com\/fr\/\",\"name\":\"Oroxilia\",\"description\":\"\",\"potentialAction\":[{\"@type\":\"SearchAction\",\"target\":{\"@type\":\"EntryPoint\",\"urlTemplate\":\"https:\/\/oroxilia.com\/fr\/?s={search_term_string}\"},\"query-input\":{\"@type\":\"PropertyValueSpecification\",\"valueRequired\":true,\"valueName\":\"search_term_string\"}}],\"inLanguage\":\"fr-FR\"}]}<\/script>\n<!-- \/ Yoast SEO plugin. -->","yoast_head_json":{"title":"White paper EDI - Oroxilia, int\u00e9grateur logistique","robots":{"index":"noindex","follow":"nofollow"},"og_locale":"fr_FR","og_type":"article","og_title":"White paper EDI - Oroxilia, int\u00e9grateur logistique","og_description":"[vc_row][vc_column][\/vc_column][\/vc_row][vc_row][vc_column][\/vc_column][\/vc_row]","og_url":"https:\/\/oroxilia.com\/fr\/demande-wp-edi\/","og_site_name":"Oroxilia","article_modified_time":"2023-04-17T09:52:57+00:00","og_image":[{"url":"https:\/\/oroxilia.com\/wp-content\/uploads\/2022\/06\/entrepot-automatise-wms.jpg","type":"","width":"","height":""}],"twitter_card":"summary_large_image","twitter_misc":{"Dur\u00e9e de lecture estim\u00e9e":"1 minute"},"schema":{"@context":"https:\/\/schema.org","@graph":[{"@type":"WebPage","@id":"https:\/\/oroxilia.com\/fr\/demande-wp-edi\/","url":"https:\/\/oroxilia.com\/fr\/demande-wp-edi\/","name":"White paper EDI - Oroxilia, int\u00e9grateur logistique","isPartOf":{"@id":"https:\/\/oroxilia.com\/fr\/#website"},"primaryImageOfPage":{"@id":"https:\/\/oroxilia.com\/fr\/demande-wp-edi\/#primaryimage"},"image":{"@id":"https:\/\/oroxilia.com\/fr\/demande-wp-edi\/#primaryimage"},"thumbnailUrl":"https:\/\/oroxilia.com\/wp-content\/uploads\/2022\/06\/entrepot-automatise-wms.jpg","datePublished":"2023-04-17T09:46:27+00:00","dateModified":"2023-04-17T09:52:57+00:00","breadcrumb":{"@id":"https:\/\/oroxilia.com\/fr\/demande-wp-edi\/#breadcrumb"},"inLanguage":"fr-FR","potentialAction":[{"@type":"ReadAction","target":["https:\/\/oroxilia.com\/fr\/demande-wp-edi\/"]}]},{"@type":"ImageObject","inLanguage":"fr-FR","@id":"https:\/\/oroxilia.com\/fr\/demande-wp-edi\/#primaryimage","url":"https:\/\/oroxilia.com\/wp-content\/uploads\/2022\/06\/entrepot-automatise-wms.jpg","contentUrl":"https:\/\/oroxilia.com\/wp-content\/uploads\/2022\/06\/entrepot-automatise-wms.jpg"},{"@type":"BreadcrumbList","@id":"https:\/\/oroxilia.com\/fr\/demande-wp-edi\/#breadcrumb","itemListElement":[{"@type":"ListItem","position":1,"name":"Accueil","item":"https:\/\/oroxilia.com\/fr\/"},{"@type":"ListItem","position":2,"name":"Recevez notre white paper EDI"}]},{"@type":"WebSite","@id":"https:\/\/oroxilia.com\/fr\/#website","url":"https:\/\/oroxilia.com\/fr\/","name":"Oroxilia","description":"","potentialAction":[{"@type":"SearchAction","target":{"@type":"EntryPoint","urlTemplate":"https:\/\/oroxilia.com\/fr\/?s={search_term_string}"},"query-input":{"@type":"PropertyValueSpecification","valueRequired":true,"valueName":"search_term_string"}}],"inLanguage":"fr-FR"}]}},"_links":{"self":[{"href":"https:\/\/oroxilia.com\/fr\/wp-json\/wp\/v2\/pages\/4510","targetHints":{"allow":["GET"]}}],"collection":[{"href":"https:\/\/oroxilia.com\/fr\/wp-json\/wp\/v2\/pages"}],"about":[{"href":"https:\/\/oroxilia.com\/fr\/wp-json\/wp\/v2\/types\/page"}],"author":[{"embeddable":true,"href":"https:\/\/oroxilia.com\/fr\/wp-json\/wp\/v2\/users\/3"}],"replies":[{"embeddable":true,"href":"https:\/\/oroxilia.com\/fr\/wp-json\/wp\/v2\/comments?post=4510"}],"version-history":[{"count":3,"href":"https:\/\/oroxilia.com\/fr\/wp-json\/wp\/v2\/pages\/4510\/revisions"}],"predecessor-version":[{"id":4517,"href":"https:\/\/oroxilia.com\/fr\/wp-json\/wp\/v2\/pages\/4510\/revisions\/4517"}],"wp:attachment":[{"href":"https:\/\/oroxilia.com\/fr\/wp-json\/wp\/v2\/media?parent=4510"}],"curies":[{"name":"wp","href":"https:\/\/api.w.org\/{rel}","templated":true}]}}