{"id":4282,"date":"2023-02-15T14:05:24","date_gmt":"2023-02-15T13:05:24","guid":{"rendered":"https:\/\/oroxilia.com\/contact-copy\/"},"modified":"2023-02-15T14:20:40","modified_gmt":"2023-02-15T13:20:40","slug":"rse","status":"publish","type":"page","link":"https:\/\/oroxilia.com\/fr\/rse\/","title":{"rendered":"Responsabilit\u00e9 Soci\u00e9tale des Entreprises"},"content":{"rendered":"<p>[vc_row css=\u00a0\u00bb.vc_custom_1676467145032{margin-bottom: 40px !important;}\u00a0\u00bb][vc_column]<div class='rb_textmodule_69ef69f0ea097 rb_textmodule with_subtitle'><div class='rb_textmodule_info_wrapper'><h2 class='rb_textmodule_title has_divider'>Notre approche RSE et d\u00e9veloppement durable<span class='rb_textmodule_divider'><\/span><\/h2><div class='rb_textmodule_content_wrapper'><p>Oroxilia est un acteur engag\u00e9 en faveur d&rsquo;un d\u00e9veloppement durable, \u00e9thique et responsable de notre \u00e9conomie. La RSE ou ESG (pour Environmental, Social and corporate Governance) est au coeur de nos ambitions, sur un pied d\u2019\u00e9galit\u00e9 avec notre croissance \u00e9conomique, parce que nous pensons que les entreprises ont un r\u00f4le \u00e0 jouer et qu&rsquo;elles doivent montrer le bon exemple.<\/p>\n<p>Chez Oroxilia, nous mobilisons l&rsquo;ensemble de nos parties prenantes autour de notre d\u00e9marche RSE. Nous int\u00e9grons les aspects environnementaux, sociaux et de gouvernance d\u2019entreprise dans chaque d\u00e9cision que nous prenons. Nos objectifs de d\u00e9veloppement durable s&rsquo;organisent autour de cinq axes cl\u00e9s :<\/p>\n<\/div><\/div><\/div>[\/vc_column][\/vc_row][vc_row][vc_column width=\u00a0\u00bb2\/3&Prime;]<div class='rb_textmodule_69ef69f0eae6e rb_textmodule with_subtitle'><div class='rb_textmodule_info_wrapper'><div class='rb_textmodule_content_wrapper'><h3>1. Responsabilit\u00e9 soci\u00e9tale<\/h3>\n<p>Oroxilia est une organisation responsable et transparente. Notre engagement civique et \u00e9thique implique notamment : le respect des droits de l&rsquo;homme, y compris \u00e0 l&rsquo;\u00e9tranger, la lutte contre toute forme de fraude, de corruption et d&rsquo;\u00e9vasion fiscale et la responsabilisation de nos fournisseurs.<\/p>\n<h3>2. Diversit\u00e9 et inclusion<\/h3>\n<p>Nous nous engageons \u00e0 construire une organisation diversifi\u00e9e et collaborative dot\u00e9e d&rsquo;une solide culture d\u2019inclusion. Nous nous tenons responsable des normes les plus \u00e9lev\u00e9es en mati\u00e8re de respect, d\u2019inclusion et d\u2019\u00e9mancipation. Nous assurons l\u2019\u00e9galit\u00e9 d\u2019acc\u00e8s aux opportunit\u00e9s dans toute l\u2019entreprise. Tous les employ\u00e9s sont r\u00e9mun\u00e9r\u00e9s \u00e9quitablement sur la base des valeurs du march\u00e9 externe, ind\u00e9pendamment de leur sexe, de leur identit\u00e9 sociale ou d\u2019autres attributs.<\/p>\n<h3>3. Bien-\u00eatre et d\u00e9veloppement des collaborateurs<\/h3>\n<p>Le recrutement, la fid\u00e9lisation et le d\u00e9veloppement de notre \u00e9quipe sont essentiels \u00e0 notre r\u00e9ussite et \u00e0 notre croissance. La formation, l\u2019encadrement, le perfectionnement en milieu de travail et les s\u00e9ances d\u2019information quotidiennes aident les nouveaux employ\u00e9s \u00e0 apprendre et \u00e0 s\u2019adapter \u00e0 notre activit\u00e9. Nous avons mis en place une s\u00e9rie de politiques pour garantir \u00e0 nos employ\u00e9s un environnement de travail s\u00fbr, s\u00e9curis\u00e9 et attrayant. Nous veillons \u00e9galement \u00e0\u00a0 favoriser le dialogue social, la qualit\u00e9 de vie au travail (droit \u00e0 la d\u00e9connexion, bien-\u00eatre par le sport, etc.) et le d\u00e9veloppement des comp\u00e9tences de chacun.<\/p>\n<\/div><\/div><\/div>[\/vc_column][vc_column width=\u00a0\u00bb1\/3&Prime; el_class=\u00a0\u00bbremerciement-action-contact\u00a0\u00bb]<div id='rb_image_69ef69f0eb135' class='rb_image_module background_no_hover vignette-border' ><div class=\"main_image\"><img decoding=\"async\" class=\"image\" src=\"https:\/\/oroxilia.com\/wp-content\/uploads\/2023\/02\/esg-environmental-social-governance-scaled.jpg\" alt=\"Responsabilit\u00e9 Soci\u00e9tale d&#039;Oroxilia\" \/><\/div><\/div>[\/vc_column][\/vc_row][vc_row css=\u00a0\u00bb.vc_custom_1676467101060{margin-top: 30px !important;}\u00a0\u00bb][vc_column width=\u00a0\u00bb1\/2&Prime;]<div class='rb_textmodule_69ef69f0eb86c rb_textmodule with_subtitle'><div class='rb_textmodule_info_wrapper'><div class='rb_textmodule_content_wrapper'><h3>4. Confiance du client et s\u00e9curit\u00e9 de l\u2019information<\/h3>\n<p>Notre activit\u00e9 d\u00e9pend fondamentalement de l\u2019\u00e9tablissement et du maintien de la confiance de nos clients. L\u2019int\u00e9grit\u00e9 fait partie du quotidien d\u2019Oroxilia, tout comme la s\u00e9curit\u00e9 des donn\u00e9es et des informations de nos clients. La confidentialit\u00e9 des informations sensibles ainsi que les accords de confidentialit\u00e9 avec les clients sont d\u2019une importance capitale pour Oroxilia. Nous nous engageons \u00e0 :<\/p>\n<ul>\n<li>proposer des solutions fiables, s\u00e9curis\u00e9es et innovantes,<\/li>\n<li>maintenir la qualit\u00e9 des services propos\u00e9s,<\/li>\n<li>garder une relation partenariale forte avec nos clients,<\/li>\n<li>les accompagner dans leur transition num\u00e9rique responsable.<\/li>\n<\/ul>\n\n<\/div><\/div><\/div>[\/vc_column][vc_column width=\u00a0\u00bb1\/2&Prime;]<div class='rb_textmodule_69ef69f0ebb51 rb_textmodule with_subtitle'><div class='rb_textmodule_info_wrapper'><div class='rb_textmodule_content_wrapper'><h3>5. Impact environnemental<\/h3>\n<p>Chez Oroxilia, nous savons que nous, acteurs du num\u00e9rique, avons un impact sur l&rsquo;environnement et que notre mobilisation est primordiale pour le bien de l&rsquo;humanit\u00e9. La ma\u00eetrise et la diminution de notre impact environnemental est un enjeu majeur.<br \/>\nPour cela, nous nous engageons \u00e0 :<\/p>\n<ul>\n<li>favoriser la diffusion de technologies respectueuses de l&rsquo;environnement,<\/li>\n<li>r\u00e9duire la consommation \u00e9nerg\u00e9tique des infrastructures informatiques,<\/li>\n<li>g\u00e9n\u00e9raliser la mise en place de fili\u00e8res de recyclage,<\/li>\n<li>optimiser la mobilit\u00e9 de nos employ\u00e9s,<\/li>\n<li>favoriser le r\u00e9emploi ainsi que le t\u00e9l\u00e9travail.<\/li>\n<\/ul>\n\n<\/div><\/div><\/div>[\/vc_column][\/vc_row][vc_row css=\u00a0\u00bb.vc_custom_1676467084565{margin-top: 20px !important;margin-bottom: 20px !important;}\u00a0\u00bb][vc_column]<div id='rb_divider_69ef69f0ebdaf' class='rb_divider_wrapper default'><div class='rb_divider'><span><\/span><\/div><\/div>[\/vc_column][\/vc_row][vc_row css=\u00a0\u00bb.vc_custom_1676467063716{margin-top: 30px !important;margin-bottom: 30px !important;}\u00a0\u00bb][vc_column width=\u00a0\u00bb1\/4&Prime;]<div class='rb_textmodule_69ef69f0ebe09 rb_textmodule with_subtitle'><div class='rb_textmodule_info_wrapper'><h2 class='rb_textmodule_title has_divider'>Diversit\u00e9<span class='rb_textmodule_divider'><\/span><\/h2><div class='rb_textmodule_content_wrapper'><p>Nous disposons d\u2019une main-d\u2019\u0153uvre diversifi\u00e9e et collaborative avec une forte culture de l\u2019inclusion.<\/p>\n<\/div><\/div><\/div>[\/vc_column][vc_column width=\u00a0\u00bb1\/4&Prime;]<div class='rb_textmodule_69ef69f0ebfff rb_textmodule with_subtitle'><div class='rb_textmodule_info_wrapper'><h2 class='rb_textmodule_title has_divider'>Bien-\u00eatre<span class='rb_textmodule_divider'><\/span><\/h2><div class='rb_textmodule_content_wrapper'><p>Notre personnel dispose d\u2019un environnement de travail s\u00fbr, s\u00e9curis\u00e9 et attrayant.<\/p>\n<\/div><\/div><\/div>[\/vc_column][vc_column width=\u00a0\u00bb1\/4&Prime;]<div class='rb_textmodule_69ef69f0ec1ef rb_textmodule with_subtitle'><div class='rb_textmodule_info_wrapper'><h2 class='rb_textmodule_title has_divider'>Confiance<span class='rb_textmodule_divider'><\/span><\/h2><div class='rb_textmodule_content_wrapper'><p>L\u2019int\u00e9grit\u00e9 et la s\u00e9curit\u00e9 font partie de notre travail au quotidien.<\/p>\n<\/div><\/div><\/div>[\/vc_column][vc_column width=\u00a0\u00bb1\/4&Prime;]<div class='rb_textmodule_69ef69f0ec3e5 rb_textmodule with_subtitle'><div class='rb_textmodule_info_wrapper'><h2 class='rb_textmodule_title has_divider'>Environnement<span class='rb_textmodule_divider'><\/span><\/h2><div class='rb_textmodule_content_wrapper'><p>Notre \u00e9tat d\u2019esprit est de vouloir r\u00e9duire notre empreinte \u00e9cologique.<\/p>\n<\/div><\/div><\/div>[\/vc_column][\/vc_row]<\/p>\n","protected":false},"excerpt":{"rendered":"<p>[vc_row css=\u00a0\u00bb.vc_custom_1676467145032{margin-bottom: 40px !important;}\u00a0\u00bb][vc_column][\/vc_column][\/vc_row][vc_row][vc_column width=\u00a0\u00bb2\/3&Prime;][\/vc_column][vc_column width=\u00a0\u00bb1\/3&Prime; el_class=\u00a0\u00bbremerciement-action-contact\u00a0\u00bb][\/vc_column][\/vc_row][vc_row css=\u00a0\u00bb.vc_custom_1676467101060{margin-top: 30px !important;}\u00a0\u00bb][vc_column width=\u00a0\u00bb1\/2&Prime;][\/vc_column][vc_column width=\u00a0\u00bb1\/2&Prime;][\/vc_column][\/vc_row][vc_row css=\u00a0\u00bb.vc_custom_1676467084565{margin-top: 20px !important;margin-bottom: 20px !important;}\u00a0\u00bb][vc_column][\/vc_column][\/vc_row][vc_row css=\u00a0\u00bb.vc_custom_1676467063716{margin-top: 30px !important;margin-bottom: 30px !important;}\u00a0\u00bb][vc_column width=\u00a0\u00bb1\/4&Prime;][\/vc_column][vc_column width=\u00a0\u00bb1\/4&Prime;][\/vc_column][vc_column width=\u00a0\u00bb1\/4&Prime;][\/vc_column][vc_column width=\u00a0\u00bb1\/4&Prime;][\/vc_column][\/vc_row]<\/p>\n","protected":false},"author":3,"featured_media":0,"parent":0,"menu_order":0,"comment_status":"closed","ping_status":"closed","template":"","meta":{"footnotes":""},"class_list":["post-4282","page","type-page","status-publish","hentry"],"yoast_head":"<!-- This site is optimized with the Yoast SEO plugin v25.9 - https:\/\/yoast.com\/wordpress\/plugins\/seo\/ -->\n<title>Responsabilit\u00e9 Soci\u00e9tale des Entreprises - Oroxilia, int\u00e9grateur logistique<\/title>\n<meta name=\"robots\" content=\"noindex, nofollow\" \/>\n<meta property=\"og:locale\" content=\"fr_FR\" \/>\n<meta property=\"og:type\" content=\"article\" \/>\n<meta property=\"og:title\" content=\"Responsabilit\u00e9 Soci\u00e9tale des Entreprises - Oroxilia, int\u00e9grateur logistique\" \/>\n<meta property=\"og:description\" content=\"[vc_row css=\u00a0\u00bb.vc_custom_1676467145032{margin-bottom: 40px !important;}\u00a0\u00bb][vc_column][\/vc_column][\/vc_row][vc_row][vc_column width=\u00a0\u00bb2\/3&Prime;][\/vc_column][vc_column width=\u00a0\u00bb1\/3&Prime; el_class=\u00a0\u00bbremerciement-action-contact\u00a0\u00bb][\/vc_column][\/vc_row][vc_row css=\u00a0\u00bb.vc_custom_1676467101060{margin-top: 30px !important;}\u00a0\u00bb][vc_column width=\u00a0\u00bb1\/2&Prime;][\/vc_column][vc_column width=\u00a0\u00bb1\/2&Prime;][\/vc_column][\/vc_row][vc_row css=\u00a0\u00bb.vc_custom_1676467084565{margin-top: 20px !important;margin-bottom: 20px !important;}\u00a0\u00bb][vc_column][\/vc_column][\/vc_row][vc_row css=\u00a0\u00bb.vc_custom_1676467063716{margin-top: 30px !important;margin-bottom: 30px !important;}\u00a0\u00bb][vc_column width=\u00a0\u00bb1\/4&Prime;][\/vc_column][vc_column width=\u00a0\u00bb1\/4&Prime;][\/vc_column][vc_column width=\u00a0\u00bb1\/4&Prime;][\/vc_column][vc_column width=\u00a0\u00bb1\/4&Prime;][\/vc_column][\/vc_row]\" \/>\n<meta property=\"og:url\" content=\"https:\/\/oroxilia.com\/fr\/rse\/\" \/>\n<meta property=\"og:site_name\" content=\"Oroxilia\" \/>\n<meta property=\"article:modified_time\" content=\"2023-02-15T13:20:40+00:00\" \/>\n<meta name=\"twitter:card\" content=\"summary_large_image\" \/>\n<meta name=\"twitter:label1\" content=\"Dur\u00e9e de lecture estim\u00e9e\" \/>\n\t<meta name=\"twitter:data1\" content=\"4 minutes\" \/>\n<script type=\"application\/ld+json\" class=\"yoast-schema-graph\">{\"@context\":\"https:\/\/schema.org\",\"@graph\":[{\"@type\":\"WebPage\",\"@id\":\"https:\/\/oroxilia.com\/fr\/rse\/\",\"url\":\"https:\/\/oroxilia.com\/fr\/rse\/\",\"name\":\"Responsabilit\u00e9 Soci\u00e9tale des Entreprises - Oroxilia, int\u00e9grateur logistique\",\"isPartOf\":{\"@id\":\"https:\/\/oroxilia.com\/fr\/#website\"},\"datePublished\":\"2023-02-15T13:05:24+00:00\",\"dateModified\":\"2023-02-15T13:20:40+00:00\",\"breadcrumb\":{\"@id\":\"https:\/\/oroxilia.com\/fr\/rse\/#breadcrumb\"},\"inLanguage\":\"fr-FR\",\"potentialAction\":[{\"@type\":\"ReadAction\",\"target\":[\"https:\/\/oroxilia.com\/fr\/rse\/\"]}]},{\"@type\":\"BreadcrumbList\",\"@id\":\"https:\/\/oroxilia.com\/fr\/rse\/#breadcrumb\",\"itemListElement\":[{\"@type\":\"ListItem\",\"position\":1,\"name\":\"Accueil\",\"item\":\"https:\/\/oroxilia.com\/fr\/\"},{\"@type\":\"ListItem\",\"position\":2,\"name\":\"Responsabilit\u00e9 Soci\u00e9tale des Entreprises\"}]},{\"@type\":\"WebSite\",\"@id\":\"https:\/\/oroxilia.com\/fr\/#website\",\"url\":\"https:\/\/oroxilia.com\/fr\/\",\"name\":\"Oroxilia\",\"description\":\"\",\"potentialAction\":[{\"@type\":\"SearchAction\",\"target\":{\"@type\":\"EntryPoint\",\"urlTemplate\":\"https:\/\/oroxilia.com\/fr\/?s={search_term_string}\"},\"query-input\":{\"@type\":\"PropertyValueSpecification\",\"valueRequired\":true,\"valueName\":\"search_term_string\"}}],\"inLanguage\":\"fr-FR\"}]}<\/script>\n<!-- \/ Yoast SEO plugin. -->","yoast_head_json":{"title":"Responsabilit\u00e9 Soci\u00e9tale des Entreprises - Oroxilia, int\u00e9grateur logistique","robots":{"index":"noindex","follow":"nofollow"},"og_locale":"fr_FR","og_type":"article","og_title":"Responsabilit\u00e9 Soci\u00e9tale des Entreprises - Oroxilia, int\u00e9grateur logistique","og_description":"[vc_row css=\u00a0\u00bb.vc_custom_1676467145032{margin-bottom: 40px !important;}\u00a0\u00bb][vc_column][\/vc_column][\/vc_row][vc_row][vc_column width=\u00a0\u00bb2\/3&Prime;][\/vc_column][vc_column width=\u00a0\u00bb1\/3&Prime; el_class=\u00a0\u00bbremerciement-action-contact\u00a0\u00bb][\/vc_column][\/vc_row][vc_row css=\u00a0\u00bb.vc_custom_1676467101060{margin-top: 30px !important;}\u00a0\u00bb][vc_column width=\u00a0\u00bb1\/2&Prime;][\/vc_column][vc_column width=\u00a0\u00bb1\/2&Prime;][\/vc_column][\/vc_row][vc_row css=\u00a0\u00bb.vc_custom_1676467084565{margin-top: 20px !important;margin-bottom: 20px !important;}\u00a0\u00bb][vc_column][\/vc_column][\/vc_row][vc_row css=\u00a0\u00bb.vc_custom_1676467063716{margin-top: 30px !important;margin-bottom: 30px !important;}\u00a0\u00bb][vc_column width=\u00a0\u00bb1\/4&Prime;][\/vc_column][vc_column width=\u00a0\u00bb1\/4&Prime;][\/vc_column][vc_column width=\u00a0\u00bb1\/4&Prime;][\/vc_column][vc_column width=\u00a0\u00bb1\/4&Prime;][\/vc_column][\/vc_row]","og_url":"https:\/\/oroxilia.com\/fr\/rse\/","og_site_name":"Oroxilia","article_modified_time":"2023-02-15T13:20:40+00:00","twitter_card":"summary_large_image","twitter_misc":{"Dur\u00e9e de lecture estim\u00e9e":"4 minutes"},"schema":{"@context":"https:\/\/schema.org","@graph":[{"@type":"WebPage","@id":"https:\/\/oroxilia.com\/fr\/rse\/","url":"https:\/\/oroxilia.com\/fr\/rse\/","name":"Responsabilit\u00e9 Soci\u00e9tale des Entreprises - Oroxilia, int\u00e9grateur logistique","isPartOf":{"@id":"https:\/\/oroxilia.com\/fr\/#website"},"datePublished":"2023-02-15T13:05:24+00:00","dateModified":"2023-02-15T13:20:40+00:00","breadcrumb":{"@id":"https:\/\/oroxilia.com\/fr\/rse\/#breadcrumb"},"inLanguage":"fr-FR","potentialAction":[{"@type":"ReadAction","target":["https:\/\/oroxilia.com\/fr\/rse\/"]}]},{"@type":"BreadcrumbList","@id":"https:\/\/oroxilia.com\/fr\/rse\/#breadcrumb","itemListElement":[{"@type":"ListItem","position":1,"name":"Accueil","item":"https:\/\/oroxilia.com\/fr\/"},{"@type":"ListItem","position":2,"name":"Responsabilit\u00e9 Soci\u00e9tale des Entreprises"}]},{"@type":"WebSite","@id":"https:\/\/oroxilia.com\/fr\/#website","url":"https:\/\/oroxilia.com\/fr\/","name":"Oroxilia","description":"","potentialAction":[{"@type":"SearchAction","target":{"@type":"EntryPoint","urlTemplate":"https:\/\/oroxilia.com\/fr\/?s={search_term_string}"},"query-input":{"@type":"PropertyValueSpecification","valueRequired":true,"valueName":"search_term_string"}}],"inLanguage":"fr-FR"}]}},"_links":{"self":[{"href":"https:\/\/oroxilia.com\/fr\/wp-json\/wp\/v2\/pages\/4282","targetHints":{"allow":["GET"]}}],"collection":[{"href":"https:\/\/oroxilia.com\/fr\/wp-json\/wp\/v2\/pages"}],"about":[{"href":"https:\/\/oroxilia.com\/fr\/wp-json\/wp\/v2\/types\/page"}],"author":[{"embeddable":true,"href":"https:\/\/oroxilia.com\/fr\/wp-json\/wp\/v2\/users\/3"}],"replies":[{"embeddable":true,"href":"https:\/\/oroxilia.com\/fr\/wp-json\/wp\/v2\/comments?post=4282"}],"version-history":[{"count":1,"href":"https:\/\/oroxilia.com\/fr\/wp-json\/wp\/v2\/pages\/4282\/revisions"}],"predecessor-version":[{"id":4287,"href":"https:\/\/oroxilia.com\/fr\/wp-json\/wp\/v2\/pages\/4282\/revisions\/4287"}],"wp:attachment":[{"href":"https:\/\/oroxilia.com\/fr\/wp-json\/wp\/v2\/media?parent=4282"}],"curies":[{"name":"wp","href":"https:\/\/api.w.org\/{rel}","templated":true}]}}