{"id":4022,"date":"2023-01-24T10:34:46","date_gmt":"2023-01-24T09:34:46","guid":{"rendered":"https:\/\/oroxilia.com\/mentions-legales-copy\/"},"modified":"2023-02-15T15:27:44","modified_gmt":"2023-02-15T14:27:44","slug":"aspects-legaux","status":"publish","type":"page","link":"https:\/\/oroxilia.com\/fr\/aspects-legaux\/","title":{"rendered":"Aspects juridiques"},"content":{"rendered":"<h3>1. Objectif du site<\/h3>\n<p>Le site web <a href=\"http:\/\/oroxilia.com\">www.oroxilia.com<\/a> est un point d&rsquo;entr\u00e9e pour des informations g\u00e9n\u00e9rales sur les activit\u00e9s de la soci\u00e9t\u00e9 Oroxilia SPRL (BE 0646852814).<\/p>\n<h3>2. Conditions d&rsquo;utilisation du site<\/h3>\n<p>L&rsquo;utilisation de ce site est soumise au respect des conditions d&rsquo;utilisation d\u00e9crites ci-dessous.<\/p>\n<h3>3. Qualit\u00e9 de l&rsquo;information et du service<\/h3>\n<p>Les informations figurant sur le <a href=\"http:\/\/oroxilia.com\">www.oroxilia.com<\/a> site web sont de nature g\u00e9n\u00e9rale et sont \u00e9videmment susceptibles d&rsquo;\u00eatre modifi\u00e9es. Nous apportons le plus grand soin \u00e0 la gestion de ce site, mais nous ne garantissons pas l&rsquo;exactitude des informations fournies. Pour les informations et documents faisant l&rsquo;objet d&rsquo;une publication officielle, seuls les textes publi\u00e9s dans le Moniteur belge ou les sites des normes internationales font foi. Nous ne sommes pas responsables du contenu de tout autre site web li\u00e9 \u00e0 ce site. Oroxilia ne peut \u00eatre tenu responsable des erreurs ou omissions dans les informations publi\u00e9es ou des probl\u00e8mes techniques rencontr\u00e9s sur le site. Si vous souhaitez signaler une erreur, merci de mentionner l&rsquo;URL de la page concern\u00e9e et nous l&rsquo;envoyer via le <strong><a href=\"https:\/\/oroxilia.com\/contact\/\">formulaire de contact sur le site<\/a><\/strong>, nous nous efforcerons de la corriger dans les meilleurs d\u00e9lais.<\/p>\n<h3>4. Droits de propri\u00e9t\u00e9 intellectuelle<\/h3>\n<p>Les textes, mises en page, illustrations, vid\u00e9os et autres \u00e9l\u00e9ments du site web sont prot\u00e9g\u00e9s par le droit d&rsquo;auteur (dispositions nationales et internationales) ou, dans le cas des bases de donn\u00e9es, par un droit sp\u00e9cifique. Tous ces \u00e9l\u00e9ments sont la propri\u00e9t\u00e9 d&rsquo;Oroxilia ou, le cas \u00e9ch\u00e9ant, d&rsquo;un tiers aupr\u00e8s duquel Oroxilia a obtenu les autorisations n\u00e9cessaires. Toute reproduction de ces informations \u00e0 des fins commerciales ou publicitaires est strictement interdite sans l&rsquo;autorisation \u00e9crite d&rsquo;Oroxilia.<\/p>\n<h3>5. R\u00e9dacteur responsable<\/h3>\n<p>M. Parmentier Jean-Paul, Managing Partner d&rsquo;Oroxilia<\/p>\n<p>Rue Jean Burgers, 15<\/p>\n<p>7850 Enghien<\/p>\n<p>BELGIQUE<\/p>\n<h3>6. Des tribunaux comp\u00e9tents<\/h3>\n<p>Sans pr\u00e9judice des conditions sp\u00e9cifiques des diff\u00e9rents sites r\u00e9f\u00e9renc\u00e9s sur ce site et g\u00e9r\u00e9s par des tiers, tout litige relatif \u00e0 ce site ou \u00e0 son contenu sera exclusivement r\u00e9gi par le droit belge. Les tribunaux de Tournai sont seuls comp\u00e9tents.<\/p>\n<h3>7. Modification du pr\u00e9sent document<\/h3>\n<p>Ce document est effectif \u00e0 la date mentionn\u00e9e en bas de cette page et peut \u00eatre mis \u00e0 jour p\u00e9riodiquement.<\/p>\n<p><strong>Date d&rsquo;entr\u00e9e en vigueur<\/strong> : 06 d\u00e9cembre 2022.<\/p>\n<p><strong>Date de mise \u00e0 jour<\/strong> : 06 d\u00e9cembre 2022.<\/p>\n\n\n<font color=\"white\">&#8212;<\/font>\n","protected":false},"excerpt":{"rendered":"<p>1. Objectif du site Le site web www.oroxilia.com est un point d&rsquo;entr\u00e9e pour des informations g\u00e9n\u00e9rales sur les activit\u00e9s de la soci\u00e9t\u00e9 Oroxilia SPRL (BE 0646852814). 2. Conditions d&rsquo;utilisation du site L&rsquo;utilisation de ce site est soumise au respect des conditions d&rsquo;utilisation d\u00e9crites ci-dessous. 3. Qualit\u00e9 de l&rsquo;information et du service Les informations figurant sur [&hellip;]<\/p>\n","protected":false},"author":3,"featured_media":0,"parent":0,"menu_order":0,"comment_status":"closed","ping_status":"closed","template":"","meta":{"footnotes":""},"class_list":["post-4022","page","type-page","status-publish","hentry"],"yoast_head":"<!-- This site is optimized with the Yoast SEO plugin v25.9 - https:\/\/yoast.com\/wordpress\/plugins\/seo\/ -->\n<title>Aspects juridiques et l\u00e9gaux - Oroxilia, int\u00e9grateur logistique<\/title>\n<meta name=\"description\" content=\"Sur cette page, prenez connaissance des aspects juridiques et l\u00e9gaux d&#039;Oroxilia, int\u00e9grateur de solutions logistiques.\" \/>\n<meta name=\"robots\" content=\"noindex, nofollow\" \/>\n<meta property=\"og:locale\" content=\"fr_FR\" \/>\n<meta property=\"og:type\" content=\"article\" \/>\n<meta property=\"og:title\" content=\"Aspects juridiques et l\u00e9gaux - Oroxilia, int\u00e9grateur logistique\" \/>\n<meta property=\"og:description\" content=\"Sur cette page, prenez connaissance des aspects juridiques et l\u00e9gaux d&#039;Oroxilia, int\u00e9grateur de solutions logistiques.\" \/>\n<meta property=\"og:url\" content=\"https:\/\/oroxilia.com\/fr\/aspects-legaux\/\" \/>\n<meta property=\"og:site_name\" content=\"Oroxilia\" \/>\n<meta property=\"article:modified_time\" content=\"2023-02-15T14:27:44+00:00\" \/>\n<meta name=\"twitter:card\" content=\"summary_large_image\" \/>\n<meta name=\"twitter:label1\" content=\"Dur\u00e9e de lecture estim\u00e9e\" \/>\n\t<meta name=\"twitter:data1\" content=\"2 minutes\" \/>\n<script type=\"application\/ld+json\" class=\"yoast-schema-graph\">{\"@context\":\"https:\/\/schema.org\",\"@graph\":[{\"@type\":\"WebPage\",\"@id\":\"https:\/\/oroxilia.com\/fr\/aspects-legaux\/\",\"url\":\"https:\/\/oroxilia.com\/fr\/aspects-legaux\/\",\"name\":\"Aspects juridiques et l\u00e9gaux - Oroxilia, int\u00e9grateur logistique\",\"isPartOf\":{\"@id\":\"https:\/\/oroxilia.com\/fr\/#website\"},\"datePublished\":\"2023-01-24T09:34:46+00:00\",\"dateModified\":\"2023-02-15T14:27:44+00:00\",\"description\":\"Sur cette page, prenez connaissance des aspects juridiques et l\u00e9gaux d'Oroxilia, int\u00e9grateur de solutions logistiques.\",\"breadcrumb\":{\"@id\":\"https:\/\/oroxilia.com\/fr\/aspects-legaux\/#breadcrumb\"},\"inLanguage\":\"fr-FR\",\"potentialAction\":[{\"@type\":\"ReadAction\",\"target\":[\"https:\/\/oroxilia.com\/fr\/aspects-legaux\/\"]}]},{\"@type\":\"BreadcrumbList\",\"@id\":\"https:\/\/oroxilia.com\/fr\/aspects-legaux\/#breadcrumb\",\"itemListElement\":[{\"@type\":\"ListItem\",\"position\":1,\"name\":\"Accueil\",\"item\":\"https:\/\/oroxilia.com\/fr\/\"},{\"@type\":\"ListItem\",\"position\":2,\"name\":\"Aspects juridiques\"}]},{\"@type\":\"WebSite\",\"@id\":\"https:\/\/oroxilia.com\/fr\/#website\",\"url\":\"https:\/\/oroxilia.com\/fr\/\",\"name\":\"Oroxilia\",\"description\":\"\",\"potentialAction\":[{\"@type\":\"SearchAction\",\"target\":{\"@type\":\"EntryPoint\",\"urlTemplate\":\"https:\/\/oroxilia.com\/fr\/?s={search_term_string}\"},\"query-input\":{\"@type\":\"PropertyValueSpecification\",\"valueRequired\":true,\"valueName\":\"search_term_string\"}}],\"inLanguage\":\"fr-FR\"}]}<\/script>\n<!-- \/ Yoast SEO plugin. -->","yoast_head_json":{"title":"Aspects juridiques et l\u00e9gaux - Oroxilia, int\u00e9grateur logistique","description":"Sur cette page, prenez connaissance des aspects juridiques et l\u00e9gaux d'Oroxilia, int\u00e9grateur de solutions logistiques.","robots":{"index":"noindex","follow":"nofollow"},"og_locale":"fr_FR","og_type":"article","og_title":"Aspects juridiques et l\u00e9gaux - Oroxilia, int\u00e9grateur logistique","og_description":"Sur cette page, prenez connaissance des aspects juridiques et l\u00e9gaux d'Oroxilia, int\u00e9grateur de solutions logistiques.","og_url":"https:\/\/oroxilia.com\/fr\/aspects-legaux\/","og_site_name":"Oroxilia","article_modified_time":"2023-02-15T14:27:44+00:00","twitter_card":"summary_large_image","twitter_misc":{"Dur\u00e9e de lecture estim\u00e9e":"2 minutes"},"schema":{"@context":"https:\/\/schema.org","@graph":[{"@type":"WebPage","@id":"https:\/\/oroxilia.com\/fr\/aspects-legaux\/","url":"https:\/\/oroxilia.com\/fr\/aspects-legaux\/","name":"Aspects juridiques et l\u00e9gaux - Oroxilia, int\u00e9grateur logistique","isPartOf":{"@id":"https:\/\/oroxilia.com\/fr\/#website"},"datePublished":"2023-01-24T09:34:46+00:00","dateModified":"2023-02-15T14:27:44+00:00","description":"Sur cette page, prenez connaissance des aspects juridiques et l\u00e9gaux d'Oroxilia, int\u00e9grateur de solutions logistiques.","breadcrumb":{"@id":"https:\/\/oroxilia.com\/fr\/aspects-legaux\/#breadcrumb"},"inLanguage":"fr-FR","potentialAction":[{"@type":"ReadAction","target":["https:\/\/oroxilia.com\/fr\/aspects-legaux\/"]}]},{"@type":"BreadcrumbList","@id":"https:\/\/oroxilia.com\/fr\/aspects-legaux\/#breadcrumb","itemListElement":[{"@type":"ListItem","position":1,"name":"Accueil","item":"https:\/\/oroxilia.com\/fr\/"},{"@type":"ListItem","position":2,"name":"Aspects juridiques"}]},{"@type":"WebSite","@id":"https:\/\/oroxilia.com\/fr\/#website","url":"https:\/\/oroxilia.com\/fr\/","name":"Oroxilia","description":"","potentialAction":[{"@type":"SearchAction","target":{"@type":"EntryPoint","urlTemplate":"https:\/\/oroxilia.com\/fr\/?s={search_term_string}"},"query-input":{"@type":"PropertyValueSpecification","valueRequired":true,"valueName":"search_term_string"}}],"inLanguage":"fr-FR"}]}},"_links":{"self":[{"href":"https:\/\/oroxilia.com\/fr\/wp-json\/wp\/v2\/pages\/4022","targetHints":{"allow":["GET"]}}],"collection":[{"href":"https:\/\/oroxilia.com\/fr\/wp-json\/wp\/v2\/pages"}],"about":[{"href":"https:\/\/oroxilia.com\/fr\/wp-json\/wp\/v2\/types\/page"}],"author":[{"embeddable":true,"href":"https:\/\/oroxilia.com\/fr\/wp-json\/wp\/v2\/users\/3"}],"replies":[{"embeddable":true,"href":"https:\/\/oroxilia.com\/fr\/wp-json\/wp\/v2\/comments?post=4022"}],"version-history":[{"count":12,"href":"https:\/\/oroxilia.com\/fr\/wp-json\/wp\/v2\/pages\/4022\/revisions"}],"predecessor-version":[{"id":4299,"href":"https:\/\/oroxilia.com\/fr\/wp-json\/wp\/v2\/pages\/4022\/revisions\/4299"}],"wp:attachment":[{"href":"https:\/\/oroxilia.com\/fr\/wp-json\/wp\/v2\/media?parent=4022"}],"curies":[{"name":"wp","href":"https:\/\/api.w.org\/{rel}","templated":true}]}}