{"id":4014,"date":"2023-01-09T13:52:38","date_gmt":"2023-01-09T12:52:38","guid":{"rendered":"https:\/\/oroxilia.com\/contact-copy\/"},"modified":"2026-03-18T15:33:21","modified_gmt":"2026-03-18T14:33:21","slug":"cookies","status":"publish","type":"page","link":"https:\/\/oroxilia.com\/fr\/cookies\/","title":{"rendered":"Politique de cookies"},"content":{"rendered":"<p>[vc_row disable_element=\u00a0\u00bbyes\u00a0\u00bb][vc_column][vc_raw_html]JTNDc2NyaXB0JTBBJTIwJTIwaWQlM0QlMjJDb29raWVEZWNsYXJhdGlvbiUyMiUwQSUyMCUyMGRhdGEtY3VsdHVyZSUzRCUyMmZyJTIyJTBBJTIwJTIwdHlwZSUzRCUyMnRleHQlMkZqYXZhc2NyaXB0JTIyJTBBJTIwJTIwc3JjJTNEJTIyaHR0cHMlM0ElMkYlMkZjb25zZW50LmNvb2tpZWJvdC5jb20lMkZlMjIxMGFkZS02YzZlLTQwOGItYTViYS00NDYxNmNjODdkZTMlMkZjZC5qcyUyMiUwQSUyMCUyMGFzeW5jJTBBJTNFJTNDJTJGc2NyaXB0JTNF[\/vc_raw_html][\/vc_column][\/vc_row][vc_row][vc_column][vc_column_text css=\u00a0\u00bb.vc_custom_1676622257746{margin-bottom: 40px !important;}\u00a0\u00bb]Vous pouvez d\u00e9sactiver le stockage des cookies en configurant votre navigateur. Vous pouvez \u00e9galement, \u00e0 tout moment, supprimer les cookies qui ont \u00e9t\u00e9 r\u00e9activ\u00e9s.<\/p>\n<p>Pour la gestion des cookies et de vos choix, la configuration de chaque navigateur est diff\u00e9rente. Elle est d\u00e9crite dans le menu d&rsquo;aide de votre navigateur.<\/p>\n<ul>\n<li><strong><a href=\"https:\/\/support.microsoft.com\/fr-fr\/windows\/supprimer-et-g%C3%A9rer-les-cookies-168dab11-0753-043d-7c16-ede5947fc64d\" target=\"_blank\" rel=\"noopener\">Trouvez ici de l&rsquo;aide pour le navigateur Edge<\/a>.<\/strong><\/li>\n<li><strong><a href=\"https:\/\/support.apple.com\/fr-be\/guide\/safari\/sfri11471\/mac\" target=\"_blank\" rel=\"noopener\">Trouvez ici de l&rsquo;aide pour le navigateur Safari<\/a>.<\/strong><\/li>\n<li><strong><a href=\"https:\/\/support.google.com\/chrome\/answer\/95647?hl=fr&amp;hlrm=en\" target=\"_blank\" rel=\"noopener\">Trouvez ici de l&rsquo;aide pour le navigateur Chrome<\/a>.<\/strong><\/li>\n<li><strong><a href=\"https:\/\/support.mozilla.org\/fr\/kb\/protection-renforcee-contre-pistage-firefox-ordinateur\" target=\"_blank\" rel=\"noopener\">Trouvez ici de l&rsquo;aide pour le navigateur Firefox<\/a>.<\/strong><\/li>\n<li><strong><a href=\"https:\/\/help.opera.com\/en\/latest\/web-preferences\/#cookies\" target=\"_blank\" rel=\"noopener\">Trouvez ici de l&rsquo;aide pour le navigateur Opera<\/a>.<\/strong><\/li>\n<\/ul>\n<p>&nbsp;<\/p>\n<p>Pour les autres navigateurs : veuillez vous r\u00e9f\u00e9rer \u00e0 l\u2019aide de votre navigateur ou aller sur le site de son \u00e9diteur.<\/p>\n<p>La d\u00e9sactivation compl\u00e8te des cookies peut entra\u00eener des perturbations sur le fonctionnement du site d&rsquo;Oroxilia.[\/vc_column_text][\/vc_column][\/vc_row]<\/p>\n","protected":false},"excerpt":{"rendered":"<p>[vc_row disable_element=\u00a0\u00bbyes\u00a0\u00bb][vc_column][vc_raw_html]JTNDc2NyaXB0JTBBJTIwJTIwaWQlM0QlMjJDb29raWVEZWNsYXJhdGlvbiUyMiUwQSUyMCUyMGRhdGEtY3VsdHVyZSUzRCUyMmZyJTIyJTBBJTIwJTIwdHlwZSUzRCUyMnRleHQlMkZqYXZhc2NyaXB0JTIyJTBBJTIwJTIwc3JjJTNEJTIyaHR0cHMlM0ElMkYlMkZjb25zZW50LmNvb2tpZWJvdC5jb20lMkZlMjIxMGFkZS02YzZlLTQwOGItYTViYS00NDYxNmNjODdkZTMlMkZjZC5qcyUyMiUwQSUyMCUyMGFzeW5jJTBBJTNFJTNDJTJGc2NyaXB0JTNF[\/vc_raw_html][\/vc_column][\/vc_row][vc_row][vc_column][vc_column_text css=\u00a0\u00bb.vc_custom_1676622257746{margin-bottom: 40px !important;}\u00a0\u00bb]Vous pouvez d\u00e9sactiver le stockage des cookies en configurant votre navigateur. Vous pouvez \u00e9galement, \u00e0 tout moment, supprimer les cookies qui ont \u00e9t\u00e9 r\u00e9activ\u00e9s. Pour la gestion des cookies et de vos choix, la configuration de chaque navigateur est diff\u00e9rente. Elle est d\u00e9crite dans le menu d&rsquo;aide de votre navigateur. Trouvez [&hellip;]<\/p>\n","protected":false},"author":3,"featured_media":0,"parent":0,"menu_order":0,"comment_status":"closed","ping_status":"closed","template":"","meta":{"footnotes":""},"class_list":["post-4014","page","type-page","status-publish","hentry"],"yoast_head":"<!-- This site is optimized with the Yoast SEO plugin v25.9 - https:\/\/yoast.com\/wordpress\/plugins\/seo\/ -->\n<title>Cookies - Oroxilia<\/title>\n<meta name=\"description\" content=\"Vous souhaitez plus d&#039;informations sur les solutions de gestion d&#039;entrep\u00f4ts (WMS), de distribution (TMS), d&#039;\u00e9changes (EDI) ou Last Mile ? Contactez-nous.\" \/>\n<meta name=\"robots\" content=\"noindex, nofollow\" \/>\n<meta property=\"og:locale\" content=\"fr_FR\" \/>\n<meta property=\"og:type\" content=\"article\" \/>\n<meta property=\"og:title\" content=\"Cookies - Oroxilia\" \/>\n<meta property=\"og:description\" content=\"Vous souhaitez plus d&#039;informations sur les solutions de gestion d&#039;entrep\u00f4ts (WMS), de distribution (TMS), d&#039;\u00e9changes (EDI) ou Last Mile ? Contactez-nous.\" \/>\n<meta property=\"og:url\" content=\"https:\/\/oroxilia.com\/fr\/cookies\/\" \/>\n<meta property=\"og:site_name\" content=\"Oroxilia\" \/>\n<meta property=\"article:modified_time\" content=\"2026-03-18T14:33:21+00:00\" \/>\n<meta name=\"twitter:card\" content=\"summary_large_image\" \/>\n<meta name=\"twitter:label1\" content=\"Dur\u00e9e de lecture estim\u00e9e\" \/>\n\t<meta name=\"twitter:data1\" content=\"1 minute\" \/>\n<script type=\"application\/ld+json\" class=\"yoast-schema-graph\">{\"@context\":\"https:\/\/schema.org\",\"@graph\":[{\"@type\":\"WebPage\",\"@id\":\"https:\/\/oroxilia.com\/fr\/cookies\/\",\"url\":\"https:\/\/oroxilia.com\/fr\/cookies\/\",\"name\":\"Cookies - Oroxilia\",\"isPartOf\":{\"@id\":\"https:\/\/oroxilia.com\/fr\/#website\"},\"datePublished\":\"2023-01-09T12:52:38+00:00\",\"dateModified\":\"2026-03-18T14:33:21+00:00\",\"description\":\"Vous souhaitez plus d'informations sur les solutions de gestion d'entrep\u00f4ts (WMS), de distribution (TMS), d'\u00e9changes (EDI) ou Last Mile ? Contactez-nous.\",\"breadcrumb\":{\"@id\":\"https:\/\/oroxilia.com\/fr\/cookies\/#breadcrumb\"},\"inLanguage\":\"fr-FR\",\"potentialAction\":[{\"@type\":\"ReadAction\",\"target\":[\"https:\/\/oroxilia.com\/fr\/cookies\/\"]}]},{\"@type\":\"BreadcrumbList\",\"@id\":\"https:\/\/oroxilia.com\/fr\/cookies\/#breadcrumb\",\"itemListElement\":[{\"@type\":\"ListItem\",\"position\":1,\"name\":\"Accueil\",\"item\":\"https:\/\/oroxilia.com\/fr\/\"},{\"@type\":\"ListItem\",\"position\":2,\"name\":\"Politique de cookies\"}]},{\"@type\":\"WebSite\",\"@id\":\"https:\/\/oroxilia.com\/fr\/#website\",\"url\":\"https:\/\/oroxilia.com\/fr\/\",\"name\":\"Oroxilia\",\"description\":\"\",\"potentialAction\":[{\"@type\":\"SearchAction\",\"target\":{\"@type\":\"EntryPoint\",\"urlTemplate\":\"https:\/\/oroxilia.com\/fr\/?s={search_term_string}\"},\"query-input\":{\"@type\":\"PropertyValueSpecification\",\"valueRequired\":true,\"valueName\":\"search_term_string\"}}],\"inLanguage\":\"fr-FR\"}]}<\/script>\n<!-- \/ Yoast SEO plugin. -->","yoast_head_json":{"title":"Cookies - Oroxilia","description":"Vous souhaitez plus d'informations sur les solutions de gestion d'entrep\u00f4ts (WMS), de distribution (TMS), d'\u00e9changes (EDI) ou Last Mile ? Contactez-nous.","robots":{"index":"noindex","follow":"nofollow"},"og_locale":"fr_FR","og_type":"article","og_title":"Cookies - Oroxilia","og_description":"Vous souhaitez plus d'informations sur les solutions de gestion d'entrep\u00f4ts (WMS), de distribution (TMS), d'\u00e9changes (EDI) ou Last Mile ? Contactez-nous.","og_url":"https:\/\/oroxilia.com\/fr\/cookies\/","og_site_name":"Oroxilia","article_modified_time":"2026-03-18T14:33:21+00:00","twitter_card":"summary_large_image","twitter_misc":{"Dur\u00e9e de lecture estim\u00e9e":"1 minute"},"schema":{"@context":"https:\/\/schema.org","@graph":[{"@type":"WebPage","@id":"https:\/\/oroxilia.com\/fr\/cookies\/","url":"https:\/\/oroxilia.com\/fr\/cookies\/","name":"Cookies - Oroxilia","isPartOf":{"@id":"https:\/\/oroxilia.com\/fr\/#website"},"datePublished":"2023-01-09T12:52:38+00:00","dateModified":"2026-03-18T14:33:21+00:00","description":"Vous souhaitez plus d'informations sur les solutions de gestion d'entrep\u00f4ts (WMS), de distribution (TMS), d'\u00e9changes (EDI) ou Last Mile ? Contactez-nous.","breadcrumb":{"@id":"https:\/\/oroxilia.com\/fr\/cookies\/#breadcrumb"},"inLanguage":"fr-FR","potentialAction":[{"@type":"ReadAction","target":["https:\/\/oroxilia.com\/fr\/cookies\/"]}]},{"@type":"BreadcrumbList","@id":"https:\/\/oroxilia.com\/fr\/cookies\/#breadcrumb","itemListElement":[{"@type":"ListItem","position":1,"name":"Accueil","item":"https:\/\/oroxilia.com\/fr\/"},{"@type":"ListItem","position":2,"name":"Politique de cookies"}]},{"@type":"WebSite","@id":"https:\/\/oroxilia.com\/fr\/#website","url":"https:\/\/oroxilia.com\/fr\/","name":"Oroxilia","description":"","potentialAction":[{"@type":"SearchAction","target":{"@type":"EntryPoint","urlTemplate":"https:\/\/oroxilia.com\/fr\/?s={search_term_string}"},"query-input":{"@type":"PropertyValueSpecification","valueRequired":true,"valueName":"search_term_string"}}],"inLanguage":"fr-FR"}]}},"_links":{"self":[{"href":"https:\/\/oroxilia.com\/fr\/wp-json\/wp\/v2\/pages\/4014","targetHints":{"allow":["GET"]}}],"collection":[{"href":"https:\/\/oroxilia.com\/fr\/wp-json\/wp\/v2\/pages"}],"about":[{"href":"https:\/\/oroxilia.com\/fr\/wp-json\/wp\/v2\/types\/page"}],"author":[{"embeddable":true,"href":"https:\/\/oroxilia.com\/fr\/wp-json\/wp\/v2\/users\/3"}],"replies":[{"embeddable":true,"href":"https:\/\/oroxilia.com\/fr\/wp-json\/wp\/v2\/comments?post=4014"}],"version-history":[{"count":20,"href":"https:\/\/oroxilia.com\/fr\/wp-json\/wp\/v2\/pages\/4014\/revisions"}],"predecessor-version":[{"id":5247,"href":"https:\/\/oroxilia.com\/fr\/wp-json\/wp\/v2\/pages\/4014\/revisions\/5247"}],"wp:attachment":[{"href":"https:\/\/oroxilia.com\/fr\/wp-json\/wp\/v2\/media?parent=4014"}],"curies":[{"name":"wp","href":"https:\/\/api.w.org\/{rel}","templated":true}]}}