{"id":3969,"date":"2022-08-29T11:37:46","date_gmt":"2022-08-29T09:37:46","guid":{"rendered":"https:\/\/oroxilia.com\/blueyonder-copy-3\/"},"modified":"2023-01-31T17:03:23","modified_gmt":"2023-01-31T16:03:23","slug":"accreditations-memberships","status":"publish","type":"page","link":"https:\/\/oroxilia.com\/fr\/accreditations-memberships\/","title":{"rendered":"Accr\u00e9ditations et memberships"},"content":{"rendered":"<p>[vc_row css=\u00a0\u00bb.vc_custom_1653904260968{margin-bottom: 40px !important;}\u00a0\u00bb][vc_column]<div class='rb_textmodule_69ea287f8d253 rb_textmodule with_subtitle'><div class='rb_textmodule_info_wrapper'><h2 class='rb_textmodule_title has_divider'>Accr\u00e9ditations<span class='rb_textmodule_divider'><\/span><\/h2><\/div><\/div>[\/vc_column][vc_column el_class=\u00a0\u00bbvignette-border\u00a0\u00bb css=\u00a0\u00bb.vc_custom_1661767312344{margin-top: 30px !important;margin-right: 30px !important;margin-bottom: 30px !important;margin-left: 30px !important;}\u00a0\u00bb]<div class='rb_textmodule_69ea287f8dc3b rb_textmodule with_subtitle'><div class='rb_textmodule_info_wrapper'><div class='rb_textmodule_content_wrapper'><p><img loading=\"lazy\" decoding=\"async\" class=\"size-medium wp-image-3775 alignleft\" src=\"https:\/\/oroxilia.com\/wp-content\/uploads\/2022\/05\/logo-blueyonder-300x157.jpeg\" alt=\"Solutions WMS et TMS Blue Yonder\" width=\"300\" height=\"157\" srcset=\"https:\/\/oroxilia.com\/wp-content\/uploads\/2022\/05\/logo-blueyonder-300x157.jpeg 300w, https:\/\/oroxilia.com\/wp-content\/uploads\/2022\/05\/logo-blueyonder-1024x535.jpeg 1024w, https:\/\/oroxilia.com\/wp-content\/uploads\/2022\/05\/logo-blueyonder-768x401.jpeg 768w, https:\/\/oroxilia.com\/wp-content\/uploads\/2022\/05\/logo-blueyonder.jpeg 1200w\" sizes=\"auto, (max-width: 300px) 100vw, 300px\" \/>Depuis 2022, Oroxilia est partenaire accr\u00e9dit\u00e9 pour la solution de gestion d&rsquo;entrep\u00f4t de Blue Yonder. Cela signifie pour une entreprise comme la n\u00f4tre :<\/p>\n<ul>\n<li>Une reconnaissance des comp\u00e9tences de nos \u00e9quipes et de leur ma\u00eetrise de la solution WMS Blue Yonder.<\/li>\n<li>Une image renforc\u00e9e, valoris\u00e9e aux yeux de futurs clients qui voudraient confier leurs projets \u00e0 Oroxilia.<\/li>\n<li>Une diff\u00e9renciation par rapport aux autres partenaires de Blue Yonder.<\/li>\n<\/ul>\n\n<\/div><\/div><\/div>[\/vc_column][vc_column]<div class='rb_textmodule_69ea287f8e8c4 rb_textmodule with_subtitle'><div class='rb_textmodule_info_wrapper'><h2 class='rb_textmodule_title has_divider'>Memberships<span class='rb_textmodule_divider'><\/span><\/h2><\/div><\/div>[\/vc_column][vc_column el_class=\u00a0\u00bbvignette-border\u00a0\u00bb css=\u00a0\u00bb.vc_custom_1661767327919{margin-top: 30px !important;margin-right: 30px !important;margin-bottom: 30px !important;margin-left: 30px !important;}\u00a0\u00bb]<div class='rb_textmodule_69ea287f8eaa7 rb_textmodule with_subtitle'><div class='rb_textmodule_info_wrapper'><div class='rb_textmodule_content_wrapper'><p style=\"text-align: left;\"><img loading=\"lazy\" decoding=\"async\" class=\"size-medium wp-image-3971 alignleft\" src=\"https:\/\/oroxilia.com\/wp-content\/uploads\/2022\/08\/logisticsinwallonia-logo-300x182.png\" alt=\"Transport, Logistique et Mobilit\u00e9 en Wallonie\" width=\"300\" height=\"182\" srcset=\"https:\/\/oroxilia.com\/wp-content\/uploads\/2022\/08\/logisticsinwallonia-logo-300x182.png 300w, https:\/\/oroxilia.com\/wp-content\/uploads\/2022\/08\/logisticsinwallonia-logo-1024x620.png 1024w, https:\/\/oroxilia.com\/wp-content\/uploads\/2022\/08\/logisticsinwallonia-logo-768x465.png 768w, https:\/\/oroxilia.com\/wp-content\/uploads\/2022\/08\/logisticsinwallonia-logo-1536x931.png 1536w, https:\/\/oroxilia.com\/wp-content\/uploads\/2022\/08\/logisticsinwallonia-logo.png 1753w\" sizes=\"auto, (max-width: 300px) 100vw, 300px\" \/>Logistics in Wallonia est le P\u00f4le de Comp\u00e9titivit\u00e9 d\u00e9di\u00e9 au secteur Transport, Logistique et Mobilit\u00e9 en Wallonie qui a pour but de renforcer et de p\u00e9renniser l\u2019attractivit\u00e9 logistique de la r\u00e9gion.<\/p>\n<p>Oroxilia est membre Logistics in Wallonia depuis 2017. Nous sommes tr\u00e8s heureux de faire partie de ce r\u00e9seau qui r\u00e9unit aujourd&rsquo;hui plus de 300 professionnels.<\/p>\n<\/div><\/div><\/div>[\/vc_column][\/vc_row]<\/p>\n","protected":false},"excerpt":{"rendered":"<p>[vc_row css=\u00a0\u00bb.vc_custom_1653904260968{margin-bottom: 40px !important;}\u00a0\u00bb][vc_column][\/vc_column][vc_column el_class=\u00a0\u00bbvignette-border\u00a0\u00bb css=\u00a0\u00bb.vc_custom_1661767312344{margin-top: 30px !important;margin-right: 30px !important;margin-bottom: 30px !important;margin-left: 30px !important;}\u00a0\u00bb][\/vc_column][vc_column][\/vc_column][vc_column el_class=\u00a0\u00bbvignette-border\u00a0\u00bb css=\u00a0\u00bb.vc_custom_1661767327919{margin-top: 30px !important;margin-right: 30px !important;margin-bottom: 30px !important;margin-left: 30px !important;}\u00a0\u00bb][\/vc_column][\/vc_row]<\/p>\n","protected":false},"author":3,"featured_media":0,"parent":0,"menu_order":0,"comment_status":"closed","ping_status":"closed","template":"","meta":{"footnotes":""},"class_list":["post-3969","page","type-page","status-publish","hentry"],"yoast_head":"<!-- This site is optimized with the Yoast SEO plugin v25.9 - https:\/\/yoast.com\/wordpress\/plugins\/seo\/ -->\n<title>Nos accr\u00e9ditations et adh\u00e9sions - Oroxilia, int\u00e9grateur logistique<\/title>\n<meta name=\"description\" content=\"En tant que membre actif du secteur de la logistique, Oroxilia a des accr\u00e9ditations et est membre de r\u00e9seaux, groupements d&#039;entreprises.\" \/>\n<meta name=\"robots\" content=\"index, follow, max-snippet:-1, max-image-preview:large, max-video-preview:-1\" \/>\n<link rel=\"canonical\" href=\"https:\/\/oroxilia.com\/fr\/accreditations-memberships\/\" \/>\n<meta property=\"og:locale\" content=\"fr_FR\" \/>\n<meta property=\"og:type\" content=\"article\" \/>\n<meta property=\"og:title\" content=\"Nos accr\u00e9ditations et adh\u00e9sions - Oroxilia, int\u00e9grateur logistique\" \/>\n<meta property=\"og:description\" content=\"En tant que membre actif du secteur de la logistique, Oroxilia a des accr\u00e9ditations et est membre de r\u00e9seaux, groupements d&#039;entreprises.\" \/>\n<meta property=\"og:url\" content=\"https:\/\/oroxilia.com\/fr\/accreditations-memberships\/\" \/>\n<meta property=\"og:site_name\" content=\"Oroxilia\" \/>\n<meta property=\"article:modified_time\" content=\"2023-01-31T16:03:23+00:00\" \/>\n<meta property=\"og:image\" content=\"https:\/\/oroxilia.com\/wp-content\/uploads\/2022\/05\/logo-blueyonder-300x157.jpeg\" \/>\n<meta name=\"twitter:card\" content=\"summary_large_image\" \/>\n<meta name=\"twitter:label1\" content=\"Dur\u00e9e de lecture estim\u00e9e\" \/>\n\t<meta name=\"twitter:data1\" content=\"2 minutes\" \/>\n<script type=\"application\/ld+json\" class=\"yoast-schema-graph\">{\"@context\":\"https:\/\/schema.org\",\"@graph\":[{\"@type\":\"WebPage\",\"@id\":\"https:\/\/oroxilia.com\/fr\/accreditations-memberships\/\",\"url\":\"https:\/\/oroxilia.com\/fr\/accreditations-memberships\/\",\"name\":\"Nos accr\u00e9ditations et adh\u00e9sions - Oroxilia, int\u00e9grateur logistique\",\"isPartOf\":{\"@id\":\"https:\/\/oroxilia.com\/fr\/#website\"},\"primaryImageOfPage\":{\"@id\":\"https:\/\/oroxilia.com\/fr\/accreditations-memberships\/#primaryimage\"},\"image\":{\"@id\":\"https:\/\/oroxilia.com\/fr\/accreditations-memberships\/#primaryimage\"},\"thumbnailUrl\":\"https:\/\/oroxilia.com\/wp-content\/uploads\/2022\/05\/logo-blueyonder-300x157.jpeg\",\"datePublished\":\"2022-08-29T09:37:46+00:00\",\"dateModified\":\"2023-01-31T16:03:23+00:00\",\"description\":\"En tant que membre actif du secteur de la logistique, Oroxilia a des accr\u00e9ditations et est membre de r\u00e9seaux, groupements d'entreprises.\",\"breadcrumb\":{\"@id\":\"https:\/\/oroxilia.com\/fr\/accreditations-memberships\/#breadcrumb\"},\"inLanguage\":\"fr-FR\",\"potentialAction\":[{\"@type\":\"ReadAction\",\"target\":[\"https:\/\/oroxilia.com\/fr\/accreditations-memberships\/\"]}]},{\"@type\":\"ImageObject\",\"inLanguage\":\"fr-FR\",\"@id\":\"https:\/\/oroxilia.com\/fr\/accreditations-memberships\/#primaryimage\",\"url\":\"https:\/\/oroxilia.com\/wp-content\/uploads\/2022\/05\/logo-blueyonder-300x157.jpeg\",\"contentUrl\":\"https:\/\/oroxilia.com\/wp-content\/uploads\/2022\/05\/logo-blueyonder-300x157.jpeg\"},{\"@type\":\"BreadcrumbList\",\"@id\":\"https:\/\/oroxilia.com\/fr\/accreditations-memberships\/#breadcrumb\",\"itemListElement\":[{\"@type\":\"ListItem\",\"position\":1,\"name\":\"Accueil\",\"item\":\"https:\/\/oroxilia.com\/fr\/\"},{\"@type\":\"ListItem\",\"position\":2,\"name\":\"Accr\u00e9ditations et memberships\"}]},{\"@type\":\"WebSite\",\"@id\":\"https:\/\/oroxilia.com\/fr\/#website\",\"url\":\"https:\/\/oroxilia.com\/fr\/\",\"name\":\"Oroxilia\",\"description\":\"\",\"potentialAction\":[{\"@type\":\"SearchAction\",\"target\":{\"@type\":\"EntryPoint\",\"urlTemplate\":\"https:\/\/oroxilia.com\/fr\/?s={search_term_string}\"},\"query-input\":{\"@type\":\"PropertyValueSpecification\",\"valueRequired\":true,\"valueName\":\"search_term_string\"}}],\"inLanguage\":\"fr-FR\"}]}<\/script>\n<!-- \/ Yoast SEO plugin. -->","yoast_head_json":{"title":"Nos accr\u00e9ditations et adh\u00e9sions - Oroxilia, int\u00e9grateur logistique","description":"En tant que membre actif du secteur de la logistique, Oroxilia a des accr\u00e9ditations et est membre de r\u00e9seaux, groupements d'entreprises.","robots":{"index":"index","follow":"follow","max-snippet":"max-snippet:-1","max-image-preview":"max-image-preview:large","max-video-preview":"max-video-preview:-1"},"canonical":"https:\/\/oroxilia.com\/fr\/accreditations-memberships\/","og_locale":"fr_FR","og_type":"article","og_title":"Nos accr\u00e9ditations et adh\u00e9sions - Oroxilia, int\u00e9grateur logistique","og_description":"En tant que membre actif du secteur de la logistique, Oroxilia a des accr\u00e9ditations et est membre de r\u00e9seaux, groupements d'entreprises.","og_url":"https:\/\/oroxilia.com\/fr\/accreditations-memberships\/","og_site_name":"Oroxilia","article_modified_time":"2023-01-31T16:03:23+00:00","og_image":[{"url":"https:\/\/oroxilia.com\/wp-content\/uploads\/2022\/05\/logo-blueyonder-300x157.jpeg","type":"","width":"","height":""}],"twitter_card":"summary_large_image","twitter_misc":{"Dur\u00e9e de lecture estim\u00e9e":"2 minutes"},"schema":{"@context":"https:\/\/schema.org","@graph":[{"@type":"WebPage","@id":"https:\/\/oroxilia.com\/fr\/accreditations-memberships\/","url":"https:\/\/oroxilia.com\/fr\/accreditations-memberships\/","name":"Nos accr\u00e9ditations et adh\u00e9sions - Oroxilia, int\u00e9grateur logistique","isPartOf":{"@id":"https:\/\/oroxilia.com\/fr\/#website"},"primaryImageOfPage":{"@id":"https:\/\/oroxilia.com\/fr\/accreditations-memberships\/#primaryimage"},"image":{"@id":"https:\/\/oroxilia.com\/fr\/accreditations-memberships\/#primaryimage"},"thumbnailUrl":"https:\/\/oroxilia.com\/wp-content\/uploads\/2022\/05\/logo-blueyonder-300x157.jpeg","datePublished":"2022-08-29T09:37:46+00:00","dateModified":"2023-01-31T16:03:23+00:00","description":"En tant que membre actif du secteur de la logistique, Oroxilia a des accr\u00e9ditations et est membre de r\u00e9seaux, groupements d'entreprises.","breadcrumb":{"@id":"https:\/\/oroxilia.com\/fr\/accreditations-memberships\/#breadcrumb"},"inLanguage":"fr-FR","potentialAction":[{"@type":"ReadAction","target":["https:\/\/oroxilia.com\/fr\/accreditations-memberships\/"]}]},{"@type":"ImageObject","inLanguage":"fr-FR","@id":"https:\/\/oroxilia.com\/fr\/accreditations-memberships\/#primaryimage","url":"https:\/\/oroxilia.com\/wp-content\/uploads\/2022\/05\/logo-blueyonder-300x157.jpeg","contentUrl":"https:\/\/oroxilia.com\/wp-content\/uploads\/2022\/05\/logo-blueyonder-300x157.jpeg"},{"@type":"BreadcrumbList","@id":"https:\/\/oroxilia.com\/fr\/accreditations-memberships\/#breadcrumb","itemListElement":[{"@type":"ListItem","position":1,"name":"Accueil","item":"https:\/\/oroxilia.com\/fr\/"},{"@type":"ListItem","position":2,"name":"Accr\u00e9ditations et memberships"}]},{"@type":"WebSite","@id":"https:\/\/oroxilia.com\/fr\/#website","url":"https:\/\/oroxilia.com\/fr\/","name":"Oroxilia","description":"","potentialAction":[{"@type":"SearchAction","target":{"@type":"EntryPoint","urlTemplate":"https:\/\/oroxilia.com\/fr\/?s={search_term_string}"},"query-input":{"@type":"PropertyValueSpecification","valueRequired":true,"valueName":"search_term_string"}}],"inLanguage":"fr-FR"}]}},"_links":{"self":[{"href":"https:\/\/oroxilia.com\/fr\/wp-json\/wp\/v2\/pages\/3969","targetHints":{"allow":["GET"]}}],"collection":[{"href":"https:\/\/oroxilia.com\/fr\/wp-json\/wp\/v2\/pages"}],"about":[{"href":"https:\/\/oroxilia.com\/fr\/wp-json\/wp\/v2\/types\/page"}],"author":[{"embeddable":true,"href":"https:\/\/oroxilia.com\/fr\/wp-json\/wp\/v2\/users\/3"}],"replies":[{"embeddable":true,"href":"https:\/\/oroxilia.com\/fr\/wp-json\/wp\/v2\/comments?post=3969"}],"version-history":[{"count":1,"href":"https:\/\/oroxilia.com\/fr\/wp-json\/wp\/v2\/pages\/3969\/revisions"}],"predecessor-version":[{"id":3974,"href":"https:\/\/oroxilia.com\/fr\/wp-json\/wp\/v2\/pages\/3969\/revisions\/3974"}],"wp:attachment":[{"href":"https:\/\/oroxilia.com\/fr\/wp-json\/wp\/v2\/media?parent=3969"}],"curies":[{"name":"wp","href":"https:\/\/api.w.org\/{rel}","templated":true}]}}