{"id":3847,"date":"2022-06-07T12:24:01","date_gmt":"2022-06-07T10:24:01","guid":{"rendered":"https:\/\/oroxilia.com\/ressources-copy\/"},"modified":"2024-01-03T15:04:11","modified_gmt":"2024-01-03T14:04:11","slug":"news","status":"publish","type":"page","link":"https:\/\/oroxilia.com\/fr\/news\/","title":{"rendered":"News"},"content":{"rendered":"<p>[vc_row][vc_column]<div class='rb_textmodule_69e11d991eaba rb_textmodule with_subtitle align_right vignette-border'><div class='rb_textmodule_info_wrapper'><div class='rb_textmodule_content_wrapper'><h2 style=\"text-align: center;\">Retrouvez Oroxilia au salon europ\u00e9en du retail<\/h2>\n<p style=\"text-align: center;\">25 novembre 2023<\/p>\n<p style=\"text-align: left;\"><span style=\"font-weight: 400;\"><img loading=\"lazy\" decoding=\"async\" class=\"aligncenter wp-image-4606 size-medium\" src=\"https:\/\/oroxilia.com\/wp-content\/uploads\/2023\/12\/oroxilia-salon-retail-300x300.jpg\" alt=\"oroxilia-salon-retail\" width=\"300\" height=\"300\" srcset=\"https:\/\/oroxilia.com\/wp-content\/uploads\/2023\/12\/oroxilia-salon-retail-300x300.jpg 300w, https:\/\/oroxilia.com\/wp-content\/uploads\/2023\/12\/oroxilia-salon-retail-150x150.jpg 150w, https:\/\/oroxilia.com\/wp-content\/uploads\/2023\/12\/oroxilia-salon-retail-768x768.jpg 768w, https:\/\/oroxilia.com\/wp-content\/uploads\/2023\/12\/oroxilia-salon-retail.jpg 800w\" sizes=\"auto, (max-width: 300px) 100vw, 300px\" \/> <\/span><\/p>\n<p style=\"text-align: left;\"><span style=\"font-weight: 400;\">Les salons professionnels s\u2019encha\u00eenent. \ud83d\ude0a La semaine prochaine, nous serons au salon europ\u00e9en du retail, le\u00a0<a href=\"https:\/\/www.techforretail.com\" target=\"_blank\" rel=\"noopener\" data-attribute-index=\"0\" data-entity-type=\"MINI_COMPANY\">Tech for Retail<\/a>\u00a0\u00e0 Paris.<\/span><\/p>\n<p style=\"text-align: left;\">En tant que partenaire de\u00a0<a href=\"https:\/\/blueyonder.com\/fr\/fr\/\" target=\"_blank\" rel=\"noopener\" data-attribute-index=\"2\" data-entity-type=\"MINI_COMPANY\">Blue Yonder<\/a>\u00a0et\u00a0<a href=\"https:\/\/www.netlogistik.com\/en\/\" target=\"_blank\" rel=\"noopener\" data-attribute-index=\"4\" data-entity-type=\"MINI_COMPANY\">Netlogistik<\/a>\u00a0pour le march\u00e9 fran\u00e7ais et B\u00e9n\u00e9lux, nous serons pr\u00e9sents pour \u00e9changer avec vous, comprendre vos besoins et vous faire profiter de notre expertise de 20 ans dans les projets logistiques.<\/p>\n<p style=\"text-align: left;\">\ud83d\udc49 Contactez\u00a0<a href=\"https:\/\/oroxilia.com\/fr\/contact\/\" data-attribute-index=\"6\" data-entity-type=\"MINI_PROFILE\">Jean-Paul Parmentier<\/a>\u00a0d\u00e8s maintenant pour prendre rendez-vous.<\/p>\n<p style=\"text-align: left;\">\ud83d\udccc Paris, porte de Versailles, les 28 et 29 novembre prochain.<\/p>\n\n<\/div><\/div><\/div>[\/vc_column][\/vc_row][vc_row][vc_column]<div class='rb_textmodule_69e11d991f50b rb_textmodule with_subtitle align_right vignette-border'><div class='rb_textmodule_info_wrapper'><div class='rb_textmodule_content_wrapper'><h2 style=\"text-align: center;\">Oroxilia reconnu comme partenaire de qualit\u00e9 par Blue Yonder.<\/h2>\n<p><img loading=\"lazy\" decoding=\"async\" class=\" wp-image-3574 alignleft\" src=\"https:\/\/oroxilia.com\/wp-content\/uploads\/2021\/08\/img-signature-logo-oroxilia.jpg\" alt=\"\" width=\"195\" height=\"165\" \/><\/p>\n<p><img loading=\"lazy\" decoding=\"async\" class=\"size-medium wp-image-3775 alignright\" src=\"https:\/\/oroxilia.com\/wp-content\/uploads\/2022\/05\/logo-blueyonder-300x157.jpeg\" alt=\"Solutions WMS et TMS Blue Yonder\" width=\"300\" height=\"157\" srcset=\"https:\/\/oroxilia.com\/wp-content\/uploads\/2022\/05\/logo-blueyonder-300x157.jpeg 300w, https:\/\/oroxilia.com\/wp-content\/uploads\/2022\/05\/logo-blueyonder-1024x535.jpeg 1024w, https:\/\/oroxilia.com\/wp-content\/uploads\/2022\/05\/logo-blueyonder-768x401.jpeg 768w, https:\/\/oroxilia.com\/wp-content\/uploads\/2022\/05\/logo-blueyonder.jpeg 1200w\" sizes=\"auto, (max-width: 300px) 100vw, 300px\" \/><\/p>\n<p style=\"text-align: center;\">22 ao\u00fbt 2022<\/p>\n<p style=\"text-align: left;\"><span style=\"font-weight: 400;\">\u00ab\u00a0F\u00e9licitations ! <\/span><span style=\"font-weight: 400;\">Nous avons le plaisir de reconna\u00eetre Oroxilia comme partenaire accr\u00e9dit\u00e9 de Blue Yonder Company pour la solution Warehouse Management System. Ceci est une reconnaissance des comp\u00e9tences de vos associ\u00e9s et de leur ma\u00eetrise de nos solutions. Cette accr\u00e9ditation permet aux clients de choisir Oroxilia en toute confiance pour leurs projets, donne \u00e0 Blue Yonder Sales les moyens de promouvoir Oroxilia aupr\u00e8s des clients et diff\u00e9rencie Oroxilia des autres partenaires.<\/span><\/p>\n<p style=\"text-align: left;\"><span style=\"font-weight: 400;\">Nous vous remercions de votre partenariat et nous nous r\u00e9jouissons de l&rsquo;accroissement de notre succ\u00e8s commun.\u00a0\u00bb<\/span><\/p>\n\n<\/div><\/div><\/div>[\/vc_column][\/vc_row][vc_row][vc_column]<div class='rb_textmodule_69e11d991fd14 rb_textmodule with_subtitle align_right vignette-border'><div class='rb_textmodule_info_wrapper'><div class='rb_textmodule_content_wrapper'><h2 style=\"text-align: center;\">Une certification Blue Yonder suppl\u00e9mentaire pour notre \u00e9quipe.<\/h2>\n<p><img loading=\"lazy\" decoding=\"async\" class=\" wp-image-3574 alignleft\" src=\"https:\/\/oroxilia.com\/wp-content\/uploads\/2021\/08\/img-signature-logo-oroxilia.jpg\" alt=\"\" width=\"195\" height=\"165\" \/><\/p>\n<p><img loading=\"lazy\" decoding=\"async\" class=\"size-medium wp-image-3775 alignright\" src=\"https:\/\/oroxilia.com\/wp-content\/uploads\/2022\/05\/logo-blueyonder-300x157.jpeg\" alt=\"Solutions WMS et TMS Blue Yonder\" width=\"300\" height=\"157\" srcset=\"https:\/\/oroxilia.com\/wp-content\/uploads\/2022\/05\/logo-blueyonder-300x157.jpeg 300w, https:\/\/oroxilia.com\/wp-content\/uploads\/2022\/05\/logo-blueyonder-1024x535.jpeg 1024w, https:\/\/oroxilia.com\/wp-content\/uploads\/2022\/05\/logo-blueyonder-768x401.jpeg 768w, https:\/\/oroxilia.com\/wp-content\/uploads\/2022\/05\/logo-blueyonder.jpeg 1200w\" sizes=\"auto, (max-width: 300px) 100vw, 300px\" \/><\/p>\n<p style=\"text-align: center;\">19 ao\u00fbt 2022<\/p>\n<p style=\"font-weight: 400; text-align: left;\">Notre \u00e9quipe de consultants r\u00e9cemment certifi\u00e9s sur le TMS de Blue Yonder a obtenu une certification suppl\u00e9mentaire pour la partie <strong>impl\u00e9mentation de projets TMS<\/strong> Blue Yonder.<\/p>\n<p style=\"font-weight: 400; text-align: left;\">Ces certifications acquises valident la comp\u00e9tence de nos \u00e9quipes.<\/p>\n\n<\/div><\/div><\/div>[\/vc_column][\/vc_row][vc_row][vc_column]<div class='rb_textmodule_69e11d992002d rb_textmodule with_subtitle align_right vignette-border'><div class='rb_textmodule_info_wrapper'><div class='rb_textmodule_content_wrapper'><h2 style=\"text-align: center;\">Certification de 6 consultants suppl\u00e9mentaires sur le TMS Blue Yonder.<\/h2>\n<p><img loading=\"lazy\" decoding=\"async\" class=\" wp-image-3574 alignleft\" src=\"https:\/\/oroxilia.com\/wp-content\/uploads\/2021\/08\/img-signature-logo-oroxilia.jpg\" alt=\"\" width=\"195\" height=\"165\" \/><\/p>\n<p><img loading=\"lazy\" decoding=\"async\" class=\"size-medium wp-image-3775 alignright\" src=\"https:\/\/oroxilia.com\/wp-content\/uploads\/2022\/05\/logo-blueyonder-300x157.jpeg\" alt=\"Solutions WMS et TMS Blue Yonder\" width=\"300\" height=\"157\" srcset=\"https:\/\/oroxilia.com\/wp-content\/uploads\/2022\/05\/logo-blueyonder-300x157.jpeg 300w, https:\/\/oroxilia.com\/wp-content\/uploads\/2022\/05\/logo-blueyonder-1024x535.jpeg 1024w, https:\/\/oroxilia.com\/wp-content\/uploads\/2022\/05\/logo-blueyonder-768x401.jpeg 768w, https:\/\/oroxilia.com\/wp-content\/uploads\/2022\/05\/logo-blueyonder.jpeg 1200w\" sizes=\"auto, (max-width: 300px) 100vw, 300px\" \/><\/p>\n<p style=\"text-align: center;\">11 juillet 2022<\/p>\n<p style=\"font-weight: 400; text-align: left;\">Bonne nouvelle : Oroxilia a obtenu la certification pour 6 consultants additionnels sur le TMS de Blue Yonder. Ces ressources r\u00e9cemment certifi\u00e9es s\u2019ajoutent aux 11 personnes d\u00e9j\u00e0 certifi\u00e9es sur le WMS de Blue Yonder. Cette \u00e9quipe multilingue peut collaborer sur des projets clients dans les langues suivantes : fran\u00e7ais, anglais, n\u00e9erlandais et espagnol.<\/p>\n\n<\/div><\/div><\/div>[\/vc_column][\/vc_row][vc_row][vc_column][vc_row_inner equal_height=\u00a0\u00bbyes\u00a0\u00bb][vc_column_inner el_class=\u00a0\u00bbvignette-border\u00a0\u00bb css=\u00a0\u00bb.vc_custom_1633947366684{margin-top: 30px !important;}\u00a0\u00bb]<div class='rb_textmodule_69e11d9920352 rb_textmodule with_subtitle align_center'><div class='rb_textmodule_info_wrapper'><h2 class='rb_textmodule_title has_divider'>Presse<span class='rb_textmodule_divider'><\/span><\/h2><\/div><\/div><div id='rb_image_69e11d992047d' class='rb_image_module background_no_hover' ><div class=\"main_image\"><img decoding=\"async\" class=\"image\" src=\"https:\/\/oroxilia.com\/wp-content\/uploads\/2022\/06\/BlueYonder-Netlogistik-Oroxilia-2.png\" alt=\"\" \/><\/div><\/div><div class='rb_textmodule_69e11d99209d6 rb_textmodule with_subtitle align_center'><div class='rb_textmodule_info_wrapper'><h2 class='rb_textmodule_title '>Partenariat avec Netlogistik<\/h2><div class='rb_textmodule_content_wrapper'><p style=\"text-align: center;\">7 juin 2022<\/p>\n<h3>\u00ab\u00a0Netlogistik et Oroxilia annoncent un partenariat strat\u00e9gique pour la distribution et le support\u00a0de la solution WMS et TMS <strong>Blue Yonder<\/strong> en France et au Belux.\u00a0\u00bb<\/h3>\n\n<\/div><\/div><\/div><div id='rb_button_wrapper_69e11d9920c25' class='rb_button_wrapper '><a id='rb_button_69e11d9920c26' class='rb_button simple medium' href='https:\/\/oroxilia.com\/wp-content\/uploads\/2022\/06\/press-release-Strategic-partnership-With-Netlogistik-Oroxilia-Version-20220519V10-FR.pdf' target=\"_blank\"><span><i class=\"fas fa-arrow-alt-circle-down\"><\/i>Voir le communiqu\u00e9 de presse<\/span><\/a><\/div>[\/vc_column_inner][\/vc_row_inner]<div id='rb_button_wrapper_69e11d9920c8c' class='rb_button_wrapper '><a id='rb_button_69e11d9920c8d' class='rb_button arrow_fade_in large' href='\/contact' ><span>Contacter Oroxilia<\/span><\/a><\/div>[\/vc_column][\/vc_row]<\/p>\n","protected":false},"excerpt":{"rendered":"<p>[vc_row][vc_column][\/vc_column][\/vc_row][vc_row][vc_column][\/vc_column][\/vc_row][vc_row][vc_column][\/vc_column][\/vc_row][vc_row][vc_column][\/vc_column][\/vc_row][vc_row][vc_column][vc_row_inner equal_height=\u00a0\u00bbyes\u00a0\u00bb][vc_column_inner el_class=\u00a0\u00bbvignette-border\u00a0\u00bb css=\u00a0\u00bb.vc_custom_1633947366684{margin-top: 30px !important;}\u00a0\u00bb][\/vc_column_inner][\/vc_row_inner][\/vc_column][\/vc_row]<\/p>\n","protected":false},"author":2,"featured_media":0,"parent":0,"menu_order":0,"comment_status":"closed","ping_status":"closed","template":"","meta":{"footnotes":""},"class_list":["post-3847","page","type-page","status-publish","hentry"],"yoast_head":"<!-- This site is optimized with the Yoast SEO plugin v25.9 - https:\/\/yoast.com\/wordpress\/plugins\/seo\/ -->\n<title>News et communiqu\u00e9s de presse - Oroxilia, int\u00e9grateur logistique<\/title>\n<meta name=\"description\" content=\"Oroxilia met en place des partenariats strat\u00e9giques pour son m\u00e9tier d&#039;int\u00e9grateur logistique. Retrouvez ici les communiqu\u00e9s de presse.\" \/>\n<meta name=\"robots\" content=\"index, follow, max-snippet:-1, max-image-preview:large, max-video-preview:-1\" \/>\n<link rel=\"canonical\" href=\"https:\/\/oroxilia.com\/fr\/news\/\" \/>\n<meta property=\"og:locale\" content=\"fr_FR\" \/>\n<meta property=\"og:type\" content=\"article\" \/>\n<meta property=\"og:title\" content=\"News et communiqu\u00e9s de presse - Oroxilia, int\u00e9grateur logistique\" \/>\n<meta property=\"og:description\" content=\"Oroxilia met en place des partenariats strat\u00e9giques pour son m\u00e9tier d&#039;int\u00e9grateur logistique. Retrouvez ici les communiqu\u00e9s de presse.\" \/>\n<meta property=\"og:url\" content=\"https:\/\/oroxilia.com\/fr\/news\/\" \/>\n<meta property=\"og:site_name\" content=\"Oroxilia\" \/>\n<meta property=\"article:modified_time\" content=\"2024-01-03T14:04:11+00:00\" \/>\n<meta property=\"og:image\" content=\"https:\/\/oroxilia.com\/wp-content\/uploads\/2023\/12\/oroxilia-salon-retail-300x300.jpg\" \/>\n<meta name=\"twitter:card\" content=\"summary_large_image\" \/>\n<meta name=\"twitter:label1\" content=\"Dur\u00e9e de lecture estim\u00e9e\" \/>\n\t<meta name=\"twitter:data1\" content=\"5 minutes\" \/>\n<script type=\"application\/ld+json\" class=\"yoast-schema-graph\">{\"@context\":\"https:\/\/schema.org\",\"@graph\":[{\"@type\":\"WebPage\",\"@id\":\"https:\/\/oroxilia.com\/fr\/news\/\",\"url\":\"https:\/\/oroxilia.com\/fr\/news\/\",\"name\":\"News et communiqu\u00e9s de presse - Oroxilia, int\u00e9grateur logistique\",\"isPartOf\":{\"@id\":\"https:\/\/oroxilia.com\/fr\/#website\"},\"primaryImageOfPage\":{\"@id\":\"https:\/\/oroxilia.com\/fr\/news\/#primaryimage\"},\"image\":{\"@id\":\"https:\/\/oroxilia.com\/fr\/news\/#primaryimage\"},\"thumbnailUrl\":\"https:\/\/oroxilia.com\/wp-content\/uploads\/2023\/12\/oroxilia-salon-retail-300x300.jpg\",\"datePublished\":\"2022-06-07T10:24:01+00:00\",\"dateModified\":\"2024-01-03T14:04:11+00:00\",\"description\":\"Oroxilia met en place des partenariats strat\u00e9giques pour son m\u00e9tier d'int\u00e9grateur logistique. Retrouvez ici les communiqu\u00e9s de presse.\",\"breadcrumb\":{\"@id\":\"https:\/\/oroxilia.com\/fr\/news\/#breadcrumb\"},\"inLanguage\":\"fr-FR\",\"potentialAction\":[{\"@type\":\"ReadAction\",\"target\":[\"https:\/\/oroxilia.com\/fr\/news\/\"]}]},{\"@type\":\"ImageObject\",\"inLanguage\":\"fr-FR\",\"@id\":\"https:\/\/oroxilia.com\/fr\/news\/#primaryimage\",\"url\":\"https:\/\/oroxilia.com\/wp-content\/uploads\/2023\/12\/oroxilia-salon-retail-300x300.jpg\",\"contentUrl\":\"https:\/\/oroxilia.com\/wp-content\/uploads\/2023\/12\/oroxilia-salon-retail-300x300.jpg\"},{\"@type\":\"BreadcrumbList\",\"@id\":\"https:\/\/oroxilia.com\/fr\/news\/#breadcrumb\",\"itemListElement\":[{\"@type\":\"ListItem\",\"position\":1,\"name\":\"Accueil\",\"item\":\"https:\/\/oroxilia.com\/fr\/\"},{\"@type\":\"ListItem\",\"position\":2,\"name\":\"News\"}]},{\"@type\":\"WebSite\",\"@id\":\"https:\/\/oroxilia.com\/fr\/#website\",\"url\":\"https:\/\/oroxilia.com\/fr\/\",\"name\":\"Oroxilia\",\"description\":\"\",\"potentialAction\":[{\"@type\":\"SearchAction\",\"target\":{\"@type\":\"EntryPoint\",\"urlTemplate\":\"https:\/\/oroxilia.com\/fr\/?s={search_term_string}\"},\"query-input\":{\"@type\":\"PropertyValueSpecification\",\"valueRequired\":true,\"valueName\":\"search_term_string\"}}],\"inLanguage\":\"fr-FR\"}]}<\/script>\n<!-- \/ Yoast SEO plugin. -->","yoast_head_json":{"title":"News et communiqu\u00e9s de presse - Oroxilia, int\u00e9grateur logistique","description":"Oroxilia met en place des partenariats strat\u00e9giques pour son m\u00e9tier d'int\u00e9grateur logistique. Retrouvez ici les communiqu\u00e9s de presse.","robots":{"index":"index","follow":"follow","max-snippet":"max-snippet:-1","max-image-preview":"max-image-preview:large","max-video-preview":"max-video-preview:-1"},"canonical":"https:\/\/oroxilia.com\/fr\/news\/","og_locale":"fr_FR","og_type":"article","og_title":"News et communiqu\u00e9s de presse - Oroxilia, int\u00e9grateur logistique","og_description":"Oroxilia met en place des partenariats strat\u00e9giques pour son m\u00e9tier d'int\u00e9grateur logistique. Retrouvez ici les communiqu\u00e9s de presse.","og_url":"https:\/\/oroxilia.com\/fr\/news\/","og_site_name":"Oroxilia","article_modified_time":"2024-01-03T14:04:11+00:00","og_image":[{"url":"https:\/\/oroxilia.com\/wp-content\/uploads\/2023\/12\/oroxilia-salon-retail-300x300.jpg","type":"","width":"","height":""}],"twitter_card":"summary_large_image","twitter_misc":{"Dur\u00e9e de lecture estim\u00e9e":"5 minutes"},"schema":{"@context":"https:\/\/schema.org","@graph":[{"@type":"WebPage","@id":"https:\/\/oroxilia.com\/fr\/news\/","url":"https:\/\/oroxilia.com\/fr\/news\/","name":"News et communiqu\u00e9s de presse - Oroxilia, int\u00e9grateur logistique","isPartOf":{"@id":"https:\/\/oroxilia.com\/fr\/#website"},"primaryImageOfPage":{"@id":"https:\/\/oroxilia.com\/fr\/news\/#primaryimage"},"image":{"@id":"https:\/\/oroxilia.com\/fr\/news\/#primaryimage"},"thumbnailUrl":"https:\/\/oroxilia.com\/wp-content\/uploads\/2023\/12\/oroxilia-salon-retail-300x300.jpg","datePublished":"2022-06-07T10:24:01+00:00","dateModified":"2024-01-03T14:04:11+00:00","description":"Oroxilia met en place des partenariats strat\u00e9giques pour son m\u00e9tier d'int\u00e9grateur logistique. Retrouvez ici les communiqu\u00e9s de presse.","breadcrumb":{"@id":"https:\/\/oroxilia.com\/fr\/news\/#breadcrumb"},"inLanguage":"fr-FR","potentialAction":[{"@type":"ReadAction","target":["https:\/\/oroxilia.com\/fr\/news\/"]}]},{"@type":"ImageObject","inLanguage":"fr-FR","@id":"https:\/\/oroxilia.com\/fr\/news\/#primaryimage","url":"https:\/\/oroxilia.com\/wp-content\/uploads\/2023\/12\/oroxilia-salon-retail-300x300.jpg","contentUrl":"https:\/\/oroxilia.com\/wp-content\/uploads\/2023\/12\/oroxilia-salon-retail-300x300.jpg"},{"@type":"BreadcrumbList","@id":"https:\/\/oroxilia.com\/fr\/news\/#breadcrumb","itemListElement":[{"@type":"ListItem","position":1,"name":"Accueil","item":"https:\/\/oroxilia.com\/fr\/"},{"@type":"ListItem","position":2,"name":"News"}]},{"@type":"WebSite","@id":"https:\/\/oroxilia.com\/fr\/#website","url":"https:\/\/oroxilia.com\/fr\/","name":"Oroxilia","description":"","potentialAction":[{"@type":"SearchAction","target":{"@type":"EntryPoint","urlTemplate":"https:\/\/oroxilia.com\/fr\/?s={search_term_string}"},"query-input":{"@type":"PropertyValueSpecification","valueRequired":true,"valueName":"search_term_string"}}],"inLanguage":"fr-FR"}]}},"_links":{"self":[{"href":"https:\/\/oroxilia.com\/fr\/wp-json\/wp\/v2\/pages\/3847","targetHints":{"allow":["GET"]}}],"collection":[{"href":"https:\/\/oroxilia.com\/fr\/wp-json\/wp\/v2\/pages"}],"about":[{"href":"https:\/\/oroxilia.com\/fr\/wp-json\/wp\/v2\/types\/page"}],"author":[{"embeddable":true,"href":"https:\/\/oroxilia.com\/fr\/wp-json\/wp\/v2\/users\/2"}],"replies":[{"embeddable":true,"href":"https:\/\/oroxilia.com\/fr\/wp-json\/wp\/v2\/comments?post=3847"}],"version-history":[{"count":44,"href":"https:\/\/oroxilia.com\/fr\/wp-json\/wp\/v2\/pages\/3847\/revisions"}],"predecessor-version":[{"id":4683,"href":"https:\/\/oroxilia.com\/fr\/wp-json\/wp\/v2\/pages\/3847\/revisions\/4683"}],"wp:attachment":[{"href":"https:\/\/oroxilia.com\/fr\/wp-json\/wp\/v2\/media?parent=3847"}],"curies":[{"name":"wp","href":"https:\/\/api.w.org\/{rel}","templated":true}]}}