{"id":3773,"date":"2022-05-30T10:10:15","date_gmt":"2022-05-30T08:10:15","guid":{"rendered":"https:\/\/oroxilia.com\/developpement-et-integration-iseries-as400-copy\/"},"modified":"2023-12-12T09:47:19","modified_gmt":"2023-12-12T08:47:19","slug":"blueyonder","status":"publish","type":"page","link":"https:\/\/oroxilia.com\/fr\/blueyonder\/","title":{"rendered":"Blue Yonder"},"content":{"rendered":"<p>[vc_row css=\u00a0\u00bb.vc_custom_1653904260968{margin-bottom: 40px !important;}\u00a0\u00bb][vc_column]<div class='rb_textmodule_69e103395b9a7 rb_textmodule with_subtitle align_left'><div class='rb_textmodule_info_wrapper'><h2 class='rb_textmodule_title has_divider'>Oroxilia est partenaire Blue Yonder, leader WMS et TMS dans le Magic Quadrant 2023<span class='rb_textmodule_divider'><\/span><\/h2><\/div><\/div>[\/vc_column][\/vc_row][vc_row][vc_column]<div id='rb_image_69e103395c346' class='rb_image_module background_no_hover' ><div class=\"main_image\"><img decoding=\"async\" class=\"image\" src=\"https:\/\/oroxilia.com\/wp-content\/uploads\/2022\/06\/entrepot-automatise-wms.jpg\" alt=\"\" \/><\/div><\/div>[\/vc_column][\/vc_row][vc_row][vc_column css=\u00a0\u00bb.vc_custom_1653902614999{margin-bottom: 10px !important;}\u00a0\u00bb]<div class='rb_textmodule_69e103395c6ff rb_textmodule with_subtitle align_left'><div class='rb_textmodule_info_wrapper'><div class='rb_textmodule_content_wrapper'><p><strong>Blue Yonder<\/strong> optimalise la gestion de toute la supply chain, garantissant la r\u00e9duction des co\u00fbts, l\u2019augmentation de la productivit\u00e9, l\u2019am\u00e9lioration du service et de la satisfaction client.<\/p>\n<p>La force d\u2019Oroxilia est de disposer d\u2019\u00e9quipes exclusivement d\u00e9di\u00e9es \u00e0 la logistique, constitu\u00e9es de consultants techniques et fonctionnels habitu\u00e9s aux projets exigeants, \u00e0 fortes contraintes de qualit\u00e9 et de tra\u00e7abilit\u00e9.<\/p>\n<blockquote>\n<p>\u00ab\u00a0Par notre position au c\u0153ur de l\u2019 Europe, \u00a0nous avons vocation \u00e0 \u00eatre actifs sur nos march\u00e9s proches tels que la France et le Benelux, nous pouvons y conduire des projets requ\u00e9rant \u00e0 la fois une proximit\u00e9 g\u00e9ographique, \u00a0culturelle et linguistique.\u00a0\u00bb<\/p>\n<\/blockquote>\n<p>De plus, les atouts d\u2019 Oroxilia sont renforc\u00e9s par Netlogistik, un important partenaire <a href=\"https:\/\/blueyonder.com\/fr\/fr\/\" target=\"_blank\" rel=\"noopener\"><strong>Blue Yonder<\/strong><\/a>, \u00a0ayant une expertise reconnue dans l\u2019impl\u00e9mentation et le support de solution TMS dans les autres r\u00e9gions du monde telles que l\u2019Am\u00e9rique du Sud, l\u2019Am\u00e9rique du Nord and EMEA.<\/p>\n<p>Nos \u00e9quipes b\u00e9n\u00e9ficient notamment d\u2019une tr\u00e8s longue exp\u00e9rience en environnements 3PL d\u2019envergure \u00a0importante et qui sont des r\u00e9f\u00e9rences sur le march\u00e9.<\/p>\n<p>De ce fait, nos capacit\u00e9s d\u2019int\u00e9grateurs de solutions logistiques sont \u00e9prouv\u00e9es dans des environnements exigeants et automatis\u00e9s.<\/p>\n<p>La collaboration des \u00e9quipes d\u2019experts certifi\u00e9s d\u2019Oroxilia et les ressources de Netlogistik \u00a0permet d\u2019assurer un support ad\u00e9quat 24\/24 7\/7 mais aussi personnalis\u00e9 dans la langue du client (FR,EN,ES,NL)<\/p>\n<\/div><\/div><\/div>[\/vc_column][\/vc_row][vc_row][vc_column width=\u00a0\u00bb1\/3&Prime;][\/vc_column][vc_column width=\u00a0\u00bb1\/3&Prime;]<div id='rb_image_69e103395cb4e' class='rb_image_module background_no_hover' ><div class=\"main_image\"><img decoding=\"async\" class=\"image\" src=\"https:\/\/oroxilia.com\/wp-content\/uploads\/2022\/05\/logo-blueyonder.jpeg\" alt=\"Solutions WMS et TMS Blue Yonder\" \/><\/div><\/div>[\/vc_column][vc_column width=\u00a0\u00bb1\/3&Prime;][\/vc_column][vc_column css=\u00a0\u00bb.vc_custom_1661760258925{margin-bottom: 30px !important;}\u00a0\u00bb]<div class='rb_textmodule_69e103395cf55 rb_textmodule with_subtitle'><div class='rb_textmodule_info_wrapper'><div class='rb_textmodule_content_wrapper'><p>En ao\u00fbt 2022, la soci\u00e9t\u00e9 Blue Yonder nous a fait le plaisir de reconna\u00eetre Oroxilia comme <strong>partenaire accr\u00e9dit\u00e9\u00a0<\/strong>pour leur solution WMS (Warehouse Management System).\u00a0Cela r\u00e9compense et met en lumi\u00e8re\u00a0<strong>les comp\u00e9tences de nos collaborateurs<\/strong>\u00a0ainsi que\u00a0<strong>leur ma\u00eetrise des solutions<\/strong>\u00a0Blue Yonder.<\/p>\n<p>Cette accr\u00e9ditation est un signal fort envoy\u00e9 \u00e0 tous les clients de Blue Yonder : cela d\u00e9montre qu\u2019ils peuvent\u00a0<strong>faire confiance \u00e0 Oroxilia<\/strong>\u00a0pour leurs projets. Cela permet \u00e9galement aux commerciaux de Blue Yonder de pouvoir\u00a0<strong>promouvoir nos services<\/strong>\u00a0les yeux ferm\u00e9s.<\/p>\n<\/div><\/div><\/div>[\/vc_column][\/vc_row]<\/p>\n","protected":false},"excerpt":{"rendered":"<p>[vc_row css=\u00a0\u00bb.vc_custom_1653904260968{margin-bottom: 40px !important;}\u00a0\u00bb][vc_column][\/vc_column][\/vc_row][vc_row][vc_column][\/vc_column][\/vc_row][vc_row][vc_column css=\u00a0\u00bb.vc_custom_1653902614999{margin-bottom: 10px !important;}\u00a0\u00bb][\/vc_column][\/vc_row][vc_row][vc_column width=\u00a0\u00bb1\/3&Prime;][\/vc_column][vc_column width=\u00a0\u00bb1\/3&Prime;][\/vc_column][vc_column width=\u00a0\u00bb1\/3&Prime;][\/vc_column][vc_column css=\u00a0\u00bb.vc_custom_1661760258925{margin-bottom: 30px !important;}\u00a0\u00bb][\/vc_column][\/vc_row]<\/p>\n","protected":false},"author":3,"featured_media":0,"parent":0,"menu_order":0,"comment_status":"closed","ping_status":"closed","template":"","meta":{"footnotes":""},"class_list":["post-3773","page","type-page","status-publish","hentry"],"yoast_head":"<!-- This site is optimized with the Yoast SEO plugin v25.9 - https:\/\/yoast.com\/wordpress\/plugins\/seo\/ -->\n<title>Partenaire Blue Yonder - Oroxilia, int\u00e9grateur logistique<\/title>\n<meta name=\"description\" content=\"Oroxilia est partenaire Blue Yonder pour la France et le Benelux. Impl\u00e9mentation et support des solutions logistiques WMS et TMS.\" \/>\n<meta name=\"robots\" content=\"index, follow, max-snippet:-1, max-image-preview:large, max-video-preview:-1\" \/>\n<link rel=\"canonical\" href=\"https:\/\/oroxilia.com\/fr\/blueyonder\/\" \/>\n<meta property=\"og:locale\" content=\"fr_FR\" \/>\n<meta property=\"og:type\" content=\"article\" \/>\n<meta property=\"og:title\" content=\"Partenaire Blue Yonder - Oroxilia, int\u00e9grateur logistique\" \/>\n<meta property=\"og:description\" content=\"Oroxilia est partenaire Blue Yonder pour la France et le Benelux. Impl\u00e9mentation et support des solutions logistiques WMS et TMS.\" \/>\n<meta property=\"og:url\" content=\"https:\/\/oroxilia.com\/fr\/blueyonder\/\" \/>\n<meta property=\"og:site_name\" content=\"Oroxilia\" \/>\n<meta property=\"article:modified_time\" content=\"2023-12-12T08:47:19+00:00\" \/>\n<meta name=\"twitter:card\" content=\"summary_large_image\" \/>\n<meta name=\"twitter:label1\" content=\"Dur\u00e9e de lecture estim\u00e9e\" \/>\n\t<meta name=\"twitter:data1\" content=\"2 minutes\" \/>\n<script type=\"application\/ld+json\" class=\"yoast-schema-graph\">{\"@context\":\"https:\/\/schema.org\",\"@graph\":[{\"@type\":\"WebPage\",\"@id\":\"https:\/\/oroxilia.com\/fr\/blueyonder\/\",\"url\":\"https:\/\/oroxilia.com\/fr\/blueyonder\/\",\"name\":\"Partenaire Blue Yonder - Oroxilia, int\u00e9grateur logistique\",\"isPartOf\":{\"@id\":\"https:\/\/oroxilia.com\/fr\/#website\"},\"datePublished\":\"2022-05-30T08:10:15+00:00\",\"dateModified\":\"2023-12-12T08:47:19+00:00\",\"description\":\"Oroxilia est partenaire Blue Yonder pour la France et le Benelux. Impl\u00e9mentation et support des solutions logistiques WMS et TMS.\",\"breadcrumb\":{\"@id\":\"https:\/\/oroxilia.com\/fr\/blueyonder\/#breadcrumb\"},\"inLanguage\":\"fr-FR\",\"potentialAction\":[{\"@type\":\"ReadAction\",\"target\":[\"https:\/\/oroxilia.com\/fr\/blueyonder\/\"]}]},{\"@type\":\"BreadcrumbList\",\"@id\":\"https:\/\/oroxilia.com\/fr\/blueyonder\/#breadcrumb\",\"itemListElement\":[{\"@type\":\"ListItem\",\"position\":1,\"name\":\"Accueil\",\"item\":\"https:\/\/oroxilia.com\/fr\/\"},{\"@type\":\"ListItem\",\"position\":2,\"name\":\"Blue Yonder\"}]},{\"@type\":\"WebSite\",\"@id\":\"https:\/\/oroxilia.com\/fr\/#website\",\"url\":\"https:\/\/oroxilia.com\/fr\/\",\"name\":\"Oroxilia\",\"description\":\"\",\"potentialAction\":[{\"@type\":\"SearchAction\",\"target\":{\"@type\":\"EntryPoint\",\"urlTemplate\":\"https:\/\/oroxilia.com\/fr\/?s={search_term_string}\"},\"query-input\":{\"@type\":\"PropertyValueSpecification\",\"valueRequired\":true,\"valueName\":\"search_term_string\"}}],\"inLanguage\":\"fr-FR\"}]}<\/script>\n<!-- \/ Yoast SEO plugin. -->","yoast_head_json":{"title":"Partenaire Blue Yonder - Oroxilia, int\u00e9grateur logistique","description":"Oroxilia est partenaire Blue Yonder pour la France et le Benelux. Impl\u00e9mentation et support des solutions logistiques WMS et TMS.","robots":{"index":"index","follow":"follow","max-snippet":"max-snippet:-1","max-image-preview":"max-image-preview:large","max-video-preview":"max-video-preview:-1"},"canonical":"https:\/\/oroxilia.com\/fr\/blueyonder\/","og_locale":"fr_FR","og_type":"article","og_title":"Partenaire Blue Yonder - Oroxilia, int\u00e9grateur logistique","og_description":"Oroxilia est partenaire Blue Yonder pour la France et le Benelux. Impl\u00e9mentation et support des solutions logistiques WMS et TMS.","og_url":"https:\/\/oroxilia.com\/fr\/blueyonder\/","og_site_name":"Oroxilia","article_modified_time":"2023-12-12T08:47:19+00:00","twitter_card":"summary_large_image","twitter_misc":{"Dur\u00e9e de lecture estim\u00e9e":"2 minutes"},"schema":{"@context":"https:\/\/schema.org","@graph":[{"@type":"WebPage","@id":"https:\/\/oroxilia.com\/fr\/blueyonder\/","url":"https:\/\/oroxilia.com\/fr\/blueyonder\/","name":"Partenaire Blue Yonder - Oroxilia, int\u00e9grateur logistique","isPartOf":{"@id":"https:\/\/oroxilia.com\/fr\/#website"},"datePublished":"2022-05-30T08:10:15+00:00","dateModified":"2023-12-12T08:47:19+00:00","description":"Oroxilia est partenaire Blue Yonder pour la France et le Benelux. Impl\u00e9mentation et support des solutions logistiques WMS et TMS.","breadcrumb":{"@id":"https:\/\/oroxilia.com\/fr\/blueyonder\/#breadcrumb"},"inLanguage":"fr-FR","potentialAction":[{"@type":"ReadAction","target":["https:\/\/oroxilia.com\/fr\/blueyonder\/"]}]},{"@type":"BreadcrumbList","@id":"https:\/\/oroxilia.com\/fr\/blueyonder\/#breadcrumb","itemListElement":[{"@type":"ListItem","position":1,"name":"Accueil","item":"https:\/\/oroxilia.com\/fr\/"},{"@type":"ListItem","position":2,"name":"Blue Yonder"}]},{"@type":"WebSite","@id":"https:\/\/oroxilia.com\/fr\/#website","url":"https:\/\/oroxilia.com\/fr\/","name":"Oroxilia","description":"","potentialAction":[{"@type":"SearchAction","target":{"@type":"EntryPoint","urlTemplate":"https:\/\/oroxilia.com\/fr\/?s={search_term_string}"},"query-input":{"@type":"PropertyValueSpecification","valueRequired":true,"valueName":"search_term_string"}}],"inLanguage":"fr-FR"}]}},"_links":{"self":[{"href":"https:\/\/oroxilia.com\/fr\/wp-json\/wp\/v2\/pages\/3773","targetHints":{"allow":["GET"]}}],"collection":[{"href":"https:\/\/oroxilia.com\/fr\/wp-json\/wp\/v2\/pages"}],"about":[{"href":"https:\/\/oroxilia.com\/fr\/wp-json\/wp\/v2\/types\/page"}],"author":[{"embeddable":true,"href":"https:\/\/oroxilia.com\/fr\/wp-json\/wp\/v2\/users\/3"}],"replies":[{"embeddable":true,"href":"https:\/\/oroxilia.com\/fr\/wp-json\/wp\/v2\/comments?post=3773"}],"version-history":[{"count":31,"href":"https:\/\/oroxilia.com\/fr\/wp-json\/wp\/v2\/pages\/3773\/revisions"}],"predecessor-version":[{"id":4575,"href":"https:\/\/oroxilia.com\/fr\/wp-json\/wp\/v2\/pages\/3773\/revisions\/4575"}],"wp:attachment":[{"href":"https:\/\/oroxilia.com\/fr\/wp-json\/wp\/v2\/media?parent=3773"}],"curies":[{"name":"wp","href":"https:\/\/api.w.org\/{rel}","templated":true}]}}