{"id":3585,"date":"2021-09-16T10:58:28","date_gmt":"2021-09-16T08:58:28","guid":{"rendered":"https:\/\/oroxilia.com\/nos-references-copy\/"},"modified":"2023-04-12T12:13:33","modified_gmt":"2023-04-12T10:13:33","slug":"ressources","status":"publish","type":"page","link":"https:\/\/oroxilia.com\/fr\/ressources\/","title":{"rendered":"Nos ressources"},"content":{"rendered":"<p>[vc_row][vc_column]<div class='rb_textmodule_69e100a3d4315 rb_textmodule with_subtitle align_center'><div class='rb_textmodule_info_wrapper'><div class='rb_textmodule_content_wrapper'><p>Chez Oroxilia, nous sommes experts dans l&rsquo;int\u00e9gration de solutions logistiques pour les entreprises : gestion d&rsquo;entrep\u00f4t (WMS), gestion des livraisons, gestion du transport (TMS) et \u00e9change de donn\u00e9es interentreprises (EDI).<\/p>\n<p>Notre r\u00f4le est aussi de pouvoir vous informer sur les tendances en mati\u00e8re d&rsquo;informatisation et d&rsquo;automatisation des activit\u00e9s logistiques, les bonnes pratiques, les innovations, les services que nous pouvons vous offrir en tant qu&rsquo;int\u00e9grateur ainsi que les solutions logistiques que nous pouvons mettre en place pour votre entreprise. Pour cette raison, vous trouverez ci-dessous des white papers qui pourraient vous \u00eatre utile dans le cadre de votre travail de logisticien et dans votre questionnement d&rsquo;une meilleure rentabilit\u00e9.<\/p>\n<\/div><\/div><\/div>[vc_row_inner equal_height=\u00a0\u00bbyes\u00a0\u00bb][vc_column_inner el_class=\u00a0\u00bbvignette-border\u00a0\u00bb width=\u00a0\u00bb1\/2&Prime; css=\u00a0\u00bb.vc_custom_1633947366684{margin-top: 30px !important;}\u00a0\u00bb]<div id='rb_image_69e100a3d4b88' class='rb_image_module background_no_hover' ><div class=\"main_image\"><img decoding=\"async\" class=\"image\" src=\"https:\/\/oroxilia.com\/wp-content\/uploads\/2021\/09\/tracking-inventory.jpg\" alt=\"Suivi de l&#039;inventaire du stock d&#039;un entrep\u00f4t\" \/><\/div><\/div><div class='rb_textmodule_69e100a3d575d rb_textmodule with_subtitle align_center'><div class='rb_textmodule_info_wrapper'><h2 class='rb_textmodule_title '>Comment savoir s'il est temps de passer \u00e0 un WMS pour la gestion de vos entrep\u00f4ts ?<\/h2><div class='rb_textmodule_content_wrapper'><h3 style=\"text-align: left;\">Notre white paper<\/h3>\n<p style=\"text-align: center;\">Introduction :<br \/>\n\u00ab\u00a0Pour avoir une information pr\u00e9cise en temps r\u00e9el sur l\u2019<strong>\u00e9tat de votre stock<\/strong> et pouvoir contr\u00f4ler le <strong>traitement des marchandises<\/strong> avant leur exp\u00e9dition, vous avez besoin d\u2019une solution qui est exclusivement d\u00e9velopp\u00e9e pour des entrep\u00f4ts tels que les v\u00f4tres. La gestion de vos produits, de vos travailleurs et des \u00e9quipements doit \u00eatre optimale pour accro\u00eetre la satisfaction client mais \u00e9galement pour augmenter votre <strong>performance op\u00e9rationnelle<\/strong>. Tout cela peut \u00eatre r\u00e9alis\u00e9 gr\u00e2ce \u00e0 un syst\u00e8me de gestion d\u2019entrep\u00f4t, aussi appel\u00e9 WMS.\u00a0\u00bb<\/p>\n<p style=\"text-align: left;\">Gr\u00e2ce \u00e0 une solution WMS, la gestion de votre entrep\u00f4t est automatis\u00e9e et optimis\u00e9e. Vous gagnez alors du <strong>temps<\/strong>, de l&rsquo;<strong>\u00e9nergie<\/strong> et de l&rsquo;<strong>argent<\/strong>.\u00a0Oroxilia vous explique tout cela dans un livre blanc que nous mettons \u00e0 votre disposition.<\/p>\n\n<\/div><\/div><\/div><div id='rb_button_wrapper_69e100a3d598c' class='rb_button_wrapper popmake-4396'><a id='rb_button_69e100a3d598d' class='rb_button simple medium' href='#' target=\"_blank\"><span><i class=\"fas fa-arrow-alt-circle-down\"><\/i>T\u00e9l\u00e9charger le white paper sur le WMS<\/span><\/a><\/div>[\/vc_column_inner][vc_column_inner el_class=\u00a0\u00bbvignette-border\u00a0\u00bb width=\u00a0\u00bb1\/2&Prime; css=\u00a0\u00bb.vc_custom_1590656585109{margin-top: 30px !important;}\u00a0\u00bb]<div id='rb_image_69e100a3d59de' class='rb_image_module background_no_hover' ><div class=\"main_image\"><img decoding=\"async\" class=\"image\" src=\"https:\/\/oroxilia.com\/wp-content\/uploads\/2021\/10\/entrepot-automatise-robots-scaled-e1633941416552.jpg\" alt=\"\" \/><\/div><\/div><div class='rb_textmodule_69e100a3d607e rb_textmodule with_subtitle align_center'><div class='rb_textmodule_info_wrapper'><h2 class='rb_textmodule_title '>L'\u00e9change de donn\u00e9es au sein de la supply chain, facteur cl\u00e9 de la comp\u00e9titivit\u00e9 des entreprises.<\/h2><div class='rb_textmodule_content_wrapper'><h3 style=\"text-align: left;\">Notre white paper<\/h3>\n<p style=\"text-align: center;\">Introduction :<br \/>\n\u00ab\u00a0L\u2019<strong>\u00e9change de donn\u00e9es<\/strong> \u00e9lectroniques tout au long de la cha\u00eene d\u2019approvisionnement entre votre entreprise et vos partenaires est primordial. Il doit \u00eatre le plus<strong> fiable<\/strong> et le plus <strong>complet<\/strong> possible pour optimiser la gestion de vos commandes, de vos exp\u00e9ditions et de vos approvisionnements. Pour cela, l&rsquo;\u00e9change des donn\u00e9es doit \u00eatre <strong>automatis\u00e9<\/strong>. La cr\u00e9dibilit\u00e9 de votre entreprise en d\u00e9pend. Les solutions et plateformes EDI ont \u00e9volu\u00e9 pour adresser ces\u00a0enjeux et sont d\u00e9sormais adopt\u00e9es par des industriels, logisticiens et e-commer\u00e7ants de toutes tailles.\u00a0\u00bb<\/p>\n<p style=\"text-align: left;\">En un white paper de quelques pages, Oroxilia vous expose l&rsquo;importance de l&rsquo;EDI pour <strong>un \u00e9change de donn\u00e9es optimal<\/strong> et efficace entre les entreprises d&rsquo;une cha\u00eene d&rsquo;approvisionnement.<\/p>\n\n<\/div><\/div><\/div><div id='rb_button_wrapper_69e100a3d6338' class='rb_button_wrapper popmake-4424'><a id='rb_button_69e100a3d6339' class='rb_button simple medium' href='#' ><span><i class=\"fas fa-arrow-alt-circle-down\"><\/i>T\u00e9l\u00e9charger le white paper sur l&#039;EDI<\/span><\/a><\/div>[\/vc_column_inner][\/vc_row_inner]<div id='rb_button_wrapper_69e100a3d6399' class='rb_button_wrapper '><a id='rb_button_69e100a3d639a' class='rb_button arrow_fade_in large' href='\/contact' ><span>Contacter Oroxilia<\/span><\/a><\/div>[\/vc_column][\/vc_row]<\/p>\n","protected":false},"excerpt":{"rendered":"<p>[vc_row][vc_column][vc_row_inner equal_height=\u00a0\u00bbyes\u00a0\u00bb][vc_column_inner el_class=\u00a0\u00bbvignette-border\u00a0\u00bb width=\u00a0\u00bb1\/2&Prime; css=\u00a0\u00bb.vc_custom_1633947366684{margin-top: 30px !important;}\u00a0\u00bb][\/vc_column_inner][vc_column_inner el_class=\u00a0\u00bbvignette-border\u00a0\u00bb width=\u00a0\u00bb1\/2&Prime; css=\u00a0\u00bb.vc_custom_1590656585109{margin-top: 30px !important;}\u00a0\u00bb][\/vc_column_inner][\/vc_row_inner][\/vc_column][\/vc_row]<\/p>\n","protected":false},"author":1,"featured_media":0,"parent":0,"menu_order":0,"comment_status":"closed","ping_status":"closed","template":"","meta":{"footnotes":""},"class_list":["post-3585","page","type-page","status-publish","hentry"],"yoast_head":"<!-- This site is optimized with the Yoast SEO plugin v25.9 - https:\/\/yoast.com\/wordpress\/plugins\/seo\/ -->\n<title>Notre bo\u00eete \u00e0 outils pour les acteurs de la logistique - Oroxilia<\/title>\n<meta name=\"description\" content=\"Retrouvez les white papers confectionn\u00e9s par Oroxilia. Au programme : l&#039;utilit\u00e9 d&#039;un WMS pour la gestion d&#039;entrep\u00f4t et l&#039;importance de l&#039;EDI.\" \/>\n<meta name=\"robots\" content=\"index, follow, max-snippet:-1, max-image-preview:large, max-video-preview:-1\" \/>\n<link rel=\"canonical\" href=\"https:\/\/oroxilia.com\/fr\/ressources\/\" \/>\n<meta property=\"og:locale\" content=\"fr_FR\" \/>\n<meta property=\"og:type\" content=\"article\" \/>\n<meta property=\"og:title\" content=\"Notre bo\u00eete \u00e0 outils pour les acteurs de la logistique - Oroxilia\" \/>\n<meta property=\"og:description\" content=\"Retrouvez les white papers confectionn\u00e9s par Oroxilia. Au programme : l&#039;utilit\u00e9 d&#039;un WMS pour la gestion d&#039;entrep\u00f4t et l&#039;importance de l&#039;EDI.\" \/>\n<meta property=\"og:url\" content=\"https:\/\/oroxilia.com\/fr\/ressources\/\" \/>\n<meta property=\"og:site_name\" content=\"Oroxilia\" \/>\n<meta property=\"article:modified_time\" content=\"2023-04-12T10:13:33+00:00\" \/>\n<meta name=\"twitter:card\" content=\"summary_large_image\" \/>\n<meta name=\"twitter:label1\" content=\"Dur\u00e9e de lecture estim\u00e9e\" \/>\n\t<meta name=\"twitter:data1\" content=\"3 minutes\" \/>\n<script type=\"application\/ld+json\" class=\"yoast-schema-graph\">{\"@context\":\"https:\/\/schema.org\",\"@graph\":[{\"@type\":\"WebPage\",\"@id\":\"https:\/\/oroxilia.com\/fr\/ressources\/\",\"url\":\"https:\/\/oroxilia.com\/fr\/ressources\/\",\"name\":\"Notre bo\u00eete \u00e0 outils pour les acteurs de la logistique - Oroxilia\",\"isPartOf\":{\"@id\":\"https:\/\/oroxilia.com\/fr\/#website\"},\"datePublished\":\"2021-09-16T08:58:28+00:00\",\"dateModified\":\"2023-04-12T10:13:33+00:00\",\"description\":\"Retrouvez les white papers confectionn\u00e9s par Oroxilia. Au programme : l'utilit\u00e9 d'un WMS pour la gestion d'entrep\u00f4t et l'importance de l'EDI.\",\"breadcrumb\":{\"@id\":\"https:\/\/oroxilia.com\/fr\/ressources\/#breadcrumb\"},\"inLanguage\":\"fr-FR\",\"potentialAction\":[{\"@type\":\"ReadAction\",\"target\":[\"https:\/\/oroxilia.com\/fr\/ressources\/\"]}]},{\"@type\":\"BreadcrumbList\",\"@id\":\"https:\/\/oroxilia.com\/fr\/ressources\/#breadcrumb\",\"itemListElement\":[{\"@type\":\"ListItem\",\"position\":1,\"name\":\"Accueil\",\"item\":\"https:\/\/oroxilia.com\/fr\/\"},{\"@type\":\"ListItem\",\"position\":2,\"name\":\"Nos ressources\"}]},{\"@type\":\"WebSite\",\"@id\":\"https:\/\/oroxilia.com\/fr\/#website\",\"url\":\"https:\/\/oroxilia.com\/fr\/\",\"name\":\"Oroxilia\",\"description\":\"\",\"potentialAction\":[{\"@type\":\"SearchAction\",\"target\":{\"@type\":\"EntryPoint\",\"urlTemplate\":\"https:\/\/oroxilia.com\/fr\/?s={search_term_string}\"},\"query-input\":{\"@type\":\"PropertyValueSpecification\",\"valueRequired\":true,\"valueName\":\"search_term_string\"}}],\"inLanguage\":\"fr-FR\"}]}<\/script>\n<!-- \/ Yoast SEO plugin. -->","yoast_head_json":{"title":"Notre bo\u00eete \u00e0 outils pour les acteurs de la logistique - Oroxilia","description":"Retrouvez les white papers confectionn\u00e9s par Oroxilia. Au programme : l'utilit\u00e9 d'un WMS pour la gestion d'entrep\u00f4t et l'importance de l'EDI.","robots":{"index":"index","follow":"follow","max-snippet":"max-snippet:-1","max-image-preview":"max-image-preview:large","max-video-preview":"max-video-preview:-1"},"canonical":"https:\/\/oroxilia.com\/fr\/ressources\/","og_locale":"fr_FR","og_type":"article","og_title":"Notre bo\u00eete \u00e0 outils pour les acteurs de la logistique - Oroxilia","og_description":"Retrouvez les white papers confectionn\u00e9s par Oroxilia. Au programme : l'utilit\u00e9 d'un WMS pour la gestion d'entrep\u00f4t et l'importance de l'EDI.","og_url":"https:\/\/oroxilia.com\/fr\/ressources\/","og_site_name":"Oroxilia","article_modified_time":"2023-04-12T10:13:33+00:00","twitter_card":"summary_large_image","twitter_misc":{"Dur\u00e9e de lecture estim\u00e9e":"3 minutes"},"schema":{"@context":"https:\/\/schema.org","@graph":[{"@type":"WebPage","@id":"https:\/\/oroxilia.com\/fr\/ressources\/","url":"https:\/\/oroxilia.com\/fr\/ressources\/","name":"Notre bo\u00eete \u00e0 outils pour les acteurs de la logistique - Oroxilia","isPartOf":{"@id":"https:\/\/oroxilia.com\/fr\/#website"},"datePublished":"2021-09-16T08:58:28+00:00","dateModified":"2023-04-12T10:13:33+00:00","description":"Retrouvez les white papers confectionn\u00e9s par Oroxilia. Au programme : l'utilit\u00e9 d'un WMS pour la gestion d'entrep\u00f4t et l'importance de l'EDI.","breadcrumb":{"@id":"https:\/\/oroxilia.com\/fr\/ressources\/#breadcrumb"},"inLanguage":"fr-FR","potentialAction":[{"@type":"ReadAction","target":["https:\/\/oroxilia.com\/fr\/ressources\/"]}]},{"@type":"BreadcrumbList","@id":"https:\/\/oroxilia.com\/fr\/ressources\/#breadcrumb","itemListElement":[{"@type":"ListItem","position":1,"name":"Accueil","item":"https:\/\/oroxilia.com\/fr\/"},{"@type":"ListItem","position":2,"name":"Nos ressources"}]},{"@type":"WebSite","@id":"https:\/\/oroxilia.com\/fr\/#website","url":"https:\/\/oroxilia.com\/fr\/","name":"Oroxilia","description":"","potentialAction":[{"@type":"SearchAction","target":{"@type":"EntryPoint","urlTemplate":"https:\/\/oroxilia.com\/fr\/?s={search_term_string}"},"query-input":{"@type":"PropertyValueSpecification","valueRequired":true,"valueName":"search_term_string"}}],"inLanguage":"fr-FR"}]}},"_links":{"self":[{"href":"https:\/\/oroxilia.com\/fr\/wp-json\/wp\/v2\/pages\/3585","targetHints":{"allow":["GET"]}}],"collection":[{"href":"https:\/\/oroxilia.com\/fr\/wp-json\/wp\/v2\/pages"}],"about":[{"href":"https:\/\/oroxilia.com\/fr\/wp-json\/wp\/v2\/types\/page"}],"author":[{"embeddable":true,"href":"https:\/\/oroxilia.com\/fr\/wp-json\/wp\/v2\/users\/1"}],"replies":[{"embeddable":true,"href":"https:\/\/oroxilia.com\/fr\/wp-json\/wp\/v2\/comments?post=3585"}],"version-history":[{"count":19,"href":"https:\/\/oroxilia.com\/fr\/wp-json\/wp\/v2\/pages\/3585\/revisions"}],"predecessor-version":[{"id":4434,"href":"https:\/\/oroxilia.com\/fr\/wp-json\/wp\/v2\/pages\/3585\/revisions\/4434"}],"wp:attachment":[{"href":"https:\/\/oroxilia.com\/fr\/wp-json\/wp\/v2\/media?parent=3585"}],"curies":[{"name":"wp","href":"https:\/\/api.w.org\/{rel}","templated":true}]}}