{"id":3393,"date":"2021-03-01T17:21:42","date_gmt":"2021-03-01T16:21:42","guid":{"rendered":"https:\/\/oroxilia.com\/lp-wms-saas-pharma-copy\/"},"modified":"2021-06-16T14:47:49","modified_gmt":"2021-06-16T12:47:49","slug":"lp-wms-saas-pharma","status":"publish","type":"page","link":"https:\/\/oroxilia.com\/fr\/lp-wms-saas-pharma\/","title":{"rendered":"Landing page pharma"},"content":{"rendered":"<p>[vc_row css=\u00a0\u00bb.vc_custom_1591174914987{margin-bottom: 90px !important;}\u00a0\u00bb][vc_column offset=\u00a0\u00bbvc_col-lg-8 vc_col-md-8&Prime;]<div class='rb_textmodule_69f2d01ccc15e rb_textmodule with_subtitle'><div class='rb_textmodule_info_wrapper'><h1 class='rb_textmodule_title has_divider'>Solution WMS SaaS<br \/>\nPour la gestion de vos entrep\u00f4ts<span class='rb_textmodule_divider'><\/span><\/h1><div class='rb_textmodule_content_wrapper'><h2>Secteur pharmaceutique<\/h2>\n<p>Vous souhaitez <strong>automatiser la gestion de vos entrep\u00f4ts<\/strong>, des m\u00e9dicaments et autres produits de pharmacie et parapharmacie ? Oroxilia vous propose un logiciel SaaS complet, optimal et adapt\u00e9 \u00e0 votre secteur.\u00a0Dans votre secteur, le suivi des marchandises et la s\u00e9curit\u00e9, tant pour le stockage que pour les manipulations, sont des enjeux primordiaux. Gr\u00e2ce \u00e0 ce WMS sp\u00e9cialis\u00e9, vous pouvez dormir sur vos deux oreilles. La <strong>s\u00e9curit\u00e9<\/strong> est assur\u00e9e \u00e0 chaque \u00e9tape du processus.<\/p>\n<\/div><\/div><\/div><div class='rb_textmodule_69f2d01cccddf rb_textmodule with_subtitle align_center'><div class='rb_textmodule_info_wrapper'><h2 class='rb_textmodule_title has_divider'>Nous adaptons notre WMS \u00e0 votre secteur et \u00e0 votre entreprise<span class='rb_textmodule_divider'><\/span><\/h2><div class='rb_textmodule_content_wrapper'><p style=\"text-align: left;\">Nous avons configur\u00e9 une version de notre solution de gestion d&rsquo;entrep\u00f4t adapt\u00e9e \u00e0 votre secteur et l&rsquo;int\u00e9grons ensuite \u00e0 vos syst\u00e8mes de gestion en tenant compte de vos sp\u00e9cificit\u00e9s propres.<\/p>\n\n<\/div><\/div><\/div>[vc_row_inner equal_height=\u00a0\u00bbyes\u00a0\u00bb css=\u00a0\u00bb.vc_custom_1613469947028{margin-bottom: 20px !important;}\u00a0\u00bb][vc_column_inner el_class=\u00a0\u00bbvignette-border\u00a0\u00bb]<div class='rb_textmodule_69f2d01ccd094 rb_textmodule with_subtitle'><div class='rb_textmodule_info_wrapper'><div class='rb_textmodule_content_wrapper'><h3 style=\"text-align: center;\">Secteur pharmaceutique<\/h3>\n<p><img loading=\"lazy\" decoding=\"async\" class=\"wp-image-3485 aligncenter\" src=\"https:\/\/oroxilia.com\/wp-content\/uploads\/2021\/03\/entrepot-pharmaceutique-1.jpg\" alt=\"\" width=\"468\" height=\"312\" srcset=\"https:\/\/oroxilia.com\/wp-content\/uploads\/2021\/03\/entrepot-pharmaceutique-1.jpg 2500w, https:\/\/oroxilia.com\/wp-content\/uploads\/2021\/03\/entrepot-pharmaceutique-1-300x200.jpg 300w, https:\/\/oroxilia.com\/wp-content\/uploads\/2021\/03\/entrepot-pharmaceutique-1-1024x683.jpg 1024w, https:\/\/oroxilia.com\/wp-content\/uploads\/2021\/03\/entrepot-pharmaceutique-1-768x512.jpg 768w, https:\/\/oroxilia.com\/wp-content\/uploads\/2021\/03\/entrepot-pharmaceutique-1-1536x1024.jpg 1536w, https:\/\/oroxilia.com\/wp-content\/uploads\/2021\/03\/entrepot-pharmaceutique-1-2048x1366.jpg 2048w\" sizes=\"auto, (max-width: 468px) 100vw, 468px\" \/><\/p>\n<ul>\n<li>Facilite l&rsquo;obtention des certificats GDP et GMP<\/li>\n<li>Optimisation des routines de picking<\/li>\n<li>Gestion de la s\u00e9curit\u00e9 (vol, humidit\u00e9, temp\u00e9rature, incendie)<\/li>\n<li>Syst\u00e8me automatis\u00e9 de permissions (qui a acc\u00e8s \u00e0 quels produits ?)<\/li>\n<li>Gestion des dates limites de livraison<\/li>\n<li>Track and trace (suivi du moindre mouvement de la marchandise)<\/li>\n<li>Scan et gestion des num\u00e9ros de s\u00e9rie uniques (pr\u00e9vention FMD)<\/li>\n<li>Possibilit\u00e9 d&rsquo;inspection de qualit\u00e9 \u00e0 l&rsquo;entr\u00e9e pour v\u00e9rifier la conformit\u00e9<\/li>\n<li>Gestion du process retour, attention port\u00e9e aux produits qui ne peuvent pas \u00eatre r\u00e9int\u00e9gr\u00e9s<\/li>\n<li>Gestion du niveau de stock (bloquer les commandes, pr\u00e9voir un r\u00e9approvisionnement,&#8230;)<\/li>\n<li>Traitement sp\u00e9cial pour les narcotiques et produits dangereux<\/li>\n<li>Adaptation des zones de stockage \u00e0 la saisonnalit\u00e9 des produits<\/li>\n<li>Connexion natives avec les l\u00e9gislations belges et europ\u00e9ennes. Communication permanente.<\/li>\n<\/ul>\n<p>&nbsp;<\/p>\n<p><strong>Notre logiciel expert pour les entreprises du secteur pharmaceutique<\/strong><\/p>\n<p>Choisir Oroxilia comme int\u00e9grateur, c&rsquo;est :<\/p>\n<ul>\n<li>Un h\u00e9bergement et une gestion \u00e0 distance de votre WMS<\/li>\n<li>Aucun co\u00fbt d&rsquo;infrastructure et de mise \u00e0 jour<\/li>\n<li>Un service et un support de tr\u00e8s grande qualit\u00e9<\/li>\n<li>Notre exp\u00e9rience dans la gestion d&rsquo;entrep\u00f4ts et nos comp\u00e9tences IT<\/li>\n<li>Notre expertise dans le secteur pharmaceutique et ses nombreuses exigences<\/li>\n<\/ul>\n\n<\/div><\/div><\/div>[\/vc_column_inner][\/vc_row_inner][\/vc_column][vc_column offset=\u00a0\u00bbvc_col-lg-4 vc_col-md-4&Prime;]<div class='rb_textmodule_69f2d01ccd7c6 rb_textmodule with_subtitle'><div class='rb_textmodule_info_wrapper'><div class='rb_textmodule_content_wrapper'><p style=\"text-align: center;\"><img loading=\"lazy\" decoding=\"async\" class=\"alignnone size-full wp-image-3275\" src=\"https:\/\/oroxilia.com\/wp-content\/uploads\/2021\/02\/geert-dhont-oroxilia.jpeg\" alt=\"Geert D'hont, sales manager d'Oroxilia\" width=\"200\" height=\"200\" srcset=\"https:\/\/oroxilia.com\/wp-content\/uploads\/2021\/02\/geert-dhont-oroxilia.jpeg 200w, https:\/\/oroxilia.com\/wp-content\/uploads\/2021\/02\/geert-dhont-oroxilia-150x150.jpeg 150w\" sizes=\"auto, (max-width: 200px) 100vw, 200px\" \/><br \/>\nContacter Geert D&rsquo;hont<br \/>\nSales manager chez Oroxilia<br \/>\n<a href=\"mailto:sales@oroxilia.com\">sales@oroxilia.com<\/a><\/p>\n\n<\/div><\/div><\/div><div class='rb_textmodule_69f2d01cce5a8 rb_textmodule with_subtitle align_center'><div class='rb_textmodule_info_wrapper'><h3 class='rb_textmodule_title '>Mes questions pour Oroxilia<\/h3><\/div><\/div>[vc_column_text]\n<div class=\"wpcf7 no-js\" id=\"wpcf7-f3424-o1\" lang=\"fr-FR\" dir=\"ltr\" data-wpcf7-id=\"3424\">\n<div class=\"screen-reader-response\"><p role=\"status\" aria-live=\"polite\" aria-atomic=\"true\"><\/p> <ul><\/ul><\/div>\n<form action=\"\/fr\/wp-json\/wp\/v2\/pages\/3393#wpcf7-f3424-o1\" method=\"post\" class=\"wpcf7-form init\" aria-label=\"Formulaire de contact\" novalidate=\"novalidate\" data-status=\"init\">\n<fieldset class=\"hidden-fields-container\"><input type=\"hidden\" name=\"_wpcf7\" value=\"3424\" \/><input type=\"hidden\" name=\"_wpcf7_version\" value=\"6.1.5\" \/><input type=\"hidden\" name=\"_wpcf7_locale\" value=\"fr_FR\" \/><input type=\"hidden\" name=\"_wpcf7_unit_tag\" value=\"wpcf7-f3424-o1\" \/><input type=\"hidden\" name=\"_wpcf7_container_post\" value=\"0\" \/><input type=\"hidden\" name=\"_wpcf7_posted_data_hash\" value=\"\" \/><input type=\"hidden\" name=\"_wpcf7dtx_version\" value=\"5.0.4\" \/><input type=\"hidden\" name=\"_wpcf7_recaptcha_response\" value=\"\" \/>\n<\/fieldset>\n<div class=\"landing-page-form-container\">\n\t<div class=\"landing-page-form-bottom\">\n\t\t<p><span class=\"wpcf7-form-control-wrap\" data-name=\"your-company\"><input size=\"40\" maxlength=\"400\" class=\"wpcf7-form-control wpcf7-text wpcf7-validates-as-required\" aria-required=\"true\" aria-invalid=\"false\" placeholder=\"Entreprise*\" value=\"\" type=\"text\" name=\"your-company\" \/><\/span>\n\t\t<\/p>\n\t\t<p><span class=\"wpcf7-form-control-wrap\" data-name=\"your-name\"><input size=\"40\" maxlength=\"400\" class=\"wpcf7-form-control wpcf7-text wpcf7-validates-as-required\" aria-required=\"true\" aria-invalid=\"false\" placeholder=\"Nom*\" value=\"\" type=\"text\" name=\"your-name\" \/><\/span>\n\t\t<\/p>\n\t\t<p><span class=\"wpcf7-form-control-wrap\" data-name=\"your-firstname\"><input size=\"40\" maxlength=\"400\" class=\"wpcf7-form-control wpcf7-text wpcf7-validates-as-required\" aria-required=\"true\" aria-invalid=\"false\" placeholder=\"Pr\u00e9nom*\" value=\"\" type=\"text\" name=\"your-firstname\" \/><\/span>\n\t\t<\/p>\n\t\t<p><span class=\"wpcf7-form-control-wrap\" data-name=\"your-email\"><input size=\"40\" maxlength=\"400\" class=\"wpcf7-form-control wpcf7-email wpcf7-validates-as-required wpcf7-text wpcf7-validates-as-email\" aria-required=\"true\" aria-invalid=\"false\" placeholder=\"Email*\" value=\"\" type=\"email\" name=\"your-email\" \/><\/span>\n\t\t<\/p>\n\t\t<p><span class=\"wpcf7-form-control-wrap\" data-name=\"your-phone\"><input size=\"40\" maxlength=\"400\" class=\"wpcf7-form-control wpcf7-tel wpcf7-validates-as-required wpcf7-text wpcf7-validates-as-tel\" aria-required=\"true\" aria-invalid=\"false\" placeholder=\"T\u00e9l\u00e9phone*\" value=\"\" type=\"tel\" name=\"your-phone\" \/><\/span>\n\t\t<\/p>\n\t\t<p><span class=\"wpcf7-form-control-wrap\" data-name=\"your-message\"><textarea cols=\"40\" rows=\"10\" maxlength=\"2000\" class=\"wpcf7-form-control wpcf7-textarea wpcf7-validates-as-required\" aria-required=\"true\" aria-invalid=\"false\" placeholder=\"Ma question*\" name=\"your-message\"><\/textarea><\/span>\n\t\t<\/p>\n\t\t<p><input class=\"wpcf7-form-control wpcf7-submit has-spinner oroxilia-button\" type=\"submit\" value=\"Envoyer\" \/>\n\t\t<\/p>\n\t<\/div>\n<\/div><input type='hidden' class='wpcf7-pum' value='{\"closepopup\":false,\"closedelay\":0,\"openpopup\":false,\"openpopup_id\":0}' \/><div class=\"wpcf7-response-output\" aria-hidden=\"true\"><\/div>\n<\/form>\n<\/div>\n[\/vc_column_text][\/vc_column][\/vc_row][vc_row][vc_column][vc_raw_js]JTNDc2NyaXB0JTNFJTBBZG9jdW1lbnQucXVlcnlTZWxlY3RvciUyOCUyMCUyNy5yZW1lcmNpZW1lbnQtcGhhcm1hJTIwLndwY2Y3JTI3JTIwJTI5LmFkZEV2ZW50TGlzdGVuZXIlMjglMjAlMjd3cGNmN21haWxzZW50JTI3JTJDJTIwZnVuY3Rpb24lMjglMjBldmVudCUyMCUyOSUyMCU3QmxvY2F0aW9uJTIwJTNEJTIwJTI3JTJGcmVtZXJjaWVtZW50LWxwLXdtcy1zYWFzLXBoYXJtYSUyNyUzQiU3RCUyQyUyMGZhbHNlJTIwJTI5JTNCJTBBJTNDJTJGc2NyaXB0JTNFJTBB[\/vc_raw_js][\/vc_column][\/vc_row]<\/p>\n","protected":false},"excerpt":{"rendered":"<p>[vc_row css=\u00a0\u00bb.vc_custom_1591174914987{margin-bottom: 90px !important;}\u00a0\u00bb][vc_column offset=\u00a0\u00bbvc_col-lg-8 vc_col-md-8&Prime;][vc_row_inner equal_height=\u00a0\u00bbyes\u00a0\u00bb css=\u00a0\u00bb.vc_custom_1613469947028{margin-bottom: 20px !important;}\u00a0\u00bb][vc_column_inner el_class=\u00a0\u00bbvignette-border\u00a0\u00bb][\/vc_column_inner][\/vc_row_inner][\/vc_column][vc_column offset=\u00a0\u00bbvc_col-lg-4 vc_col-md-4&Prime;][vc_column_text][\/vc_column_text][\/vc_column][\/vc_row][vc_row][vc_column][vc_raw_js]JTNDc2NyaXB0JTNFJTBBZG9jdW1lbnQucXVlcnlTZWxlY3RvciUyOCUyMCUyNy5yZW1lcmNpZW1lbnQtcGhhcm1hJTIwLndwY2Y3JTI3JTIwJTI5LmFkZEV2ZW50TGlzdGVuZXIlMjglMjAlMjd3cGNmN21haWxzZW50JTI3JTJDJTIwZnVuY3Rpb24lMjglMjBldmVudCUyMCUyOSUyMCU3QmxvY2F0aW9uJTIwJTNEJTIwJTI3JTJGcmVtZXJjaWVtZW50LWxwLXdtcy1zYWFzLXBoYXJtYSUyNyUzQiU3RCUyQyUyMGZhbHNlJTIwJTI5JTNCJTBBJTNDJTJGc2NyaXB0JTNFJTBB[\/vc_raw_js][\/vc_column][\/vc_row]<\/p>\n","protected":false},"author":1,"featured_media":0,"parent":0,"menu_order":0,"comment_status":"closed","ping_status":"closed","template":"","meta":{"footnotes":""},"class_list":["post-3393","page","type-page","status-publish","hentry"],"yoast_head":"<!-- This site is optimized with the Yoast SEO plugin v25.9 - https:\/\/yoast.com\/wordpress\/plugins\/seo\/ -->\n<title>Solution WMS SaaS pour la gestion d&#039;entrep\u00f4ts pharmaceutiques - Oroxilia<\/title>\n<meta name=\"robots\" content=\"index, follow, max-snippet:-1, max-image-preview:large, max-video-preview:-1\" \/>\n<link rel=\"canonical\" href=\"https:\/\/oroxilia.com\/fr\/lp-wms-saas-pharma\/\" \/>\n<meta property=\"og:locale\" content=\"fr_FR\" \/>\n<meta property=\"og:type\" content=\"article\" \/>\n<meta property=\"og:title\" content=\"Solution WMS SaaS pour la gestion d&#039;entrep\u00f4ts pharmaceutiques - Oroxilia\" \/>\n<meta property=\"og:description\" content=\"[vc_row css=\u00a0\u00bb.vc_custom_1591174914987{margin-bottom: 90px !important;}\u00a0\u00bb][vc_column offset=\u00a0\u00bbvc_col-lg-8 vc_col-md-8&Prime;][vc_row_inner equal_height=\u00a0\u00bbyes\u00a0\u00bb css=\u00a0\u00bb.vc_custom_1613469947028{margin-bottom: 20px !important;}\u00a0\u00bb][vc_column_inner el_class=\u00a0\u00bbvignette-border\u00a0\u00bb][\/vc_column_inner][\/vc_row_inner][\/vc_column][vc_column offset=\u00a0\u00bbvc_col-lg-4 vc_col-md-4&Prime;][vc_column_text][\/vc_column_text][\/vc_column][\/vc_row][vc_row][vc_column][vc_raw_js]JTNDc2NyaXB0JTNFJTBBZG9jdW1lbnQucXVlcnlTZWxlY3RvciUyOCUyMCUyNy5yZW1lcmNpZW1lbnQtcGhhcm1hJTIwLndwY2Y3JTI3JTIwJTI5LmFkZEV2ZW50TGlzdGVuZXIlMjglMjAlMjd3cGNmN21haWxzZW50JTI3JTJDJTIwZnVuY3Rpb24lMjglMjBldmVudCUyMCUyOSUyMCU3QmxvY2F0aW9uJTIwJTNEJTIwJTI3JTJGcmVtZXJjaWVtZW50LWxwLXdtcy1zYWFzLXBoYXJtYSUyNyUzQiU3RCUyQyUyMGZhbHNlJTIwJTI5JTNCJTBBJTNDJTJGc2NyaXB0JTNFJTBB[\/vc_raw_js][\/vc_column][\/vc_row]\" \/>\n<meta property=\"og:url\" content=\"https:\/\/oroxilia.com\/fr\/lp-wms-saas-pharma\/\" \/>\n<meta property=\"og:site_name\" content=\"Oroxilia\" \/>\n<meta property=\"article:modified_time\" content=\"2021-06-16T12:47:49+00:00\" \/>\n<meta property=\"og:image\" content=\"https:\/\/oroxilia.com\/wp-content\/uploads\/2021\/03\/entrepot-pharmaceutique-1.jpg\" \/>\n<meta name=\"twitter:card\" content=\"summary_large_image\" \/>\n<meta name=\"twitter:label1\" content=\"Dur\u00e9e de lecture estim\u00e9e\" \/>\n\t<meta name=\"twitter:data1\" content=\"4 minutes\" \/>\n<script type=\"application\/ld+json\" class=\"yoast-schema-graph\">{\"@context\":\"https:\/\/schema.org\",\"@graph\":[{\"@type\":\"WebPage\",\"@id\":\"https:\/\/oroxilia.com\/fr\/lp-wms-saas-pharma\/\",\"url\":\"https:\/\/oroxilia.com\/fr\/lp-wms-saas-pharma\/\",\"name\":\"Solution WMS SaaS pour la gestion d'entrep\u00f4ts pharmaceutiques - Oroxilia\",\"isPartOf\":{\"@id\":\"https:\/\/oroxilia.com\/fr\/#website\"},\"primaryImageOfPage\":{\"@id\":\"https:\/\/oroxilia.com\/fr\/lp-wms-saas-pharma\/#primaryimage\"},\"image\":{\"@id\":\"https:\/\/oroxilia.com\/fr\/lp-wms-saas-pharma\/#primaryimage\"},\"thumbnailUrl\":\"https:\/\/oroxilia.com\/wp-content\/uploads\/2021\/03\/entrepot-pharmaceutique-1.jpg\",\"datePublished\":\"2021-03-01T16:21:42+00:00\",\"dateModified\":\"2021-06-16T12:47:49+00:00\",\"breadcrumb\":{\"@id\":\"https:\/\/oroxilia.com\/fr\/lp-wms-saas-pharma\/#breadcrumb\"},\"inLanguage\":\"fr-FR\",\"potentialAction\":[{\"@type\":\"ReadAction\",\"target\":[\"https:\/\/oroxilia.com\/fr\/lp-wms-saas-pharma\/\"]}]},{\"@type\":\"ImageObject\",\"inLanguage\":\"fr-FR\",\"@id\":\"https:\/\/oroxilia.com\/fr\/lp-wms-saas-pharma\/#primaryimage\",\"url\":\"https:\/\/oroxilia.com\/wp-content\/uploads\/2021\/03\/entrepot-pharmaceutique-1.jpg\",\"contentUrl\":\"https:\/\/oroxilia.com\/wp-content\/uploads\/2021\/03\/entrepot-pharmaceutique-1.jpg\"},{\"@type\":\"BreadcrumbList\",\"@id\":\"https:\/\/oroxilia.com\/fr\/lp-wms-saas-pharma\/#breadcrumb\",\"itemListElement\":[{\"@type\":\"ListItem\",\"position\":1,\"name\":\"Accueil\",\"item\":\"https:\/\/oroxilia.com\/fr\/\"},{\"@type\":\"ListItem\",\"position\":2,\"name\":\"Landing page pharma\"}]},{\"@type\":\"WebSite\",\"@id\":\"https:\/\/oroxilia.com\/fr\/#website\",\"url\":\"https:\/\/oroxilia.com\/fr\/\",\"name\":\"Oroxilia\",\"description\":\"\",\"potentialAction\":[{\"@type\":\"SearchAction\",\"target\":{\"@type\":\"EntryPoint\",\"urlTemplate\":\"https:\/\/oroxilia.com\/fr\/?s={search_term_string}\"},\"query-input\":{\"@type\":\"PropertyValueSpecification\",\"valueRequired\":true,\"valueName\":\"search_term_string\"}}],\"inLanguage\":\"fr-FR\"}]}<\/script>\n<!-- \/ Yoast SEO plugin. -->","yoast_head_json":{"title":"Solution WMS SaaS pour la gestion d'entrep\u00f4ts pharmaceutiques - Oroxilia","robots":{"index":"index","follow":"follow","max-snippet":"max-snippet:-1","max-image-preview":"max-image-preview:large","max-video-preview":"max-video-preview:-1"},"canonical":"https:\/\/oroxilia.com\/fr\/lp-wms-saas-pharma\/","og_locale":"fr_FR","og_type":"article","og_title":"Solution WMS SaaS pour la gestion d'entrep\u00f4ts pharmaceutiques - Oroxilia","og_description":"[vc_row css=\u00a0\u00bb.vc_custom_1591174914987{margin-bottom: 90px !important;}\u00a0\u00bb][vc_column offset=\u00a0\u00bbvc_col-lg-8 vc_col-md-8&Prime;][vc_row_inner equal_height=\u00a0\u00bbyes\u00a0\u00bb css=\u00a0\u00bb.vc_custom_1613469947028{margin-bottom: 20px !important;}\u00a0\u00bb][vc_column_inner el_class=\u00a0\u00bbvignette-border\u00a0\u00bb][\/vc_column_inner][\/vc_row_inner][\/vc_column][vc_column offset=\u00a0\u00bbvc_col-lg-4 vc_col-md-4&Prime;][vc_column_text][\/vc_column_text][\/vc_column][\/vc_row][vc_row][vc_column][vc_raw_js]JTNDc2NyaXB0JTNFJTBBZG9jdW1lbnQucXVlcnlTZWxlY3RvciUyOCUyMCUyNy5yZW1lcmNpZW1lbnQtcGhhcm1hJTIwLndwY2Y3JTI3JTIwJTI5LmFkZEV2ZW50TGlzdGVuZXIlMjglMjAlMjd3cGNmN21haWxzZW50JTI3JTJDJTIwZnVuY3Rpb24lMjglMjBldmVudCUyMCUyOSUyMCU3QmxvY2F0aW9uJTIwJTNEJTIwJTI3JTJGcmVtZXJjaWVtZW50LWxwLXdtcy1zYWFzLXBoYXJtYSUyNyUzQiU3RCUyQyUyMGZhbHNlJTIwJTI5JTNCJTBBJTNDJTJGc2NyaXB0JTNFJTBB[\/vc_raw_js][\/vc_column][\/vc_row]","og_url":"https:\/\/oroxilia.com\/fr\/lp-wms-saas-pharma\/","og_site_name":"Oroxilia","article_modified_time":"2021-06-16T12:47:49+00:00","og_image":[{"url":"https:\/\/oroxilia.com\/wp-content\/uploads\/2021\/03\/entrepot-pharmaceutique-1.jpg","type":"","width":"","height":""}],"twitter_card":"summary_large_image","twitter_misc":{"Dur\u00e9e de lecture estim\u00e9e":"4 minutes"},"schema":{"@context":"https:\/\/schema.org","@graph":[{"@type":"WebPage","@id":"https:\/\/oroxilia.com\/fr\/lp-wms-saas-pharma\/","url":"https:\/\/oroxilia.com\/fr\/lp-wms-saas-pharma\/","name":"Solution WMS SaaS pour la gestion d'entrep\u00f4ts pharmaceutiques - Oroxilia","isPartOf":{"@id":"https:\/\/oroxilia.com\/fr\/#website"},"primaryImageOfPage":{"@id":"https:\/\/oroxilia.com\/fr\/lp-wms-saas-pharma\/#primaryimage"},"image":{"@id":"https:\/\/oroxilia.com\/fr\/lp-wms-saas-pharma\/#primaryimage"},"thumbnailUrl":"https:\/\/oroxilia.com\/wp-content\/uploads\/2021\/03\/entrepot-pharmaceutique-1.jpg","datePublished":"2021-03-01T16:21:42+00:00","dateModified":"2021-06-16T12:47:49+00:00","breadcrumb":{"@id":"https:\/\/oroxilia.com\/fr\/lp-wms-saas-pharma\/#breadcrumb"},"inLanguage":"fr-FR","potentialAction":[{"@type":"ReadAction","target":["https:\/\/oroxilia.com\/fr\/lp-wms-saas-pharma\/"]}]},{"@type":"ImageObject","inLanguage":"fr-FR","@id":"https:\/\/oroxilia.com\/fr\/lp-wms-saas-pharma\/#primaryimage","url":"https:\/\/oroxilia.com\/wp-content\/uploads\/2021\/03\/entrepot-pharmaceutique-1.jpg","contentUrl":"https:\/\/oroxilia.com\/wp-content\/uploads\/2021\/03\/entrepot-pharmaceutique-1.jpg"},{"@type":"BreadcrumbList","@id":"https:\/\/oroxilia.com\/fr\/lp-wms-saas-pharma\/#breadcrumb","itemListElement":[{"@type":"ListItem","position":1,"name":"Accueil","item":"https:\/\/oroxilia.com\/fr\/"},{"@type":"ListItem","position":2,"name":"Landing page pharma"}]},{"@type":"WebSite","@id":"https:\/\/oroxilia.com\/fr\/#website","url":"https:\/\/oroxilia.com\/fr\/","name":"Oroxilia","description":"","potentialAction":[{"@type":"SearchAction","target":{"@type":"EntryPoint","urlTemplate":"https:\/\/oroxilia.com\/fr\/?s={search_term_string}"},"query-input":{"@type":"PropertyValueSpecification","valueRequired":true,"valueName":"search_term_string"}}],"inLanguage":"fr-FR"}]}},"_links":{"self":[{"href":"https:\/\/oroxilia.com\/fr\/wp-json\/wp\/v2\/pages\/3393","targetHints":{"allow":["GET"]}}],"collection":[{"href":"https:\/\/oroxilia.com\/fr\/wp-json\/wp\/v2\/pages"}],"about":[{"href":"https:\/\/oroxilia.com\/fr\/wp-json\/wp\/v2\/types\/page"}],"author":[{"embeddable":true,"href":"https:\/\/oroxilia.com\/fr\/wp-json\/wp\/v2\/users\/1"}],"replies":[{"embeddable":true,"href":"https:\/\/oroxilia.com\/fr\/wp-json\/wp\/v2\/comments?post=3393"}],"version-history":[{"count":9,"href":"https:\/\/oroxilia.com\/fr\/wp-json\/wp\/v2\/pages\/3393\/revisions"}],"predecessor-version":[{"id":3505,"href":"https:\/\/oroxilia.com\/fr\/wp-json\/wp\/v2\/pages\/3393\/revisions\/3505"}],"wp:attachment":[{"href":"https:\/\/oroxilia.com\/fr\/wp-json\/wp\/v2\/media?parent=3393"}],"curies":[{"name":"wp","href":"https:\/\/api.w.org\/{rel}","templated":true}]}}