{"id":2294,"date":"2020-05-20T16:01:21","date_gmt":"2020-05-20T14:01:21","guid":{"rendered":"http:\/\/oroxilia.adevo.be\/?page_id=2294"},"modified":"2023-02-15T16:08:48","modified_gmt":"2023-02-15T15:08:48","slug":"integration-systemes-commerciaux","status":"publish","type":"page","link":"https:\/\/oroxilia.com\/fr\/integration-systemes-commerciaux\/","title":{"rendered":"Int\u00e9gration syst\u00e8mes commerciaux \u00ab\u00a0Order to Cash\u00a0\u00bb par Oroxilia"},"content":{"rendered":"<p>[vc_row css=\u00a0\u00bb.vc_custom_1589906727152{margin-bottom: 90px !important;}\u00a0\u00bb][vc_column]<div class='rb_textmodule_69ea2673248fd rb_textmodule with_subtitle align_center'><div class='rb_textmodule_info_wrapper'><div class='rb_textmodule_content_wrapper'><p>Oroxilia vous accompagne dans la mise en place de solutions complexes et compl\u00e8tes adapt\u00e9es \u00e0 votre e-commerce ou syst\u00e8me interne de commandes. Nous sommes le partenaire id\u00e9al pour votre gestion commerciale ainsi que pour la gestion de vos commandes et transports.<\/p>\n<\/div><\/div><\/div>[\/vc_column][\/vc_row][vc_row][vc_column]<div class='rb_textmodule_69ea2673252c2 rb_textmodule with_subtitle align_center'><div class='rb_textmodule_info_wrapper'><h2 class='rb_textmodule_title has_divider'>En quoi consiste ce service ?<span class='rb_textmodule_divider'><\/span><\/h2><div class='rb_textmodule_content_wrapper'><p>Afin de lier votre ERP, votre e-commerce ou votre call center \u00e0 votre WMS, ou si vous ne disposez pas encore d&rsquo;un WMS, nous int\u00e9grons la solution la plus compl\u00e8te et adapt\u00e9e \u00e0 votre entreprise. Gr\u00e2ce \u00e0 Oroxilia, vous profiterez d\u2019un syst\u00e8me commercial de type <strong>\u00ab\u00a0Order to Cash\u00a0\u00bb<\/strong> g\u00e9r\u00e9 de mani\u00e8re optimale de la rentr\u00e9e de la commande \u00e0 son exp\u00e9dition.<\/p>\n<\/div><\/div><\/div><div class='rb_textmodule_69ea267325521 rb_textmodule with_subtitle align_center'><div class='rb_textmodule_info_wrapper'><h3 class='rb_textmodule_title '>Int\u00e9gration entre WMS et e-commerce\/call center<\/h3><div class='rb_textmodule_content_wrapper'><p>Oroxilia simplifie votre activit\u00e9 en int\u00e9grant votre e-commerce ou syst\u00e8me de commandes interne <strong>\u00e0 votre gestion commerciale et \u00e0 votre WMS<\/strong>. Vous disposez ainsi d&rsquo;une plateforme de gestion de commandes compl\u00e8te et interop\u00e9rable.<\/p>\n<\/div><\/div><\/div><div class='rb_textmodule_69ea267325787 rb_textmodule with_subtitle align_center'><div class='rb_textmodule_info_wrapper'><h3 class='rb_textmodule_title '>Suivi des commandes et livraisons, des statuts et des quotas<\/h3><div class='rb_textmodule_content_wrapper'><p>Lorsque votre e-commerce ou syst\u00e8me de gestion de commandes internes sera int\u00e9gr\u00e9 avec un WMS, , vous aurez <strong>une vision claire des commandes<\/strong> qui ont \u00e9t\u00e9 pass\u00e9es sur votre webshop ou outil interne et des livraisons en cours pour celles-ci. Vous les suivez en temps r\u00e9el.<\/p>\n<\/div><\/div><\/div><div class='rb_textmodule_69ea2673259a7 rb_textmodule with_subtitle align_center'><div class='rb_textmodule_info_wrapper'><h3 class='rb_textmodule_title '>Interop\u00e9rabilit\u00e9 compl\u00e8te entre WMS et outil interne<\/h3><div class='rb_textmodule_content_wrapper'><ul>\n<li>Prises de commande<\/li>\n<li>R\u00e9ception des articles et enregistrement dans la base de donn\u00e9es<\/li>\n<li>Inventaire permanent : suivi des commandes, suivi et localisation des articles, suivi des livraisons et des ruptures de stock<\/li>\n<li>Optimisation des mouvements des op\u00e9rateurs<\/li>\n<li>Optimisation de la pr\u00e9paration des colis<\/li>\n<li>Suivi des co\u00fbts de pr\u00e9paration de commandes<\/li>\n<\/ul>\n<p>Depuis votre WMS, et aussi depuis votre e-commerce ou outil de gestion interne, pour assurer une r\u00e9ception des produits par vos clients \u00e0 la date pr\u00e9vue.<\/p>\n<\/div><\/div><\/div>[\/vc_column][\/vc_row][vc_row css=\u00a0\u00bb.vc_custom_1589906747969{margin-bottom: 90px !important;}\u00a0\u00bb][vc_column][vc_raw_html]JTNDZGl2JTIwaWQlM0QlMjJjdGEtYnJvY2h1cmUlMjIlMjBjbGFzcyUzRCUyMnJiX2Jhbm5lcl9tb2R1bGUlMjBjdXN0b20tYWxpZ24tY2VudGVyJTIyJTNFJTNDYSUyMGhyZWYlM0QlMjIlMkZjb250YWN0JTNGZGVtbyUzRHNlcnZpY2UtY29tbWVyY2lhdXglMjIlMjBjbGFzcyUzRCUyMnJiX2J1dHRvbiUyMG1lZGl1bSUyMGFycm93X2ZhZGVfb3V0JTIyJTNFJTNDc3BhbiUzRSUzQ0ZPTlQlMjBjb2xvciUzRCUyMndoaXRlJTIyJTNFQ29udGFjdGVyJTIwT3JveGlsaWElM0MlMkZGT05UJTNFJTNDJTJGc3BhbiUzRSUzQyUyRmElM0UlM0MlMkZkaXYlM0U=[\/vc_raw_html][\/vc_column][\/vc_row]<\/p>\n","protected":false},"excerpt":{"rendered":"<p>[vc_row css=\u00a0\u00bb.vc_custom_1589906727152{margin-bottom: 90px !important;}\u00a0\u00bb][vc_column][\/vc_column][\/vc_row][vc_row][vc_column][\/vc_column][\/vc_row][vc_row css=\u00a0\u00bb.vc_custom_1589906747969{margin-bottom: 90px !important;}\u00a0\u00bb][vc_column][vc_raw_html]JTNDZGl2JTIwaWQlM0QlMjJjdGEtYnJvY2h1cmUlMjIlMjBjbGFzcyUzRCUyMnJiX2Jhbm5lcl9tb2R1bGUlMjBjdXN0b20tYWxpZ24tY2VudGVyJTIyJTNFJTNDYSUyMGhyZWYlM0QlMjIlMkZjb250YWN0JTNGZGVtbyUzRHNlcnZpY2UtY29tbWVyY2lhdXglMjIlMjBjbGFzcyUzRCUyMnJiX2J1dHRvbiUyMG1lZGl1bSUyMGFycm93X2ZhZGVfb3V0JTIyJTNFJTNDc3BhbiUzRSUzQ0ZPTlQlMjBjb2xvciUzRCUyMndoaXRlJTIyJTNFQ29udGFjdGVyJTIwT3JveGlsaWElM0MlMkZGT05UJTNFJTNDJTJGc3BhbiUzRSUzQyUyRmElM0UlM0MlMkZkaXYlM0U=[\/vc_raw_html][\/vc_column][\/vc_row]<\/p>\n","protected":false},"author":1,"featured_media":0,"parent":0,"menu_order":0,"comment_status":"closed","ping_status":"closed","template":"","meta":{"footnotes":""},"class_list":["post-2294","page","type-page","status-publish","hentry"],"yoast_head":"<!-- This site is optimized with the Yoast SEO plugin v25.9 - https:\/\/yoast.com\/wordpress\/plugins\/seo\/ -->\n<title>Service d&#039;int\u00e9gration de syst\u00e8mes commerciaux - Oroxilia<\/title>\n<meta name=\"description\" content=\"Mise en place de solutions compl\u00e8tes pour vos e-commerce. Profitez d&#039;un syst\u00e8me commercial optimal. Nous faisons le lien entre WMS et outils internes.\" \/>\n<meta name=\"robots\" content=\"index, follow, max-snippet:-1, max-image-preview:large, max-video-preview:-1\" \/>\n<link rel=\"canonical\" href=\"https:\/\/oroxilia.com\/fr\/integration-systemes-commerciaux\/\" \/>\n<meta property=\"og:locale\" content=\"fr_FR\" \/>\n<meta property=\"og:type\" content=\"article\" \/>\n<meta property=\"og:title\" content=\"Service d&#039;int\u00e9gration de syst\u00e8mes commerciaux - Oroxilia\" \/>\n<meta property=\"og:description\" content=\"Mise en place de solutions compl\u00e8tes pour vos e-commerce. Profitez d&#039;un syst\u00e8me commercial optimal. Nous faisons le lien entre WMS et outils internes.\" \/>\n<meta property=\"og:url\" content=\"https:\/\/oroxilia.com\/fr\/integration-systemes-commerciaux\/\" \/>\n<meta property=\"og:site_name\" content=\"Oroxilia\" \/>\n<meta property=\"article:modified_time\" content=\"2023-02-15T15:08:48+00:00\" \/>\n<meta name=\"twitter:card\" content=\"summary_large_image\" \/>\n<meta name=\"twitter:label1\" content=\"Dur\u00e9e de lecture estim\u00e9e\" \/>\n\t<meta name=\"twitter:data1\" content=\"2 minutes\" \/>\n<script type=\"application\/ld+json\" class=\"yoast-schema-graph\">{\"@context\":\"https:\/\/schema.org\",\"@graph\":[{\"@type\":\"WebPage\",\"@id\":\"https:\/\/oroxilia.com\/fr\/integration-systemes-commerciaux\/\",\"url\":\"https:\/\/oroxilia.com\/fr\/integration-systemes-commerciaux\/\",\"name\":\"Service d'int\u00e9gration de syst\u00e8mes commerciaux - Oroxilia\",\"isPartOf\":{\"@id\":\"https:\/\/oroxilia.com\/fr\/#website\"},\"datePublished\":\"2020-05-20T14:01:21+00:00\",\"dateModified\":\"2023-02-15T15:08:48+00:00\",\"description\":\"Mise en place de solutions compl\u00e8tes pour vos e-commerce. Profitez d'un syst\u00e8me commercial optimal. Nous faisons le lien entre WMS et outils internes.\",\"breadcrumb\":{\"@id\":\"https:\/\/oroxilia.com\/fr\/integration-systemes-commerciaux\/#breadcrumb\"},\"inLanguage\":\"fr-FR\",\"potentialAction\":[{\"@type\":\"ReadAction\",\"target\":[\"https:\/\/oroxilia.com\/fr\/integration-systemes-commerciaux\/\"]}]},{\"@type\":\"BreadcrumbList\",\"@id\":\"https:\/\/oroxilia.com\/fr\/integration-systemes-commerciaux\/#breadcrumb\",\"itemListElement\":[{\"@type\":\"ListItem\",\"position\":1,\"name\":\"Accueil\",\"item\":\"https:\/\/oroxilia.com\/fr\/\"},{\"@type\":\"ListItem\",\"position\":2,\"name\":\"Int\u00e9gration syst\u00e8mes commerciaux \u00ab\u00a0Order to Cash\u00a0\u00bb par Oroxilia\"}]},{\"@type\":\"WebSite\",\"@id\":\"https:\/\/oroxilia.com\/fr\/#website\",\"url\":\"https:\/\/oroxilia.com\/fr\/\",\"name\":\"Oroxilia\",\"description\":\"\",\"potentialAction\":[{\"@type\":\"SearchAction\",\"target\":{\"@type\":\"EntryPoint\",\"urlTemplate\":\"https:\/\/oroxilia.com\/fr\/?s={search_term_string}\"},\"query-input\":{\"@type\":\"PropertyValueSpecification\",\"valueRequired\":true,\"valueName\":\"search_term_string\"}}],\"inLanguage\":\"fr-FR\"}]}<\/script>\n<!-- \/ Yoast SEO plugin. -->","yoast_head_json":{"title":"Service d'int\u00e9gration de syst\u00e8mes commerciaux - Oroxilia","description":"Mise en place de solutions compl\u00e8tes pour vos e-commerce. Profitez d'un syst\u00e8me commercial optimal. Nous faisons le lien entre WMS et outils internes.","robots":{"index":"index","follow":"follow","max-snippet":"max-snippet:-1","max-image-preview":"max-image-preview:large","max-video-preview":"max-video-preview:-1"},"canonical":"https:\/\/oroxilia.com\/fr\/integration-systemes-commerciaux\/","og_locale":"fr_FR","og_type":"article","og_title":"Service d'int\u00e9gration de syst\u00e8mes commerciaux - Oroxilia","og_description":"Mise en place de solutions compl\u00e8tes pour vos e-commerce. Profitez d'un syst\u00e8me commercial optimal. Nous faisons le lien entre WMS et outils internes.","og_url":"https:\/\/oroxilia.com\/fr\/integration-systemes-commerciaux\/","og_site_name":"Oroxilia","article_modified_time":"2023-02-15T15:08:48+00:00","twitter_card":"summary_large_image","twitter_misc":{"Dur\u00e9e de lecture estim\u00e9e":"2 minutes"},"schema":{"@context":"https:\/\/schema.org","@graph":[{"@type":"WebPage","@id":"https:\/\/oroxilia.com\/fr\/integration-systemes-commerciaux\/","url":"https:\/\/oroxilia.com\/fr\/integration-systemes-commerciaux\/","name":"Service d'int\u00e9gration de syst\u00e8mes commerciaux - Oroxilia","isPartOf":{"@id":"https:\/\/oroxilia.com\/fr\/#website"},"datePublished":"2020-05-20T14:01:21+00:00","dateModified":"2023-02-15T15:08:48+00:00","description":"Mise en place de solutions compl\u00e8tes pour vos e-commerce. Profitez d'un syst\u00e8me commercial optimal. Nous faisons le lien entre WMS et outils internes.","breadcrumb":{"@id":"https:\/\/oroxilia.com\/fr\/integration-systemes-commerciaux\/#breadcrumb"},"inLanguage":"fr-FR","potentialAction":[{"@type":"ReadAction","target":["https:\/\/oroxilia.com\/fr\/integration-systemes-commerciaux\/"]}]},{"@type":"BreadcrumbList","@id":"https:\/\/oroxilia.com\/fr\/integration-systemes-commerciaux\/#breadcrumb","itemListElement":[{"@type":"ListItem","position":1,"name":"Accueil","item":"https:\/\/oroxilia.com\/fr\/"},{"@type":"ListItem","position":2,"name":"Int\u00e9gration syst\u00e8mes commerciaux \u00ab\u00a0Order to Cash\u00a0\u00bb par Oroxilia"}]},{"@type":"WebSite","@id":"https:\/\/oroxilia.com\/fr\/#website","url":"https:\/\/oroxilia.com\/fr\/","name":"Oroxilia","description":"","potentialAction":[{"@type":"SearchAction","target":{"@type":"EntryPoint","urlTemplate":"https:\/\/oroxilia.com\/fr\/?s={search_term_string}"},"query-input":{"@type":"PropertyValueSpecification","valueRequired":true,"valueName":"search_term_string"}}],"inLanguage":"fr-FR"}]}},"_links":{"self":[{"href":"https:\/\/oroxilia.com\/fr\/wp-json\/wp\/v2\/pages\/2294","targetHints":{"allow":["GET"]}}],"collection":[{"href":"https:\/\/oroxilia.com\/fr\/wp-json\/wp\/v2\/pages"}],"about":[{"href":"https:\/\/oroxilia.com\/fr\/wp-json\/wp\/v2\/types\/page"}],"author":[{"embeddable":true,"href":"https:\/\/oroxilia.com\/fr\/wp-json\/wp\/v2\/users\/1"}],"replies":[{"embeddable":true,"href":"https:\/\/oroxilia.com\/fr\/wp-json\/wp\/v2\/comments?post=2294"}],"version-history":[{"count":16,"href":"https:\/\/oroxilia.com\/fr\/wp-json\/wp\/v2\/pages\/2294\/revisions"}],"predecessor-version":[{"id":4329,"href":"https:\/\/oroxilia.com\/fr\/wp-json\/wp\/v2\/pages\/2294\/revisions\/4329"}],"wp:attachment":[{"href":"https:\/\/oroxilia.com\/fr\/wp-json\/wp\/v2\/media?parent=2294"}],"curies":[{"name":"wp","href":"https:\/\/api.w.org\/{rel}","templated":true}]}}