{"id":2138,"date":"2020-05-19T14:56:08","date_gmt":"2020-05-19T12:56:08","guid":{"rendered":"http:\/\/oroxilia.adevo.be\/?page_id=2138"},"modified":"2023-02-15T16:09:18","modified_gmt":"2023-02-15T15:09:18","slug":"tierce-maintenance-applicative","status":"publish","type":"page","link":"https:\/\/oroxilia.com\/fr\/tierce-maintenance-applicative\/","title":{"rendered":"Tierce maintenance applicative par Oroxilia"},"content":{"rendered":"<p>[vc_row css=\u00a0\u00bb.vc_custom_1589907332393{margin-bottom: 90px !important;}\u00a0\u00bb][vc_column]<div class='rb_textmodule_69ea27385ed0a rb_textmodule with_subtitle align_center'><div class='rb_textmodule_info_wrapper'><div class='rb_textmodule_content_wrapper'><p>Avec le service de maintenance propos\u00e9 par Oroxilia, votre syst\u00e8me informatique sera toujours op\u00e9rationnel et sans aucune faille.<\/p>\n<\/div><\/div><\/div>[\/vc_column][\/vc_row][vc_row][vc_column]<div class='rb_textmodule_69ea27385f472 rb_textmodule with_subtitle align_center'><div class='rb_textmodule_info_wrapper'><h2 class='rb_textmodule_title has_divider'>En quoi consiste ce service ?<span class='rb_textmodule_divider'><\/span><\/h2><div class='rb_textmodule_content_wrapper'><p>Lors d\u2019une prestation de Tierce Maintenance Applicative, nous mettons \u00e0 votre disposition une \u00e9quipe d\u2019ing\u00e9nieurs et de techniciens exp\u00e9riment\u00e9s pour r\u00e9gler et optimiser votre syst\u00e8me informatique.<\/p>\n<\/div><\/div><\/div>[\/vc_column][\/vc_row][vc_row css=\u00a0\u00bb.vc_custom_1589787203530{margin-bottom: 20px !important;}\u00a0\u00bb][vc_column][vc_row_inner equal_height=\u00a0\u00bbyes\u00a0\u00bb css=\u00a0\u00bb.vc_custom_1590397386593{margin-top: 30px !important;}\u00a0\u00bb][vc_column_inner el_class=\u00a0\u00bbvignette-border\u00a0\u00bb width=\u00a0\u00bb1\/2&Prime;]<div class='rb_textmodule_69ea27385f665 rb_textmodule with_icon align_center'><div class='rb_textmodule_icon shape_square'><i class='fas fa-tools'><\/i><\/div><div class='rb_textmodule_info_wrapper'><h3 class='rb_textmodule_title '>Maintenance corrective et \u00e9volutive<\/h3><div class='rb_textmodule_content_wrapper'><p>Oroxilia prend en charge la maintenance et la correction des erreurs de votre syst\u00e8me informatique. Nous adaptons notre service \u00e0 l\u2019\u00e9volution de votre entreprise.<\/p>\n<\/div><\/div><\/div>[\/vc_column_inner][vc_column_inner el_class=\u00a0\u00bbvignette-border\u00a0\u00bb width=\u00a0\u00bb1\/2&Prime;]<div class='rb_textmodule_69ea27385f805 rb_textmodule with_icon align_center'><div class='rb_textmodule_icon shape_square'><i class='fas fa-clock'><\/i><\/div><div class='rb_textmodule_info_wrapper'><h3 class='rb_textmodule_title '>Support \u00e0 horaire \u00e9tendu 24\/7<\/h3><div class='rb_textmodule_content_wrapper'><p>Un probl\u00e8me informatique doit \u00eatre r\u00e9gl\u00e9 dans les plus brefs d\u00e9lais. Nous sommes donc disponibles 24h sur 24 et 7 jours sur 7 pour toute op\u00e9ration de maintenance.<\/p>\n<\/div><\/div><\/div>[\/vc_column_inner][\/vc_row_inner][vc_row_inner equal_height=\u00a0\u00bbyes\u00a0\u00bb][vc_column_inner el_class=\u00a0\u00bbvignette-border\u00a0\u00bb width=\u00a0\u00bb1\/2&Prime;]<div class='rb_textmodule_69ea27385f9a3 rb_textmodule with_icon align_center'><div class='rb_textmodule_icon shape_square'><i class='fas fa-receipt'><\/i><\/div><div class='rb_textmodule_info_wrapper'><h3 class='rb_textmodule_title '>Gestion des prestations sur base de tickets<\/h3><div class='rb_textmodule_content_wrapper'><p>Pour une bonne organisation et une gestion fluide et efficace de nos op\u00e9rations de maintenance, nous avons mis en place un syst\u00e8me de tickets.<\/p>\n<\/div><\/div><\/div>[\/vc_column_inner][vc_column_inner el_class=\u00a0\u00bbvignette-border\u00a0\u00bb width=\u00a0\u00bb1\/2&Prime;]<div class='rb_textmodule_69ea27385fb0a rb_textmodule with_icon align_center'><div class='rb_textmodule_icon shape_square'><i class='fas fa-chart-area'><\/i><\/div><div class='rb_textmodule_info_wrapper'><h3 class='rb_textmodule_title '>Reporting dynamique des prestations et des incidents<\/h3><div class='rb_textmodule_content_wrapper'><p>Apr\u00e8s chacune de nos interventions, nous vous livrons un feedback des probl\u00e8mes rencontr\u00e9s et de ce que nous avons r\u00e9alis\u00e9 pour les r\u00e9gler.<\/p>\n<\/div><\/div><\/div>[\/vc_column_inner][\/vc_row_inner][\/vc_column][\/vc_row][vc_row css=\u00a0\u00bb.vc_custom_1589907340948{margin-bottom: 90px !important;}\u00a0\u00bb][vc_column][vc_raw_html]JTNDZGl2JTIwaWQlM0QlMjJjdGEtYnJvY2h1cmUlMjIlMjBjbGFzcyUzRCUyMnJiX2Jhbm5lcl9tb2R1bGUlMjBjdXN0b20tYWxpZ24tY2VudGVyJTIyJTNFJTNDYSUyMGhyZWYlM0QlMjIlMkZjb250YWN0JTNGZGVtbyUzRHNlcnZpY2UtbWFpbnRlbmFuY2UlMjIlMjBjbGFzcyUzRCUyMnJiX2J1dHRvbiUyMG1lZGl1bSUyMGFycm93X2ZhZGVfb3V0JTIyJTNFJTNDc3BhbiUzRSUzQ0ZPTlQlMjBjb2xvciUzRCUyMndoaXRlJTIyJTNFQ29udGFjdGVyJTIwT3JveGlsaWElM0MlMkZGT05UJTNFJTNDJTJGc3BhbiUzRSUzQyUyRmElM0UlM0MlMkZkaXYlM0U=[\/vc_raw_html][\/vc_column][\/vc_row]<\/p>\n","protected":false},"excerpt":{"rendered":"<p>[vc_row css=\u00a0\u00bb.vc_custom_1589907332393{margin-bottom: 90px !important;}\u00a0\u00bb][vc_column][\/vc_column][\/vc_row][vc_row][vc_column][\/vc_column][\/vc_row][vc_row css=\u00a0\u00bb.vc_custom_1589787203530{margin-bottom: 20px !important;}\u00a0\u00bb][vc_column][vc_row_inner equal_height=\u00a0\u00bbyes\u00a0\u00bb css=\u00a0\u00bb.vc_custom_1590397386593{margin-top: 30px !important;}\u00a0\u00bb][vc_column_inner el_class=\u00a0\u00bbvignette-border\u00a0\u00bb width=\u00a0\u00bb1\/2&Prime;][\/vc_column_inner][vc_column_inner el_class=\u00a0\u00bbvignette-border\u00a0\u00bb width=\u00a0\u00bb1\/2&Prime;][\/vc_column_inner][\/vc_row_inner][vc_row_inner equal_height=\u00a0\u00bbyes\u00a0\u00bb][vc_column_inner el_class=\u00a0\u00bbvignette-border\u00a0\u00bb width=\u00a0\u00bb1\/2&Prime;][\/vc_column_inner][vc_column_inner el_class=\u00a0\u00bbvignette-border\u00a0\u00bb width=\u00a0\u00bb1\/2&Prime;][\/vc_column_inner][\/vc_row_inner][\/vc_column][\/vc_row][vc_row css=\u00a0\u00bb.vc_custom_1589907340948{margin-bottom: 90px !important;}\u00a0\u00bb][vc_column][vc_raw_html]JTNDZGl2JTIwaWQlM0QlMjJjdGEtYnJvY2h1cmUlMjIlMjBjbGFzcyUzRCUyMnJiX2Jhbm5lcl9tb2R1bGUlMjBjdXN0b20tYWxpZ24tY2VudGVyJTIyJTNFJTNDYSUyMGhyZWYlM0QlMjIlMkZjb250YWN0JTNGZGVtbyUzRHNlcnZpY2UtbWFpbnRlbmFuY2UlMjIlMjBjbGFzcyUzRCUyMnJiX2J1dHRvbiUyMG1lZGl1bSUyMGFycm93X2ZhZGVfb3V0JTIyJTNFJTNDc3BhbiUzRSUzQ0ZPTlQlMjBjb2xvciUzRCUyMndoaXRlJTIyJTNFQ29udGFjdGVyJTIwT3JveGlsaWElM0MlMkZGT05UJTNFJTNDJTJGc3BhbiUzRSUzQyUyRmElM0UlM0MlMkZkaXYlM0U=[\/vc_raw_html][\/vc_column][\/vc_row]<\/p>\n","protected":false},"author":1,"featured_media":0,"parent":0,"menu_order":0,"comment_status":"closed","ping_status":"closed","template":"","meta":{"footnotes":""},"class_list":["post-2138","page","type-page","status-publish","hentry"],"yoast_head":"<!-- This site is optimized with the Yoast SEO plugin v25.9 - https:\/\/yoast.com\/wordpress\/plugins\/seo\/ -->\n<title>Service de tierce maintenance applicative - Oroxilia<\/title>\n<meta name=\"description\" content=\"D\u00e9couvrez en quoi consiste le service de maintenance propos\u00e9 aux entreprises par Oroxilia. Pour un syst\u00e8me informatique toujours op\u00e9rationnel et optimis\u00e9.\" \/>\n<meta name=\"robots\" content=\"index, follow, max-snippet:-1, max-image-preview:large, max-video-preview:-1\" \/>\n<link rel=\"canonical\" href=\"https:\/\/oroxilia.com\/fr\/tierce-maintenance-applicative\/\" \/>\n<meta property=\"og:locale\" content=\"fr_FR\" \/>\n<meta property=\"og:type\" content=\"article\" \/>\n<meta property=\"og:title\" content=\"Service de tierce maintenance applicative - Oroxilia\" \/>\n<meta property=\"og:description\" content=\"D\u00e9couvrez en quoi consiste le service de maintenance propos\u00e9 aux entreprises par Oroxilia. Pour un syst\u00e8me informatique toujours op\u00e9rationnel et optimis\u00e9.\" \/>\n<meta property=\"og:url\" content=\"https:\/\/oroxilia.com\/fr\/tierce-maintenance-applicative\/\" \/>\n<meta property=\"og:site_name\" content=\"Oroxilia\" \/>\n<meta property=\"article:modified_time\" content=\"2023-02-15T15:09:18+00:00\" \/>\n<meta name=\"twitter:card\" content=\"summary_large_image\" \/>\n<meta name=\"twitter:label1\" content=\"Dur\u00e9e de lecture estim\u00e9e\" \/>\n\t<meta name=\"twitter:data1\" content=\"2 minutes\" \/>\n<script type=\"application\/ld+json\" class=\"yoast-schema-graph\">{\"@context\":\"https:\/\/schema.org\",\"@graph\":[{\"@type\":\"WebPage\",\"@id\":\"https:\/\/oroxilia.com\/fr\/tierce-maintenance-applicative\/\",\"url\":\"https:\/\/oroxilia.com\/fr\/tierce-maintenance-applicative\/\",\"name\":\"Service de tierce maintenance applicative - Oroxilia\",\"isPartOf\":{\"@id\":\"https:\/\/oroxilia.com\/fr\/#website\"},\"datePublished\":\"2020-05-19T12:56:08+00:00\",\"dateModified\":\"2023-02-15T15:09:18+00:00\",\"description\":\"D\u00e9couvrez en quoi consiste le service de maintenance propos\u00e9 aux entreprises par Oroxilia. Pour un syst\u00e8me informatique toujours op\u00e9rationnel et optimis\u00e9.\",\"breadcrumb\":{\"@id\":\"https:\/\/oroxilia.com\/fr\/tierce-maintenance-applicative\/#breadcrumb\"},\"inLanguage\":\"fr-FR\",\"potentialAction\":[{\"@type\":\"ReadAction\",\"target\":[\"https:\/\/oroxilia.com\/fr\/tierce-maintenance-applicative\/\"]}]},{\"@type\":\"BreadcrumbList\",\"@id\":\"https:\/\/oroxilia.com\/fr\/tierce-maintenance-applicative\/#breadcrumb\",\"itemListElement\":[{\"@type\":\"ListItem\",\"position\":1,\"name\":\"Accueil\",\"item\":\"https:\/\/oroxilia.com\/fr\/\"},{\"@type\":\"ListItem\",\"position\":2,\"name\":\"Tierce maintenance applicative par Oroxilia\"}]},{\"@type\":\"WebSite\",\"@id\":\"https:\/\/oroxilia.com\/fr\/#website\",\"url\":\"https:\/\/oroxilia.com\/fr\/\",\"name\":\"Oroxilia\",\"description\":\"\",\"potentialAction\":[{\"@type\":\"SearchAction\",\"target\":{\"@type\":\"EntryPoint\",\"urlTemplate\":\"https:\/\/oroxilia.com\/fr\/?s={search_term_string}\"},\"query-input\":{\"@type\":\"PropertyValueSpecification\",\"valueRequired\":true,\"valueName\":\"search_term_string\"}}],\"inLanguage\":\"fr-FR\"}]}<\/script>\n<!-- \/ Yoast SEO plugin. -->","yoast_head_json":{"title":"Service de tierce maintenance applicative - Oroxilia","description":"D\u00e9couvrez en quoi consiste le service de maintenance propos\u00e9 aux entreprises par Oroxilia. Pour un syst\u00e8me informatique toujours op\u00e9rationnel et optimis\u00e9.","robots":{"index":"index","follow":"follow","max-snippet":"max-snippet:-1","max-image-preview":"max-image-preview:large","max-video-preview":"max-video-preview:-1"},"canonical":"https:\/\/oroxilia.com\/fr\/tierce-maintenance-applicative\/","og_locale":"fr_FR","og_type":"article","og_title":"Service de tierce maintenance applicative - Oroxilia","og_description":"D\u00e9couvrez en quoi consiste le service de maintenance propos\u00e9 aux entreprises par Oroxilia. Pour un syst\u00e8me informatique toujours op\u00e9rationnel et optimis\u00e9.","og_url":"https:\/\/oroxilia.com\/fr\/tierce-maintenance-applicative\/","og_site_name":"Oroxilia","article_modified_time":"2023-02-15T15:09:18+00:00","twitter_card":"summary_large_image","twitter_misc":{"Dur\u00e9e de lecture estim\u00e9e":"2 minutes"},"schema":{"@context":"https:\/\/schema.org","@graph":[{"@type":"WebPage","@id":"https:\/\/oroxilia.com\/fr\/tierce-maintenance-applicative\/","url":"https:\/\/oroxilia.com\/fr\/tierce-maintenance-applicative\/","name":"Service de tierce maintenance applicative - Oroxilia","isPartOf":{"@id":"https:\/\/oroxilia.com\/fr\/#website"},"datePublished":"2020-05-19T12:56:08+00:00","dateModified":"2023-02-15T15:09:18+00:00","description":"D\u00e9couvrez en quoi consiste le service de maintenance propos\u00e9 aux entreprises par Oroxilia. Pour un syst\u00e8me informatique toujours op\u00e9rationnel et optimis\u00e9.","breadcrumb":{"@id":"https:\/\/oroxilia.com\/fr\/tierce-maintenance-applicative\/#breadcrumb"},"inLanguage":"fr-FR","potentialAction":[{"@type":"ReadAction","target":["https:\/\/oroxilia.com\/fr\/tierce-maintenance-applicative\/"]}]},{"@type":"BreadcrumbList","@id":"https:\/\/oroxilia.com\/fr\/tierce-maintenance-applicative\/#breadcrumb","itemListElement":[{"@type":"ListItem","position":1,"name":"Accueil","item":"https:\/\/oroxilia.com\/fr\/"},{"@type":"ListItem","position":2,"name":"Tierce maintenance applicative par Oroxilia"}]},{"@type":"WebSite","@id":"https:\/\/oroxilia.com\/fr\/#website","url":"https:\/\/oroxilia.com\/fr\/","name":"Oroxilia","description":"","potentialAction":[{"@type":"SearchAction","target":{"@type":"EntryPoint","urlTemplate":"https:\/\/oroxilia.com\/fr\/?s={search_term_string}"},"query-input":{"@type":"PropertyValueSpecification","valueRequired":true,"valueName":"search_term_string"}}],"inLanguage":"fr-FR"}]}},"_links":{"self":[{"href":"https:\/\/oroxilia.com\/fr\/wp-json\/wp\/v2\/pages\/2138","targetHints":{"allow":["GET"]}}],"collection":[{"href":"https:\/\/oroxilia.com\/fr\/wp-json\/wp\/v2\/pages"}],"about":[{"href":"https:\/\/oroxilia.com\/fr\/wp-json\/wp\/v2\/types\/page"}],"author":[{"embeddable":true,"href":"https:\/\/oroxilia.com\/fr\/wp-json\/wp\/v2\/users\/1"}],"replies":[{"embeddable":true,"href":"https:\/\/oroxilia.com\/fr\/wp-json\/wp\/v2\/comments?post=2138"}],"version-history":[{"count":17,"href":"https:\/\/oroxilia.com\/fr\/wp-json\/wp\/v2\/pages\/2138\/revisions"}],"predecessor-version":[{"id":4330,"href":"https:\/\/oroxilia.com\/fr\/wp-json\/wp\/v2\/pages\/2138\/revisions\/4330"}],"wp:attachment":[{"href":"https:\/\/oroxilia.com\/fr\/wp-json\/wp\/v2\/media?parent=2138"}],"curies":[{"name":"wp","href":"https:\/\/api.w.org\/{rel}","templated":true}]}}