{"id":2130,"date":"2020-05-19T14:45:40","date_gmt":"2020-05-19T12:45:40","guid":{"rendered":"http:\/\/oroxilia.adevo.be\/?page_id=2130"},"modified":"2026-02-25T15:54:38","modified_gmt":"2026-02-25T14:54:38","slug":"developpement-et-integration-iseries-as400","status":"publish","type":"page","link":"https:\/\/oroxilia.com\/fr\/developpement-et-integration-iseries-as400\/","title":{"rendered":"Expertise en syst\u00e8mes IBM AS400"},"content":{"rendered":"<p>[vc_row css=\u00a0\u00bb.vc_custom_1589906727152{margin-bottom: 90px !important;}\u00a0\u00bb][vc_column]<div class='rb_textmodule_69ea26da35f76 rb_textmodule with_subtitle align_left'><div class='rb_textmodule_info_wrapper'><h2 class='rb_textmodule_title has_divider'>Nos \u00e9quipes : les ressources AS400\/iSeries dont vous avez besoin<span class='rb_textmodule_divider'><\/span><\/h2><div class='rb_textmodule_content_wrapper'><p style=\"text-align: left;\"><span lang=\"en-BE\">Notre soci\u00e9t\u00e9 est une \u00e9quipe multilingue\u00a0<\/span>sp\u00e9cialis\u00e9e en\u00a0<a href=\"https:\/\/oroxilia.com\/fr\/solution-de-gestion-dentrepot-wms\/\">int\u00e9gration de syst\u00e8mes de gestion d&rsquo;entrep\u00f4t<\/a>\u00a0du march\u00e9 et en particulier <a href=\"https:\/\/oroxilia.com\/fr\/blueyonder\/\">Blue Yonder<\/a>. <span lang=\"en-BE\">Mais outre ce\u00a0<\/span>m\u00e9tier de base d\u2019int\u00e9grateur de solutions WMS, nous pouvons \u00e9galement assurer des services aux entreprises ayant un capital logiciel important sur <b>syst\u00e8mes IBM AS400 pour les activit\u00e9s de WMS, TMS et de gestion commerciale. <\/b><\/p>\n<p style=\"font-weight: 400;\">Nous accompagnons nos clients logisticiens sur des syst\u00e8mes dits \u201c<strong>Legacy systems<\/strong>\u201d depuis de nombreuses ann\u00e9es et en particulier sur l\u2019<strong>AS400<\/strong>.<\/p>\n<p style=\"font-weight: 400;\">Notre exp\u00e9rience et notre expertise sur cette technologie est b\u00e2tie sur de nombreuses ann\u00e9es d\u2019exp\u00e9rience. Chez Oroxilia, nous allions ainsi <strong>les comp\u00e9tences m\u00e9tier de la logistique et les\u00a0 comp\u00e9tences techniques<\/strong> sur cette plateforme.<\/p>\n\n<\/div><\/div><\/div><div id='rb_image_69ea26da36619' class='rb_image_module background_no_hover' ><div class=\"main_image\"><img decoding=\"async\" class=\"image\" src=\"https:\/\/oroxilia.com\/wp-content\/uploads\/2024\/08\/shutterstock_1714734415-e1723199044596.jpg\" alt=\"\" \/><\/div><\/div><div class='rb_textmodule_69ea26da368da rb_textmodule with_subtitle align_center'><div class='rb_textmodule_info_wrapper'><div class='rb_textmodule_content_wrapper'><p style=\"font-weight: 400; text-align: left;\">Notre capacit\u00e9 va au del\u00e0 de la ma\u00eetrise technique de la plateforme : nous donnons \u00e9galement aussi des conseils quant \u00e0 l\u2019<strong>\u00e9volution d\u2019architecture<\/strong> de vos syst\u00e8mes d\u2019information et quant \u00e0 l&rsquo;int\u00e9gration avec d\u2019autres syst\u00e8mes tels que <strong>WCS, OMS, ERP<\/strong>&#8230;<\/p>\n<p style=\"text-align: left;\">Notre ma\u00eetrise des syst\u00e8mes automatis\u00e9s nous permet de vous conseiller sur l\u2019\u00e9volution de l\u2019architecture logicielle globale dans un contexte d\u2019automatisation (ASRS, PICK2Light&#8230;).<\/p>\n\n<\/div><\/div><\/div><div class='rb_textmodule_69ea26da36a64 rb_textmodule with_subtitle align_center'><div class='rb_textmodule_info_wrapper'><h2 class='rb_textmodule_title has_divider'>Oroxilia, de la logistique, mais pas que...<span class='rb_textmodule_divider'><\/span><\/h2><\/div><\/div>[vc_row_inner equal_height=\u00a0\u00bbyes\u00a0\u00bb css=\u00a0\u00bb.vc_custom_1590657053269{margin-top: 30px !important;}\u00a0\u00bb][vc_column_inner el_class=\u00a0\u00bbvignette-border\u00a0\u00bb width=\u00a0\u00bb1\/2&Prime;]<div class='rb_textmodule_69ea26da36b66 rb_textmodule with_icon align_center'><div class='rb_textmodule_icon shape_square'><i class='fas fa-code'><\/i><\/div><div class='rb_textmodule_info_wrapper'><h3 class='rb_textmodule_title '>D\u00e9veloppement et int\u00e9gration AS400<\/h3><div class='rb_textmodule_content_wrapper'><p>Oroxilia fait \u00e9voluer votre application iSeries\/AS400 sur mesure <strong>pour disposer d&rsquo;un syst\u00e8me logistique efficace et fiable<\/strong>. Notre \u00e9quipe g\u00e8re des projets complets de d\u00e9veloppement d\u2019applications pour entreprises (analyse, gestion de projet, d\u00e9veloppement, testing, d\u00e9ploiement). En compl\u00e9ment, nous pouvons \u00e9galement les ouvrir au monde ext\u00e9rieur (web services, API, \u2026).<\/p>\n<\/div><\/div><\/div>[\/vc_column_inner][vc_column_inner el_class=\u00a0\u00bbvignette-border\u00a0\u00bb width=\u00a0\u00bb1\/2&Prime;]<div class='rb_textmodule_69ea26da36cca rb_textmodule with_icon align_center'><div class='rb_textmodule_icon shape_square'><i class='fas fa-wrench'><\/i><\/div><div class='rb_textmodule_info_wrapper'><h3 class='rb_textmodule_title '>Support et maintenance de votre syst\u00e8me AS400<\/h3><div class='rb_textmodule_content_wrapper'><p>Oroxilia assure <strong>le support et la maintenance de vos applications m\u00e9tier existantes sur un serveur Application System\/400<\/strong> afin que celles-ci tournent toujours parfaitement. Nous sommes \u00e9galement pr\u00e9sents pour vos projets de migration (d&rsquo;une plateforme \u00e0 une autre) et d&rsquo;\u00e9volution (en cas de nouvelle activit\u00e9 pour votre entreprise ou pour un ajout de fonctionnalit\u00e9s sur votre plateforme AS400).<\/p>\n<\/div><\/div><\/div>[\/vc_column_inner][\/vc_row_inner][vc_row_inner equal_height=\u00a0\u00bbyes\u00a0\u00bb css=\u00a0\u00bb.vc_custom_1723205072404{margin-top: 0px !important;padding-top: 20px !important;padding-right: 20px !important;padding-bottom: 20px !important;padding-left: 20px !important;}\u00a0\u00bb el_class=\u00a0\u00bbvignette-border\u00a0\u00bb][vc_column_inner width=\u00a0\u00bb1\/3&Prime;]<div class='rb_textmodule_69ea26da36e25 rb_textmodule with_subtitle align_center'><div class='rb_textmodule_info_wrapper'><div class='rb_textmodule_content_wrapper'><ul>\n<li>Support 24\/7<\/li>\n<\/ul>\n\n<\/div><\/div><\/div>[\/vc_column_inner][vc_column_inner width=\u00a0\u00bb1\/3&Prime;]<div class='rb_textmodule_69ea26da36f78 rb_textmodule with_subtitle align_center'><div class='rb_textmodule_info_wrapper'><div class='rb_textmodule_content_wrapper'><ul>\n<li>Syst\u00e8me de ticketing et de suivi<\/li>\n<\/ul>\n\n<\/div><\/div><\/div>[\/vc_column_inner][vc_column_inner width=\u00a0\u00bb1\/3&Prime;]<div class='rb_textmodule_69ea26da370e5 rb_textmodule with_subtitle align_center'><div class='rb_textmodule_info_wrapper'><div class='rb_textmodule_content_wrapper'><ul>\n<li>Monitoring pr\u00e9ventif de vos applications<\/li>\n<\/ul>\n\n<\/div><\/div><\/div>[\/vc_column_inner][\/vc_row_inner]<div id='rb_image_69ea26da3723a' class='rb_image_module background_no_hover' ><div class=\"main_image\"><img decoding=\"async\" class=\"image\" src=\"https:\/\/oroxilia.com\/wp-content\/uploads\/2024\/08\/shutterstock_1414026860-e1723209881183.jpg\" alt=\"\" \/><\/div><\/div><div class='rb_textmodule_69ea26da374c6 rb_textmodule with_subtitle align_left'><div class='rb_textmodule_info_wrapper'><h2 class='rb_textmodule_title has_divider'>Des ressources AS400 devenues rares<span class='rb_textmodule_divider'><\/span><\/h2><div class='rb_textmodule_content_wrapper'><p style=\"text-align: left;\">Dans beaucoup d\u2019entreprises, et en particulier dans les entreprises du secteur logistique, des applications d\u00e9velopp\u00e9es sur iSeries\/As400 sont utilis\u00e9es et fonctionnent de mani\u00e8re efficace. A l&rsquo;heure actuelle, il leur est difficile de trouver une \u00e9quipe de support AS400 fiable et exp\u00e9riment\u00e9e. Et il est encore plus compliqu\u00e9 de trouver <strong>des ressources combinant les comp\u00e9tences techniques sur cette plateforme et les comp\u00e9tences m\u00e9tiers de la logistique<\/strong>. C&rsquo;est justement ce qui fait la force d&rsquo;Oroxilia et qui fait de notre entreprise un prestataire pr\u00e9cieux et de qualit\u00e9. Nos ing\u00e9nieurs prennent votre projet \u00e0 bras le corps et exploitent tout le potentiel des applications AS400 pour votre activit\u00e9.<\/p>\n\n<\/div><\/div><\/div><div class='rb_textmodule_69ea26da3764b rb_textmodule with_subtitle align_left'><div class='rb_textmodule_info_wrapper'><h2 class='rb_textmodule_title has_divider'>Des consultants AS400 proches de chez vous<span class='rb_textmodule_divider'><\/span><\/h2><div class='rb_textmodule_content_wrapper'><p style=\"text-align: left;\">Notre \u00e9quipe d&rsquo;ing\u00e9nieurs software multilingue assure le support en fran\u00e7ais, en n\u00e9erlandais ou en anglais et est capable de comprendre vos besoins fonctionnels <strong>tout en ma\u00eetrisant les aspects techniques de la plateforme AS400<\/strong>. Familiaris\u00e9e avec la logistique d&rsquo;entrep\u00f4t et ses contraintes m\u00e9tier, l&rsquo;\u00e9quipe Oroxilia est une vraie plus-value pour beaucoup d\u2019entreprises du secteur logistique qui ont capitalis\u00e9 sur une technologie iSeries d&rsquo;IBM et qui souhaitent mettre un oeuvre un projet de migration ou d&rsquo;\u00e9volution pour leur syst\u00e8me.<\/p>\n\n<\/div><\/div><\/div>[vc_raw_html]JTNDZGl2JTIwaWQlM0QlMjJjdGEtYnJvY2h1cmUlMjIlMjBjbGFzcyUzRCUyMnJiX2Jhbm5lcl9tb2R1bGUlMjBjdXN0b20tYWxpZ24tY2VudGVyJTIyJTNFJTNDYSUyMGhyZWYlM0QlMjIlMkZjb250YWN0JTJGJTIyJTIwY2xhc3MlM0QlMjJyYl9idXR0b24lMjBtZWRpdW0lMjBhcnJvd19mYWRlX291dCUyMiUzRSUzQ3NwYW4lM0UlM0NGT05UJTIwY29sb3IlM0QlMjJ3aGl0ZSUyMiUzRUNvbnRhY3RlciUyME9yb3hpbGlhJTNDJTJGRk9OVCUzRSUzQyUyRnNwYW4lM0UlM0MlMkZhJTNFJTNDJTJGZGl2JTNF[\/vc_raw_html][\/vc_column][\/vc_row]<\/p>\n","protected":false},"excerpt":{"rendered":"<p>[vc_row css=\u00a0\u00bb.vc_custom_1589906727152{margin-bottom: 90px !important;}\u00a0\u00bb][vc_column][vc_row_inner equal_height=\u00a0\u00bbyes\u00a0\u00bb css=\u00a0\u00bb.vc_custom_1590657053269{margin-top: 30px !important;}\u00a0\u00bb][vc_column_inner el_class=\u00a0\u00bbvignette-border\u00a0\u00bb width=\u00a0\u00bb1\/2&Prime;][\/vc_column_inner][vc_column_inner el_class=\u00a0\u00bbvignette-border\u00a0\u00bb width=\u00a0\u00bb1\/2&Prime;][\/vc_column_inner][\/vc_row_inner][vc_row_inner equal_height=\u00a0\u00bbyes\u00a0\u00bb css=\u00a0\u00bb.vc_custom_1723205072404{margin-top: 0px !important;padding-top: 20px !important;padding-right: 20px !important;padding-bottom: 20px !important;padding-left: 20px !important;}\u00a0\u00bb el_class=\u00a0\u00bbvignette-border\u00a0\u00bb][vc_column_inner width=\u00a0\u00bb1\/3&Prime;][\/vc_column_inner][vc_column_inner width=\u00a0\u00bb1\/3&Prime;][\/vc_column_inner][vc_column_inner width=\u00a0\u00bb1\/3&Prime;][\/vc_column_inner][\/vc_row_inner][vc_raw_html]JTNDZGl2JTIwaWQlM0QlMjJjdGEtYnJvY2h1cmUlMjIlMjBjbGFzcyUzRCUyMnJiX2Jhbm5lcl9tb2R1bGUlMjBjdXN0b20tYWxpZ24tY2VudGVyJTIyJTNFJTNDYSUyMGhyZWYlM0QlMjIlMkZjb250YWN0JTJGJTIyJTIwY2xhc3MlM0QlMjJyYl9idXR0b24lMjBtZWRpdW0lMjBhcnJvd19mYWRlX291dCUyMiUzRSUzQ3NwYW4lM0UlM0NGT05UJTIwY29sb3IlM0QlMjJ3aGl0ZSUyMiUzRUNvbnRhY3RlciUyME9yb3hpbGlhJTNDJTJGRk9OVCUzRSUzQyUyRnNwYW4lM0UlM0MlMkZhJTNFJTNDJTJGZGl2JTNF[\/vc_raw_html][\/vc_column][\/vc_row]<\/p>\n","protected":false},"author":1,"featured_media":0,"parent":0,"menu_order":0,"comment_status":"closed","ping_status":"closed","template":"","meta":{"footnotes":""},"class_list":["post-2130","page","type-page","status-publish","hentry"],"yoast_head":"<!-- This site is optimized with the Yoast SEO plugin v25.9 - https:\/\/yoast.com\/wordpress\/plugins\/seo\/ -->\n<title>Int\u00e9gration, support et maintenance syst\u00e8mes IBM AS400 - Oroxilia<\/title>\n<meta name=\"description\" content=\"Oroxilia dispose des ressources AS400\/iSeries dont votre entreprise a besoin. \u00c9quipe de support fiable et exp\u00e9riment\u00e9e.\" \/>\n<meta name=\"robots\" content=\"index, follow, max-snippet:-1, max-image-preview:large, max-video-preview:-1\" \/>\n<link rel=\"canonical\" href=\"https:\/\/oroxilia.com\/fr\/developpement-et-integration-iseries-as400\/\" \/>\n<meta property=\"og:locale\" content=\"fr_FR\" \/>\n<meta property=\"og:type\" content=\"article\" \/>\n<meta property=\"og:title\" content=\"Int\u00e9gration, support et maintenance syst\u00e8mes IBM AS400 - Oroxilia\" \/>\n<meta property=\"og:description\" content=\"Oroxilia dispose des ressources AS400\/iSeries dont votre entreprise a besoin. \u00c9quipe de support fiable et exp\u00e9riment\u00e9e.\" \/>\n<meta property=\"og:url\" content=\"https:\/\/oroxilia.com\/fr\/developpement-et-integration-iseries-as400\/\" \/>\n<meta property=\"og:site_name\" content=\"Oroxilia\" \/>\n<meta property=\"article:modified_time\" content=\"2026-02-25T14:54:38+00:00\" \/>\n<meta name=\"twitter:card\" content=\"summary_large_image\" \/>\n<meta name=\"twitter:label1\" content=\"Dur\u00e9e de lecture estim\u00e9e\" \/>\n\t<meta name=\"twitter:data1\" content=\"4 minutes\" \/>\n<script type=\"application\/ld+json\" class=\"yoast-schema-graph\">{\"@context\":\"https:\/\/schema.org\",\"@graph\":[{\"@type\":\"WebPage\",\"@id\":\"https:\/\/oroxilia.com\/fr\/developpement-et-integration-iseries-as400\/\",\"url\":\"https:\/\/oroxilia.com\/fr\/developpement-et-integration-iseries-as400\/\",\"name\":\"Int\u00e9gration, support et maintenance syst\u00e8mes IBM AS400 - Oroxilia\",\"isPartOf\":{\"@id\":\"https:\/\/oroxilia.com\/fr\/#website\"},\"datePublished\":\"2020-05-19T12:45:40+00:00\",\"dateModified\":\"2026-02-25T14:54:38+00:00\",\"description\":\"Oroxilia dispose des ressources AS400\/iSeries dont votre entreprise a besoin. \u00c9quipe de support fiable et exp\u00e9riment\u00e9e.\",\"breadcrumb\":{\"@id\":\"https:\/\/oroxilia.com\/fr\/developpement-et-integration-iseries-as400\/#breadcrumb\"},\"inLanguage\":\"fr-FR\",\"potentialAction\":[{\"@type\":\"ReadAction\",\"target\":[\"https:\/\/oroxilia.com\/fr\/developpement-et-integration-iseries-as400\/\"]}]},{\"@type\":\"BreadcrumbList\",\"@id\":\"https:\/\/oroxilia.com\/fr\/developpement-et-integration-iseries-as400\/#breadcrumb\",\"itemListElement\":[{\"@type\":\"ListItem\",\"position\":1,\"name\":\"Accueil\",\"item\":\"https:\/\/oroxilia.com\/fr\/\"},{\"@type\":\"ListItem\",\"position\":2,\"name\":\"Expertise en syst\u00e8mes IBM AS400\"}]},{\"@type\":\"WebSite\",\"@id\":\"https:\/\/oroxilia.com\/fr\/#website\",\"url\":\"https:\/\/oroxilia.com\/fr\/\",\"name\":\"Oroxilia\",\"description\":\"\",\"potentialAction\":[{\"@type\":\"SearchAction\",\"target\":{\"@type\":\"EntryPoint\",\"urlTemplate\":\"https:\/\/oroxilia.com\/fr\/?s={search_term_string}\"},\"query-input\":{\"@type\":\"PropertyValueSpecification\",\"valueRequired\":true,\"valueName\":\"search_term_string\"}}],\"inLanguage\":\"fr-FR\"}]}<\/script>\n<!-- \/ Yoast SEO plugin. -->","yoast_head_json":{"title":"Int\u00e9gration, support et maintenance syst\u00e8mes IBM AS400 - Oroxilia","description":"Oroxilia dispose des ressources AS400\/iSeries dont votre entreprise a besoin. \u00c9quipe de support fiable et exp\u00e9riment\u00e9e.","robots":{"index":"index","follow":"follow","max-snippet":"max-snippet:-1","max-image-preview":"max-image-preview:large","max-video-preview":"max-video-preview:-1"},"canonical":"https:\/\/oroxilia.com\/fr\/developpement-et-integration-iseries-as400\/","og_locale":"fr_FR","og_type":"article","og_title":"Int\u00e9gration, support et maintenance syst\u00e8mes IBM AS400 - Oroxilia","og_description":"Oroxilia dispose des ressources AS400\/iSeries dont votre entreprise a besoin. \u00c9quipe de support fiable et exp\u00e9riment\u00e9e.","og_url":"https:\/\/oroxilia.com\/fr\/developpement-et-integration-iseries-as400\/","og_site_name":"Oroxilia","article_modified_time":"2026-02-25T14:54:38+00:00","twitter_card":"summary_large_image","twitter_misc":{"Dur\u00e9e de lecture estim\u00e9e":"4 minutes"},"schema":{"@context":"https:\/\/schema.org","@graph":[{"@type":"WebPage","@id":"https:\/\/oroxilia.com\/fr\/developpement-et-integration-iseries-as400\/","url":"https:\/\/oroxilia.com\/fr\/developpement-et-integration-iseries-as400\/","name":"Int\u00e9gration, support et maintenance syst\u00e8mes IBM AS400 - Oroxilia","isPartOf":{"@id":"https:\/\/oroxilia.com\/fr\/#website"},"datePublished":"2020-05-19T12:45:40+00:00","dateModified":"2026-02-25T14:54:38+00:00","description":"Oroxilia dispose des ressources AS400\/iSeries dont votre entreprise a besoin. \u00c9quipe de support fiable et exp\u00e9riment\u00e9e.","breadcrumb":{"@id":"https:\/\/oroxilia.com\/fr\/developpement-et-integration-iseries-as400\/#breadcrumb"},"inLanguage":"fr-FR","potentialAction":[{"@type":"ReadAction","target":["https:\/\/oroxilia.com\/fr\/developpement-et-integration-iseries-as400\/"]}]},{"@type":"BreadcrumbList","@id":"https:\/\/oroxilia.com\/fr\/developpement-et-integration-iseries-as400\/#breadcrumb","itemListElement":[{"@type":"ListItem","position":1,"name":"Accueil","item":"https:\/\/oroxilia.com\/fr\/"},{"@type":"ListItem","position":2,"name":"Expertise en syst\u00e8mes IBM AS400"}]},{"@type":"WebSite","@id":"https:\/\/oroxilia.com\/fr\/#website","url":"https:\/\/oroxilia.com\/fr\/","name":"Oroxilia","description":"","potentialAction":[{"@type":"SearchAction","target":{"@type":"EntryPoint","urlTemplate":"https:\/\/oroxilia.com\/fr\/?s={search_term_string}"},"query-input":{"@type":"PropertyValueSpecification","valueRequired":true,"valueName":"search_term_string"}}],"inLanguage":"fr-FR"}]}},"_links":{"self":[{"href":"https:\/\/oroxilia.com\/fr\/wp-json\/wp\/v2\/pages\/2130","targetHints":{"allow":["GET"]}}],"collection":[{"href":"https:\/\/oroxilia.com\/fr\/wp-json\/wp\/v2\/pages"}],"about":[{"href":"https:\/\/oroxilia.com\/fr\/wp-json\/wp\/v2\/types\/page"}],"author":[{"embeddable":true,"href":"https:\/\/oroxilia.com\/fr\/wp-json\/wp\/v2\/users\/1"}],"replies":[{"embeddable":true,"href":"https:\/\/oroxilia.com\/fr\/wp-json\/wp\/v2\/comments?post=2130"}],"version-history":[{"count":64,"href":"https:\/\/oroxilia.com\/fr\/wp-json\/wp\/v2\/pages\/2130\/revisions"}],"predecessor-version":[{"id":5204,"href":"https:\/\/oroxilia.com\/fr\/wp-json\/wp\/v2\/pages\/2130\/revisions\/5204"}],"wp:attachment":[{"href":"https:\/\/oroxilia.com\/fr\/wp-json\/wp\/v2\/media?parent=2130"}],"curies":[{"name":"wp","href":"https:\/\/api.w.org\/{rel}","templated":true}]}}