{"id":2121,"date":"2020-05-19T14:22:59","date_gmt":"2020-05-19T12:22:59","guid":{"rendered":"http:\/\/oroxilia.adevo.be\/?page_id=2121"},"modified":"2023-02-15T10:11:01","modified_gmt":"2023-02-15T09:11:01","slug":"gestion-livraisons","status":"publish","type":"page","link":"https:\/\/oroxilia.com\/fr\/gestion-livraisons\/","title":{"rendered":"Solution de gestion des livraisons"},"content":{"rendered":"<p>[vc_row css=\u00a0\u00bb.vc_custom_1589789032585{margin-top: 20px !important;padding-bottom: 20px !important;}\u00a0\u00bb][vc_column]<div class='rb_textmodule_69d683171a3e4 rb_textmodule with_subtitle align_center'><div class='rb_textmodule_info_wrapper'><div class='rb_textmodule_content_wrapper'><p>Oroxilia aide votre entreprise \u00e0 am\u00e9liorer ses op\u00e9rations de livraison. Cette solution logistique garantit une visibilit\u00e9 en temps r\u00e9el tant pour les exp\u00e9diteurs, que pour les chauffeurs et les destinataires.<\/p>\n<\/div><\/div><\/div><div id='rb_image_69d683171b010' class='rb_image_module background_no_hover' ><div class=\"main_image\"><img decoding=\"async\" class=\"image\" src=\"https:\/\/oroxilia.com\/wp-content\/uploads\/2021\/08\/img-signature-logo-oroxilia.jpg\" alt=\"\" \/><\/div><\/div>[\/vc_column][\/vc_row][vc_row css=\u00a0\u00bb.vc_custom_1589905787961{margin-bottom: 90px !important;}\u00a0\u00bb][vc_column][vc_row_inner equal_height=\u00a0\u00bbyes\u00a0\u00bb][vc_column_inner width=\u00a0\u00bb1\/2&Prime;]<div class='rb_textmodule_69d683171b38d rb_textmodule with_subtitle align_center'><div class='rb_textmodule_info_wrapper'><h3 class='rb_textmodule_title '>Les avantages des solutions de gestion de livraison int\u00e9gr\u00e9es par Oroxilia<\/h3><div class='rb_textmodule_content_wrapper'><p>Rationalisez vos flux logistiques, \u00e9conomisez du temps, r\u00e9duisez vos co\u00fbts op\u00e9rationnels et maximisez le rendement de vos ressources gr\u00e2ce aux diff\u00e9rentes fonctionnalit\u00e9s propos\u00e9es par le logiciel.<\/p>\n<\/div><\/div><\/div>[\/vc_column_inner][vc_column_inner width=\u00a0\u00bb1\/2&Prime;]<div class='rb_textmodule_69d683171b633 rb_textmodule with_subtitle align_center'><div class='rb_textmodule_info_wrapper'><h3 class='rb_textmodule_title '>Trois modules pour une gestion compl\u00e8te de vos livraisons<\/h3><div class='rb_textmodule_content_wrapper'><p>Le logiciel est d\u00e9coup\u00e9 en 3 modules, interconnect\u00e9s, dot\u00e9s chacun de leurs fonctionnalit\u00e9s propres. Ils assurent une gestion compl\u00e8te des op\u00e9rations de livraison :<\/p>\n<ul>\n<li>Tour de contr\u00f4le<\/li>\n<li>Gestion des livreurs<\/li>\n<li>Exp\u00e9rience client<\/li>\n<\/ul>\n\n<\/div><\/div><\/div>[\/vc_column_inner][\/vc_row_inner]<div id='rb_image_69d683171b898' class='rb_image_module background_no_hover' ><div class=\"main_image\"><img decoding=\"async\" class=\"image\" src=\"https:\/\/oroxilia.com\/wp-content\/uploads\/2021\/09\/delivery-man-parcels-1-scaled-e1632145962941.jpg\" alt=\"\" \/><\/div><\/div>[\/vc_column][\/vc_row][vc_row][vc_column]<div class='rb_textmodule_69d683171bc03 rb_textmodule with_subtitle align_center'><div class='rb_textmodule_info_wrapper'><h2 class='rb_textmodule_title has_divider'>Les points forts du logiciel<span class='rb_textmodule_divider'><\/span><\/h2><\/div><\/div>[\/vc_column][\/vc_row][vc_row css=\u00a0\u00bb.vc_custom_1589787203530{margin-bottom: 20px !important;}\u00a0\u00bb][vc_column][vc_row_inner equal_height=\u00a0\u00bbyes\u00a0\u00bb][vc_column_inner el_class=\u00a0\u00bbvignette-border\u00a0\u00bb width=\u00a0\u00bb1\/4&Prime;]<div class='rb_textmodule_69d683171bddf rb_textmodule with_icon align_center'><div class='rb_textmodule_icon shape_square'><i class='fas fa-shipping-fast'><\/i><\/div><div class='rb_textmodule_info_wrapper'><h3 class='rb_textmodule_title '>Gestion de la flotte<\/h3><\/div><\/div>[\/vc_column_inner][vc_column_inner el_class=\u00a0\u00bbvignette-border\u00a0\u00bb width=\u00a0\u00bb1\/4&Prime;]<div class='rb_textmodule_69d683171c01f rb_textmodule with_icon align_center'><div class='rb_textmodule_icon shape_square'><i class='fas fa-chart-line'><\/i><\/div><div class='rb_textmodule_info_wrapper'><h3 class='rb_textmodule_title '>Optimisation et consolidation du cycle<br \/>\n(livraison et collecte)<\/h3><\/div><\/div>[\/vc_column_inner][vc_column_inner el_class=\u00a0\u00bbvignette-border\u00a0\u00bb width=\u00a0\u00bb1\/4&Prime;]<div class='rb_textmodule_69d683171c225 rb_textmodule with_icon align_center'><div class='rb_textmodule_icon shape_square'><i class='fas fa-cogs'><\/i><\/div><div class='rb_textmodule_info_wrapper'><h3 class='rb_textmodule_title '>Int\u00e9gration des syst\u00e8mes<\/h3><\/div><\/div>[\/vc_column_inner][vc_column_inner el_class=\u00a0\u00bbvignette-border\u00a0\u00bb width=\u00a0\u00bb1\/4&Prime;]<div class='rb_textmodule_69d683171c3c7 rb_textmodule with_icon align_center'><div class='rb_textmodule_icon shape_square'><i class='fas fa-stopwatch'><\/i><\/div><div class='rb_textmodule_info_wrapper'><h3 class='rb_textmodule_title '>D\u00e9lai de livraison r\u00e9duit<\/h3><\/div><\/div>[\/vc_column_inner][\/vc_row_inner][vc_row_inner equal_height=\u00a0\u00bbyes\u00a0\u00bb][vc_column_inner el_class=\u00a0\u00bbvignette-border\u00a0\u00bb width=\u00a0\u00bb1\/4&Prime;]<div class='rb_textmodule_69d683171c557 rb_textmodule with_icon align_center'><div class='rb_textmodule_icon shape_square'><i class='fas fa-eye'><\/i><\/div><div class='rb_textmodule_info_wrapper'><h3 class='rb_textmodule_title '>Visibilit\u00e9 \u00e0 tous les stades (exp\u00e9diteur - chauffeur - destinataire)<\/h3><\/div><\/div>[\/vc_column_inner][vc_column_inner el_class=\u00a0\u00bbvignette-border\u00a0\u00bb width=\u00a0\u00bb1\/4&Prime;]<div class='rb_textmodule_69d683171c6de rb_textmodule with_icon align_center'><div class='rb_textmodule_icon shape_square'><i class='fas fa-chart-bar'><\/i><\/div><div class='rb_textmodule_info_wrapper'><h3 class='rb_textmodule_title '>Analyses et perspectives personnalis\u00e9es<\/h3><\/div><\/div>[\/vc_column_inner][vc_column_inner el_class=\u00a0\u00bbvignette-border\u00a0\u00bb width=\u00a0\u00bb1\/4&Prime;]<div class='rb_textmodule_69d683171c873 rb_textmodule with_icon align_center'><div class='rb_textmodule_icon shape_square'><i class='fas fa-paint-brush'><\/i><\/div><div class='rb_textmodule_info_wrapper'><h3 class='rb_textmodule_title '>Personnalisation de la marque<\/h3><\/div><\/div>[\/vc_column_inner][vc_column_inner width=\u00a0\u00bb1\/4&Prime;][\/vc_column_inner][\/vc_row_inner][\/vc_column][\/vc_row][vc_row css=\u00a0\u00bb.vc_custom_1589905696795{margin-top: 90px !important;margin-bottom: 90px !important;}\u00a0\u00bb][vc_column]<div class='rb_textmodule_69d683171c9fa rb_textmodule with_subtitle align_center'><div class='rb_textmodule_info_wrapper'><h2 class='rb_textmodule_title has_divider'>Oroxilia, votre partenaire int\u00e9grateur<span class='rb_textmodule_divider'><\/span><\/h2><div class='rb_textmodule_content_wrapper'><p>Oroxilia vous accompagne dans l&rsquo;installation de solutions de gestion des livraisons, de mani\u00e8re adapt\u00e9e \u00e0 votre entreprise, \u00e0 sa taille et \u00e0 ses besoins. Optimisez la derni\u00e8re ligne droite de vos livraisons, offrez \u00e0 vos clients la possibilit\u00e9 de suivre leur colis ainsi que des d\u00e9lais de livraison plus courts et parfaitement respect\u00e9s.<\/p>\n<p>Oroxilia a l&rsquo;expertise de l&rsquo;int\u00e9gration IT pour le secteur de la logistique (int\u00e9gration de WMS, TMS, EDI et <strong>gestion des livraisons<\/strong>) et peut vous accompagner dans toute la dur\u00e9e de vie de votre projet : depuis la pr\u00e9paration, en passant par l&rsquo;impl\u00e9mentation des logiciels, jusqu&rsquo;\u00e0 la formation \u00e0 l&rsquo;utilisation et au support et d\u00e9pannage des utilisateurs.<\/p>\n<\/div><\/div><\/div>[vc_raw_html]JTNDZGl2JTIwaWQlM0QlMjJjdGEtYnJvY2h1cmUlMjIlMjBjbGFzcyUzRCUyMnJiX2Jhbm5lcl9tb2R1bGUlMjBjdXN0b20tYWxpZ24tY2VudGVyJTIyJTNFJTNDYSUyMGhyZWYlM0QlMjIlMkZjb250YWN0JTNGZGVtbyUzRGxhc3QtbWlsZSUyMiUyMGNsYXNzJTNEJTIycmJfYnV0dG9uJTIwbWVkaXVtJTIwYXJyb3dfZmFkZV9vdXQlMjIlM0UlM0NzcGFuJTNFJTNDRk9OVCUyMGNvbG9yJTNEJTIyd2hpdGUlMjIlM0VEZW1hbmRlJTIwZGUlMjBkJUMzJUE5bW8lM0MlMkZGT05UJTNFJTNDJTJGc3BhbiUzRSUzQyUyRmElM0UlM0MlMkZkaXYlM0U=[\/vc_raw_html][\/vc_column][\/vc_row]<\/p>\n","protected":false},"excerpt":{"rendered":"<p>[vc_row css=\u00a0\u00bb.vc_custom_1589789032585{margin-top: 20px !important;padding-bottom: 20px !important;}\u00a0\u00bb][vc_column][\/vc_column][\/vc_row][vc_row css=\u00a0\u00bb.vc_custom_1589905787961{margin-bottom: 90px !important;}\u00a0\u00bb][vc_column][vc_row_inner equal_height=\u00a0\u00bbyes\u00a0\u00bb][vc_column_inner width=\u00a0\u00bb1\/2&Prime;][\/vc_column_inner][vc_column_inner width=\u00a0\u00bb1\/2&Prime;][\/vc_column_inner][\/vc_row_inner][\/vc_column][\/vc_row][vc_row][vc_column][\/vc_column][\/vc_row][vc_row css=\u00a0\u00bb.vc_custom_1589787203530{margin-bottom: 20px !important;}\u00a0\u00bb][vc_column][vc_row_inner equal_height=\u00a0\u00bbyes\u00a0\u00bb][vc_column_inner el_class=\u00a0\u00bbvignette-border\u00a0\u00bb width=\u00a0\u00bb1\/4&Prime;][\/vc_column_inner][vc_column_inner el_class=\u00a0\u00bbvignette-border\u00a0\u00bb width=\u00a0\u00bb1\/4&Prime;][\/vc_column_inner][vc_column_inner el_class=\u00a0\u00bbvignette-border\u00a0\u00bb width=\u00a0\u00bb1\/4&Prime;][\/vc_column_inner][vc_column_inner el_class=\u00a0\u00bbvignette-border\u00a0\u00bb width=\u00a0\u00bb1\/4&Prime;][\/vc_column_inner][\/vc_row_inner][vc_row_inner equal_height=\u00a0\u00bbyes\u00a0\u00bb][vc_column_inner el_class=\u00a0\u00bbvignette-border\u00a0\u00bb width=\u00a0\u00bb1\/4&Prime;][\/vc_column_inner][vc_column_inner el_class=\u00a0\u00bbvignette-border\u00a0\u00bb width=\u00a0\u00bb1\/4&Prime;][\/vc_column_inner][vc_column_inner el_class=\u00a0\u00bbvignette-border\u00a0\u00bb width=\u00a0\u00bb1\/4&Prime;][\/vc_column_inner][vc_column_inner width=\u00a0\u00bb1\/4&Prime;][\/vc_column_inner][\/vc_row_inner][\/vc_column][\/vc_row][vc_row css=\u00a0\u00bb.vc_custom_1589905696795{margin-top: 90px !important;margin-bottom: 90px !important;}\u00a0\u00bb][vc_column][vc_raw_html]JTNDZGl2JTIwaWQlM0QlMjJjdGEtYnJvY2h1cmUlMjIlMjBjbGFzcyUzRCUyMnJiX2Jhbm5lcl9tb2R1bGUlMjBjdXN0b20tYWxpZ24tY2VudGVyJTIyJTNFJTNDYSUyMGhyZWYlM0QlMjIlMkZjb250YWN0JTNGZGVtbyUzRGxhc3QtbWlsZSUyMiUyMGNsYXNzJTNEJTIycmJfYnV0dG9uJTIwbWVkaXVtJTIwYXJyb3dfZmFkZV9vdXQlMjIlM0UlM0NzcGFuJTNFJTNDRk9OVCUyMGNvbG9yJTNEJTIyd2hpdGUlMjIlM0VEZW1hbmRlJTIwZGUlMjBkJUMzJUE5bW8lM0MlMkZGT05UJTNFJTNDJTJGc3BhbiUzRSUzQyUyRmElM0UlM0MlMkZkaXYlM0U=[\/vc_raw_html][\/vc_column][\/vc_row]<\/p>\n","protected":false},"author":1,"featured_media":0,"parent":0,"menu_order":0,"comment_status":"closed","ping_status":"closed","template":"","meta":{"footnotes":""},"class_list":["post-2121","page","type-page","status-publish","hentry"],"yoast_head":"<!-- This site is optimized with the Yoast SEO plugin v25.9 - https:\/\/yoast.com\/wordpress\/plugins\/seo\/ -->\n<title>Int\u00e9grateur de solution de gestion des livraisons - Oroxilia<\/title>\n<meta name=\"description\" content=\"Oroxilia vous livre les avantages de sa solution. Nous l&#039;installons chez vous afin que vous optimisiez la derni\u00e8re ligne droite de vos livraisons.\" \/>\n<meta name=\"robots\" content=\"index, follow, max-snippet:-1, max-image-preview:large, max-video-preview:-1\" \/>\n<link rel=\"canonical\" href=\"https:\/\/oroxilia.com\/fr\/gestion-livraisons\/\" \/>\n<meta property=\"og:locale\" content=\"fr_FR\" \/>\n<meta property=\"og:type\" content=\"article\" \/>\n<meta property=\"og:title\" content=\"Int\u00e9grateur de solution de gestion des livraisons - Oroxilia\" \/>\n<meta property=\"og:description\" content=\"Oroxilia vous livre les avantages de sa solution. Nous l&#039;installons chez vous afin que vous optimisiez la derni\u00e8re ligne droite de vos livraisons.\" \/>\n<meta property=\"og:url\" content=\"https:\/\/oroxilia.com\/fr\/gestion-livraisons\/\" \/>\n<meta property=\"og:site_name\" content=\"Oroxilia\" \/>\n<meta property=\"article:modified_time\" content=\"2023-02-15T09:11:01+00:00\" \/>\n<meta name=\"twitter:card\" content=\"summary_large_image\" \/>\n<meta name=\"twitter:label1\" content=\"Dur\u00e9e de lecture estim\u00e9e\" \/>\n\t<meta name=\"twitter:data1\" content=\"8 minutes\" \/>\n<script type=\"application\/ld+json\" class=\"yoast-schema-graph\">{\"@context\":\"https:\/\/schema.org\",\"@graph\":[{\"@type\":\"WebPage\",\"@id\":\"https:\/\/oroxilia.com\/fr\/gestion-livraisons\/\",\"url\":\"https:\/\/oroxilia.com\/fr\/gestion-livraisons\/\",\"name\":\"Int\u00e9grateur de solution de gestion des livraisons - Oroxilia\",\"isPartOf\":{\"@id\":\"https:\/\/oroxilia.com\/fr\/#website\"},\"datePublished\":\"2020-05-19T12:22:59+00:00\",\"dateModified\":\"2023-02-15T09:11:01+00:00\",\"description\":\"Oroxilia vous livre les avantages de sa solution. Nous l'installons chez vous afin que vous optimisiez la derni\u00e8re ligne droite de vos livraisons.\",\"breadcrumb\":{\"@id\":\"https:\/\/oroxilia.com\/fr\/gestion-livraisons\/#breadcrumb\"},\"inLanguage\":\"fr-FR\",\"potentialAction\":[{\"@type\":\"ReadAction\",\"target\":[\"https:\/\/oroxilia.com\/fr\/gestion-livraisons\/\"]}]},{\"@type\":\"BreadcrumbList\",\"@id\":\"https:\/\/oroxilia.com\/fr\/gestion-livraisons\/#breadcrumb\",\"itemListElement\":[{\"@type\":\"ListItem\",\"position\":1,\"name\":\"Accueil\",\"item\":\"https:\/\/oroxilia.com\/fr\/\"},{\"@type\":\"ListItem\",\"position\":2,\"name\":\"Solution de gestion des livraisons\"}]},{\"@type\":\"WebSite\",\"@id\":\"https:\/\/oroxilia.com\/fr\/#website\",\"url\":\"https:\/\/oroxilia.com\/fr\/\",\"name\":\"Oroxilia\",\"description\":\"\",\"potentialAction\":[{\"@type\":\"SearchAction\",\"target\":{\"@type\":\"EntryPoint\",\"urlTemplate\":\"https:\/\/oroxilia.com\/fr\/?s={search_term_string}\"},\"query-input\":{\"@type\":\"PropertyValueSpecification\",\"valueRequired\":true,\"valueName\":\"search_term_string\"}}],\"inLanguage\":\"fr-FR\"}]}<\/script>\n<!-- \/ Yoast SEO plugin. -->","yoast_head_json":{"title":"Int\u00e9grateur de solution de gestion des livraisons - Oroxilia","description":"Oroxilia vous livre les avantages de sa solution. Nous l'installons chez vous afin que vous optimisiez la derni\u00e8re ligne droite de vos livraisons.","robots":{"index":"index","follow":"follow","max-snippet":"max-snippet:-1","max-image-preview":"max-image-preview:large","max-video-preview":"max-video-preview:-1"},"canonical":"https:\/\/oroxilia.com\/fr\/gestion-livraisons\/","og_locale":"fr_FR","og_type":"article","og_title":"Int\u00e9grateur de solution de gestion des livraisons - Oroxilia","og_description":"Oroxilia vous livre les avantages de sa solution. Nous l'installons chez vous afin que vous optimisiez la derni\u00e8re ligne droite de vos livraisons.","og_url":"https:\/\/oroxilia.com\/fr\/gestion-livraisons\/","og_site_name":"Oroxilia","article_modified_time":"2023-02-15T09:11:01+00:00","twitter_card":"summary_large_image","twitter_misc":{"Dur\u00e9e de lecture estim\u00e9e":"8 minutes"},"schema":{"@context":"https:\/\/schema.org","@graph":[{"@type":"WebPage","@id":"https:\/\/oroxilia.com\/fr\/gestion-livraisons\/","url":"https:\/\/oroxilia.com\/fr\/gestion-livraisons\/","name":"Int\u00e9grateur de solution de gestion des livraisons - Oroxilia","isPartOf":{"@id":"https:\/\/oroxilia.com\/fr\/#website"},"datePublished":"2020-05-19T12:22:59+00:00","dateModified":"2023-02-15T09:11:01+00:00","description":"Oroxilia vous livre les avantages de sa solution. Nous l'installons chez vous afin que vous optimisiez la derni\u00e8re ligne droite de vos livraisons.","breadcrumb":{"@id":"https:\/\/oroxilia.com\/fr\/gestion-livraisons\/#breadcrumb"},"inLanguage":"fr-FR","potentialAction":[{"@type":"ReadAction","target":["https:\/\/oroxilia.com\/fr\/gestion-livraisons\/"]}]},{"@type":"BreadcrumbList","@id":"https:\/\/oroxilia.com\/fr\/gestion-livraisons\/#breadcrumb","itemListElement":[{"@type":"ListItem","position":1,"name":"Accueil","item":"https:\/\/oroxilia.com\/fr\/"},{"@type":"ListItem","position":2,"name":"Solution de gestion des livraisons"}]},{"@type":"WebSite","@id":"https:\/\/oroxilia.com\/fr\/#website","url":"https:\/\/oroxilia.com\/fr\/","name":"Oroxilia","description":"","potentialAction":[{"@type":"SearchAction","target":{"@type":"EntryPoint","urlTemplate":"https:\/\/oroxilia.com\/fr\/?s={search_term_string}"},"query-input":{"@type":"PropertyValueSpecification","valueRequired":true,"valueName":"search_term_string"}}],"inLanguage":"fr-FR"}]}},"_links":{"self":[{"href":"https:\/\/oroxilia.com\/fr\/wp-json\/wp\/v2\/pages\/2121","targetHints":{"allow":["GET"]}}],"collection":[{"href":"https:\/\/oroxilia.com\/fr\/wp-json\/wp\/v2\/pages"}],"about":[{"href":"https:\/\/oroxilia.com\/fr\/wp-json\/wp\/v2\/types\/page"}],"author":[{"embeddable":true,"href":"https:\/\/oroxilia.com\/fr\/wp-json\/wp\/v2\/users\/1"}],"replies":[{"embeddable":true,"href":"https:\/\/oroxilia.com\/fr\/wp-json\/wp\/v2\/comments?post=2121"}],"version-history":[{"count":40,"href":"https:\/\/oroxilia.com\/fr\/wp-json\/wp\/v2\/pages\/2121\/revisions"}],"predecessor-version":[{"id":4257,"href":"https:\/\/oroxilia.com\/fr\/wp-json\/wp\/v2\/pages\/2121\/revisions\/4257"}],"wp:attachment":[{"href":"https:\/\/oroxilia.com\/fr\/wp-json\/wp\/v2\/media?parent=2121"}],"curies":[{"name":"wp","href":"https:\/\/api.w.org\/{rel}","templated":true}]}}