{"id":2050,"date":"2020-05-18T13:53:34","date_gmt":"2020-05-18T11:53:34","guid":{"rendered":"http:\/\/oroxilia.adevo.be\/?page_id=2050"},"modified":"2023-02-15T10:11:57","modified_gmt":"2023-02-15T09:11:57","slug":"solution-de-gestion-de-la-distribution-tms","status":"publish","type":"page","link":"https:\/\/oroxilia.com\/fr\/solution-de-gestion-de-la-distribution-tms\/","title":{"rendered":"Solution de gestion du transport routier (TMS)"},"content":{"rendered":"<p>[vc_row css=\u00a0\u00bb.vc_custom_1589789032585{margin-top: 20px !important;padding-bottom: 20px !important;}\u00a0\u00bb][vc_column]<div class='rb_textmodule_69e753e3a3366 rb_textmodule with_subtitle align_center'><div class='rb_textmodule_info_wrapper'><div class='rb_textmodule_content_wrapper'><p>Pour la gestion quotidienne de votre activit\u00e9 de transport, Oroxilia int\u00e8gre au sein de votre syst\u00e8me IT <strong>une solution logistique compl\u00e8te et flexible<\/strong> qui r\u00e9pond \u00e0 vos besoins de gestion de la distribution et de facturation.<\/p>\n<\/div><\/div><\/div><div id='rb_image_69e753e3a3e06' class='rb_image_module background_no_hover' ><div class=\"main_image\"><img decoding=\"async\" class=\"image\" src=\"https:\/\/oroxilia.com\/wp-content\/uploads\/2021\/09\/warehouse-trucks-transport-scaled-e1632127558742.jpg\" alt=\"Gestion du transport de marchandises\" \/><\/div><\/div>[\/vc_column][\/vc_row][vc_row css=\u00a0\u00bb.vc_custom_1632147702726{margin-bottom: 30px !important;}\u00a0\u00bb][vc_column]<div class='rb_textmodule_69e753e3a4496 rb_textmodule with_subtitle align_center'><div class='rb_textmodule_info_wrapper'><h2 class='rb_textmodule_title has_divider'>Un ERP transport flexible et multi-m\u00e9tiers<span class='rb_textmodule_divider'><\/span><\/h2><div class='rb_textmodule_content_wrapper'><p>Connect\u00e9 \u00e0 votre \u00e9cosyst\u00e8me de <strong>Supply Chain Management<\/strong>, le TMS vous permet de piloter votre activit\u00e9 et suivre la rentabilit\u00e9 de votre activit\u00e9 de transport.<\/p>\n<\/div><\/div><\/div>[\/vc_column][\/vc_row][vc_row css=\u00a0\u00bb.vc_custom_1589787203530{margin-bottom: 20px !important;}\u00a0\u00bb][vc_column]<div class='rb_textmodule_69e753e3a46a8 rb_textmodule with_subtitle align_center'><div class='rb_textmodule_info_wrapper'><h2 class='rb_textmodule_title has_divider'>Les forces du logiciel<span class='rb_textmodule_divider'><\/span><\/h2><\/div><\/div>[\/vc_column][\/vc_row][vc_row css=\u00a0\u00bb.vc_custom_1632128528013{margin-bottom: 30px !important;}\u00a0\u00bb][vc_column][vc_row_inner equal_height=\u00a0\u00bbyes\u00a0\u00bb][vc_column_inner el_class=\u00a0\u00bbvignette-border\u00a0\u00bb width=\u00a0\u00bb1\/3&Prime;]<div class='rb_textmodule_69e753e3a47c5 rb_textmodule with_icon align_center'><div class='rb_textmodule_icon shape_square'><i class='fas fa-chart-line'><\/i><\/div><div class='rb_textmodule_info_wrapper'><h3 class='rb_textmodule_title '>Productivit\u00e9<\/h3><div class='rb_textmodule_content_wrapper'><p>La solution permet \u00e0 votre entreprise d\u2019\u00eatre plus efficace et productive.<\/p>\n<ul>\n<li>Planification et optimisation des transports<\/li>\n<li>Automatisation des t\u00e2ches r\u00e9currentes<\/li>\n<li>Organisation des processus<\/li>\n<\/ul>\n\n<\/div><\/div><\/div>[\/vc_column_inner][vc_column_inner el_class=\u00a0\u00bbvignette-border\u00a0\u00bb width=\u00a0\u00bb1\/3&Prime;]<div class='rb_textmodule_69e753e3a4946 rb_textmodule with_icon align_center'><div class='rb_textmodule_icon shape_square'><i class='fas fa-eye'><\/i><\/div><div class='rb_textmodule_info_wrapper'><h3 class='rb_textmodule_title '>Suivi de la qualit\u00e9<\/h3><div class='rb_textmodule_content_wrapper'><p>Tout est mis en oeuvre et pilot\u00e9 pour que la qualit\u00e9 du service soit toujours au rendez-vous.<\/p>\n<ul>\n<li>Tra\u00e7abilit\u00e9 continue des livraisons<\/li>\n<li>Centralisation de l\u2019information<\/li>\n<\/ul>\n\n<\/div><\/div><\/div>[\/vc_column_inner][vc_column_inner el_class=\u00a0\u00bbvignette-border\u00a0\u00bb width=\u00a0\u00bb1\/3&Prime;]<div class='rb_textmodule_69e753e3a4abd rb_textmodule with_icon align_center'><div class='rb_textmodule_icon shape_square'><i class='fas fa-clipboard-check'><\/i><\/div><div class='rb_textmodule_info_wrapper'><h3 class='rb_textmodule_title '>Op\u00e9rations \u00e0 quai<\/h3><div class='rb_textmodule_content_wrapper'><p>Le logiciel permet une gestion optimale de la distribution.<\/p>\n<ul>\n<li>Radiofr\u00e9quence<\/li>\n<li>Impression des \u00e9tiquettes<\/li>\n<\/ul>\n\n<\/div><\/div><\/div>[\/vc_column_inner][\/vc_row_inner][vc_row_inner equal_height=\u00a0\u00bbyes\u00a0\u00bb][vc_column_inner el_class=\u00a0\u00bbvignette-border\u00a0\u00bb width=\u00a0\u00bb1\/3&Prime;]<div class='rb_textmodule_69e753e3a4c25 rb_textmodule with_icon align_center'><div class='rb_textmodule_icon shape_square'><i class='fas fa-file-invoice-dollar'><\/i><\/div><div class='rb_textmodule_info_wrapper'><h3 class='rb_textmodule_title '>Taxation<\/h3><div class='rb_textmodule_content_wrapper'><p>Le logiciel r\u00e9pond \u00e0 vos besoins en termes de facturation.<\/p>\n<ul>\n<li>Calcul et suivi des co\u00fbts<\/li>\n<li>Calcul des kilom\u00e8tres<\/li>\n<\/ul>\n\n<\/div><\/div><\/div>[\/vc_column_inner][vc_column_inner el_class=\u00a0\u00bbvignette-border\u00a0\u00bb width=\u00a0\u00bb1\/3&Prime;]<div class='rb_textmodule_69e753e3a4d8b rb_textmodule with_icon align_center'><div class='rb_textmodule_icon shape_square'><i class='fas fa-project-diagram'><\/i><\/div><div class='rb_textmodule_info_wrapper'><h3 class='rb_textmodule_title '>Plateforme collaborative<\/h3><div class='rb_textmodule_content_wrapper'><p>La solution s\u2019ins\u00e8re au coeur de votre \u00e9cosyst\u00e8me. Elle vous permet d\u2019\u00e9tablir une communication optimale entre les diff\u00e9rents acteurs de votre environnement.<\/p>\n<ul>\n<li>Equipe interne<\/li>\n<li>EDI<\/li>\n<li>Clients<\/li>\n<\/ul>\n\n<\/div><\/div><\/div>[\/vc_column_inner][vc_column_inner el_class=\u00a0\u00bbvignette-border\u00a0\u00bb width=\u00a0\u00bb1\/3&Prime;]<div class='rb_textmodule_69e753e3a4efe rb_textmodule with_icon align_center'><div class='rb_textmodule_icon shape_square'><i class='fas fa-tasks'><\/i><\/div><div class='rb_textmodule_info_wrapper'><h3 class='rb_textmodule_title '>Pilotage<\/h3><div class='rb_textmodule_content_wrapper'><p>Le suivi quotidien de vos indicateurs-cl\u00e9s vous offrira une vue compl\u00e8te et instantan\u00e9e sur l&rsquo;activit\u00e9 de votre entreprise.<\/p>\n<\/div><\/div><\/div>[\/vc_column_inner][\/vc_row_inner][vc_row_inner equal_height=\u00a0\u00bbyes\u00a0\u00bb][vc_column_inner el_class=\u00a0\u00bbvignette-border\u00a0\u00bb width=\u00a0\u00bb1\/3&Prime;]<div class='rb_textmodule_69e753e3a504c rb_textmodule with_icon align_center'><div class='rb_textmodule_icon shape_square'><i class='far fa-object-group'><\/i><\/div><div class='rb_textmodule_info_wrapper'><h3 class='rb_textmodule_title '>Personnalisation<\/h3><div class='rb_textmodule_content_wrapper'><p>Le logiciel est d\u00e9clin\u00e9 en gamme pour satisfaire aussi bien la petite entreprise r\u00e9gionale que le grand groupe national ou international.<\/p>\n<\/div><\/div><\/div>[\/vc_column_inner][vc_column_inner el_class=\u00a0\u00bbvignette-border\u00a0\u00bb width=\u00a0\u00bb1\/3&Prime;]<div class='rb_textmodule_69e753e3a5199 rb_textmodule with_icon align_center'><div class='rb_textmodule_icon shape_square'><i class='fas fa-chart-area'><\/i><\/div><div class='rb_textmodule_info_wrapper'><h3 class='rb_textmodule_title '>Reporting<\/h3><div class='rb_textmodule_content_wrapper'><p>Gr\u00e2ce au logiciel, obtenez une vue claire et d\u00e9taill\u00e9e de vos activit\u00e9s.<\/p>\n<ul>\n<li>Reportings personnalis\u00e9s<\/li>\n<li>Analyses statistiques<\/li>\n<\/ul>\n\n<\/div><\/div><\/div>[\/vc_column_inner][vc_column_inner el_class=\u00a0\u00bbvignette-border\u00a0\u00bb width=\u00a0\u00bb1\/3&Prime;]<div class='rb_textmodule_69e753e3a5309 rb_textmodule with_icon align_center'><div class='rb_textmodule_icon shape_square'><i class='fas fa-cogs'><\/i><\/div><div class='rb_textmodule_info_wrapper'><h3 class='rb_textmodule_title '>Modularit\u00e9<\/h3><div class='rb_textmodule_content_wrapper'><p>La solution s\u2019adresse \u00e0 tous les profils utilisateurs de votre entreprise : informaticiens, commerciaux, comptables, personnel de quais, conducteurs,&#8230; et accompagne facilement votre \u00e9volution :<\/p>\n<ul>\n<li>Sp\u00e9cialisation<\/li>\n<li>Diversification<\/li>\n<li>Nouveaux march\u00e9s<\/li>\n<\/ul>\n\n<\/div><\/div><\/div>[\/vc_column_inner][\/vc_row_inner][\/vc_column][\/vc_row][vc_row css=\u00a0\u00bb.vc_custom_1632128537560{margin-bottom: 30px !important;}\u00a0\u00bb][vc_column]<div class='rb_textmodule_69e753e3a5482 rb_textmodule with_subtitle align_center'><div class='rb_textmodule_info_wrapper'><h2 class='rb_textmodule_title has_divider'>Oroxilia, int\u00e9grateur de solution TMS<span class='rb_textmodule_divider'><\/span><\/h2><\/div><\/div><div class='rb_textmodule_69e753e3a55b5 rb_textmodule with_subtitle align_center'><div class='rb_textmodule_info_wrapper'><div class='rb_textmodule_content_wrapper'><p>Nous accompagnons nos clients dans l&rsquo;<a href=\"\/developpement-et-integration\/\"><u>impl\u00e9mentation de la solution TMS<\/u><\/a>, depuis la mise en oeuvre du projet IT, en passant par toutes les \u00e9tapes de gestion de projet (cadrage, param\u00e9trage, testing, personnalisation\u2026) pour arriver \u00e0 une<strong> int\u00e9gration sans failles<\/strong> avec votre syst\u00e8me informatique et ceux de vos partenaires.<\/p>\n<p>Nous vous permettons de <strong>g\u00e9rer facilement votre activit\u00e9 de transport<\/strong>.<\/p>\n<\/div><\/div><\/div>[vc_raw_html]JTNDZGl2JTIwaWQlM0QlMjJjdGEtYnJvY2h1cmUlMjIlMjBjbGFzcyUzRCUyMnJiX2Jhbm5lcl9tb2R1bGUlMjBjdXN0b20tYWxpZ24tY2VudGVyJTIyJTNFJTNDYSUyMGhyZWYlM0QlMjIlMkZjb250YWN0JTNGZGVtbyUzRGVkaSUyMiUyMGNsYXNzJTNEJTIycmJfYnV0dG9uJTIwbWVkaXVtJTIwYXJyb3dfZmFkZV9vdXQlMjIlM0UlM0NzcGFuJTNFJTNDRk9OVCUyMGNvbG9yJTNEJTIyd2hpdGUlMjIlM0VEZW1hbmRlJTIwZGUlMjBkJUMzJUE5bW8lM0MlMkZGT05UJTNFJTNDJTJGc3BhbiUzRSUzQyUyRmElM0UlM0MlMkZkaXYlM0U=[\/vc_raw_html][\/vc_column][\/vc_row]<\/p>\n","protected":false},"excerpt":{"rendered":"<p>[vc_row css=\u00a0\u00bb.vc_custom_1589789032585{margin-top: 20px !important;padding-bottom: 20px !important;}\u00a0\u00bb][vc_column][\/vc_column][\/vc_row][vc_row css=\u00a0\u00bb.vc_custom_1632147702726{margin-bottom: 30px !important;}\u00a0\u00bb][vc_column][\/vc_column][\/vc_row][vc_row css=\u00a0\u00bb.vc_custom_1589787203530{margin-bottom: 20px !important;}\u00a0\u00bb][vc_column][\/vc_column][\/vc_row][vc_row css=\u00a0\u00bb.vc_custom_1632128528013{margin-bottom: 30px !important;}\u00a0\u00bb][vc_column][vc_row_inner equal_height=\u00a0\u00bbyes\u00a0\u00bb][vc_column_inner el_class=\u00a0\u00bbvignette-border\u00a0\u00bb width=\u00a0\u00bb1\/3&Prime;][\/vc_column_inner][vc_column_inner el_class=\u00a0\u00bbvignette-border\u00a0\u00bb width=\u00a0\u00bb1\/3&Prime;][\/vc_column_inner][vc_column_inner el_class=\u00a0\u00bbvignette-border\u00a0\u00bb width=\u00a0\u00bb1\/3&Prime;][\/vc_column_inner][\/vc_row_inner][vc_row_inner equal_height=\u00a0\u00bbyes\u00a0\u00bb][vc_column_inner el_class=\u00a0\u00bbvignette-border\u00a0\u00bb width=\u00a0\u00bb1\/3&Prime;][\/vc_column_inner][vc_column_inner el_class=\u00a0\u00bbvignette-border\u00a0\u00bb width=\u00a0\u00bb1\/3&Prime;][\/vc_column_inner][vc_column_inner el_class=\u00a0\u00bbvignette-border\u00a0\u00bb width=\u00a0\u00bb1\/3&Prime;][\/vc_column_inner][\/vc_row_inner][vc_row_inner equal_height=\u00a0\u00bbyes\u00a0\u00bb][vc_column_inner el_class=\u00a0\u00bbvignette-border\u00a0\u00bb width=\u00a0\u00bb1\/3&Prime;][\/vc_column_inner][vc_column_inner el_class=\u00a0\u00bbvignette-border\u00a0\u00bb width=\u00a0\u00bb1\/3&Prime;][\/vc_column_inner][vc_column_inner el_class=\u00a0\u00bbvignette-border\u00a0\u00bb width=\u00a0\u00bb1\/3&Prime;][\/vc_column_inner][\/vc_row_inner][\/vc_column][\/vc_row][vc_row css=\u00a0\u00bb.vc_custom_1632128537560{margin-bottom: 30px !important;}\u00a0\u00bb][vc_column][vc_raw_html]JTNDZGl2JTIwaWQlM0QlMjJjdGEtYnJvY2h1cmUlMjIlMjBjbGFzcyUzRCUyMnJiX2Jhbm5lcl9tb2R1bGUlMjBjdXN0b20tYWxpZ24tY2VudGVyJTIyJTNFJTNDYSUyMGhyZWYlM0QlMjIlMkZjb250YWN0JTNGZGVtbyUzRGVkaSUyMiUyMGNsYXNzJTNEJTIycmJfYnV0dG9uJTIwbWVkaXVtJTIwYXJyb3dfZmFkZV9vdXQlMjIlM0UlM0NzcGFuJTNFJTNDRk9OVCUyMGNvbG9yJTNEJTIyd2hpdGUlMjIlM0VEZW1hbmRlJTIwZGUlMjBkJUMzJUE5bW8lM0MlMkZGT05UJTNFJTNDJTJGc3BhbiUzRSUzQyUyRmElM0UlM0MlMkZkaXYlM0U=[\/vc_raw_html][\/vc_column][\/vc_row]<\/p>\n","protected":false},"author":1,"featured_media":0,"parent":0,"menu_order":0,"comment_status":"closed","ping_status":"closed","template":"","meta":{"footnotes":""},"class_list":["post-2050","page","type-page","status-publish","hentry"],"yoast_head":"<!-- This site is optimized with the Yoast SEO plugin v25.9 - https:\/\/yoast.com\/wordpress\/plugins\/seo\/ -->\n<title>Notre solution de gestion du transport routier (TMS) - Oroxilia<\/title>\n<meta name=\"description\" content=\"G\u00e9rez facilement votre activit\u00e9 de transport gr\u00e2ce \u00e0 notre solution, un ERP transport flexible et multi-m\u00e9tiers. Oroxilia l&#039;installe pour votre entreprise.\" \/>\n<meta name=\"robots\" content=\"index, follow, max-snippet:-1, max-image-preview:large, max-video-preview:-1\" \/>\n<link rel=\"canonical\" href=\"https:\/\/oroxilia.com\/fr\/solution-de-gestion-de-la-distribution-tms\/\" \/>\n<meta property=\"og:locale\" content=\"fr_FR\" \/>\n<meta property=\"og:type\" content=\"article\" \/>\n<meta property=\"og:title\" content=\"Notre solution de gestion du transport routier (TMS) - Oroxilia\" \/>\n<meta property=\"og:description\" content=\"G\u00e9rez facilement votre activit\u00e9 de transport gr\u00e2ce \u00e0 notre solution, un ERP transport flexible et multi-m\u00e9tiers. Oroxilia l&#039;installe pour votre entreprise.\" \/>\n<meta property=\"og:url\" content=\"https:\/\/oroxilia.com\/fr\/solution-de-gestion-de-la-distribution-tms\/\" \/>\n<meta property=\"og:site_name\" content=\"Oroxilia\" \/>\n<meta property=\"article:modified_time\" content=\"2023-02-15T09:11:57+00:00\" \/>\n<meta name=\"twitter:card\" content=\"summary_large_image\" \/>\n<meta name=\"twitter:label1\" content=\"Dur\u00e9e de lecture estim\u00e9e\" \/>\n\t<meta name=\"twitter:data1\" content=\"10 minutes\" \/>\n<script type=\"application\/ld+json\" class=\"yoast-schema-graph\">{\"@context\":\"https:\/\/schema.org\",\"@graph\":[{\"@type\":\"WebPage\",\"@id\":\"https:\/\/oroxilia.com\/fr\/solution-de-gestion-de-la-distribution-tms\/\",\"url\":\"https:\/\/oroxilia.com\/fr\/solution-de-gestion-de-la-distribution-tms\/\",\"name\":\"Notre solution de gestion du transport routier (TMS) - Oroxilia\",\"isPartOf\":{\"@id\":\"https:\/\/oroxilia.com\/fr\/#website\"},\"datePublished\":\"2020-05-18T11:53:34+00:00\",\"dateModified\":\"2023-02-15T09:11:57+00:00\",\"description\":\"G\u00e9rez facilement votre activit\u00e9 de transport gr\u00e2ce \u00e0 notre solution, un ERP transport flexible et multi-m\u00e9tiers. Oroxilia l'installe pour votre entreprise.\",\"breadcrumb\":{\"@id\":\"https:\/\/oroxilia.com\/fr\/solution-de-gestion-de-la-distribution-tms\/#breadcrumb\"},\"inLanguage\":\"fr-FR\",\"potentialAction\":[{\"@type\":\"ReadAction\",\"target\":[\"https:\/\/oroxilia.com\/fr\/solution-de-gestion-de-la-distribution-tms\/\"]}]},{\"@type\":\"BreadcrumbList\",\"@id\":\"https:\/\/oroxilia.com\/fr\/solution-de-gestion-de-la-distribution-tms\/#breadcrumb\",\"itemListElement\":[{\"@type\":\"ListItem\",\"position\":1,\"name\":\"Accueil\",\"item\":\"https:\/\/oroxilia.com\/fr\/\"},{\"@type\":\"ListItem\",\"position\":2,\"name\":\"Solution de gestion du transport routier (TMS)\"}]},{\"@type\":\"WebSite\",\"@id\":\"https:\/\/oroxilia.com\/fr\/#website\",\"url\":\"https:\/\/oroxilia.com\/fr\/\",\"name\":\"Oroxilia\",\"description\":\"\",\"potentialAction\":[{\"@type\":\"SearchAction\",\"target\":{\"@type\":\"EntryPoint\",\"urlTemplate\":\"https:\/\/oroxilia.com\/fr\/?s={search_term_string}\"},\"query-input\":{\"@type\":\"PropertyValueSpecification\",\"valueRequired\":true,\"valueName\":\"search_term_string\"}}],\"inLanguage\":\"fr-FR\"}]}<\/script>\n<!-- \/ Yoast SEO plugin. -->","yoast_head_json":{"title":"Notre solution de gestion du transport routier (TMS) - Oroxilia","description":"G\u00e9rez facilement votre activit\u00e9 de transport gr\u00e2ce \u00e0 notre solution, un ERP transport flexible et multi-m\u00e9tiers. Oroxilia l'installe pour votre entreprise.","robots":{"index":"index","follow":"follow","max-snippet":"max-snippet:-1","max-image-preview":"max-image-preview:large","max-video-preview":"max-video-preview:-1"},"canonical":"https:\/\/oroxilia.com\/fr\/solution-de-gestion-de-la-distribution-tms\/","og_locale":"fr_FR","og_type":"article","og_title":"Notre solution de gestion du transport routier (TMS) - Oroxilia","og_description":"G\u00e9rez facilement votre activit\u00e9 de transport gr\u00e2ce \u00e0 notre solution, un ERP transport flexible et multi-m\u00e9tiers. Oroxilia l'installe pour votre entreprise.","og_url":"https:\/\/oroxilia.com\/fr\/solution-de-gestion-de-la-distribution-tms\/","og_site_name":"Oroxilia","article_modified_time":"2023-02-15T09:11:57+00:00","twitter_card":"summary_large_image","twitter_misc":{"Dur\u00e9e de lecture estim\u00e9e":"10 minutes"},"schema":{"@context":"https:\/\/schema.org","@graph":[{"@type":"WebPage","@id":"https:\/\/oroxilia.com\/fr\/solution-de-gestion-de-la-distribution-tms\/","url":"https:\/\/oroxilia.com\/fr\/solution-de-gestion-de-la-distribution-tms\/","name":"Notre solution de gestion du transport routier (TMS) - Oroxilia","isPartOf":{"@id":"https:\/\/oroxilia.com\/fr\/#website"},"datePublished":"2020-05-18T11:53:34+00:00","dateModified":"2023-02-15T09:11:57+00:00","description":"G\u00e9rez facilement votre activit\u00e9 de transport gr\u00e2ce \u00e0 notre solution, un ERP transport flexible et multi-m\u00e9tiers. Oroxilia l'installe pour votre entreprise.","breadcrumb":{"@id":"https:\/\/oroxilia.com\/fr\/solution-de-gestion-de-la-distribution-tms\/#breadcrumb"},"inLanguage":"fr-FR","potentialAction":[{"@type":"ReadAction","target":["https:\/\/oroxilia.com\/fr\/solution-de-gestion-de-la-distribution-tms\/"]}]},{"@type":"BreadcrumbList","@id":"https:\/\/oroxilia.com\/fr\/solution-de-gestion-de-la-distribution-tms\/#breadcrumb","itemListElement":[{"@type":"ListItem","position":1,"name":"Accueil","item":"https:\/\/oroxilia.com\/fr\/"},{"@type":"ListItem","position":2,"name":"Solution de gestion du transport routier (TMS)"}]},{"@type":"WebSite","@id":"https:\/\/oroxilia.com\/fr\/#website","url":"https:\/\/oroxilia.com\/fr\/","name":"Oroxilia","description":"","potentialAction":[{"@type":"SearchAction","target":{"@type":"EntryPoint","urlTemplate":"https:\/\/oroxilia.com\/fr\/?s={search_term_string}"},"query-input":{"@type":"PropertyValueSpecification","valueRequired":true,"valueName":"search_term_string"}}],"inLanguage":"fr-FR"}]}},"_links":{"self":[{"href":"https:\/\/oroxilia.com\/fr\/wp-json\/wp\/v2\/pages\/2050","targetHints":{"allow":["GET"]}}],"collection":[{"href":"https:\/\/oroxilia.com\/fr\/wp-json\/wp\/v2\/pages"}],"about":[{"href":"https:\/\/oroxilia.com\/fr\/wp-json\/wp\/v2\/types\/page"}],"author":[{"embeddable":true,"href":"https:\/\/oroxilia.com\/fr\/wp-json\/wp\/v2\/users\/1"}],"replies":[{"embeddable":true,"href":"https:\/\/oroxilia.com\/fr\/wp-json\/wp\/v2\/comments?post=2050"}],"version-history":[{"count":51,"href":"https:\/\/oroxilia.com\/fr\/wp-json\/wp\/v2\/pages\/2050\/revisions"}],"predecessor-version":[{"id":4258,"href":"https:\/\/oroxilia.com\/fr\/wp-json\/wp\/v2\/pages\/2050\/revisions\/4258"}],"wp:attachment":[{"href":"https:\/\/oroxilia.com\/fr\/wp-json\/wp\/v2\/media?parent=2050"}],"curies":[{"name":"wp","href":"https:\/\/api.w.org\/{rel}","templated":true}]}}