{"id":2037,"date":"2020-05-18T13:23:35","date_gmt":"2020-05-18T11:23:35","guid":{"rendered":"http:\/\/oroxilia.adevo.be\/?page_id=2037"},"modified":"2025-03-26T11:30:02","modified_gmt":"2025-03-26T10:30:02","slug":"nos-references","status":"publish","type":"page","link":"https:\/\/oroxilia.com\/fr\/nos-references\/","title":{"rendered":"R\u00e9f\u00e9rences d&rsquo;Oroxilia dans les secteurs logistique et pharmaceutique"},"content":{"rendered":"<p>[vc_row][vc_column]<div class='rb_textmodule_69ea2781802ae rb_textmodule with_subtitle align_center'><div class='rb_textmodule_info_wrapper'><div class='rb_textmodule_content_wrapper'><p>Oroxilia est actif dans la logistique d&rsquo;entrep\u00f4t et est dot\u00e9 d&rsquo;une excellente connaissance en int\u00e9gration de syst\u00e8mes commerciaux (Order to Cash).<br \/>\nNos secteurs de pr\u00e9dilection sont la distribution cosm\u00e9tique, les dispositifs m\u00e9dicaux, le commerce de d\u00e9tail et le pharmaceutique. Ce dernier est particuli\u00e8rement complexe puisqu\u2019il demande :<\/p>\n<ul>\n<li>Une expertise particuli\u00e8re (contraintes r\u00e9gulatoires)<\/li>\n<li>Une tra\u00e7abilit\u00e9 rigoureuse<\/li>\n<li>Un contr\u00f4le pr\u00e9cis des temp\u00e9ratures<\/li>\n<li>Une gestion minutieuse de l\u2019export et de la distribution<\/li>\n<\/ul>\n<p>Gr\u00e2ce \u00e0 l\u2019exp\u00e9rience acquise au fil des ann\u00e9es dans le secteur pharmaceutique, l\u2019un des plus complexes qui existe, nous sommes capables de nous adapter \u00e0 tous les secteurs. GDP, GMP, CVS et contr\u00f4le des temp\u00e9ratures sont des concepts auxquels nous sommes quotidiennement confront\u00e9s.<\/p>\n<\/div><\/div><\/div>[vc_row_inner css=\u00a0\u00bb.vc_custom_1589966064431{margin-top: 90px !important;}\u00a0\u00bb][vc_column_inner]<div class='rb_textmodule_69ea278181007 rb_textmodule with_subtitle align_center'><div class='rb_textmodule_info_wrapper'><h2 class='rb_textmodule_title has_divider'>Nos r\u00e9f\u00e9rences associ\u00e9es aux solutions logicielles mises en place<span class='rb_textmodule_divider'><\/span><\/h2><\/div><\/div>[\/vc_column_inner][\/vc_row_inner][vc_row_inner equal_height=\u00a0\u00bbyes\u00a0\u00bb css=\u00a0\u00bb.vc_custom_1742478063251{margin-top: 10px !important;margin-bottom: 10px !important;}\u00a0\u00bb][vc_column_inner width=\u00a0\u00bb1\/3&Prime;][vc_single_image image=\u00a0\u00bb5059&Prime; img_size=\u00a0\u00bb\u00a0\u00bb alignment=\u00a0\u00bbcenter\u00a0\u00bb onclick=\u00a0\u00bbcustom_link\u00a0\u00bb img_link_target=\u00a0\u00bb_blank\u00a0\u00bb link=\u00a0\u00bbhttps:\/\/www.bd.com\/fr-be\u00a0\u00bb css=\u00a0\u00bb.vc_custom_1742486481227{background-color: #f7f7f7 !important;}\u00a0\u00bb]<div class='rb_textmodule_69ea278181216 rb_textmodule with_subtitle align_center'><div class='rb_textmodule_info_wrapper'><h3 class='rb_textmodule_title '>WMS et Order to Cash<\/h3><\/div><\/div>[\/vc_column_inner][vc_column_inner width=\u00a0\u00bb1\/3&Prime; css=\u00a0\u00bb.vc_custom_1742485683371{border-radius: 1px !important;}\u00a0\u00bb][vc_single_image image=\u00a0\u00bb5065&Prime; img_size=\u00a0\u00bb\u00a0\u00bb alignment=\u00a0\u00bbcenter\u00a0\u00bb onclick=\u00a0\u00bbcustom_link\u00a0\u00bb img_link_target=\u00a0\u00bb_blank\u00a0\u00bb link=\u00a0\u00bbhttps:\/\/be.kuehne-nagel.com\/fr\/\u00a0\u00bb css=\u00a0\u00bb.vc_custom_1742486528947{background-color: #f7f7f7 !important;}\u00a0\u00bb]<div class='rb_textmodule_69ea278181409 rb_textmodule with_subtitle align_center'><div class='rb_textmodule_info_wrapper'><h3 class='rb_textmodule_title '>WMS<\/h3><\/div><\/div>[\/vc_column_inner][vc_column_inner width=\u00a0\u00bb1\/3&Prime;][vc_single_image image=\u00a0\u00bb5062&Prime; img_size=\u00a0\u00bb\u00a0\u00bb alignment=\u00a0\u00bbcenter\u00a0\u00bb onclick=\u00a0\u00bbcustom_link\u00a0\u00bb img_link_target=\u00a0\u00bb_blank\u00a0\u00bb link=\u00a0\u00bbhttps:\/\/www.louisdewaele.be\/fr\/\u00a0\u00bb css=\u00a0\u00bb.vc_custom_1742485939530{background-color: #f7f7f7 !important;}\u00a0\u00bb]<div class='rb_textmodule_69ea2781815c7 rb_textmodule with_subtitle align_center'><div class='rb_textmodule_info_wrapper'><h3 class='rb_textmodule_title '>ERP incluant un WMS<\/h3><\/div><\/div>[\/vc_column_inner][\/vc_row_inner][vc_row_inner equal_height=\u00a0\u00bbyes\u00a0\u00bb][vc_column_inner width=\u00a0\u00bb1\/3&Prime;][vc_single_image image=\u00a0\u00bb5068&Prime; img_size=\u00a0\u00bb\u00a0\u00bb alignment=\u00a0\u00bbcenter\u00a0\u00bb onclick=\u00a0\u00bbcustom_link\u00a0\u00bb img_link_target=\u00a0\u00bb_blank\u00a0\u00bb link=\u00a0\u00bbhttps:\/\/www.medista.be\/\u00a0\u00bb css=\u00a0\u00bb.vc_custom_1742485863131{background-color: #f7f7f7 !important;}\u00a0\u00bb]<div class='rb_textmodule_69ea278181789 rb_textmodule with_subtitle align_center'><div class='rb_textmodule_info_wrapper'><h3 class='rb_textmodule_title '>WMS et OMS<\/h3><\/div><\/div>[\/vc_column_inner][vc_column_inner width=\u00a0\u00bb1\/3&Prime;][vc_single_image image=\u00a0\u00bb5071&Prime; img_size=\u00a0\u00bb\u00a0\u00bb alignment=\u00a0\u00bbcenter\u00a0\u00bb onclick=\u00a0\u00bbcustom_link\u00a0\u00bb img_link_target=\u00a0\u00bb_blank\u00a0\u00bb link=\u00a0\u00bbhttps:\/\/www.rhenus.group\/be\/en\/\u00a0\u00bb css=\u00a0\u00bb.vc_custom_1742486592180{background-color: #f7f7f7 !important;}\u00a0\u00bb]<div class='rb_textmodule_69ea278181940 rb_textmodule with_subtitle align_center'><div class='rb_textmodule_info_wrapper'><h3 class='rb_textmodule_title '>WMS<\/h3><\/div><\/div>[\/vc_column_inner][vc_column_inner width=\u00a0\u00bb1\/3&Prime;][\/vc_column_inner][\/vc_row_inner][vc_row_inner css=\u00a0\u00bb.vc_custom_1589966064431{margin-top: 90px !important;}\u00a0\u00bb][vc_column_inner]<div class='rb_textmodule_69ea278181add rb_textmodule with_subtitle align_center'><div class='rb_textmodule_info_wrapper'><h2 class='rb_textmodule_title has_divider'>Technologies logistiques et d'automatisation<span class='rb_textmodule_divider'><\/span><\/h2><\/div><\/div>[\/vc_column_inner][\/vc_row_inner][vc_row_inner equal_height=\u00a0\u00bbyes\u00a0\u00bb css=\u00a0\u00bb.vc_custom_1742479143997{margin-top: 10px !important;margin-bottom: 10px !important;}\u00a0\u00bb][vc_column_inner width=\u00a0\u00bb1\/4&Prime;][vc_single_image image=\u00a0\u00bb5086&Prime; img_size=\u00a0\u00bb\u00a0\u00bb alignment=\u00a0\u00bbcenter\u00a0\u00bb onclick=\u00a0\u00bbcustom_link\u00a0\u00bb img_link_target=\u00a0\u00bb_blank\u00a0\u00bb link=\u00a0\u00bbhttps:\/\/inthergroup.com\/\u00a0\u00bb css=\u00a0\u00bb.vc_custom_1742485781189{background-color: #f7f7f7 !important;}\u00a0\u00bb][\/vc_column_inner][vc_column_inner width=\u00a0\u00bb1\/4&Prime;][vc_single_image image=\u00a0\u00bb5083&Prime; img_size=\u00a0\u00bb\u00a0\u00bb alignment=\u00a0\u00bbcenter\u00a0\u00bb onclick=\u00a0\u00bbcustom_link\u00a0\u00bb img_link_target=\u00a0\u00bb_blank\u00a0\u00bb link=\u00a0\u00bbhttps:\/\/www.kardex.com\/fr\/\u00a0\u00bb css=\u00a0\u00bb.vc_custom_1742486661845{background-color: #f7f7f7 !important;}\u00a0\u00bb][\/vc_column_inner][vc_column_inner width=\u00a0\u00bb1\/4&Prime;][vc_single_image image=\u00a0\u00bb5077&Prime; img_size=\u00a0\u00bb\u00a0\u00bb alignment=\u00a0\u00bbcenter\u00a0\u00bb onclick=\u00a0\u00bbcustom_link\u00a0\u00bb img_link_target=\u00a0\u00bb_blank\u00a0\u00bb link=\u00a0\u00bbhttps:\/\/www.savoye.com\/\u00a0\u00bb css=\u00a0\u00bb.vc_custom_1742486705060{background-color: #f7f7f7 !important;}\u00a0\u00bb][\/vc_column_inner][vc_column_inner width=\u00a0\u00bb1\/4&Prime;][vc_single_image image=\u00a0\u00bb5089&Prime; img_size=\u00a0\u00bb\u00a0\u00bb alignment=\u00a0\u00bbcenter\u00a0\u00bb onclick=\u00a0\u00bbcustom_link\u00a0\u00bb img_link_target=\u00a0\u00bb_blank\u00a0\u00bb link=\u00a0\u00bbhttps:\/\/www.scallog.com\/fr\/\u00a0\u00bb css=\u00a0\u00bb.vc_custom_1742486681486{background-color: #f7f7f7 !important;}\u00a0\u00bb][\/vc_column_inner][\/vc_row_inner][vc_row_inner disable_element=\u00a0\u00bbyes\u00a0\u00bb][vc_column_inner el_class=\u00a0\u00bbvignette-border\u00a0\u00bb width=\u00a0\u00bb1\/4&Prime;]<div id='rb_image_69ea278181c90' class='rb_image_module background_no_hover' ><div class=\"main_image\"><img decoding=\"async\" class=\"image\" src=\"https:\/\/oroxilia.com\/wp-content\/uploads\/2020\/05\/logo-gervais-transports.jpg\" alt=\"Transports Gervais\" \/><\/div><\/div><div class='rb_textmodule_69ea278184300 rb_textmodule with_subtitle align_center'><div class='rb_textmodule_info_wrapper'><h3 class='rb_textmodule_title '>Gervais Transports, transporteur ind\u00e9pendant.<\/h3><div class='rb_textmodule_content_wrapper'><p>Depuis xxx ann\u00e9es, Oroxilia est le partenaire de<\/p>\n<p>Chiffre cl\u00e9s du partenariat :<\/p>\n\n<\/div><\/div><\/div>[\/vc_column_inner][vc_column_inner width=\u00a0\u00bb1\/4&Prime;]<div id='rb_image_69ea27818482d' class='rb_image_module background_no_hover' ><div class=\"main_image\"><img decoding=\"async\" class=\"image\" src=\"https:\/\/oroxilia.com\/wp-content\/uploads\/2020\/05\/logo-medista.jpg\" alt=\"Medista, distribution pharmaceutique\" \/><\/div><\/div><div class='rb_textmodule_69ea27818618e rb_textmodule with_subtitle align_center'><div class='rb_textmodule_info_wrapper'><h3 class='rb_textmodule_title '>Medista, distribution pharmaceutique.<\/h3><div class='rb_textmodule_content_wrapper'><p>Oroxilia est partenaire de Medista, le seul <strong>distributeur (supply chain) d\u2019\u00e9chantillons gratuits<\/strong> de m\u00e9dicaments et de compl\u00e9ments alimentaires pour des grandes marques du secteur pharma dans le BeLux. Les livraisons ont lieu tant vers des praticiens qu&rsquo;en mode<strong> \u00ab\u00a0direct to patient\u00a0\u00bb<\/strong>.<\/p>\n<p>Medista est notamment r\u00e9put\u00e9 pour ses <strong>bonnes pratiques<\/strong> en mati\u00e8re de stockage et de distribution.<\/p>\n<p>Chiffres cl\u00e9s du partenariat :<\/p>\n<ul>\n<li>livraisons r\u00e9guli\u00e8res \u00e0 une base de 10.000 praticiens (HCP) et h\u00f4pitaux en Belgique et au Luxembourg<\/li>\n<li>gestion de stockages distincts \u00e0 temp\u00e9rature ambiante (15-25\u00b0C) et stockage r\u00e9frig\u00e9r\u00e9 (2-8\u00b0C)<\/li>\n<\/ul>\n\n<\/div><\/div><\/div>[\/vc_column_inner][vc_column_inner width=\u00a0\u00bb1\/4&Prime;]<div id='rb_image_69ea2781864b0' class='rb_image_module background_no_hover' ><div class=\"main_image\"><img decoding=\"async\" class=\"image\" src=\"https:\/\/oroxilia.com\/wp-content\/uploads\/2020\/05\/picto-entrepot-rouge-jaune.png\" alt=\"Pictogramme d&#039;un entrep\u00f4t\" \/><\/div><\/div><div class='rb_textmodule_69ea278187571 rb_textmodule with_subtitle align_center'><div class='rb_textmodule_info_wrapper'><h3 class='rb_textmodule_title '>Un leader mondial de la logistique et du transport.<\/h3><div class='rb_textmodule_content_wrapper'><p>Oroxilia est le partenaire d\u2019un acteur international majeur du secteur <strong>du stockage et de la distribution<\/strong>.<\/p>\n<p>Cette entreprise est un <strong>prestataire 3PL<\/strong> qui prend en charge une grande partie de la logistique de ses clients.<\/p>\n<p>Chiffres cl\u00e9s du partenariat :<\/p>\n<ul>\n<li>4 sites d&rsquo;entrep\u00f4ts<\/li>\n<li>80 stockeurs<\/li>\n<li>70 pays de destination<\/li>\n<\/ul>\n\n<\/div><\/div><\/div>[\/vc_column_inner][vc_column_inner width=\u00a0\u00bb1\/4&Prime;][vc_single_image image=\u00a0\u00bb5074&Prime; img_size=\u00a0\u00bb\u00a0\u00bb alignment=\u00a0\u00bbcenter\u00a0\u00bb onclick=\u00a0\u00bbcustom_link\u00a0\u00bb img_link_target=\u00a0\u00bb_blank\u00a0\u00bb link=\u00a0\u00bbhttps:\/\/www.yusen-logistics.com\/benelux_en\/\u00a0\u00bb css=\u00a0\u00bb.vc_custom_1742486617043{background-color: #f7f7f7 !important;}\u00a0\u00bb]<div class='rb_textmodule_69ea2781878b1 rb_textmodule with_subtitle align_center'><div class='rb_textmodule_info_wrapper'><h3 class='rb_textmodule_title '>WMS<\/h3><\/div><\/div>[\/vc_column_inner][\/vc_row_inner]<div id='rb_button_wrapper_69ea278188398' class='rb_button_wrapper '><a id='rb_button_69ea278188399' class='rb_button arrow_fade_in large' href='\/contact' ><span>Contacter Oroxilia<\/span><\/a><\/div><div class='rb_textmodule_69ea278188429 rb_textmodule with_subtitle align_center'><div class='rb_textmodule_info_wrapper'><h2 class='rb_textmodule_title has_divider'>Oroxilia propose \u00e0 ses clients l\u2019int\u00e9gration de solutions logistiques :<span class='rb_textmodule_divider'><\/span><\/h2><div class='rb_textmodule_content_wrapper'><ul>\n<li>Avec syst\u00e8me de commandes,<\/li>\n<li>Avec syst\u00e8me automatique de picking,<\/li>\n<li>Avec e-commerce,<\/li>\n<li>Avec portail d\u2019acc\u00e8s client,<\/li>\n<li>Avec ERP.<\/li>\n<\/ul>\n<p>Atout pour nos clients : notre centre de support est disponible 7j\/7, 24h\/24.<\/p>\n<\/div><\/div><\/div>[\/vc_column][\/vc_row]<\/p>\n","protected":false},"excerpt":{"rendered":"<p>[vc_row][vc_column][vc_row_inner css=\u00a0\u00bb.vc_custom_1589966064431{margin-top: 90px !important;}\u00a0\u00bb][vc_column_inner][\/vc_column_inner][\/vc_row_inner][vc_row_inner equal_height=\u00a0\u00bbyes\u00a0\u00bb css=\u00a0\u00bb.vc_custom_1742478063251{margin-top: 10px !important;margin-bottom: 10px !important;}\u00a0\u00bb][vc_column_inner width=\u00a0\u00bb1\/3&Prime;][vc_single_image image=\u00a0\u00bb5059&Prime; img_size=\u00a0\u00bb\u00a0\u00bb alignment=\u00a0\u00bbcenter\u00a0\u00bb onclick=\u00a0\u00bbcustom_link\u00a0\u00bb img_link_target=\u00a0\u00bb_blank\u00a0\u00bb link=\u00a0\u00bbhttps:\/\/www.bd.com\/fr-be\u00a0\u00bb css=\u00a0\u00bb.vc_custom_1742486481227{background-color: #f7f7f7 !important;}\u00a0\u00bb][\/vc_column_inner][vc_column_inner width=\u00a0\u00bb1\/3&Prime; css=\u00a0\u00bb.vc_custom_1742485683371{border-radius: 1px !important;}\u00a0\u00bb][vc_single_image image=\u00a0\u00bb5065&Prime; img_size=\u00a0\u00bb\u00a0\u00bb alignment=\u00a0\u00bbcenter\u00a0\u00bb onclick=\u00a0\u00bbcustom_link\u00a0\u00bb img_link_target=\u00a0\u00bb_blank\u00a0\u00bb link=\u00a0\u00bbhttps:\/\/be.kuehne-nagel.com\/fr\/\u00a0\u00bb css=\u00a0\u00bb.vc_custom_1742486528947{background-color: #f7f7f7 !important;}\u00a0\u00bb][\/vc_column_inner][vc_column_inner width=\u00a0\u00bb1\/3&Prime;][vc_single_image image=\u00a0\u00bb5062&Prime; img_size=\u00a0\u00bb\u00a0\u00bb alignment=\u00a0\u00bbcenter\u00a0\u00bb onclick=\u00a0\u00bbcustom_link\u00a0\u00bb img_link_target=\u00a0\u00bb_blank\u00a0\u00bb link=\u00a0\u00bbhttps:\/\/www.louisdewaele.be\/fr\/\u00a0\u00bb css=\u00a0\u00bb.vc_custom_1742485939530{background-color: #f7f7f7 !important;}\u00a0\u00bb][\/vc_column_inner][\/vc_row_inner][vc_row_inner equal_height=\u00a0\u00bbyes\u00a0\u00bb][vc_column_inner width=\u00a0\u00bb1\/3&Prime;][vc_single_image image=\u00a0\u00bb5068&Prime; img_size=\u00a0\u00bb\u00a0\u00bb alignment=\u00a0\u00bbcenter\u00a0\u00bb onclick=\u00a0\u00bbcustom_link\u00a0\u00bb img_link_target=\u00a0\u00bb_blank\u00a0\u00bb link=\u00a0\u00bbhttps:\/\/www.medista.be\/\u00a0\u00bb css=\u00a0\u00bb.vc_custom_1742485863131{background-color: #f7f7f7 !important;}\u00a0\u00bb][\/vc_column_inner][vc_column_inner width=\u00a0\u00bb1\/3&Prime;][vc_single_image [&hellip;]<\/p>\n","protected":false},"author":1,"featured_media":0,"parent":0,"menu_order":0,"comment_status":"closed","ping_status":"closed","template":"","meta":{"footnotes":""},"class_list":["post-2037","page","type-page","status-publish","hentry"],"yoast_head":"<!-- This site is optimized with the Yoast SEO plugin v25.9 - https:\/\/yoast.com\/wordpress\/plugins\/seo\/ -->\n<title>Int\u00e9grateur de solutions logistiques pour plusieurs entreprises - Oroxilia<\/title>\n<meta name=\"description\" content=\"Oroxilia poss\u00e8de quelques r\u00e9f\u00e9rences dans les secteurs logistique, pharmaceutique et du transport et a acquis une solide exp\u00e9rience dans ces m\u00e9tiers.\" \/>\n<meta name=\"robots\" content=\"index, follow, max-snippet:-1, max-image-preview:large, max-video-preview:-1\" \/>\n<link rel=\"canonical\" href=\"https:\/\/oroxilia.com\/fr\/nos-references\/\" \/>\n<meta property=\"og:locale\" content=\"fr_FR\" \/>\n<meta property=\"og:type\" content=\"article\" \/>\n<meta property=\"og:title\" content=\"Int\u00e9grateur de solutions logistiques pour plusieurs entreprises - Oroxilia\" \/>\n<meta property=\"og:description\" content=\"Oroxilia poss\u00e8de quelques r\u00e9f\u00e9rences dans les secteurs logistique, pharmaceutique et du transport et a acquis une solide exp\u00e9rience dans ces m\u00e9tiers.\" \/>\n<meta property=\"og:url\" content=\"https:\/\/oroxilia.com\/fr\/nos-references\/\" \/>\n<meta property=\"og:site_name\" content=\"Oroxilia\" \/>\n<meta property=\"article:modified_time\" content=\"2025-03-26T10:30:02+00:00\" \/>\n<meta name=\"twitter:card\" content=\"summary_large_image\" \/>\n<meta name=\"twitter:label1\" content=\"Dur\u00e9e de lecture estim\u00e9e\" \/>\n\t<meta name=\"twitter:data1\" content=\"7 minutes\" \/>\n<script type=\"application\/ld+json\" class=\"yoast-schema-graph\">{\"@context\":\"https:\/\/schema.org\",\"@graph\":[{\"@type\":\"WebPage\",\"@id\":\"https:\/\/oroxilia.com\/fr\/nos-references\/\",\"url\":\"https:\/\/oroxilia.com\/fr\/nos-references\/\",\"name\":\"Int\u00e9grateur de solutions logistiques pour plusieurs entreprises - Oroxilia\",\"isPartOf\":{\"@id\":\"https:\/\/oroxilia.com\/fr\/#website\"},\"datePublished\":\"2020-05-18T11:23:35+00:00\",\"dateModified\":\"2025-03-26T10:30:02+00:00\",\"description\":\"Oroxilia poss\u00e8de quelques r\u00e9f\u00e9rences dans les secteurs logistique, pharmaceutique et du transport et a acquis une solide exp\u00e9rience dans ces m\u00e9tiers.\",\"breadcrumb\":{\"@id\":\"https:\/\/oroxilia.com\/fr\/nos-references\/#breadcrumb\"},\"inLanguage\":\"fr-FR\",\"potentialAction\":[{\"@type\":\"ReadAction\",\"target\":[\"https:\/\/oroxilia.com\/fr\/nos-references\/\"]}]},{\"@type\":\"BreadcrumbList\",\"@id\":\"https:\/\/oroxilia.com\/fr\/nos-references\/#breadcrumb\",\"itemListElement\":[{\"@type\":\"ListItem\",\"position\":1,\"name\":\"Accueil\",\"item\":\"https:\/\/oroxilia.com\/fr\/\"},{\"@type\":\"ListItem\",\"position\":2,\"name\":\"R\u00e9f\u00e9rences d&rsquo;Oroxilia dans les secteurs logistique et pharmaceutique\"}]},{\"@type\":\"WebSite\",\"@id\":\"https:\/\/oroxilia.com\/fr\/#website\",\"url\":\"https:\/\/oroxilia.com\/fr\/\",\"name\":\"Oroxilia\",\"description\":\"\",\"potentialAction\":[{\"@type\":\"SearchAction\",\"target\":{\"@type\":\"EntryPoint\",\"urlTemplate\":\"https:\/\/oroxilia.com\/fr\/?s={search_term_string}\"},\"query-input\":{\"@type\":\"PropertyValueSpecification\",\"valueRequired\":true,\"valueName\":\"search_term_string\"}}],\"inLanguage\":\"fr-FR\"}]}<\/script>\n<!-- \/ Yoast SEO plugin. -->","yoast_head_json":{"title":"Int\u00e9grateur de solutions logistiques pour plusieurs entreprises - Oroxilia","description":"Oroxilia poss\u00e8de quelques r\u00e9f\u00e9rences dans les secteurs logistique, pharmaceutique et du transport et a acquis une solide exp\u00e9rience dans ces m\u00e9tiers.","robots":{"index":"index","follow":"follow","max-snippet":"max-snippet:-1","max-image-preview":"max-image-preview:large","max-video-preview":"max-video-preview:-1"},"canonical":"https:\/\/oroxilia.com\/fr\/nos-references\/","og_locale":"fr_FR","og_type":"article","og_title":"Int\u00e9grateur de solutions logistiques pour plusieurs entreprises - Oroxilia","og_description":"Oroxilia poss\u00e8de quelques r\u00e9f\u00e9rences dans les secteurs logistique, pharmaceutique et du transport et a acquis une solide exp\u00e9rience dans ces m\u00e9tiers.","og_url":"https:\/\/oroxilia.com\/fr\/nos-references\/","og_site_name":"Oroxilia","article_modified_time":"2025-03-26T10:30:02+00:00","twitter_card":"summary_large_image","twitter_misc":{"Dur\u00e9e de lecture estim\u00e9e":"7 minutes"},"schema":{"@context":"https:\/\/schema.org","@graph":[{"@type":"WebPage","@id":"https:\/\/oroxilia.com\/fr\/nos-references\/","url":"https:\/\/oroxilia.com\/fr\/nos-references\/","name":"Int\u00e9grateur de solutions logistiques pour plusieurs entreprises - Oroxilia","isPartOf":{"@id":"https:\/\/oroxilia.com\/fr\/#website"},"datePublished":"2020-05-18T11:23:35+00:00","dateModified":"2025-03-26T10:30:02+00:00","description":"Oroxilia poss\u00e8de quelques r\u00e9f\u00e9rences dans les secteurs logistique, pharmaceutique et du transport et a acquis une solide exp\u00e9rience dans ces m\u00e9tiers.","breadcrumb":{"@id":"https:\/\/oroxilia.com\/fr\/nos-references\/#breadcrumb"},"inLanguage":"fr-FR","potentialAction":[{"@type":"ReadAction","target":["https:\/\/oroxilia.com\/fr\/nos-references\/"]}]},{"@type":"BreadcrumbList","@id":"https:\/\/oroxilia.com\/fr\/nos-references\/#breadcrumb","itemListElement":[{"@type":"ListItem","position":1,"name":"Accueil","item":"https:\/\/oroxilia.com\/fr\/"},{"@type":"ListItem","position":2,"name":"R\u00e9f\u00e9rences d&rsquo;Oroxilia dans les secteurs logistique et pharmaceutique"}]},{"@type":"WebSite","@id":"https:\/\/oroxilia.com\/fr\/#website","url":"https:\/\/oroxilia.com\/fr\/","name":"Oroxilia","description":"","potentialAction":[{"@type":"SearchAction","target":{"@type":"EntryPoint","urlTemplate":"https:\/\/oroxilia.com\/fr\/?s={search_term_string}"},"query-input":{"@type":"PropertyValueSpecification","valueRequired":true,"valueName":"search_term_string"}}],"inLanguage":"fr-FR"}]}},"_links":{"self":[{"href":"https:\/\/oroxilia.com\/fr\/wp-json\/wp\/v2\/pages\/2037","targetHints":{"allow":["GET"]}}],"collection":[{"href":"https:\/\/oroxilia.com\/fr\/wp-json\/wp\/v2\/pages"}],"about":[{"href":"https:\/\/oroxilia.com\/fr\/wp-json\/wp\/v2\/types\/page"}],"author":[{"embeddable":true,"href":"https:\/\/oroxilia.com\/fr\/wp-json\/wp\/v2\/users\/1"}],"replies":[{"embeddable":true,"href":"https:\/\/oroxilia.com\/fr\/wp-json\/wp\/v2\/comments?post=2037"}],"version-history":[{"count":88,"href":"https:\/\/oroxilia.com\/fr\/wp-json\/wp\/v2\/pages\/2037\/revisions"}],"predecessor-version":[{"id":5114,"href":"https:\/\/oroxilia.com\/fr\/wp-json\/wp\/v2\/pages\/2037\/revisions\/5114"}],"wp:attachment":[{"href":"https:\/\/oroxilia.com\/fr\/wp-json\/wp\/v2\/media?parent=2037"}],"curies":[{"name":"wp","href":"https:\/\/api.w.org\/{rel}","templated":true}]}}