{"id":2025,"date":"2020-05-18T11:12:49","date_gmt":"2020-05-18T09:12:49","guid":{"rendered":"http:\/\/oroxilia.adevo.be\/?page_id=2025"},"modified":"2024-07-22T09:47:28","modified_gmt":"2024-07-22T07:47:28","slug":"a-propos","status":"publish","type":"page","link":"https:\/\/oroxilia.com\/fr\/a-propos\/","title":{"rendered":"\u00c9quipe et missions"},"content":{"rendered":"<p>[vc_row][vc_column]<div class='rb_textmodule_69ea28b2d3587 rb_textmodule with_subtitle align_center'><div class='rb_textmodule_info_wrapper'><h2 class='rb_textmodule_title has_divider'>Oroxilia, l'expertise IT et logistique pour automatiser vos t\u00e2ches et augmenter votre productivit\u00e9<span class='rb_textmodule_divider'><\/span><\/h2><div class='rb_textmodule_content_wrapper'><p>N\u00e9e en 2016 du constat qu&rsquo;il y a trop peu de vrais int\u00e9grateurs de solutions IT logistiques sur le march\u00e9 benelux, Oroxilia veut offrir le meilleur des deux mondes \u00e0 ses clients :<\/p>\n<ul>\n<li><strong>une s\u00e9lection des solutions IT les plus performantes<\/strong> pour la gestion d&rsquo;entrep\u00f4ts, la gestion des commandes et des exp\u00e9ditions, la gestion des transports et la gestion de plateformes e-commerce,<\/li>\n<li>combin\u00e9e \u00e0 <strong>l&rsquo;expertise IT d&rsquo;Oroxilia <\/strong>et sa connaissance approfondie des diff\u00e9rents m\u00e9tiers de la logistique.<\/li>\n<\/ul>\n<p>Oroxilia est actuellement actif dans le <strong>Benelux<\/strong>.<\/p>\n<\/div><\/div><\/div>[\/vc_column][\/vc_row][vc_row][vc_column]<div id='rb_image_69ea28b2d40b0' class='rb_image_module background_no_hover img-border-radius-a-propos' ><div class=\"main_image\"><img decoding=\"async\" class=\"image\" src=\"https:\/\/oroxilia.com\/wp-content\/uploads\/2020\/06\/lanterne-enghien-locaux-oroxilia.jpg\" alt=\"La lanterne, lieu des bureaux d&#039;Oroxilia\" \/><\/div><\/div><div class='rb_textmodule_69ea28b2d50db rb_textmodule with_subtitle align_center'><div class='rb_textmodule_info_wrapper'><h2 class='rb_textmodule_title has_divider'>L'\u00e9quipe Oroxilia : des experts IT qui vivent les m\u00e9tiers de la logistique au jour le jour<span class='rb_textmodule_divider'><\/span><\/h2><div class='rb_textmodule_content_wrapper'><p>Oroxilia est compos\u00e9 de sp\u00e9cialistes en IT d\u00e9di\u00e9e au secteur logistique, soucieux d&rsquo;apporter <strong>les meilleures solutions <\/strong>et de fournir <strong>les meilleurs services <\/strong>\u00e0 leurs clients. Il en r\u00e9sulte une compr\u00e9hension pragmatique de vos besoins et un travail rigoureux et fiable, qui tiennent compte de vos moyens et de vos imp\u00e9ratifs de productivit\u00e9.<\/p>\n<p>Chaque membre de notre \u00e9quipe souhaite apporte sa comp\u00e9tence propre et son enthousiasme aux projets de nos clients.<\/p>\n<\/div><\/div><\/div>[vc_row_inner css=\u00a0\u00bb.vc_custom_1590568291557{margin-bottom: 60px !important;}\u00a0\u00bb][vc_column_inner][vc_raw_html]JTNDZGl2JTIwaWQlM0QlMjJyYl9vdXJfdGVhbV81ZWNlMWJkOTUxOTdmJTIyJTIwY2xhc3MlM0QlMjJyYl9vdXJfdGVhbV9tb2R1bGUlMjBjb2x1bW5zXzUlMjBjdXN0b20tdGVhbSUyMiUzRSUwQSUyMCUyMCUzQ2RpdiUyMGNsYXNzJTNEJTIycmJfdGVhbV9tZW1iZXIlMjIlM0UlMEElMjAlMjAlMjAlMjAlM0NkaXYlMjBjbGFzcyUzRCUyMmluZm9ybWF0aW9uX3dyYXBwZXIlMjIlM0UlMEElMjAlMjAlMjAlMjAlMjAlMjAlM0NzcGFuJTIwY2xhc3MlM0QlMjJoNSUyMG5hbWUlMjIlM0VKZWFuLVBhdWwlMjBQYXJtZW50aWVyJTNDJTJGc3BhbiUzRSUwQSUyMCUyMCUyMCUyMCUyMCUyMCUzQ2RpdiUyMGNsYXNzJTNEJTIybWV0YSUyMiUzRSUwQSUyMCUyMCUyMCUyMCUyMCUyMCUyMCUyMCUzQ3NwYW4lMjBjbGFzcyUzRCUyMnBvc2l0aW9uJTIyJTNFTWFuYWdpbmclMjBQYXJ0bmVyJTNDJTJGc3BhbiUzRSUwQSUyMCUyMCUyMCUyMCUyMCUyMCUzQyUyRmRpdiUzRSUwQSUyMCUyMCUyMCUyMCUyMCUyMCUzQ2RpdiUyMGNsYXNzJTNEJTIybGlua2VkaW4tbGluay1hY3RpdmUlMjIlM0UlMEElMjAlMjAlMjAlMjAlMjAlMjAlMjAlMjAlMjAlMjAlM0NhJTIwaHJlZiUzRCUyMmh0dHBzJTNBJTJGJTJGd3d3LmxpbmtlZGluLmNvbSUyRmluJTJGamVhbi1wYXVsLXBhcm1lbnRpZXItYjI2NDE2NjQlMkYlMjIlMjB0aXRsZSUzRCUyMiUyMiUyMHRhcmdldCUzRCUyMl9ibGFuayUyMiUzRSUzQ2klMjBjbGFzcyUzRCUyMnJiaWNvbi1saW5rZWQtaW4lMjIlM0UlM0MlMkZpJTNFJTNDJTJGYSUzRSUwQSUyMCUyMCUyMCUyMCUyMCUyMCUzQyUyRmRpdiUzRSUwQSUyMCUyMCUyMCUyMCUzQyUyRmRpdiUzRSUwQSUyMCUyMCUzQyUyRmRpdiUzRSUwQSUyMCUyMCUzQ2RpdiUyMGNsYXNzJTNEJTIycmJfdGVhbV9tZW1iZXIlMjIlM0UlMEElMjAlMjAlMjAlMjAlM0NkaXYlMjBjbGFzcyUzRCUyMmluZm9ybWF0aW9uX3dyYXBwZXIlMjIlM0UlMEElMjAlMjAlMjAlMjAlMjAlMjAlM0NzcGFuJTIwY2xhc3MlM0QlMjJoNSUyMG5hbWUlMjIlM0VFdGllbm5lJTIwTGVzZXVsdHJlJTNDJTJGc3BhbiUzRSUwQSUyMCUyMCUyMCUyMCUyMCUyMCUzQ2RpdiUyMGNsYXNzJTNEJTIybWV0YSUyMiUzRSUwQSUyMCUyMCUyMCUyMCUyMCUyMCUyMCUyMCUzQ3NwYW4lMjBjbGFzcyUzRCUyMnBvc2l0aW9uJTIyJTNFTWFuYWdpbmclMjBQYXJ0bmVyJTNDJTJGc3BhbiUzRSUwQSUyMCUyMCUyMCUyMCUyMCUyMCUzQyUyRmRpdiUzRSUwQSUyMCUyMCUyMCUyMCUyMCUyMCUzQ2RpdiUyMGNsYXNzJTNEJTIybGlua2VkaW4tbGluayUyMiUzRSUwQSUyMCUyMCUyMCUyMCUyMCUyMCUyMCUyMCUzQ3NwYW4lM0UlM0NpJTIwY2xhc3MlM0QlMjJyYmljb24tbGlua2VkLWluJTIyJTNFJTNDJTJGaSUzRSUzQyUyRnNwYW4lM0UlMEElMjAlMjAlMjAlMjAlM0MlMkZkaXYlM0UlMEElMjAlMjAlMjAlMjAlM0MlMkZkaXYlM0UlMEElMjAlMjAlM0MlMkZkaXYlM0UlMEElMjAlMjAlM0NkaXYlMjBjbGFzcyUzRCUyMnJiX3RlYW1fbWVtYmVyJTIyJTNFJTBBJTIwJTIwJTIwJTIwJTNDZGl2JTIwY2xhc3MlM0QlMjJpbmZvcm1hdGlvbl93cmFwcGVyJTIyJTNFJTBBJTIwJTIwJTIwJTIwJTIwJTIwJTNDc3BhbiUyMGNsYXNzJTNEJTIyaDUlMjBuYW1lJTIyJTNFQmVybmFyZCUyMFBvbGwlM0MlMkZzcGFuJTNFJTBBJTIwJTIwJTIwJTIwJTIwJTIwJTNDZGl2JTIwY2xhc3MlM0QlMjJtZXRhJTIyJTNFJTBBJTIwJTIwJTIwJTIwJTIwJTIwJTIwJTIwJTNDc3BhbiUyMGNsYXNzJTNEJTIycG9zaXRpb24lMjIlM0VQYXJ0bmVyJTNDJTJGc3BhbiUzRSUwQSUyMCUyMCUyMCUyMCUyMCUyMCUzQyUyRmRpdiUzRSUwQSUyMCUyMCUyMCUyMCUyMCUyMCUzQ2RpdiUyMGNsYXNzJTNEJTIybGlua2VkaW4tbGluay1hY3RpdmUlMjIlM0UlMEElMjAlMjAlMjAlMjAlMjAlMjAlMjAlMjAlMjAlMjAlM0NhJTIwaHJlZiUzRCUyMmh0dHBzJTNBJTJGJTJGd3d3LmxpbmtlZGluLmNvbSUyRmluJTJGYmVybmFyZHBvbGwlMkYlMjIlMjB0aXRsZSUzRCUyMiUyMiUyMHRhcmdldCUzRCUyMl9ibGFuayUyMiUzRSUzQ2klMjBjbGFzcyUzRCUyMnJiaWNvbi1saW5rZWQtaW4lMjIlM0UlM0MlMkZpJTNFJTNDJTJGYSUzRSUwQSUyMCUyMCUyMCUyMCUyMCUyMCUzQyUyRmRpdiUzRSUwQSUyMCUyMCUyMCUyMCUzQyUyRmRpdiUzRSUwQSUyMCUyMCUzQyUyRmRpdiUzRSUwQQ==[\/vc_raw_html][\/vc_column_inner][\/vc_row_inner][\/vc_column][\/vc_row][vc_row][vc_column]<div class='rb_textmodule_69ea28b2d53bc rb_textmodule with_subtitle align_center'><div class='rb_textmodule_info_wrapper'><h2 class='rb_textmodule_title has_divider'>Pourquoi travailler avec l'int\u00e9grateur Oroxilia ?<span class='rb_textmodule_divider'><\/span><\/h2><\/div><\/div>[\/vc_column][\/vc_row][vc_row][vc_column]<div class='rb_textmodule_69ea28b2d5542 rb_textmodule with_subtitle align_center'><div class='rb_textmodule_info_wrapper'><h3 class='rb_textmodule_title '>Des outils et une int\u00e9gration ax\u00e9s 100% m\u00e9tier<\/h3><div class='rb_textmodule_content_wrapper'><p>Oroxilia int\u00e8gre \u00e0 votre syst\u00e8me des outils ergonomiques et intuitifs, <strong>de mani\u00e8re personnalis\u00e9e en fonction de votre m\u00e9tier <\/strong>sp\u00e9cifique, et les adapte progressivement \u00e0 vos besoins qui sont en permanente \u00e9volution<\/p>\n<\/div><\/div><\/div><div class='rb_textmodule_69ea28b2d5744 rb_textmodule with_subtitle align_center'><div class='rb_textmodule_info_wrapper'><h3 class='rb_textmodule_title '>Un vision informatique et logistique orient\u00e9e 100% productivit\u00e9<\/h3><div class='rb_textmodule_content_wrapper'><p>Vos t\u00e2ches r\u00e9currentes chronophages sont automatis\u00e9es et <strong>votre productivit\u00e9 est acc\u00e9l\u00e9r\u00e9e<\/strong>. La tra\u00e7abilit\u00e9 int\u00e9gr\u00e9e dans nos outils et d\u00e9veloppements permet de remonter et de corriger\u00a0 les erreurs humaines, de fa\u00e7on \u00e0 retourner \u00e0 la normale au plus vite.<\/p>\n<\/div><\/div><\/div><div class='rb_textmodule_69ea28b2d58dc rb_textmodule with_subtitle align_center'><div class='rb_textmodule_info_wrapper'><h3 class='rb_textmodule_title '>Un syst\u00e8me 100% connect\u00e9<\/h3><div class='rb_textmodule_content_wrapper'><p>Vous pouvez visualiser <strong>et g\u00e9rer votre activit\u00e9 et l&rsquo;\u00e9tat de vos stockages en temps r\u00e9el<\/strong>, gr\u00e2ce \u00e0 l&rsquo;int\u00e9gration de nos outils avec votre syst\u00e8me, avec vos clients et fournisseurs, et avec les terminaux fixes et mobiles de tous les intervenants de la cha\u00eene logistique.<\/p>\n<\/div><\/div><\/div>[\/vc_column][\/vc_row]<\/p>\n","protected":false},"excerpt":{"rendered":"<p>[vc_row][vc_column][\/vc_column][\/vc_row][vc_row][vc_column][vc_row_inner css=\u00a0\u00bb.vc_custom_1590568291557{margin-bottom: 60px !important;}\u00a0\u00bb][vc_column_inner][vc_raw_html]JTNDZGl2JTIwaWQlM0QlMjJyYl9vdXJfdGVhbV81ZWNlMWJkOTUxOTdmJTIyJTIwY2xhc3MlM0QlMjJyYl9vdXJfdGVhbV9tb2R1bGUlMjBjb2x1bW5zXzUlMjBjdXN0b20tdGVhbSUyMiUzRSUwQSUyMCUyMCUzQ2RpdiUyMGNsYXNzJTNEJTIycmJfdGVhbV9tZW1iZXIlMjIlM0UlMEElMjAlMjAlMjAlMjAlM0NkaXYlMjBjbGFzcyUzRCUyMmluZm9ybWF0aW9uX3dyYXBwZXIlMjIlM0UlMEElMjAlMjAlMjAlMjAlMjAlMjAlM0NzcGFuJTIwY2xhc3MlM0QlMjJoNSUyMG5hbWUlMjIlM0VKZWFuLVBhdWwlMjBQYXJtZW50aWVyJTNDJTJGc3BhbiUzRSUwQSUyMCUyMCUyMCUyMCUyMCUyMCUzQ2RpdiUyMGNsYXNzJTNEJTIybWV0YSUyMiUzRSUwQSUyMCUyMCUyMCUyMCUyMCUyMCUyMCUyMCUzQ3NwYW4lMjBjbGFzcyUzRCUyMnBvc2l0aW9uJTIyJTNFTWFuYWdpbmclMjBQYXJ0bmVyJTNDJTJGc3BhbiUzRSUwQSUyMCUyMCUyMCUyMCUyMCUyMCUzQyUyRmRpdiUzRSUwQSUyMCUyMCUyMCUyMCUyMCUyMCUzQ2RpdiUyMGNsYXNzJTNEJTIybGlua2VkaW4tbGluay1hY3RpdmUlMjIlM0UlMEElMjAlMjAlMjAlMjAlMjAlMjAlMjAlMjAlMjAlMjAlM0NhJTIwaHJlZiUzRCUyMmh0dHBzJTNBJTJGJTJGd3d3LmxpbmtlZGluLmNvbSUyRmluJTJGamVhbi1wYXVsLXBhcm1lbnRpZXItYjI2NDE2NjQlMkYlMjIlMjB0aXRsZSUzRCUyMiUyMiUyMHRhcmdldCUzRCUyMl9ibGFuayUyMiUzRSUzQ2klMjBjbGFzcyUzRCUyMnJiaWNvbi1saW5rZWQtaW4lMjIlM0UlM0MlMkZpJTNFJTNDJTJGYSUzRSUwQSUyMCUyMCUyMCUyMCUyMCUyMCUzQyUyRmRpdiUzRSUwQSUyMCUyMCUyMCUyMCUzQyUyRmRpdiUzRSUwQSUyMCUyMCUzQyUyRmRpdiUzRSUwQSUyMCUyMCUzQ2RpdiUyMGNsYXNzJTNEJTIycmJfdGVhbV9tZW1iZXIlMjIlM0UlMEElMjAlMjAlMjAlMjAlM0NkaXYlMjBjbGFzcyUzRCUyMmluZm9ybWF0aW9uX3dyYXBwZXIlMjIlM0UlMEElMjAlMjAlMjAlMjAlMjAlMjAlM0NzcGFuJTIwY2xhc3MlM0QlMjJoNSUyMG5hbWUlMjIlM0VFdGllbm5lJTIwTGVzZXVsdHJlJTNDJTJGc3BhbiUzRSUwQSUyMCUyMCUyMCUyMCUyMCUyMCUzQ2RpdiUyMGNsYXNzJTNEJTIybWV0YSUyMiUzRSUwQSUyMCUyMCUyMCUyMCUyMCUyMCUyMCUyMCUzQ3NwYW4lMjBjbGFzcyUzRCUyMnBvc2l0aW9uJTIyJTNFTWFuYWdpbmclMjBQYXJ0bmVyJTNDJTJGc3BhbiUzRSUwQSUyMCUyMCUyMCUyMCUyMCUyMCUzQyUyRmRpdiUzRSUwQSUyMCUyMCUyMCUyMCUyMCUyMCUzQ2RpdiUyMGNsYXNzJTNEJTIybGlua2VkaW4tbGluayUyMiUzRSUwQSUyMCUyMCUyMCUyMCUyMCUyMCUyMCUyMCUzQ3NwYW4lM0UlM0NpJTIwY2xhc3MlM0QlMjJyYmljb24tbGlua2VkLWluJTIyJTNFJTNDJTJGaSUzRSUzQyUyRnNwYW4lM0UlMEElMjAlMjAlMjAlMjAlM0MlMkZkaXYlM0UlMEElMjAlMjAlMjAlMjAlM0MlMkZkaXYlM0UlMEElMjAlMjAlM0MlMkZkaXYlM0UlMEElMjAlMjAlM0NkaXYlMjBjbGFzcyUzRCUyMnJiX3RlYW1fbWVtYmVyJTIyJTNFJTBBJTIwJTIwJTIwJTIwJTNDZGl2JTIwY2xhc3MlM0QlMjJpbmZvcm1hdGlvbl93cmFwcGVyJTIyJTNFJTBBJTIwJTIwJTIwJTIwJTIwJTIwJTNDc3BhbiUyMGNsYXNzJTNEJTIyaDUlMjBuYW1lJTIyJTNFQmVybmFyZCUyMFBvbGwlM0MlMkZzcGFuJTNFJTBBJTIwJTIwJTIwJTIwJTIwJTIwJTNDZGl2JTIwY2xhc3MlM0QlMjJtZXRhJTIyJTNFJTBBJTIwJTIwJTIwJTIwJTIwJTIwJTIwJTIwJTNDc3BhbiUyMGNsYXNzJTNEJTIycG9zaXRpb24lMjIlM0VQYXJ0bmVyJTNDJTJGc3BhbiUzRSUwQSUyMCUyMCUyMCUyMCUyMCUyMCUzQyUyRmRpdiUzRSUwQSUyMCUyMCUyMCUyMCUyMCUyMCUzQ2RpdiUyMGNsYXNzJTNEJTIybGlua2VkaW4tbGluay1hY3RpdmUlMjIlM0UlMEElMjAlMjAlMjAlMjAlMjAlMjAlMjAlMjAlMjAlMjAlM0NhJTIwaHJlZiUzRCUyMmh0dHBzJTNBJTJGJTJGd3d3LmxpbmtlZGluLmNvbSUyRmluJTJGYmVybmFyZHBvbGwlMkYlMjIlMjB0aXRsZSUzRCUyMiUyMiUyMHRhcmdldCUzRCUyMl9ibGFuayUyMiUzRSUzQ2klMjBjbGFzcyUzRCUyMnJiaWNvbi1saW5rZWQtaW4lMjIlM0UlM0MlMkZpJTNFJTNDJTJGYSUzRSUwQSUyMCUyMCUyMCUyMCUyMCUyMCUzQyUyRmRpdiUzRSUwQSUyMCUyMCUyMCUyMCUzQyUyRmRpdiUzRSUwQSUyMCUyMCUzQyUyRmRpdiUzRSUwQQ==[\/vc_raw_html][\/vc_column_inner][\/vc_row_inner][\/vc_column][\/vc_row][vc_row][vc_column][\/vc_column][\/vc_row][vc_row][vc_column][\/vc_column][\/vc_row]<\/p>\n","protected":false},"author":1,"featured_media":0,"parent":0,"menu_order":0,"comment_status":"closed","ping_status":"closed","template":"","meta":{"footnotes":""},"class_list":["post-2025","page","type-page","status-publish","hentry"],"yoast_head":"<!-- This site is optimized with the Yoast SEO plugin v25.9 - https:\/\/yoast.com\/wordpress\/plugins\/seo\/ -->\n<title>Notre \u00e9quipe, nos valeurs et notre offre - Oroxilia<\/title>\n<meta name=\"description\" content=\"Automatisez vos t\u00e2ches et am\u00e9liorez votre productivit\u00e9 gr\u00e2ce \u00e0 Oroxilia, une \u00e9quipe experte en int\u00e9gration de solutions logisitques pour entreprises.\" \/>\n<meta name=\"robots\" content=\"index, follow, max-snippet:-1, max-image-preview:large, max-video-preview:-1\" \/>\n<link rel=\"canonical\" href=\"https:\/\/oroxilia.com\/fr\/a-propos\/\" \/>\n<meta property=\"og:locale\" content=\"fr_FR\" \/>\n<meta property=\"og:type\" content=\"article\" \/>\n<meta property=\"og:title\" content=\"Notre \u00e9quipe, nos valeurs et notre offre - Oroxilia\" \/>\n<meta property=\"og:description\" content=\"Automatisez vos t\u00e2ches et am\u00e9liorez votre productivit\u00e9 gr\u00e2ce \u00e0 Oroxilia, une \u00e9quipe experte en int\u00e9gration de solutions logisitques pour entreprises.\" \/>\n<meta property=\"og:url\" content=\"https:\/\/oroxilia.com\/fr\/a-propos\/\" \/>\n<meta property=\"og:site_name\" content=\"Oroxilia\" \/>\n<meta property=\"article:modified_time\" content=\"2024-07-22T07:47:28+00:00\" \/>\n<meta name=\"twitter:card\" content=\"summary_large_image\" \/>\n<meta name=\"twitter:label1\" content=\"Dur\u00e9e de lecture estim\u00e9e\" \/>\n\t<meta name=\"twitter:data1\" content=\"3 minutes\" \/>\n<script type=\"application\/ld+json\" class=\"yoast-schema-graph\">{\"@context\":\"https:\/\/schema.org\",\"@graph\":[{\"@type\":\"WebPage\",\"@id\":\"https:\/\/oroxilia.com\/fr\/a-propos\/\",\"url\":\"https:\/\/oroxilia.com\/fr\/a-propos\/\",\"name\":\"Notre \u00e9quipe, nos valeurs et notre offre - Oroxilia\",\"isPartOf\":{\"@id\":\"https:\/\/oroxilia.com\/fr\/#website\"},\"datePublished\":\"2020-05-18T09:12:49+00:00\",\"dateModified\":\"2024-07-22T07:47:28+00:00\",\"description\":\"Automatisez vos t\u00e2ches et am\u00e9liorez votre productivit\u00e9 gr\u00e2ce \u00e0 Oroxilia, une \u00e9quipe experte en int\u00e9gration de solutions logisitques pour entreprises.\",\"breadcrumb\":{\"@id\":\"https:\/\/oroxilia.com\/fr\/a-propos\/#breadcrumb\"},\"inLanguage\":\"fr-FR\",\"potentialAction\":[{\"@type\":\"ReadAction\",\"target\":[\"https:\/\/oroxilia.com\/fr\/a-propos\/\"]}]},{\"@type\":\"BreadcrumbList\",\"@id\":\"https:\/\/oroxilia.com\/fr\/a-propos\/#breadcrumb\",\"itemListElement\":[{\"@type\":\"ListItem\",\"position\":1,\"name\":\"Accueil\",\"item\":\"https:\/\/oroxilia.com\/fr\/\"},{\"@type\":\"ListItem\",\"position\":2,\"name\":\"\u00c9quipe et missions\"}]},{\"@type\":\"WebSite\",\"@id\":\"https:\/\/oroxilia.com\/fr\/#website\",\"url\":\"https:\/\/oroxilia.com\/fr\/\",\"name\":\"Oroxilia\",\"description\":\"\",\"potentialAction\":[{\"@type\":\"SearchAction\",\"target\":{\"@type\":\"EntryPoint\",\"urlTemplate\":\"https:\/\/oroxilia.com\/fr\/?s={search_term_string}\"},\"query-input\":{\"@type\":\"PropertyValueSpecification\",\"valueRequired\":true,\"valueName\":\"search_term_string\"}}],\"inLanguage\":\"fr-FR\"}]}<\/script>\n<!-- \/ Yoast SEO plugin. -->","yoast_head_json":{"title":"Notre \u00e9quipe, nos valeurs et notre offre - Oroxilia","description":"Automatisez vos t\u00e2ches et am\u00e9liorez votre productivit\u00e9 gr\u00e2ce \u00e0 Oroxilia, une \u00e9quipe experte en int\u00e9gration de solutions logisitques pour entreprises.","robots":{"index":"index","follow":"follow","max-snippet":"max-snippet:-1","max-image-preview":"max-image-preview:large","max-video-preview":"max-video-preview:-1"},"canonical":"https:\/\/oroxilia.com\/fr\/a-propos\/","og_locale":"fr_FR","og_type":"article","og_title":"Notre \u00e9quipe, nos valeurs et notre offre - Oroxilia","og_description":"Automatisez vos t\u00e2ches et am\u00e9liorez votre productivit\u00e9 gr\u00e2ce \u00e0 Oroxilia, une \u00e9quipe experte en int\u00e9gration de solutions logisitques pour entreprises.","og_url":"https:\/\/oroxilia.com\/fr\/a-propos\/","og_site_name":"Oroxilia","article_modified_time":"2024-07-22T07:47:28+00:00","twitter_card":"summary_large_image","twitter_misc":{"Dur\u00e9e de lecture estim\u00e9e":"3 minutes"},"schema":{"@context":"https:\/\/schema.org","@graph":[{"@type":"WebPage","@id":"https:\/\/oroxilia.com\/fr\/a-propos\/","url":"https:\/\/oroxilia.com\/fr\/a-propos\/","name":"Notre \u00e9quipe, nos valeurs et notre offre - Oroxilia","isPartOf":{"@id":"https:\/\/oroxilia.com\/fr\/#website"},"datePublished":"2020-05-18T09:12:49+00:00","dateModified":"2024-07-22T07:47:28+00:00","description":"Automatisez vos t\u00e2ches et am\u00e9liorez votre productivit\u00e9 gr\u00e2ce \u00e0 Oroxilia, une \u00e9quipe experte en int\u00e9gration de solutions logisitques pour entreprises.","breadcrumb":{"@id":"https:\/\/oroxilia.com\/fr\/a-propos\/#breadcrumb"},"inLanguage":"fr-FR","potentialAction":[{"@type":"ReadAction","target":["https:\/\/oroxilia.com\/fr\/a-propos\/"]}]},{"@type":"BreadcrumbList","@id":"https:\/\/oroxilia.com\/fr\/a-propos\/#breadcrumb","itemListElement":[{"@type":"ListItem","position":1,"name":"Accueil","item":"https:\/\/oroxilia.com\/fr\/"},{"@type":"ListItem","position":2,"name":"\u00c9quipe et missions"}]},{"@type":"WebSite","@id":"https:\/\/oroxilia.com\/fr\/#website","url":"https:\/\/oroxilia.com\/fr\/","name":"Oroxilia","description":"","potentialAction":[{"@type":"SearchAction","target":{"@type":"EntryPoint","urlTemplate":"https:\/\/oroxilia.com\/fr\/?s={search_term_string}"},"query-input":{"@type":"PropertyValueSpecification","valueRequired":true,"valueName":"search_term_string"}}],"inLanguage":"fr-FR"}]}},"_links":{"self":[{"href":"https:\/\/oroxilia.com\/fr\/wp-json\/wp\/v2\/pages\/2025","targetHints":{"allow":["GET"]}}],"collection":[{"href":"https:\/\/oroxilia.com\/fr\/wp-json\/wp\/v2\/pages"}],"about":[{"href":"https:\/\/oroxilia.com\/fr\/wp-json\/wp\/v2\/types\/page"}],"author":[{"embeddable":true,"href":"https:\/\/oroxilia.com\/fr\/wp-json\/wp\/v2\/users\/1"}],"replies":[{"embeddable":true,"href":"https:\/\/oroxilia.com\/fr\/wp-json\/wp\/v2\/comments?post=2025"}],"version-history":[{"count":52,"href":"https:\/\/oroxilia.com\/fr\/wp-json\/wp\/v2\/pages\/2025\/revisions"}],"predecessor-version":[{"id":4759,"href":"https:\/\/oroxilia.com\/fr\/wp-json\/wp\/v2\/pages\/2025\/revisions\/4759"}],"wp:attachment":[{"href":"https:\/\/oroxilia.com\/fr\/wp-json\/wp\/v2\/media?parent=2025"}],"curies":[{"name":"wp","href":"https:\/\/api.w.org\/{rel}","templated":true}]}}