{"id":5224,"date":"2026-03-11T16:24:39","date_gmt":"2026-03-11T15:24:39","guid":{"rendered":"https:\/\/oroxilia.com\/accompagnement-logistique\/"},"modified":"2026-03-19T11:47:33","modified_gmt":"2026-03-19T10:47:33","slug":"logistical-support","status":"publish","type":"page","link":"https:\/\/oroxilia.com\/en\/logistical-support\/","title":{"rendered":"Operational support for logistics projects"},"content":{"rendered":"<p>[vc_row][vc_column css=&#8221;.vc_custom_1773244672743{padding-top: 20px !important;padding-bottom: 20px !important;}&#8221;]<div class='rb_textmodule_69f2b70565abe rb_textmodule with_subtitle align_center'><div class='rb_textmodule_info_wrapper'><div class='rb_textmodule_content_wrapper'><p style=\"text-align: left;\">Oroxilia supports Belgian companies in the logistics sector. <strong>We provide you with immediately operational talent<\/strong> capable of strengthening your teams, optimizing your processes, and securing your critical operations. Whether it&#8217;s to support a transformation phase, absorb business growth, or deploy new logistics tools, our experts respond quickly and provide concrete reinforcement for your teams.<\/p>\n\n<\/div><\/div><\/div>[\/vc_column][\/vc_row][vc_row css=&#8221;.vc_custom_1773304549648{padding-top: 20px !important;padding-bottom: 20px !important;}&#8221; el_class=&#8221;vignette-border&#8221;][vc_column width=&#8221;1\/3&#8243;][\/vc_column][vc_column width=&#8221;1\/3&#8243;][\/vc_column][vc_column width=&#8221;1\/3&#8243;][\/vc_column][\/vc_row][vc_row css=&#8221;.vc_custom_1773306241800{padding-top: 20px !important;padding-bottom: 20px !important;}&#8221;][vc_column]<div class='rb_textmodule_69f2b705662dd rb_textmodule with_subtitle align_center'><div class='rb_textmodule_info_wrapper'><h2 class='rb_textmodule_title '>We offer two types of expertise for your logistics projects<\/h2><\/div><\/div>[\/vc_column][\/vc_row][vc_row][vc_column width=&#8221;2\/3&#8243;]<div class='rb_textmodule_69f2b70566404 rb_textmodule with_subtitle'><div class='rb_textmodule_info_wrapper'><h3 class='rb_textmodule_title has_divider'>Customized interim management<span class='rb_textmodule_divider'><\/span><\/h3><div class='rb_textmodule_content_wrapper'><p style=\"text-align: left;\">We provide you with operational leaders who are up to the task. They step in <strong>to structure or strengthen your operational organizations<\/strong>, particularly in fast-growing environments. Thanks to our field experience, we can also <strong>coach and support your junior managers<\/strong> during sensitive periods or when time is of the essence.<\/p>\n<p>Our goal: <strong>to ensure the continuity of your operations<\/strong> while strengthening internal skills in a sustainable manner.<\/p>\n<\/div><\/div><\/div>[\/vc_column][vc_column width=&#8221;1\/3&#8243;]<div id='rb_image_69f2b705665a2' class='rb_image_module background_no_hover' ><div class=\"main_image\"><img decoding=\"async\" class=\"image\" src=\"https:\/\/oroxilia.com\/wp-content\/uploads\/2021\/02\/entrepot-frigorifique-techniciens-scaled.jpg\" alt=\"Entrep\u00f4t frigorifique contr\u00f4l\u00e9 par deux techniciens\" \/><\/div><\/div>[\/vc_column][\/vc_row][vc_row css=&#8221;.vc_custom_1773306585015{padding-top: 20px !important;padding-bottom: 20px !important;}&#8221;][vc_column]<div class='rb_textmodule_69f2b70566f54 rb_textmodule with_subtitle align_center'><div class='rb_textmodule_info_wrapper'><div class='rb_textmodule_content_wrapper'><p style=\"text-align: left;\"><strong>These experienced managers<\/strong> will be able to:<\/p>\n\n<\/div><\/div><\/div>[\/vc_column][\/vc_row][vc_row el_class=&#8221;vignette-border&#8221;][vc_column width=&#8221;1\/3&#8243;]<div class='rb_textmodule_69f2b70567179 rb_textmodule with_subtitle align_center'><div class='rb_textmodule_info_wrapper'><div class='rb_textmodule_content_wrapper'><ul>\n<li>Oversee your operations<\/li>\n<\/ul>\n\n<\/div><\/div><\/div>[\/vc_column][vc_column width=&#8221;1\/3&#8243;]<div class='rb_textmodule_69f2b705672f1 rb_textmodule with_subtitle align_center'><div class='rb_textmodule_info_wrapper'><div class='rb_textmodule_content_wrapper'><ul>\n<li>Absorb your activity peaks<\/li>\n<\/ul>\n\n<\/div><\/div><\/div>[\/vc_column][vc_column width=&#8221;1\/3&#8243;]<div class='rb_textmodule_69f2b7056745f rb_textmodule with_subtitle align_center'><div class='rb_textmodule_info_wrapper'><div class='rb_textmodule_content_wrapper'><ul>\n<li>\u00a0Manage specific projects<\/li>\n<\/ul>\n\n<\/div><\/div><\/div>[\/vc_column][\/vc_row][vc_row css=&#8221;.vc_custom_1773306555849{padding-top: 20px !important;padding-bottom: 20px !important;}&#8221;][vc_column]<div class='rb_textmodule_69f2b705675b9 rb_textmodule with_subtitle'><div class='rb_textmodule_info_wrapper'><h3 class='rb_textmodule_title has_divider'>Logistics talent placement<span class='rb_textmodule_divider'><\/span><\/h3><div class='rb_textmodule_content_wrapper'><p style=\"text-align: left;\">We also provide our clients with specialized logistics professionnals, which are often difficult to identify and attract on the Belgian market. We select high-quality professionals for a short or long period, such as:<\/p>\n<ul>\n<li style=\"text-align: left;\"><strong>Stock managers<\/strong> capable of ensuring the accuracy of stock levels and physical\/IT synchronisation, in order to prevent any discrepancies and guarantee product availability for customer orders.<\/li>\n<li style=\"text-align: left;\"><strong>Logistics engineers <\/strong>who are experts in warehouse optimization, capable of performing mapping analyses and defining the optimal positioning of products, streamlining footprints, and improving the performance of both picking and storage areas. They can also recommend the most relevant automation solutions based on your order types and volumes in order to improve the performance and reliability of your operations.<\/li>\n<li style=\"text-align: left;\"><strong>Logistics inventory specialists<\/strong> for your annual inventories or cycle counts, capable of deploying a comprehensive, reliable, and sustainable inventory strategy.<\/li>\n<li style=\"text-align: left;\"><strong>Operational excellence managers<\/strong> specializing in the deployment of Lean Logistics approaches, flow and lead time optimization, continuous quality improvement and the reduction of direct and indirect labor costs (DL\/IL).<\/li>\n<\/ul>\n\n<\/div><\/div><\/div>[vc_raw_html css=&#8221;.vc_custom_1773308493403{padding-top: 30px !important;padding-bottom: 50px !important;}&#8221;]JTNDZGl2JTIwaWQlM0QlMjJjdGEtYnJvY2h1cmUlMjIlMjBjbGFzcyUzRCUyMnJiX2Jhbm5lcl9tb2R1bGUlMjBjdXN0b20tYWxpZ24tY2VudGVyJTIyJTNFJTNDYSUyMGhyZWYlM0QlMjIlMkZlbiUyRmNvbnRhY3QtdXMlMkYlMjIlMjBjbGFzcyUzRCUyMnJiX2J1dHRvbiUyMG1lZGl1bSUyMGFycm93X2ZhZGVfb3V0JTIyJTNFJTNDc3BhbiUzRSUzQ0ZPTlQlMjBjb2xvciUzRCUyMndoaXRlJTIyJTNFQ29udGFjdCUyME9yb3hpbGlhJTNDJTJGRk9OVCUzRSUzQyUyRnNwYW4lM0UlM0MlMkZhJTNFJTNDJTJGZGl2JTNF[\/vc_raw_html][\/vc_column][\/vc_row]<\/p>\n","protected":false},"excerpt":{"rendered":"<p>[vc_row][vc_column css=&#8221;.vc_custom_1773244672743{padding-top: 20px !important;padding-bottom: 20px !important;}&#8221;][\/vc_column][\/vc_row][vc_row css=&#8221;.vc_custom_1773304549648{padding-top: 20px !important;padding-bottom: 20px !important;}&#8221; el_class=&#8221;vignette-border&#8221;][vc_column width=&#8221;1\/3&#8243;][\/vc_column][vc_column width=&#8221;1\/3&#8243;][\/vc_column][vc_column width=&#8221;1\/3&#8243;][\/vc_column][\/vc_row][vc_row css=&#8221;.vc_custom_1773306241800{padding-top: 20px !important;padding-bottom: 20px !important;}&#8221;][vc_column][\/vc_column][\/vc_row][vc_row][vc_column width=&#8221;2\/3&#8243;][\/vc_column][vc_column width=&#8221;1\/3&#8243;][\/vc_column][\/vc_row][vc_row css=&#8221;.vc_custom_1773306585015{padding-top: 20px !important;padding-bottom: 20px !important;}&#8221;][vc_column][\/vc_column][\/vc_row][vc_row el_class=&#8221;vignette-border&#8221;][vc_column width=&#8221;1\/3&#8243;][\/vc_column][vc_column width=&#8221;1\/3&#8243;][\/vc_column][vc_column width=&#8221;1\/3&#8243;][\/vc_column][\/vc_row][vc_row css=&#8221;.vc_custom_1773306555849{padding-top: 20px !important;padding-bottom: 20px !important;}&#8221;][vc_column][vc_raw_html css=&#8221;.vc_custom_1773308493403{padding-top: 30px !important;padding-bottom: 50px !important;}&#8221;]JTNDZGl2JTIwaWQlM0QlMjJjdGEtYnJvY2h1cmUlMjIlMjBjbGFzcyUzRCUyMnJiX2Jhbm5lcl9tb2R1bGUlMjBjdXN0b20tYWxpZ24tY2VudGVyJTIyJTNFJTNDYSUyMGhyZWYlM0QlMjIlMkZlbiUyRmNvbnRhY3QtdXMlMkYlMjIlMjBjbGFzcyUzRCUyMnJiX2J1dHRvbiUyMG1lZGl1bSUyMGFycm93X2ZhZGVfb3V0JTIyJTNFJTNDc3BhbiUzRSUzQ0ZPTlQlMjBjb2xvciUzRCUyMndoaXRlJTIyJTNFQ29udGFjdCUyME9yb3hpbGlhJTNDJTJGRk9OVCUzRSUzQyUyRnNwYW4lM0UlM0MlMkZhJTNFJTNDJTJGZGl2JTNF[\/vc_raw_html][\/vc_column][\/vc_row]<\/p>\n","protected":false},"author":3,"featured_media":0,"parent":0,"menu_order":0,"comment_status":"closed","ping_status":"closed","template":"","meta":{"footnotes":""},"class_list":["post-5224","page","type-page","status-publish","hentry"],"yoast_head":"<!-- This site is optimized with the Yoast SEO plugin v25.9 - https:\/\/yoast.com\/wordpress\/plugins\/seo\/ -->\n<title>Operational support for your logistics projects - Oroxilia<\/title>\n<meta name=\"description\" content=\"Logistical support. Provision of logistics managers. Recruitment of specialised profiles. Strengthen your teams and optimise your processes.\" \/>\n<meta name=\"robots\" content=\"index, follow, max-snippet:-1, max-image-preview:large, max-video-preview:-1\" \/>\n<link rel=\"canonical\" href=\"https:\/\/oroxilia.com\/en\/logistical-support\/\" \/>\n<meta property=\"og:locale\" content=\"en_US\" \/>\n<meta property=\"og:type\" content=\"article\" \/>\n<meta property=\"og:title\" content=\"Operational support for your logistics projects - Oroxilia\" \/>\n<meta property=\"og:description\" content=\"Logistical support. Provision of logistics managers. Recruitment of specialised profiles. Strengthen your teams and optimise your processes.\" \/>\n<meta property=\"og:url\" content=\"https:\/\/oroxilia.com\/en\/logistical-support\/\" \/>\n<meta property=\"og:site_name\" content=\"Oroxilia\" \/>\n<meta property=\"article:modified_time\" content=\"2026-03-19T10:47:33+00:00\" \/>\n<meta name=\"twitter:card\" content=\"summary_large_image\" \/>\n<meta name=\"twitter:label1\" content=\"Est. reading time\" \/>\n\t<meta name=\"twitter:data1\" content=\"3 minutes\" \/>\n<script type=\"application\/ld+json\" class=\"yoast-schema-graph\">{\"@context\":\"https:\/\/schema.org\",\"@graph\":[{\"@type\":\"WebPage\",\"@id\":\"https:\/\/oroxilia.com\/en\/logistical-support\/\",\"url\":\"https:\/\/oroxilia.com\/en\/logistical-support\/\",\"name\":\"Operational support for your logistics projects - Oroxilia\",\"isPartOf\":{\"@id\":\"https:\/\/oroxilia.com\/fr\/#website\"},\"datePublished\":\"2026-03-11T15:24:39+00:00\",\"dateModified\":\"2026-03-19T10:47:33+00:00\",\"description\":\"Logistical support. Provision of logistics managers. Recruitment of specialised profiles. Strengthen your teams and optimise your processes.\",\"breadcrumb\":{\"@id\":\"https:\/\/oroxilia.com\/en\/logistical-support\/#breadcrumb\"},\"inLanguage\":\"en-US\",\"potentialAction\":[{\"@type\":\"ReadAction\",\"target\":[\"https:\/\/oroxilia.com\/en\/logistical-support\/\"]}]},{\"@type\":\"BreadcrumbList\",\"@id\":\"https:\/\/oroxilia.com\/en\/logistical-support\/#breadcrumb\",\"itemListElement\":[{\"@type\":\"ListItem\",\"position\":1,\"name\":\"Accueil\",\"item\":\"https:\/\/oroxilia.com\/en\/\"},{\"@type\":\"ListItem\",\"position\":2,\"name\":\"Operational support for logistics projects\"}]},{\"@type\":\"WebSite\",\"@id\":\"https:\/\/oroxilia.com\/fr\/#website\",\"url\":\"https:\/\/oroxilia.com\/fr\/\",\"name\":\"Oroxilia\",\"description\":\"\",\"potentialAction\":[{\"@type\":\"SearchAction\",\"target\":{\"@type\":\"EntryPoint\",\"urlTemplate\":\"https:\/\/oroxilia.com\/fr\/?s={search_term_string}\"},\"query-input\":{\"@type\":\"PropertyValueSpecification\",\"valueRequired\":true,\"valueName\":\"search_term_string\"}}],\"inLanguage\":\"en-US\"}]}<\/script>\n<!-- \/ Yoast SEO plugin. -->","yoast_head_json":{"title":"Operational support for your logistics projects - Oroxilia","description":"Logistical support. Provision of logistics managers. Recruitment of specialised profiles. Strengthen your teams and optimise your processes.","robots":{"index":"index","follow":"follow","max-snippet":"max-snippet:-1","max-image-preview":"max-image-preview:large","max-video-preview":"max-video-preview:-1"},"canonical":"https:\/\/oroxilia.com\/en\/logistical-support\/","og_locale":"en_US","og_type":"article","og_title":"Operational support for your logistics projects - Oroxilia","og_description":"Logistical support. Provision of logistics managers. Recruitment of specialised profiles. Strengthen your teams and optimise your processes.","og_url":"https:\/\/oroxilia.com\/en\/logistical-support\/","og_site_name":"Oroxilia","article_modified_time":"2026-03-19T10:47:33+00:00","twitter_card":"summary_large_image","twitter_misc":{"Est. reading time":"3 minutes"},"schema":{"@context":"https:\/\/schema.org","@graph":[{"@type":"WebPage","@id":"https:\/\/oroxilia.com\/en\/logistical-support\/","url":"https:\/\/oroxilia.com\/en\/logistical-support\/","name":"Operational support for your logistics projects - Oroxilia","isPartOf":{"@id":"https:\/\/oroxilia.com\/fr\/#website"},"datePublished":"2026-03-11T15:24:39+00:00","dateModified":"2026-03-19T10:47:33+00:00","description":"Logistical support. Provision of logistics managers. Recruitment of specialised profiles. Strengthen your teams and optimise your processes.","breadcrumb":{"@id":"https:\/\/oroxilia.com\/en\/logistical-support\/#breadcrumb"},"inLanguage":"en-US","potentialAction":[{"@type":"ReadAction","target":["https:\/\/oroxilia.com\/en\/logistical-support\/"]}]},{"@type":"BreadcrumbList","@id":"https:\/\/oroxilia.com\/en\/logistical-support\/#breadcrumb","itemListElement":[{"@type":"ListItem","position":1,"name":"Accueil","item":"https:\/\/oroxilia.com\/en\/"},{"@type":"ListItem","position":2,"name":"Operational support for logistics projects"}]},{"@type":"WebSite","@id":"https:\/\/oroxilia.com\/fr\/#website","url":"https:\/\/oroxilia.com\/fr\/","name":"Oroxilia","description":"","potentialAction":[{"@type":"SearchAction","target":{"@type":"EntryPoint","urlTemplate":"https:\/\/oroxilia.com\/fr\/?s={search_term_string}"},"query-input":{"@type":"PropertyValueSpecification","valueRequired":true,"valueName":"search_term_string"}}],"inLanguage":"en-US"}]}},"_links":{"self":[{"href":"https:\/\/oroxilia.com\/en\/wp-json\/wp\/v2\/pages\/5224","targetHints":{"allow":["GET"]}}],"collection":[{"href":"https:\/\/oroxilia.com\/en\/wp-json\/wp\/v2\/pages"}],"about":[{"href":"https:\/\/oroxilia.com\/en\/wp-json\/wp\/v2\/types\/page"}],"author":[{"embeddable":true,"href":"https:\/\/oroxilia.com\/en\/wp-json\/wp\/v2\/users\/3"}],"replies":[{"embeddable":true,"href":"https:\/\/oroxilia.com\/en\/wp-json\/wp\/v2\/comments?post=5224"}],"version-history":[{"count":5,"href":"https:\/\/oroxilia.com\/en\/wp-json\/wp\/v2\/pages\/5224\/revisions"}],"predecessor-version":[{"id":5259,"href":"https:\/\/oroxilia.com\/en\/wp-json\/wp\/v2\/pages\/5224\/revisions\/5259"}],"wp:attachment":[{"href":"https:\/\/oroxilia.com\/en\/wp-json\/wp\/v2\/media?parent=5224"}],"curies":[{"name":"wp","href":"https:\/\/api.w.org\/{rel}","templated":true}]}}