{"id":4856,"date":"2025-02-11T15:04:22","date_gmt":"2025-02-11T14:04:22","guid":{"rendered":"https:\/\/oroxilia.com\/solution-de-gestion-dentrepot-wms-copy\/"},"modified":"2025-02-11T16:03:02","modified_gmt":"2025-02-11T15:03:02","slug":"warehouse-management-solution-wms","status":"publish","type":"page","link":"https:\/\/oroxilia.com\/en\/warehouse-management-solution-wms\/","title":{"rendered":"Warehouse Management System (WMS)"},"content":{"rendered":"<p>[vc_row css=&#8221;.vc_custom_1589789032585{margin-top: 20px !important;padding-bottom: 20px !important;}&#8221;][vc_column css=&#8221;.vc_custom_1613473194601{margin-top: 10px !important;margin-bottom: 10px !important;}&#8221;]<div class='rb_textmodule_69f5dc491746f rb_textmodule with_subtitle align_center'><div class='rb_textmodule_info_wrapper'><div class='rb_textmodule_content_wrapper'><p>For your warehouse management, Oroxilia provides and hosts in SaaS mode <strong>a 100% web solution, perfectly responsive and ergonomic<\/strong>.<\/p>\n\n<\/div><\/div><\/div><div class='rb_textmodule_69f5dc4917c64 rb_textmodule with_subtitle align_center'><div class='rb_textmodule_info_wrapper'><h2 class='rb_textmodule_title has_divider'>An expert software for logistics professionals<span class='rb_textmodule_divider'><\/span><\/h2><div class='rb_textmodule_content_wrapper'><p>With our WMS, you orchestrate and digitize all of your logistics flows. Thanks to our solution, you are able to meet the challenges of your logistics profession : meeting deadlines, optimizing flows and stocks, reconciliation of physical flows with information flows, traceability, cold chain integrity, development of e-commerce, \u2026<\/p>\n\n<\/div><\/div><\/div><div id='rb_image_69f5dc4917e10' class='rb_image_module background_no_hover' ><div class=\"main_image\"><img decoding=\"async\" class=\"image\" src=\"https:\/\/oroxilia.com\/wp-content\/uploads\/2021\/09\/robots-entrepot-automatise.jpg\" alt=\"Gestion d&#039;un entrep\u00f4t par des robots\" \/><\/div><\/div><div class='rb_textmodule_69f5dc4918600 rb_textmodule with_subtitle align_center'><div class='rb_textmodule_info_wrapper'><h2 class='rb_textmodule_title has_divider'>SaaS mode and its advantages<span class='rb_textmodule_divider'><\/span><\/h2><div class='rb_textmodule_content_wrapper'><p>Oroxilia does it for you. We host <strong>a WMS latest generation<\/strong>\u00a0and offer native integration compliant with Benelux standards (carriers, customs). We adjust the platform to your needs, link them to your information system and offer your teams <strong>a highly qualitative support service<\/strong>.<\/p>\n\n<\/div><\/div><\/div>[\/vc_column][\/vc_row][vc_row css=&#8221;.vc_custom_1589896068131{margin-bottom: 90px !important;}&#8221;][vc_column css=&#8221;.vc_custom_1614933970400{margin-bottom: 20px !important;}&#8221;]<div class='rb_textmodule_69f5dc49187d1 rb_textmodule with_subtitle'><div class='rb_textmodule_info_wrapper'><div class='rb_textmodule_content_wrapper'><p>Choose <strong>our WMS in SaaS mode<\/strong> and opt <strong>for <\/strong><strong>warehouse management<\/strong><strong> system<\/strong> whose efficiency is well established. Oroxilia guides you through this change. With our WMS, your products&#8217; arrival and shipment is made easy. The software is intuitive and will quickly be adopted by your users.<\/p>\n<p>The advantages of this type of WMS are diverse. With SaaS mode, say goodbye to infrastructure investments and reduce implementation and maintenance costs. The cost lies only in <strong>the price of an \u201call-in\u201d subscription<\/strong> per month or per year.<\/p>\n<\/div><\/div><\/div><div class='rb_textmodule_69f5dc4918993 rb_textmodule with_subtitle align_center'><div class='rb_textmodule_info_wrapper'><div class='rb_textmodule_content_wrapper'><p>Our WMS is not installed on a local server, so we maintain it remotely. This implies that no perilous and costly updates need to be undertaken on your premises. <strong>Your software is always up to date<\/strong>.<\/p>\n<p>Thanks to our solution, you have access to many features that will be of great help to you in your business: verification of the <strong>conformity of the goods<\/strong> at the entrance, implementation of <strong>optimized picking routines, management of safety and permissions, flexibility of locations<\/strong>,\u2026 Our WMS is preconfigured for certain sectors and can be adapted to your own needs.<\/p>\n<p>For its installation, trust <strong>Oroxilia and its expertise in the pharmaceutical,food, frozen goods and cosmetics sectors.<\/strong><\/p>\n\n<\/div><\/div><\/div>[vc_row_inner equal_height=&#8221;yes&#8221;][vc_column_inner css=&#8221;.vc_custom_1614096168843{margin-top: 20px !important;margin-bottom: 20px !important;}&#8221;]<div class='rb_textmodule_69f5dc4918b14 rb_textmodule with_subtitle'><div class='rb_textmodule_info_wrapper'><h2 class='rb_textmodule_title has_divider'>Sectors to which our warehouse management solution is perfectly suited<span class='rb_textmodule_divider'><\/span><\/h2><\/div><\/div>[\/vc_column_inner][vc_column_inner el_class=&#8221;vignette-border&#8221; width=&#8221;1\/2&#8243;]<div class='rb_textmodule_69f5dc4918c19 rb_textmodule with_icon align_center'><div class='rb_textmodule_icon shape_square'><i class='fas fa-utensils'><\/i><\/div><div class='rb_textmodule_info_wrapper'><h3 class='rb_textmodule_title has_divider'>Food sector<span class='rb_textmodule_divider'><\/span><\/h3><div class='rb_textmodule_content_wrapper'><ul>\n<li>Management of LIFO, FIFO and FEFO picking routines<\/li>\n<li>Track and trace (where the product comes from and where it goes)<\/li>\n<li>Support for SSCC label formats<\/li>\n<li>Reinforced quality control<\/li>\n<li>Compliance with AFSCA requirements<\/li>\n<\/ul>\n\n<\/div><\/div><\/div>[\/vc_column_inner][vc_column_inner el_class=&#8221;vignette-border&#8221; width=&#8221;1\/2&#8243;]<div class='rb_textmodule_69f5dc4918db0 rb_textmodule with_icon align_center'><div class='rb_textmodule_icon shape_square'><i class='fas fa-clinic-medical'><\/i><\/div><div class='rb_textmodule_info_wrapper'><h3 class='rb_textmodule_title has_divider'>Pharmaceutical sector<span class='rb_textmodule_divider'><\/span><\/h3><div class='rb_textmodule_content_wrapper'><ul>\n<li>Assistance in obtaining GDP and GMP certifications<\/li>\n<li>Security and permissions management<\/li>\n<li>Management of delivery deadlines<\/li>\n<li>Track and trace (follow-up of the goods at each movement)<\/li>\n<li>Scan and management of unique serial numbers (FMD)<\/li>\n<\/ul>\n\n<\/div><\/div><\/div>[\/vc_column_inner][vc_column_inner el_class=&#8221;vignette-border&#8221; width=&#8221;1\/2&#8243;]<div class='rb_textmodule_69f5dc4918f33 rb_textmodule with_icon align_center'><div class='rb_textmodule_icon shape_square'><i class='fas fa-temperature-low'><\/i><\/div><div class='rb_textmodule_info_wrapper'><h3 class='rb_textmodule_title has_divider'>Frozen goods sector<span class='rb_textmodule_divider'><\/span><\/h3><div class='rb_textmodule_content_wrapper'><p>Same characteristics as the food sector +<\/p>\n<ul>\n<li>Monitoring and control of temperatures at each stage<\/li>\n<li>Respect for the cold chain during reception and expedition<\/li>\n<li>Stock management (max. of goods over min. of space)<\/li>\n<\/ul>\n\n<\/div><\/div><\/div>[\/vc_column_inner][vc_column_inner el_class=&#8221;vignette-border&#8221; width=&#8221;1\/2&#8243;]<div class='rb_textmodule_69f5dc49190be rb_textmodule with_icon align_center'><div class='rb_textmodule_icon shape_square'><i class='fas fa-eye'><\/i><\/div><div class='rb_textmodule_info_wrapper'><h3 class='rb_textmodule_title has_divider'>Cosmetics sector<span class='rb_textmodule_divider'><\/span><\/h3><div class='rb_textmodule_content_wrapper'><ul>\n<li>Status and location of each product<\/li>\n<li>Arrangement of products according to weight \/ packaging<\/li>\n<li>Picking order according to weight \/ packaging<\/li>\n<li>Gain in organization and efficiency<\/li>\n<\/ul>\n\n<\/div><\/div><\/div>[\/vc_column_inner][\/vc_row_inner][\/vc_column][\/vc_row][vc_row][vc_column]<div id='rb_image_69f5dc491922a' class='rb_image_module background_no_hover' ><div class=\"main_image\"><img decoding=\"async\" class=\"image\" src=\"https:\/\/oroxilia.com\/wp-content\/uploads\/2021\/09\/tracking-inventory.jpg\" alt=\"\" \/><\/div><\/div><div class='rb_textmodule_69f5dc491949c rb_textmodule with_subtitle align_center'><div class='rb_textmodule_info_wrapper'><h2 class='rb_textmodule_title has_divider'>The strengths of our software<span class='rb_textmodule_divider'><\/span><\/h2><\/div><\/div><div class='rb_textmodule_69f5dc49195ae rb_textmodule with_subtitle'><div class='rb_textmodule_info_wrapper'><div class='rb_textmodule_content_wrapper'><p>A software simple and open to external information systems is the ideal solution for logistics providers, carriers, retail industries and chains, and e-commerce companies managing their own warehouses.<\/p>\n<\/div><\/div><\/div>[\/vc_column][\/vc_row][vc_row css=&#8221;.vc_custom_1589975171349{margin-bottom: 90px !important;}&#8221;][vc_column][vc_row_inner equal_height=&#8221;yes&#8221;][vc_column_inner el_class=&#8221;vignette-border&#8221; width=&#8221;1\/3&#8243;]<div class='rb_textmodule_69f5dc4919709 rb_textmodule with_icon align_center'><div class='rb_textmodule_icon shape_square'><i class='fas fa-laptop-code'><\/i><\/div><div class='rb_textmodule_info_wrapper'><h3 class='rb_textmodule_title has_divider'>Easy integration<span class='rb_textmodule_divider'><\/span><\/h3><div class='rb_textmodule_content_wrapper'><p>No infrastructure implementation or extension project management. Scalable solution in the cloud.<\/p>\n<\/div><\/div><\/div>[\/vc_column_inner][vc_column_inner el_class=&#8221;vignette-border&#8221; width=&#8221;1\/3&#8243;]<div class='rb_textmodule_69f5dc4919888 rb_textmodule with_icon align_center'><div class='rb_textmodule_icon shape_square'><i class='fas fa-user-check'><\/i><\/div><div class='rb_textmodule_info_wrapper'><h3 class='rb_textmodule_title has_divider'>Easy of use<span class='rb_textmodule_divider'><\/span><\/h3><div class='rb_textmodule_content_wrapper'><p>SaaS mode can be used easily and on any device (PC, tablet, smartphone, RF).<\/p>\n<ul>\n<li>Designed by logistics experts<\/li>\n<li>Adjusted by specialists in ergonomics<\/li>\n<\/ul>\n\n<\/div><\/div><\/div>[\/vc_column_inner][vc_column_inner el_class=&#8221;vignette-border&#8221; width=&#8221;1\/3&#8243;]<div class='rb_textmodule_69f5dc49199fc rb_textmodule with_icon align_center'><div class='rb_textmodule_icon shape_square'><i class='fas fa-sync-alt'><\/i><\/div><div class='rb_textmodule_info_wrapper'><h3 class='rb_textmodule_title has_divider'>Adaptation to the profession<span class='rb_textmodule_divider'><\/span><\/h3><div class='rb_textmodule_content_wrapper'><p>Our WMS adapts to your business and your specific situation.<\/p>\n<ul>\n<li>Allows the management of a wide range of activities and goods.<\/li>\n<\/ul>\n\n<\/div><\/div><\/div>[\/vc_column_inner][\/vc_row_inner][vc_row_inner equal_height=&#8221;yes&#8221;][vc_column_inner el_class=&#8221;vignette-border&#8221; width=&#8221;1\/3&#8243; css=&#8221;.vc_custom_1589976343808{border-radius: 1px !important;}&#8221;]<div class='rb_textmodule_69f5dc4919b68 rb_textmodule with_icon align_center'><div class='rb_textmodule_icon shape_square'><i class='fas fa-random'><\/i><\/div><div class='rb_textmodule_info_wrapper'><h3 class='rb_textmodule_title has_divider'>Maximum flexibility<span class='rb_textmodule_divider'><\/span><\/h3><div class='rb_textmodule_content_wrapper'><p>The software supports you throughout your development:<\/p>\n<ul>\n<li>Multi-company<\/li>\n<li>Multi-warehouses<\/li>\n<li>Extension of storage areas<\/li>\n<li>Diversification of processed goods<\/li>\n<\/ul>\n\n<\/div><\/div><\/div>[\/vc_column_inner][vc_column_inner el_class=&#8221;vignette-border&#8221; width=&#8221;1\/3&#8243;]<div class='rb_textmodule_69f5dc4919cf4 rb_textmodule with_icon align_center'><div class='rb_textmodule_icon shape_square'><i class='fas fa-satellite-dish'><\/i><\/div><div class='rb_textmodule_info_wrapper'><h3 class='rb_textmodule_title has_divider'>Interoperability<span class='rb_textmodule_divider'><\/span><\/h3><div class='rb_textmodule_content_wrapper'><p>Communication is optimally established with your entire environment. \u00a0The software is linked to :<\/p>\n<ul>\n<li>your computer system<\/li>\n<li>external information systems<\/li>\n<li>Connected objects<\/li>\n<li>Other tools in your ecosystem (including WCS)<\/li>\n<\/ul>\n\n<\/div><\/div><\/div>[\/vc_column_inner][vc_column_inner el_class=&#8221;vignette-border&#8221; width=&#8221;1\/3&#8243;]<div class='rb_textmodule_69f5dc4919e70 rb_textmodule with_icon align_center'><div class='rb_textmodule_icon shape_square'><i class='fas fa-users'><\/i><\/div><div class='rb_textmodule_info_wrapper'><h3 class='rb_textmodule_title has_divider'>Customer relationship<span class='rb_textmodule_divider'><\/span><\/h3><div class='rb_textmodule_content_wrapper'><p>The relationship with your end customers is facilitated.<\/p>\n<ul>\n<li>Traceability<\/li>\n<li>Parcel tracking<\/li>\n<li>EDI<\/li>\n<li>e-warehouse solution<\/li>\n<\/ul>\n\n<\/div><\/div><\/div>[\/vc_column_inner][\/vc_row_inner][vc_row_inner equal_height=&#8221;yes&#8221;][vc_column_inner el_class=&#8221;vignette-border&#8221; width=&#8221;1\/3&#8243;]<div class='rb_textmodule_69f5dc4919ffc rb_textmodule with_icon align_center'><div class='rb_textmodule_icon shape_square'><i class='fas fa-desktop'><\/i><\/div><div class='rb_textmodule_info_wrapper'><h3 class='rb_textmodule_title has_divider'>Monitoring<span class='rb_textmodule_divider'><\/span><\/h3><div class='rb_textmodule_content_wrapper'><p>It allows you to track your goods and workload in real time<\/p>\n<ul>\n<li>Inventory<\/li>\n<li>Team management<\/li>\n<\/ul>\n\n<\/div><\/div><\/div>[\/vc_column_inner][vc_column_inner el_class=&#8221;vignette-border&#8221; width=&#8221;1\/3&#8243;]<div class='rb_textmodule_69f5dc491a16d rb_textmodule with_icon align_center'><div class='rb_textmodule_icon shape_square'><i class='fas fa-chart-area'><\/i><\/div><div class='rb_textmodule_info_wrapper'><h3 class='rb_textmodule_title has_divider'>Reporting<span class='rb_textmodule_divider'><\/span><\/h3><div class='rb_textmodule_content_wrapper'><p>Thanks to the software, get a clear and detailed view of your activities.<\/p>\n<ul>\n<li>Personalized reports<\/li>\n<li>Statistical analyses<\/li>\n<\/ul>\n\n<\/div><\/div><\/div>[\/vc_column_inner][vc_column_inner el_class=&#8221;vignette-border&#8221; width=&#8221;1\/3&#8243;]<div class='rb_textmodule_69f5dc491a2e0 rb_textmodule with_icon align_center'><div class='rb_textmodule_icon shape_square'><i class='fas fa-headset'><\/i><\/div><div class='rb_textmodule_info_wrapper'><h3 class='rb_textmodule_title has_divider'>Oroxilia service<span class='rb_textmodule_divider'><\/span><\/h3><div class='rb_textmodule_content_wrapper'><ul>\n<li>Expertise and proficiency in warehouse management<\/li>\n<li>IT experience and skills<\/li>\n<li>Team of computer engineers<\/li>\n<li>Knowledge of Belgian and European legislation<\/li>\n<li>Highly qualitative Customer Support<\/li>\n<\/ul>\n\n<\/div><\/div><\/div>[\/vc_column_inner][\/vc_row_inner][vc_raw_html]JTNDZGl2JTIwaWQlM0QlMjJjdGEtYnJvY2h1cmUlMjIlMjBjbGFzcyUzRCUyMnJiX2Jhbm5lcl9tb2R1bGUlMjBjdXN0b20tYWxpZ24tY2VudGVyJTIyJTNFJTNDYSUyMGhyZWYlM0QlMjIlMkZlbiUyRmNvbnRhY3QtdXMlM0ZkZW1vJTNEZWRpLWVuJTIyJTIwY2xhc3MlM0QlMjJyYl9idXR0b24lMjBtZWRpdW0lMjBhcnJvd19mYWRlX291dCUyMiUzRSUzQ3NwYW4lM0UlM0NGT05UJTIwY29sb3IlM0QlMjJ3aGl0ZSUyMiUzRURlbW8lMjByZXF1ZXN0JTNDJTJGRk9OVCUzRSUzQyUyRnNwYW4lM0UlM0MlMkZhJTNFJTNDJTJGZGl2JTNF[\/vc_raw_html][\/vc_column][\/vc_row]<\/p>\n","protected":false},"excerpt":{"rendered":"<p>[vc_row css=&#8221;.vc_custom_1589789032585{margin-top: 20px !important;padding-bottom: 20px !important;}&#8221;][vc_column css=&#8221;.vc_custom_1613473194601{margin-top: 10px !important;margin-bottom: 10px !important;}&#8221;][\/vc_column][\/vc_row][vc_row css=&#8221;.vc_custom_1589896068131{margin-bottom: 90px !important;}&#8221;][vc_column css=&#8221;.vc_custom_1614933970400{margin-bottom: 20px !important;}&#8221;][vc_row_inner equal_height=&#8221;yes&#8221;][vc_column_inner css=&#8221;.vc_custom_1614096168843{margin-top: 20px !important;margin-bottom: 20px !important;}&#8221;][\/vc_column_inner][vc_column_inner el_class=&#8221;vignette-border&#8221; width=&#8221;1\/2&#8243;][\/vc_column_inner][vc_column_inner el_class=&#8221;vignette-border&#8221; width=&#8221;1\/2&#8243;][\/vc_column_inner][vc_column_inner el_class=&#8221;vignette-border&#8221; width=&#8221;1\/2&#8243;][\/vc_column_inner][vc_column_inner el_class=&#8221;vignette-border&#8221; width=&#8221;1\/2&#8243;][\/vc_column_inner][\/vc_row_inner][\/vc_column][\/vc_row][vc_row][vc_column][\/vc_column][\/vc_row][vc_row css=&#8221;.vc_custom_1589975171349{margin-bottom: 90px !important;}&#8221;][vc_column][vc_row_inner equal_height=&#8221;yes&#8221;][vc_column_inner el_class=&#8221;vignette-border&#8221; width=&#8221;1\/3&#8243;][\/vc_column_inner][vc_column_inner el_class=&#8221;vignette-border&#8221; width=&#8221;1\/3&#8243;][\/vc_column_inner][vc_column_inner el_class=&#8221;vignette-border&#8221; width=&#8221;1\/3&#8243;][\/vc_column_inner][\/vc_row_inner][vc_row_inner equal_height=&#8221;yes&#8221;][vc_column_inner el_class=&#8221;vignette-border&#8221; width=&#8221;1\/3&#8243; css=&#8221;.vc_custom_1589976343808{border-radius: 1px !important;}&#8221;][\/vc_column_inner][vc_column_inner el_class=&#8221;vignette-border&#8221; width=&#8221;1\/3&#8243;][\/vc_column_inner][vc_column_inner el_class=&#8221;vignette-border&#8221; width=&#8221;1\/3&#8243;][\/vc_column_inner][\/vc_row_inner][vc_row_inner equal_height=&#8221;yes&#8221;][vc_column_inner el_class=&#8221;vignette-border&#8221; width=&#8221;1\/3&#8243;][\/vc_column_inner][vc_column_inner el_class=&#8221;vignette-border&#8221; [&hellip;]<\/p>\n","protected":false},"author":1,"featured_media":0,"parent":0,"menu_order":0,"comment_status":"closed","ping_status":"closed","template":"","meta":{"footnotes":""},"class_list":["post-4856","page","type-page","status-publish","hentry"],"yoast_head":"<!-- This site is optimized with the Yoast SEO plugin v25.9 - https:\/\/yoast.com\/wordpress\/plugins\/seo\/ -->\n<title>Notre WMS en mode SaaS pour la gestion de vos entrep\u00f4ts - Oroxilia<\/title>\n<meta name=\"description\" content=\"Oroxilia h\u00e9berge et int\u00e8gre une solution logistique pour aider les entreprises \u00e0 g\u00e9rer leurs entrep\u00f4ts. Avantages de notre WMS en mode SaaS.\" \/>\n<meta name=\"robots\" content=\"index, follow, max-snippet:-1, max-image-preview:large, max-video-preview:-1\" \/>\n<link rel=\"canonical\" href=\"https:\/\/oroxilia.com\/en\/warehouse-management-solution-wms\/\" \/>\n<meta property=\"og:locale\" content=\"en_US\" \/>\n<meta property=\"og:type\" content=\"article\" \/>\n<meta property=\"og:title\" content=\"Notre WMS en mode SaaS pour la gestion de vos entrep\u00f4ts - Oroxilia\" \/>\n<meta property=\"og:description\" content=\"Oroxilia h\u00e9berge et int\u00e8gre une solution logistique pour aider les entreprises \u00e0 g\u00e9rer leurs entrep\u00f4ts. Avantages de notre WMS en mode SaaS.\" \/>\n<meta property=\"og:url\" content=\"https:\/\/oroxilia.com\/en\/warehouse-management-solution-wms\/\" \/>\n<meta property=\"og:site_name\" content=\"Oroxilia\" \/>\n<meta property=\"article:modified_time\" content=\"2025-02-11T15:03:02+00:00\" \/>\n<meta name=\"twitter:card\" content=\"summary_large_image\" \/>\n<meta name=\"twitter:label1\" content=\"Est. reading time\" \/>\n\t<meta name=\"twitter:data1\" content=\"7 minutes\" \/>\n<script type=\"application\/ld+json\" class=\"yoast-schema-graph\">{\"@context\":\"https:\/\/schema.org\",\"@graph\":[{\"@type\":\"WebPage\",\"@id\":\"https:\/\/oroxilia.com\/en\/warehouse-management-solution-wms\/\",\"url\":\"https:\/\/oroxilia.com\/en\/warehouse-management-solution-wms\/\",\"name\":\"Notre WMS en mode SaaS pour la gestion de vos entrep\u00f4ts - Oroxilia\",\"isPartOf\":{\"@id\":\"https:\/\/oroxilia.com\/fr\/#website\"},\"datePublished\":\"2025-02-11T14:04:22+00:00\",\"dateModified\":\"2025-02-11T15:03:02+00:00\",\"description\":\"Oroxilia h\u00e9berge et int\u00e8gre une solution logistique pour aider les entreprises \u00e0 g\u00e9rer leurs entrep\u00f4ts. Avantages de notre WMS en mode SaaS.\",\"breadcrumb\":{\"@id\":\"https:\/\/oroxilia.com\/en\/warehouse-management-solution-wms\/#breadcrumb\"},\"inLanguage\":\"en-US\",\"potentialAction\":[{\"@type\":\"ReadAction\",\"target\":[\"https:\/\/oroxilia.com\/en\/warehouse-management-solution-wms\/\"]}]},{\"@type\":\"BreadcrumbList\",\"@id\":\"https:\/\/oroxilia.com\/en\/warehouse-management-solution-wms\/#breadcrumb\",\"itemListElement\":[{\"@type\":\"ListItem\",\"position\":1,\"name\":\"Accueil\",\"item\":\"https:\/\/oroxilia.com\/en\/\"},{\"@type\":\"ListItem\",\"position\":2,\"name\":\"Warehouse Management System (WMS)\"}]},{\"@type\":\"WebSite\",\"@id\":\"https:\/\/oroxilia.com\/fr\/#website\",\"url\":\"https:\/\/oroxilia.com\/fr\/\",\"name\":\"Oroxilia\",\"description\":\"\",\"potentialAction\":[{\"@type\":\"SearchAction\",\"target\":{\"@type\":\"EntryPoint\",\"urlTemplate\":\"https:\/\/oroxilia.com\/fr\/?s={search_term_string}\"},\"query-input\":{\"@type\":\"PropertyValueSpecification\",\"valueRequired\":true,\"valueName\":\"search_term_string\"}}],\"inLanguage\":\"en-US\"}]}<\/script>\n<!-- \/ Yoast SEO plugin. -->","yoast_head_json":{"title":"Notre WMS en mode SaaS pour la gestion de vos entrep\u00f4ts - Oroxilia","description":"Oroxilia h\u00e9berge et int\u00e8gre une solution logistique pour aider les entreprises \u00e0 g\u00e9rer leurs entrep\u00f4ts. Avantages de notre WMS en mode SaaS.","robots":{"index":"index","follow":"follow","max-snippet":"max-snippet:-1","max-image-preview":"max-image-preview:large","max-video-preview":"max-video-preview:-1"},"canonical":"https:\/\/oroxilia.com\/en\/warehouse-management-solution-wms\/","og_locale":"en_US","og_type":"article","og_title":"Notre WMS en mode SaaS pour la gestion de vos entrep\u00f4ts - Oroxilia","og_description":"Oroxilia h\u00e9berge et int\u00e8gre une solution logistique pour aider les entreprises \u00e0 g\u00e9rer leurs entrep\u00f4ts. Avantages de notre WMS en mode SaaS.","og_url":"https:\/\/oroxilia.com\/en\/warehouse-management-solution-wms\/","og_site_name":"Oroxilia","article_modified_time":"2025-02-11T15:03:02+00:00","twitter_card":"summary_large_image","twitter_misc":{"Est. reading time":"7 minutes"},"schema":{"@context":"https:\/\/schema.org","@graph":[{"@type":"WebPage","@id":"https:\/\/oroxilia.com\/en\/warehouse-management-solution-wms\/","url":"https:\/\/oroxilia.com\/en\/warehouse-management-solution-wms\/","name":"Notre WMS en mode SaaS pour la gestion de vos entrep\u00f4ts - Oroxilia","isPartOf":{"@id":"https:\/\/oroxilia.com\/fr\/#website"},"datePublished":"2025-02-11T14:04:22+00:00","dateModified":"2025-02-11T15:03:02+00:00","description":"Oroxilia h\u00e9berge et int\u00e8gre une solution logistique pour aider les entreprises \u00e0 g\u00e9rer leurs entrep\u00f4ts. Avantages de notre WMS en mode SaaS.","breadcrumb":{"@id":"https:\/\/oroxilia.com\/en\/warehouse-management-solution-wms\/#breadcrumb"},"inLanguage":"en-US","potentialAction":[{"@type":"ReadAction","target":["https:\/\/oroxilia.com\/en\/warehouse-management-solution-wms\/"]}]},{"@type":"BreadcrumbList","@id":"https:\/\/oroxilia.com\/en\/warehouse-management-solution-wms\/#breadcrumb","itemListElement":[{"@type":"ListItem","position":1,"name":"Accueil","item":"https:\/\/oroxilia.com\/en\/"},{"@type":"ListItem","position":2,"name":"Warehouse Management System (WMS)"}]},{"@type":"WebSite","@id":"https:\/\/oroxilia.com\/fr\/#website","url":"https:\/\/oroxilia.com\/fr\/","name":"Oroxilia","description":"","potentialAction":[{"@type":"SearchAction","target":{"@type":"EntryPoint","urlTemplate":"https:\/\/oroxilia.com\/fr\/?s={search_term_string}"},"query-input":{"@type":"PropertyValueSpecification","valueRequired":true,"valueName":"search_term_string"}}],"inLanguage":"en-US"}]}},"_links":{"self":[{"href":"https:\/\/oroxilia.com\/en\/wp-json\/wp\/v2\/pages\/4856","targetHints":{"allow":["GET"]}}],"collection":[{"href":"https:\/\/oroxilia.com\/en\/wp-json\/wp\/v2\/pages"}],"about":[{"href":"https:\/\/oroxilia.com\/en\/wp-json\/wp\/v2\/types\/page"}],"author":[{"embeddable":true,"href":"https:\/\/oroxilia.com\/en\/wp-json\/wp\/v2\/users\/1"}],"replies":[{"embeddable":true,"href":"https:\/\/oroxilia.com\/en\/wp-json\/wp\/v2\/comments?post=4856"}],"version-history":[{"count":3,"href":"https:\/\/oroxilia.com\/en\/wp-json\/wp\/v2\/pages\/4856\/revisions"}],"predecessor-version":[{"id":4860,"href":"https:\/\/oroxilia.com\/en\/wp-json\/wp\/v2\/pages\/4856\/revisions\/4860"}],"wp:attachment":[{"href":"https:\/\/oroxilia.com\/en\/wp-json\/wp\/v2\/media?parent=4856"}],"curies":[{"name":"wp","href":"https:\/\/api.w.org\/{rel}","templated":true}]}}